{"id":5026,"date":"2025-08-08T12:27:29","date_gmt":"2025-08-08T17:27:29","guid":{"rendered":"https:\/\/rmhcmaritimes2025-dev.rbdemo.dev\/accueil\/"},"modified":"2025-10-08T17:30:39","modified_gmt":"2025-10-08T22:30:39","slug":"accueil","status":"publish","type":"page","link":"https:\/\/rmhcmaritimes2025-dev.rbdemo.dev\/fr\/","title":{"rendered":"Accueil"},"content":{"rendered":"\t\t<div data-elementor-type=\"wp-page\" data-elementor-id=\"5026\" class=\"elementor elementor-5026 elementor-27\" data-elementor-post-type=\"page\">\n\t\t\t\t<div class=\"elementor-element elementor-element-69a72df4 e-con-full e-flex e-con e-parent\" data-id=\"69a72df4\" data-element_type=\"container\" data-settings=\"{&quot;background_background&quot;:&quot;classic&quot;}\">\n\t\t<div class=\"elementor-element elementor-element-795141e1 e-con-full e-flex e-con e-child\" data-id=\"795141e1\" data-element_type=\"container\">\n\t\t\t\t<div class=\"elementor-element elementor-element-74bfe62a elementor-widget elementor-widget-heading\" data-id=\"74bfe62a\" data-element_type=\"widget\" data-widget_type=\"heading.default\">\n\t\t\t\t\t<h1 class=\"elementor-heading-title elementor-size-default\">Garder les Familles Proches<\/h1>\t\t\t\t<\/div>\n\t\t<div class=\"elementor-element elementor-element-18414db5 e-flex e-con-boxed e-con e-child\" data-id=\"18414db5\" data-element_type=\"container\">\n\t\t\t\t\t<div class=\"e-con-inner\">\n\t\t\t\t<div class=\"elementor-element elementor-element-7140773e elementor-widget elementor-widget-text-editor\" data-id=\"7140773e\" data-element_type=\"widget\" data-widget_type=\"text-editor.default\">\n\t\t\t\t\t\t\t\t\t<p>D\u00e9couvrez notre nouvelle image de marque<\/p>\t\t\t\t\t\t\t\t<\/div>\n\t\t\t\t<div class=\"elementor-element elementor-element-5e7d3673 elementor-view-default elementor-widget elementor-widget-icon\" data-id=\"5e7d3673\" data-element_type=\"widget\" data-widget_type=\"icon.default\">\n\t\t\t\t\t\t\t<div class=\"elementor-icon-wrapper\">\n\t\t\t<a class=\"elementor-icon elementor-animation-pulse\" href=\"#\">\n\t\t\t<svg xmlns=\"http:\/\/www.w3.org\/2000\/svg\" id=\"Layer_2\" data-name=\"Layer 2\" viewBox=\"0 0 51.04 36.78\"><g id=\"Layer_1-2\" data-name=\"Layer 1\"><polygon points=\"35 12.99 25 0 35.3 .19 51.04 18.49 35.29 36.78 24.99 36.48 35 22.99 0 22.99 0 12.99 35 12.99\"><\/polygon><\/g><\/svg>\t\t\t<\/a>\n\t\t<\/div>\n\t\t\t\t\t\t<\/div>\n\t\t\t\t\t<\/div>\n\t\t\t\t<\/div>\n\t\t\t\t<\/div>\n\t\t<div class=\"elementor-element elementor-element-4f85bce8 e-con-full e-flex e-con e-child\" data-id=\"4f85bce8\" data-element_type=\"container\">\n\t\t\t\t<div class=\"elementor-element elementor-element-62d1c034 elementor-widget elementor-widget-image\" data-id=\"62d1c034\" data-element_type=\"widget\" data-widget_type=\"image.default\">\n\t\t\t\t\t\t\t\t\t\t\t\t\t\t\t<img fetchpriority=\"high\" decoding=\"async\" width=\"420\" height=\"341\" src=\"https:\/\/rmhcmaritimes2025-dev.rbdemo.dev\/wp-content\/uploads\/image-122.png\" class=\"attachment-full size-full wp-image-5232\" alt=\"\" srcset=\"https:\/\/rmhcmaritimes2025-dev.rbdemo.dev\/wp-content\/uploads\/image-122.png 420w, https:\/\/rmhcmaritimes2025-dev.rbdemo.dev\/wp-content\/uploads\/image-122-150x122.png 150w\" sizes=\"(max-width: 420px) 100vw, 420px\" \/>\t\t\t\t\t\t\t\t\t\t\t\t\t\t\t<\/div>\n\t\t\t\t<\/div>\n\t\t\t\t<\/div>\n\t\t<div class=\"elementor-element elementor-element-2bb721b e-flex e-con-boxed e-con e-parent\" data-id=\"2bb721b\" data-element_type=\"container\" data-settings=\"{&quot;background_background&quot;:&quot;classic&quot;}\">\n\t\t\t\t\t<div class=\"e-con-inner\">\n\t\t<div class=\"elementor-element elementor-element-40bc4c15 e-con-full e-flex e-con e-child\" data-id=\"40bc4c15\" data-element_type=\"container\">\n\t\t\t\t<div class=\"elementor-element elementor-element-4f2be68d elementor-widget elementor-widget-heading\" data-id=\"4f2be68d\" data-element_type=\"widget\" data-widget_type=\"heading.default\">\n\t\t\t\t\t<h2 class=\"elementor-heading-title elementor-size-default\">Garder les familles ensemble<\/h2>\t\t\t\t<\/div>\n\t\t\t\t<div class=\"elementor-element elementor-element-7d350afd elementor-widget elementor-widget-text-editor\" data-id=\"7d350afd\" data-element_type=\"widget\" data-widget_type=\"text-editor.default\">\n\t\t\t\t\t\t\t\t\t<p><span style=\"font-weight: 400;\">Imaginez un instant apprendre que votre enfant est malade et doit se rendre dans une autre ville pour recevoir les soins m\u00e9dicaux dont il a besoin. Et au beau milieu du pire cauchemar qu\u2019un parent peut vivre, vous devez maintenant quitter la maison, votre travail et votre syst\u00e8me de soutien. C\u2019est la r\u00e9alit\u00e9 pour plus de 70 pour cent des familles canadiennes qui ont un enfant gravement malade ou bless\u00e9. <\/span><\/p><p><span style=\"font-weight: 400;\">Maison Ronald McDonald Maritimes est l\u00e0 pour les aider.<\/span><\/p>\t\t\t\t\t\t\t\t<\/div>\n\t\t\t\t<\/div>\n\t\t<div class=\"elementor-element elementor-element-73b5cb3f e-con-full e-flex e-con e-child\" data-id=\"73b5cb3f\" data-element_type=\"container\">\n\t\t\t\t<div class=\"elementor-element elementor-element-4bb90886 elementor-widget elementor-widget-image\" data-id=\"4bb90886\" data-element_type=\"widget\" data-widget_type=\"image.default\">\n\t\t\t\t\t\t\t\t\t\t\t\t\t\t\t<img decoding=\"async\" width=\"1314\" height=\"1120\" src=\"https:\/\/rmhcmaritimes2025-dev.rbdemo.dev\/wp-content\/uploads\/Image-96-1536x2048-1-e1759957805868.jpg\" class=\"attachment-full size-full wp-image-5233\" alt=\"\" srcset=\"https:\/\/rmhcmaritimes2025-dev.rbdemo.dev\/wp-content\/uploads\/Image-96-1536x2048-1-e1759957805868.jpg 1314w, https:\/\/rmhcmaritimes2025-dev.rbdemo.dev\/wp-content\/uploads\/Image-96-1536x2048-1-e1759957805868-150x128.jpg 150w, https:\/\/rmhcmaritimes2025-dev.rbdemo.dev\/wp-content\/uploads\/Image-96-1536x2048-1-e1759957805868-768x655.jpg 768w\" sizes=\"(max-width: 1314px) 100vw, 1314px\" \/>\t\t\t\t\t\t\t\t\t\t\t\t\t\t\t<\/div>\n\t\t\t\t<\/div>\n\t\t\t\t\t<\/div>\n\t\t\t\t<\/div>\n\t\t<div class=\"elementor-element elementor-element-7a23b8ed e-flex e-con-boxed e-con e-parent\" data-id=\"7a23b8ed\" data-element_type=\"container\" data-settings=\"{&quot;background_background&quot;:&quot;classic&quot;}\">\n\t\t\t\t\t<div class=\"e-con-inner\">\n\t\t<a class=\"elementor-element elementor-element-1ddb31d4 e-con-full aminate-icon-on-hover e-flex e-con e-child\" data-id=\"1ddb31d4\" data-element_type=\"container\" href=\"#\">\n\t\t<div class=\"elementor-element elementor-element-702397 e-con-full e-flex e-con e-child\" data-id=\"702397\" data-element_type=\"container\">\n\t\t\t\t<div class=\"elementor-element elementor-element-6a063d36 elementor-widget elementor-widget-image\" data-id=\"6a063d36\" data-element_type=\"widget\" data-widget_type=\"image.default\">\n\t\t\t\t\t\t\t\t\t\t\t\t\t\t\t<img decoding=\"async\" width=\"576\" height=\"576\" src=\"https:\/\/rmhcmaritimes2025-dev.rbdemo.dev\/wp-content\/uploads\/RMH_icons_Host_fundraiser_RGB.webp\" class=\"attachment-large size-large wp-image-5234\" alt=\"Hand drawn icon of money with heart\" srcset=\"https:\/\/rmhcmaritimes2025-dev.rbdemo.dev\/wp-content\/uploads\/RMH_icons_Host_fundraiser_RGB.webp 576w, https:\/\/rmhcmaritimes2025-dev.rbdemo.dev\/wp-content\/uploads\/RMH_icons_Host_fundraiser_RGB-150x150.webp 150w\" sizes=\"(max-width: 576px) 100vw, 576px\" \/>\t\t\t\t\t\t\t\t\t\t\t\t\t\t\t<\/div>\n\t\t\t\t<\/div>\n\t\t<div class=\"elementor-element elementor-element-3babbc4d e-con-full e-flex e-con e-child\" data-id=\"3babbc4d\" data-element_type=\"container\">\n\t\t\t\t<div class=\"elementor-element elementor-element-32340757 animate-icon-zoom elementor-widget elementor-widget-heading\" data-id=\"32340757\" data-element_type=\"widget\" data-widget_type=\"heading.default\">\n\t\t\t\t\t<h2 class=\"elementor-heading-title elementor-size-default\">Faites un don<\/h2>\t\t\t\t<\/div>\n\t\t\t\t<div class=\"elementor-element elementor-element-4950f2f2 elementor-view-default elementor-widget elementor-widget-icon\" data-id=\"4950f2f2\" data-element_type=\"widget\" data-widget_type=\"icon.default\">\n\t\t\t\t\t\t\t<div class=\"elementor-icon-wrapper\">\n\t\t\t<div class=\"elementor-icon\">\n\t\t\t<svg xmlns=\"http:\/\/www.w3.org\/2000\/svg\" id=\"Layer_2\" data-name=\"Layer 2\" viewBox=\"0 0 51.04 36.78\"><g id=\"Layer_1-2\" data-name=\"Layer 1\"><polygon points=\"35 12.99 25 0 35.3 .19 51.04 18.49 35.29 36.78 24.99 36.48 35 22.99 0 22.99 0 12.99 35 12.99\"><\/polygon><\/g><\/svg>\t\t\t<\/div>\n\t\t<\/div>\n\t\t\t\t\t\t<\/div>\n\t\t\t\t<\/div>\n\t\t\t\t<\/a>\n\t\t<a class=\"elementor-element elementor-element-1221cc50 e-con-full aminate-icon-on-hover e-flex e-con e-child\" data-id=\"1221cc50\" data-element_type=\"container\" href=\"#\">\n\t\t<div class=\"elementor-element elementor-element-1efdd88d e-con-full e-flex e-con e-child\" data-id=\"1efdd88d\" data-element_type=\"container\">\n\t\t\t\t<div class=\"elementor-element elementor-element-482ae833 elementor-widget elementor-widget-image\" data-id=\"482ae833\" data-element_type=\"widget\" data-widget_type=\"image.default\">\n\t\t\t\t\t\t\t\t\t\t\t\t\t\t\t<img loading=\"lazy\" decoding=\"async\" width=\"576\" height=\"576\" src=\"https:\/\/rmhcmaritimes2025-dev.rbdemo.dev\/wp-content\/uploads\/RMH_icons_Volunteers_RGB.webp\" class=\"attachment-large size-large wp-image-5235\" alt=\"Hand drawn icon of hand with hearts\" srcset=\"https:\/\/rmhcmaritimes2025-dev.rbdemo.dev\/wp-content\/uploads\/RMH_icons_Volunteers_RGB.webp 576w, https:\/\/rmhcmaritimes2025-dev.rbdemo.dev\/wp-content\/uploads\/RMH_icons_Volunteers_RGB-150x150.webp 150w\" sizes=\"(max-width: 576px) 100vw, 576px\" \/>\t\t\t\t\t\t\t\t\t\t\t\t\t\t\t<\/div>\n\t\t\t\t<\/div>\n\t\t<div class=\"elementor-element elementor-element-3248837c e-con-full e-flex e-con e-child\" data-id=\"3248837c\" data-element_type=\"container\">\n\t\t\t\t<div class=\"elementor-element elementor-element-6e48a79e animate-icon-zoom elementor-widget elementor-widget-heading\" data-id=\"6e48a79e\" data-element_type=\"widget\" data-widget_type=\"heading.default\">\n\t\t\t\t\t<h2 class=\"elementor-heading-title elementor-size-default\">B\u00e9n\u00e9voles<\/h2>\t\t\t\t<\/div>\n\t\t\t\t<div class=\"elementor-element elementor-element-703d771 elementor-view-default elementor-widget elementor-widget-icon\" data-id=\"703d771\" data-element_type=\"widget\" data-widget_type=\"icon.default\">\n\t\t\t\t\t\t\t<div class=\"elementor-icon-wrapper\">\n\t\t\t<div class=\"elementor-icon\">\n\t\t\t<svg xmlns=\"http:\/\/www.w3.org\/2000\/svg\" id=\"Layer_2\" data-name=\"Layer 2\" viewBox=\"0 0 51.04 36.78\"><g id=\"Layer_1-2\" data-name=\"Layer 1\"><polygon points=\"35 12.99 25 0 35.3 .19 51.04 18.49 35.29 36.78 24.99 36.48 35 22.99 0 22.99 0 12.99 35 12.99\"><\/polygon><\/g><\/svg>\t\t\t<\/div>\n\t\t<\/div>\n\t\t\t\t\t\t<\/div>\n\t\t\t\t<\/div>\n\t\t\t\t<\/a>\n\t\t<a class=\"elementor-element elementor-element-2c67c3e0 e-con-full aminate-icon-on-hover e-flex e-con e-child\" data-id=\"2c67c3e0\" data-element_type=\"container\" href=\"#\">\n\t\t<div class=\"elementor-element elementor-element-88c824e e-con-full e-flex e-con e-child\" data-id=\"88c824e\" data-element_type=\"container\">\n\t\t\t\t<div class=\"elementor-element elementor-element-73a184dc elementor-widget elementor-widget-image\" data-id=\"73a184dc\" data-element_type=\"widget\" data-widget_type=\"image.default\">\n\t\t\t\t\t\t\t\t\t\t\t\t\t\t\t<img loading=\"lazy\" decoding=\"async\" width=\"576\" height=\"576\" src=\"https:\/\/rmhcmaritimes2025-dev.rbdemo.dev\/wp-content\/uploads\/RMH_icons_RMH_House_Program_RGB.webp\" class=\"attachment-large size-large wp-image-5236\" alt=\"Hand drawn icon of house\" srcset=\"https:\/\/rmhcmaritimes2025-dev.rbdemo.dev\/wp-content\/uploads\/RMH_icons_RMH_House_Program_RGB.webp 576w, https:\/\/rmhcmaritimes2025-dev.rbdemo.dev\/wp-content\/uploads\/RMH_icons_RMH_House_Program_RGB-150x150.webp 150w\" sizes=\"(max-width: 576px) 100vw, 576px\" \/>\t\t\t\t\t\t\t\t\t\t\t\t\t\t\t<\/div>\n\t\t\t\t<\/div>\n\t\t<div class=\"elementor-element elementor-element-2cab3669 e-con-full e-flex e-con e-child\" data-id=\"2cab3669\" data-element_type=\"container\">\n\t\t\t\t<div class=\"elementor-element elementor-element-26aed6f6 animate-icon-zoom elementor-widget elementor-widget-heading\" data-id=\"26aed6f6\" data-element_type=\"widget\" data-widget_type=\"heading.default\">\n\t\t\t\t\t<h2 class=\"elementor-heading-title elementor-size-default\">S\u00e9journer<\/h2>\t\t\t\t<\/div>\n\t\t\t\t<div class=\"elementor-element elementor-element-193c8429 elementor-view-default elementor-widget elementor-widget-icon\" data-id=\"193c8429\" data-element_type=\"widget\" data-widget_type=\"icon.default\">\n\t\t\t\t\t\t\t<div class=\"elementor-icon-wrapper\">\n\t\t\t<div class=\"elementor-icon\">\n\t\t\t<svg xmlns=\"http:\/\/www.w3.org\/2000\/svg\" id=\"Layer_2\" data-name=\"Layer 2\" viewBox=\"0 0 51.04 36.78\"><g id=\"Layer_1-2\" data-name=\"Layer 1\"><polygon points=\"35 12.99 25 0 35.3 .19 51.04 18.49 35.29 36.78 24.99 36.48 35 22.99 0 22.99 0 12.99 35 12.99\"><\/polygon><\/g><\/svg>\t\t\t<\/div>\n\t\t<\/div>\n\t\t\t\t\t\t<\/div>\n\t\t\t\t<\/div>\n\t\t\t\t<\/a>\n\t\t\t\t\t<\/div>\n\t\t\t\t<\/div>\n\t\t<div class=\"elementor-element elementor-element-3792b082 e-flex e-con-boxed e-con e-parent\" data-id=\"3792b082\" data-element_type=\"container\" data-settings=\"{&quot;background_background&quot;:&quot;classic&quot;}\">\n\t\t\t\t\t<div class=\"e-con-inner\">\n\t\t<div class=\"elementor-element elementor-element-44a70367 e-con-full e-flex e-con e-child\" data-id=\"44a70367\" data-element_type=\"container\">\n\t\t<div class=\"elementor-element elementor-element-e6a580d e-con-full e-flex e-con e-child\" data-id=\"e6a580d\" data-element_type=\"container\">\n\t\t\t\t<div class=\"elementor-element elementor-element-53ab938 elementor-widget elementor-widget-video\" data-id=\"53ab938\" data-element_type=\"widget\" data-settings=\"{&quot;youtube_url&quot;:&quot;https:\\\/\\\/youtu.be\\\/jfh4vEQBpTI&quot;,&quot;video_type&quot;:&quot;youtube&quot;,&quot;controls&quot;:&quot;yes&quot;}\" data-widget_type=\"video.default\">\n\t\t\t\t\t\t\t<div class=\"elementor-wrapper elementor-open-inline\">\n\t\t\t<div class=\"elementor-video\"><\/div>\t\t<\/div>\n\t\t\t\t\t\t<\/div>\n\t\t\t\t<\/div>\n\t\t\t\t<div class=\"elementor-element elementor-element-3d866fda elementor-widget elementor-widget-heading\" data-id=\"3d866fda\" data-element_type=\"widget\" data-widget_type=\"heading.default\">\n\t\t\t\t\t<h2 class=\"elementor-heading-title elementor-size-default\"><b>Pourquoi est-ce important<\/b><\/h2>\t\t\t\t<\/div>\n\t\t\t\t<div class=\"elementor-element elementor-element-3f4e0c9 elementor-widget elementor-widget-text-editor\" data-id=\"3f4e0c9\" data-element_type=\"widget\" data-widget_type=\"text-editor.default\">\n\t\t\t\t\t\t\t\t\t<p>Maison Ronald McDonald\u00ae Maritimes aide les familles d\u2019enfant malade \u00e0 rester ensemble pr\u00e8s des soins m\u00e9dicaux dont il a besoin.<\/p>\t\t\t\t\t\t\t\t<\/div>\n\t\t\t\t<div class=\"elementor-element elementor-element-115607da squircle-btn elementor-mobile-align-center elementor-align-center elementor-widget elementor-widget-button\" data-id=\"115607da\" data-element_type=\"widget\" data-widget_type=\"button.default\">\n\t\t\t\t\t\t\t\t\t\t<a class=\"elementor-button elementor-button-link elementor-size-sm\" href=\"\/stay\/\">\n\t\t\t\t\t\t<span class=\"elementor-button-content-wrapper\">\n\t\t\t\t\t\t\t\t\t<span class=\"elementor-button-text\">Plus d'informations<\/span>\n\t\t\t\t\t<\/span>\n\t\t\t\t\t<\/a>\n\t\t\t\t\t\t\t\t<\/div>\n\t\t\t\t<\/div>\n\t\t\t\t\t<\/div>\n\t\t\t\t<\/div>\n\t\t<div class=\"elementor-element elementor-element-5e5f1a39 e-flex e-con-boxed e-con e-parent\" data-id=\"5e5f1a39\" data-element_type=\"container\" data-settings=\"{&quot;background_background&quot;:&quot;classic&quot;}\">\n\t\t\t\t\t<div class=\"e-con-inner\">\n\t\t<div class=\"elementor-element elementor-element-5a9cb2b9 e-con-full e-flex e-con e-child\" data-id=\"5a9cb2b9\" data-element_type=\"container\">\n\t\t\t\t<div class=\"elementor-element elementor-element-647a185c elementor-widget elementor-widget-image\" data-id=\"647a185c\" data-element_type=\"widget\" data-widget_type=\"image.default\">\n\t\t\t\t\t\t\t\t\t\t\t\t\t\t\t<img loading=\"lazy\" decoding=\"async\" width=\"576\" height=\"576\" src=\"https:\/\/rmhcmaritimes2025-dev.rbdemo.dev\/wp-content\/uploads\/RMH_icons_Our_Impact_RGB.webp\" class=\"attachment-full size-full wp-image-5036\" alt=\"\u00c9toile rouge avec un c\u0153ur au centre et des lignes repr\u00e9sentant une action rayonnante\" srcset=\"https:\/\/rmhcmaritimes2025-dev.rbdemo.dev\/wp-content\/uploads\/RMH_icons_Our_Impact_RGB.webp 576w, https:\/\/rmhcmaritimes2025-dev.rbdemo.dev\/wp-content\/uploads\/RMH_icons_Our_Impact_RGB-150x150.webp 150w\" sizes=\"(max-width: 576px) 100vw, 576px\" \/>\t\t\t\t\t\t\t\t\t\t\t\t\t\t\t<\/div>\n\t\t\t\t<\/div>\n\t\t<div class=\"elementor-element elementor-element-794aabae e-con-full e-flex e-con e-child\" data-id=\"794aabae\" data-element_type=\"container\">\n\t\t\t\t<div class=\"elementor-element elementor-element-51cc57f7 elementor-widget elementor-widget-heading\" data-id=\"51cc57f7\" data-element_type=\"widget\" data-widget_type=\"heading.default\">\n\t\t\t\t\t<h2 class=\"elementor-heading-title elementor-size-default\">Nous joindre<\/h2>\t\t\t\t<\/div>\n\t\t\t\t<div class=\"elementor-element elementor-element-22e80696 elementor-widget elementor-widget-text-editor\" data-id=\"22e80696\" data-element_type=\"widget\" data-widget_type=\"text-editor.default\">\n\t\t\t\t\t\t\t\t\t<p>Que vous d\u00e9siriez faire du b\u00e9n\u00e9volat ou nous poser une question, nous serons heureux de vous r\u00e9pondre.<\/p>\t\t\t\t\t\t\t\t<\/div>\n\t\t\t\t<div class=\"elementor-element elementor-element-e3ec123 elementor-mobile-align-justify elementor-widget elementor-widget-button\" data-id=\"e3ec123\" data-element_type=\"widget\" data-widget_type=\"button.default\">\n\t\t\t\t\t\t\t\t\t\t<a class=\"elementor-button elementor-button-link elementor-size-sm\" href=\"https:\/\/rmhcmaritimes2025-dev.rbdemo.dev\/contact-us\/\">\n\t\t\t\t\t\t<span class=\"elementor-button-content-wrapper\">\n\t\t\t\t\t\t\t\t\t<span class=\"elementor-button-text\">Plus d'informations<\/span>\n\t\t\t\t\t<\/span>\n\t\t\t\t\t<\/a>\n\t\t\t\t\t\t\t\t<\/div>\n\t\t\t\t<\/div>\n\t\t\t\t\t<\/div>\n\t\t\t\t<\/div>\n\t\t<div class=\"elementor-element elementor-element-16366268 e-con-full e-flex e-con e-parent\" data-id=\"16366268\" data-element_type=\"container\">\n\t\t<div class=\"elementor-element elementor-element-385c0ca6 e-con-full e-flex e-con e-child\" data-id=\"385c0ca6\" data-element_type=\"container\" data-settings=\"{&quot;background_background&quot;:&quot;classic&quot;}\">\n\t\t<div class=\"elementor-element elementor-element-4202ba21 e-con-full e-flex e-con e-child\" data-id=\"4202ba21\" data-element_type=\"container\">\n\t\t\t\t<div class=\"elementor-element elementor-element-36b6fa35 elementor-widget elementor-widget-heading\" data-id=\"36b6fa35\" data-element_type=\"widget\" data-widget_type=\"heading.default\">\n\t\t\t\t\t<h2 class=\"elementor-heading-title elementor-size-default\">Inscrivez-vous \u00e0 notre bulletin!<\/h2>\t\t\t\t<\/div>\n\t\t\t\t<div class=\"elementor-element elementor-element-ae57a7f elementor-widget elementor-widget-text-editor\" data-id=\"ae57a7f\" data-element_type=\"widget\" data-widget_type=\"text-editor.default\">\n\t\t\t\t\t\t\t\t\t<p>Tenez-vous au courant en vous inscrivant \u00e0 notre bulletin d\u2019information.<\/p>\t\t\t\t\t\t\t\t<\/div>\n\t\t\t\t<div class=\"elementor-element elementor-element-8369881 elementor-button-align-start elementor-widget elementor-widget-form\" data-id=\"8369881\" data-element_type=\"widget\" data-settings=\"{&quot;button_width&quot;:&quot;20&quot;,&quot;step_next_label&quot;:&quot;Next&quot;,&quot;step_previous_label&quot;:&quot;Previous&quot;,&quot;step_type&quot;:&quot;number_text&quot;,&quot;step_icon_shape&quot;:&quot;circle&quot;}\" data-widget_type=\"form.default\">\n\t\t\t\t\t\t\t<form class=\"elementor-form\" method=\"post\" name=\"New Form\" aria-label=\"New Form\">\n\t\t\t<input type=\"hidden\" name=\"post_id\" value=\"5026\"\/>\n\t\t\t<input type=\"hidden\" name=\"form_id\" value=\"8369881\"\/>\n\t\t\t<input type=\"hidden\" name=\"referer_title\" value=\"\" \/>\n\n\t\t\t\t\t\t\t<input type=\"hidden\" name=\"queried_id\" value=\"5026\"\/>\n\t\t\t\n\t\t\t<div class=\"elementor-form-fields-wrapper elementor-labels-above\">\n\t\t\t\t\t\t\t\t<div class=\"elementor-field-type-text elementor-field-group elementor-column elementor-field-group-field_d26a883 elementor-col-100\">\n\t\t\t\t\t\t\t\t\t\t\t\t<label for=\"form-field-field_d26a883\" class=\"elementor-field-label\">\n\t\t\t\t\t\t\t\tFirst Name\t\t\t\t\t\t\t<\/label>\n\t\t\t\t\t\t\t\t\t\t\t\t\t\t<input size=\"1\" type=\"text\" name=\"form_fields[field_d26a883]\" id=\"form-field-field_d26a883\" class=\"elementor-field elementor-size-sm  elementor-field-textual\">\n\t\t\t\t\t\t\t\t\t\t\t<\/div>\n\t\t\t\t\t\t\t\t<div class=\"elementor-field-type-text elementor-field-group elementor-column elementor-field-group-field_b9fb30e elementor-col-100\">\n\t\t\t\t\t\t\t\t\t\t\t\t<label for=\"form-field-field_b9fb30e\" class=\"elementor-field-label\">\n\t\t\t\t\t\t\t\tLast Name\t\t\t\t\t\t\t<\/label>\n\t\t\t\t\t\t\t\t\t\t\t\t\t\t<input size=\"1\" type=\"text\" name=\"form_fields[field_b9fb30e]\" id=\"form-field-field_b9fb30e\" class=\"elementor-field elementor-size-sm  elementor-field-textual\">\n\t\t\t\t\t\t\t\t\t\t\t<\/div>\n\t\t\t\t\t\t\t\t<div class=\"elementor-field-type-email elementor-field-group elementor-column elementor-field-group-email elementor-col-100 elementor-field-required\">\n\t\t\t\t\t\t\t\t\t\t\t\t<label for=\"form-field-email\" class=\"elementor-field-label\">\n\t\t\t\t\t\t\t\tEmail\t\t\t\t\t\t\t<\/label>\n\t\t\t\t\t\t\t\t\t\t\t\t\t\t<input size=\"1\" type=\"email\" name=\"form_fields[email]\" id=\"form-field-email\" class=\"elementor-field elementor-size-sm  elementor-field-textual\" required=\"required\">\n\t\t\t\t\t\t\t\t\t\t\t<\/div>\n\t\t\t\t\t\t\t\t<div class=\"elementor-field-group elementor-column elementor-field-type-submit elementor-col-20 e-form__buttons\">\n\t\t\t\t\t<button class=\"elementor-button elementor-size-sm\" type=\"submit\">\n\t\t\t\t\t\t<span class=\"elementor-button-content-wrapper\">\n\t\t\t\t\t\t\t\t\t\t\t\t\t\t\t\t\t\t\t\t\t\t<span class=\"elementor-button-text\">Submit<\/span>\n\t\t\t\t\t\t\t\t\t\t\t\t\t<\/span>\n\t\t\t\t\t<\/button>\n\t\t\t\t<\/div>\n\t\t\t<\/div>\n\t\t<\/form>\n\t\t\t\t\t\t<\/div>\n\t\t\t\t<div class=\"elementor-element elementor-element-f4e57a0 elementor-widget elementor-widget-text-editor\" data-id=\"f4e57a0\" data-element_type=\"widget\" data-widget_type=\"text-editor.default\">\n\t\t\t\t\t\t\t\t\t<p><em><span style=\"font-weight: 400; font-size: 12px; line-height: 0;\">Disclaimer: By submitting this form, you are consenting to receive marketing emails from: Ronald McDonald House Maritimes, 5950 South St, Halifax, NS, Nova Scotia, B3H 1s6, CA, http:\/\/www.ronaldmcdonaldhousemaritimes.ca. You can revoke your consent to receive emails at any time by using the SafeUnsubscribe\u00ae link, found at the bottom of every email. Emails are serviced by Constant Contact. <\/span><\/em><\/p>\t\t\t\t\t\t\t\t<\/div>\n\t\t\t\t<\/div>\n\t\t<div class=\"elementor-element elementor-element-442db1f3 e-con-full e-flex e-con e-child\" data-id=\"442db1f3\" data-element_type=\"container\">\n\t\t\t\t<div class=\"elementor-element elementor-element-1bddf706 elementor-widget elementor-widget-heading\" data-id=\"1bddf706\" data-element_type=\"widget\" data-widget_type=\"heading.default\">\n\t\t\t\t\t<h2 class=\"elementor-heading-title elementor-size-default\">Suivez nous!<\/h2>\t\t\t\t<\/div>\n\t\t<div class=\"elementor-element elementor-element-5c14f659 e-con-full e-flex e-con e-child\" data-id=\"5c14f659\" data-element_type=\"container\">\n\t\t\t\t<div class=\"elementor-element elementor-element-97ef301 elementor-widget elementor-widget-image\" data-id=\"97ef301\" data-element_type=\"widget\" data-widget_type=\"image.default\">\n\t\t\t\t\t\t\t\t\t\t\t\t\t\t\t\t<a href=\"http:\/\/linkedin.com\">\n\t\t\t\t\t\t\t<img decoding=\"async\" src=\"https:\/\/rmhcmaritimes2025-dev.rbdemo.dev\/wp-content\/uploads\/RMHC_Social_Icon_Linked_In.svg\" title=\"RMHC_Social_Icon_Linked_In\" alt=\"Ic\u00f4ne de m\u00e9dias sociaux dessin\u00e9e \u00e0 la main pour RMH linked in\" class=\"elementor-animation-pulse\" loading=\"lazy\" \/>\t\t\t\t\t\t\t\t<\/a>\n\t\t\t\t\t\t\t\t\t\t\t\t\t\t\t<\/div>\n\t\t\t\t<div class=\"elementor-element elementor-element-27569fbe social-icon-svg elementor-widget elementor-widget-image\" data-id=\"27569fbe\" data-element_type=\"widget\" data-widget_type=\"image.default\">\n\t\t\t\t\t\t\t\t\t\t\t\t\t\t\t\t<a href=\"http:\/\/facebook.com\">\n\t\t\t\t\t\t\t<img decoding=\"async\" src=\"https:\/\/rmhcmaritimes2025-dev.rbdemo.dev\/wp-content\/uploads\/RMHC_Social_Icon_Facebook.svg\" title=\"RMHC_Social_Icon_Facebook\" alt=\"Ic\u00f4ne de m\u00e9dias sociaux dessin\u00e9e \u00e0 la main pour RMH face book\" class=\"elementor-animation-pulse\" loading=\"lazy\" \/>\t\t\t\t\t\t\t\t<\/a>\n\t\t\t\t\t\t\t\t\t\t\t\t\t\t\t<\/div>\n\t\t\t\t<div class=\"elementor-element elementor-element-6834a4b5 elementor-widget elementor-widget-image\" data-id=\"6834a4b5\" data-element_type=\"widget\" data-widget_type=\"image.default\">\n\t\t\t\t\t\t\t\t\t\t\t\t\t\t\t\t<a href=\"http:\/\/instagram.com\">\n\t\t\t\t\t\t\t<img decoding=\"async\" src=\"https:\/\/rmhcmaritimes2025-dev.rbdemo.dev\/wp-content\/uploads\/RMHC_Social_Icon_Instagram.svg\" title=\"RMHC_Social_Icon_Instagram\" alt=\"Ic\u00f4ne de m\u00e9dias sociaux dessin\u00e9e \u00e0 la main pour RMH instagram\" class=\"elementor-animation-pulse\" loading=\"lazy\" \/>\t\t\t\t\t\t\t\t<\/a>\n\t\t\t\t\t\t\t\t\t\t\t\t\t\t\t<\/div>\n\t\t\t\t<\/div>\n\t\t\t\t<\/div>\n\t\t\t\t<\/div>\n\t\t\t\t<\/div>\n\t\t\t\t<\/div>\n\t\t","protected":false},"excerpt":{"rendered":"<p>Garder les Familles Proches D\u00e9couvrez notre nouvelle image de marque Garder les familles ensemble Imaginez un instant apprendre que votre enfant est malade et doit se rendre dans une autre ville pour recevoir les soins m\u00e9dicaux dont il a besoin. Et au beau milieu du pire cauchemar qu\u2019un parent peut vivre, vous devez maintenant quitter [&hellip;]<\/p>\n","protected":false},"author":10,"featured_media":0,"parent":0,"menu_order":0,"comment_status":"closed","ping_status":"closed","template":"","meta":{"footnotes":""},"class_list":["post-5026","page","type-page","status-publish","hentry"],"_links":{"self":[{"href":"https:\/\/rmhcmaritimes2025-dev.rbdemo.dev\/fr\/wp-json\/wp\/v2\/pages\/5026","targetHints":{"allow":["GET"]}}],"collection":[{"href":"https:\/\/rmhcmaritimes2025-dev.rbdemo.dev\/fr\/wp-json\/wp\/v2\/pages"}],"about":[{"href":"https:\/\/rmhcmaritimes2025-dev.rbdemo.dev\/fr\/wp-json\/wp\/v2\/types\/page"}],"author":[{"embeddable":true,"href":"https:\/\/rmhcmaritimes2025-dev.rbdemo.dev\/fr\/wp-json\/wp\/v2\/users\/10"}],"replies":[{"embeddable":true,"href":"https:\/\/rmhcmaritimes2025-dev.rbdemo.dev\/fr\/wp-json\/wp\/v2\/comments?post=5026"}],"version-history":[{"count":4,"href":"https:\/\/rmhcmaritimes2025-dev.rbdemo.dev\/fr\/wp-json\/wp\/v2\/pages\/5026\/revisions"}],"predecessor-version":[{"id":5403,"href":"https:\/\/rmhcmaritimes2025-dev.rbdemo.dev\/fr\/wp-json\/wp\/v2\/pages\/5026\/revisions\/5403"}],"wp:attachment":[{"href":"https:\/\/rmhcmaritimes2025-dev.rbdemo.dev\/fr\/wp-json\/wp\/v2\/media?parent=5026"}],"curies":[{"name":"wp","href":"https:\/\/api.w.org\/{rel}","templated":true}]}}