{"id":5620,"date":"2025-10-07T13:21:39","date_gmt":"2025-10-07T18:21:39","guid":{"rendered":"https:\/\/rmhcmaritimes2025-dev.rbdemo.dev\/?page_id=5620"},"modified":"2025-10-14T09:25:27","modified_gmt":"2025-10-14T14:25:27","slug":"notre-plan-strategique-triennal","status":"publish","type":"page","link":"https:\/\/rmhcmaritimes2025-dev.rbdemo.dev\/fr\/notre-plan-strategique-triennal\/","title":{"rendered":"Notre Plan Strat\u00e9gique Triennal"},"content":{"rendered":"\t\t<div data-elementor-type=\"wp-page\" data-elementor-id=\"5620\" class=\"elementor elementor-5620 elementor-4981\" data-elementor-post-type=\"page\">\n\t\t\t\t<div class=\"elementor-element elementor-element-69cd292d e-con-full e-flex e-con e-parent\" data-id=\"69cd292d\" data-element_type=\"container\">\n\t\t\t\t<div class=\"elementor-element elementor-element-6dcd0e3c elementor-widget__width-initial elementor-hidden-mobile elementor-widget elementor-widget-image\" data-id=\"6dcd0e3c\" data-element_type=\"widget\" data-widget_type=\"image.default\">\n\t\t\t\t\t\t\t\t\t\t\t\t\t\t\t<img fetchpriority=\"high\" decoding=\"async\" width=\"1000\" height=\"422\" src=\"https:\/\/rmhcmaritimes2025-dev.rbdemo.dev\/wp-content\/uploads\/Raissa-and-Alexa-1-1-1-1.png\" class=\"attachment-full size-full wp-image-5618\" alt=\"\" srcset=\"https:\/\/rmhcmaritimes2025-dev.rbdemo.dev\/wp-content\/uploads\/Raissa-and-Alexa-1-1-1-1.png 1000w, https:\/\/rmhcmaritimes2025-dev.rbdemo.dev\/wp-content\/uploads\/Raissa-and-Alexa-1-1-1-1-150x63.png 150w, https:\/\/rmhcmaritimes2025-dev.rbdemo.dev\/wp-content\/uploads\/Raissa-and-Alexa-1-1-1-1-768x324.png 768w\" sizes=\"(max-width: 1000px) 100vw, 1000px\" \/>\t\t\t\t\t\t\t\t\t\t\t\t\t\t\t<\/div>\n\t\t\t\t<div class=\"elementor-element elementor-element-5e12b586 elementor-hidden-desktop elementor-hidden-tablet elementor-widget elementor-widget-image\" data-id=\"5e12b586\" data-element_type=\"widget\" data-widget_type=\"image.default\">\n\t\t\t\t\t\t\t\t\t\t\t\t\t\t\t<img fetchpriority=\"high\" decoding=\"async\" width=\"1000\" height=\"422\" src=\"https:\/\/rmhcmaritimes2025-dev.rbdemo.dev\/wp-content\/uploads\/Raissa-and-Alexa-1-1-1-1.png\" class=\"attachment-full size-full wp-image-5618\" alt=\"\" srcset=\"https:\/\/rmhcmaritimes2025-dev.rbdemo.dev\/wp-content\/uploads\/Raissa-and-Alexa-1-1-1-1.png 1000w, https:\/\/rmhcmaritimes2025-dev.rbdemo.dev\/wp-content\/uploads\/Raissa-and-Alexa-1-1-1-1-150x63.png 150w, https:\/\/rmhcmaritimes2025-dev.rbdemo.dev\/wp-content\/uploads\/Raissa-and-Alexa-1-1-1-1-768x324.png 768w\" sizes=\"(max-width: 1000px) 100vw, 1000px\" \/>\t\t\t\t\t\t\t\t\t\t\t\t\t\t\t<\/div>\n\t\t\t\t<\/div>\n\t\t<div class=\"elementor-element elementor-element-7f472c70 e-con-full e-flex e-con e-parent\" data-id=\"7f472c70\" data-element_type=\"container\">\n\t\t<div class=\"elementor-element elementor-element-700f6320 e-con-full e-flex e-con e-child\" data-id=\"700f6320\" data-element_type=\"container\">\n\t\t\t\t<div class=\"elementor-element elementor-element-54f3650 elementor-widget elementor-widget-heading\" data-id=\"54f3650\" data-element_type=\"widget\" data-widget_type=\"heading.default\">\n\t\t\t\t\t<h1 class=\"elementor-heading-title elementor-size-default\">Notre Plan Strat\u00e9gique Triennal<\/h1>\t\t\t\t<\/div>\n\t\t\t\t<div class=\"elementor-element elementor-element-2cb1109a elementor-widget elementor-widget-text-editor\" data-id=\"2cb1109a\" data-element_type=\"widget\" data-widget_type=\"text-editor.default\">\n\t\t\t\t\t\t\t\t\t<p>Il s\u2019agit de l\u2019objectif de notre nouveau plan strat\u00e9gique triennal. Nous sommes engag\u00e9s \u00e0 donner aux familles l\u2019espoir et le soutien n\u00e9cessaire pour gu\u00e9rir dans un foyer loin de chez elles.<\/p>\t\t\t\t\t\t\t\t<\/div>\n\t\t\t\t<\/div>\n\t\t<div class=\"elementor-element elementor-element-70a825b3 e-con-full e-flex e-con e-child\" data-id=\"70a825b3\" data-element_type=\"container\">\n\t\t\t\t<\/div>\n\t\t\t\t<\/div>\n\t\t<div class=\"elementor-element elementor-element-54f3f776 e-flex e-con-boxed e-con e-parent\" data-id=\"54f3f776\" data-element_type=\"container\" data-settings=\"{&quot;background_background&quot;:&quot;classic&quot;}\">\n\t\t\t\t\t<div class=\"e-con-inner\">\n\t\t<div class=\"elementor-element elementor-element-4611e050 e-con-full e-flex e-con e-child\" data-id=\"4611e050\" data-element_type=\"container\">\n\t\t\t\t<div class=\"elementor-element elementor-element-4a79449e elementor-widget elementor-widget-image\" data-id=\"4a79449e\" data-element_type=\"widget\" data-widget_type=\"image.default\">\n\t\t\t\t\t\t\t\t\t\t\t\t\t\t\t<img decoding=\"async\" width=\"576\" height=\"576\" src=\"https:\/\/rmhcmaritimes2025-dev.rbdemo.dev\/wp-content\/uploads\/RMH_icons_Our_Impact_RGB.webp\" class=\"attachment-full size-full wp-image-5036\" alt=\"\u00c9toile rouge avec un c\u0153ur au centre et des lignes repr\u00e9sentant une action rayonnante\" srcset=\"https:\/\/rmhcmaritimes2025-dev.rbdemo.dev\/wp-content\/uploads\/RMH_icons_Our_Impact_RGB.webp 576w, https:\/\/rmhcmaritimes2025-dev.rbdemo.dev\/wp-content\/uploads\/RMH_icons_Our_Impact_RGB-150x150.webp 150w\" sizes=\"(max-width: 576px) 100vw, 576px\" \/>\t\t\t\t\t\t\t\t\t\t\t\t\t\t\t<\/div>\n\t\t\t\t<\/div>\n\t\t<div class=\"elementor-element elementor-element-71d91586 e-con-full e-flex e-con e-child\" data-id=\"71d91586\" data-element_type=\"container\">\n\t\t\t\t<div class=\"elementor-element elementor-element-c9bf2ae elementor-widget elementor-widget-heading\" data-id=\"c9bf2ae\" data-element_type=\"widget\" data-widget_type=\"heading.default\">\n\t\t\t\t\t<h2 class=\"elementor-heading-title elementor-size-default\">La fondation de Maison Ronald McDonald repose sur la solidit\u00e9 de nos relations avec les familles qui ont un enfant malade ou bless\u00e9, ainsi qu\u2019avec nos partenaires des soins de sant\u00e9, les collectivit\u00e9s, les b\u00e9n\u00e9voles, les franchis\u00e9s locaux de McDonald\u2019s et nos donateurs.<\/h2>\t\t\t\t<\/div>\n\t\t\t\t<\/div>\n\t\t\t\t\t<\/div>\n\t\t\t\t<\/div>\n\t\t<div class=\"elementor-element elementor-element-19042c1 e-flex e-con-boxed e-con e-parent\" data-id=\"19042c1\" data-element_type=\"container\">\n\t\t\t\t\t<div class=\"e-con-inner\">\n\t\t<div class=\"elementor-element elementor-element-292281dc e-con-full e-flex e-con e-child\" data-id=\"292281dc\" data-element_type=\"container\">\n\t\t\t\t<div class=\"elementor-element elementor-element-3037d499 elementor-widget elementor-widget-text-editor\" data-id=\"3037d499\" data-element_type=\"widget\" data-widget_type=\"text-editor.default\">\n\t\t\t\t\t\t\t\t\t<h3>Nos familles<\/h3><p>Nous enrichirons nos offres pour offrir une exp\u00e9rience accueillante et inclusive \u00e0 nos familles.<\/p><h3>Notre organisation<\/h3><p>Nous remettrons en question le statu quo et innoverons pour renforcer notre organisation.<\/p><h3>Notre collectivit\u00e9<\/h3><p>Nous cultiverons et \u00e9largirons les partenariats dans l\u2019ensemble de notre collectivit\u00e9.<\/p><h3>Notre \u00e9quipe<\/h3><p>Nous rehausserons et renforcerons la passion et le talent de notre \u00e9quipe en pleine croissance.<\/p>\t\t\t\t\t\t\t\t<\/div>\n\t\t\t\t<\/div>\n\t\t<div class=\"elementor-element elementor-element-3bc30b17 e-con-full e-flex e-con e-child\" data-id=\"3bc30b17\" data-element_type=\"container\">\n\t\t\t\t<\/div>\n\t\t\t\t\t<\/div>\n\t\t\t\t<\/div>\n\t\t<div class=\"elementor-element elementor-element-7a83fd2 elementor-hidden-mobile e-con-full e-flex e-con e-parent\" data-id=\"7a83fd2\" data-element_type=\"container\" data-settings=\"{&quot;background_background&quot;:&quot;classic&quot;}\">\n\t\t<div class=\"elementor-element elementor-element-62912e28 e-con-full e-flex e-con e-child\" data-id=\"62912e28\" data-element_type=\"container\" data-settings=\"{&quot;background_background&quot;:&quot;classic&quot;}\">\n\t\t\t\t<div class=\"elementor-element elementor-element-1a24bc90 elementor-widget elementor-widget-text-editor\" data-id=\"1a24bc90\" data-element_type=\"widget\" data-widget_type=\"text-editor.default\">\n\t\t\t\t\t\t\t\t\t<p>Nous continuerons d\u2019int\u00e9grer intentionnellement la diversit\u00e9, l\u2019\u00e9quit\u00e9, l\u2019inclusion, l\u2019appartenance, et l\u2019accessibilit\u00e9dans tous les domaines de notre travail.<\/p>\t\t\t\t\t\t\t\t<\/div>\n\t\t\t\t<\/div>\n\t\t<div class=\"elementor-element elementor-element-6e6cd035 e-con-full e-flex e-con e-child\" data-id=\"6e6cd035\" data-element_type=\"container\">\n\t\t\t\t<\/div>\n\t\t\t\t<\/div>\n\t\t<div class=\"elementor-element elementor-element-6d904b78 e-flex e-con-boxed e-con e-parent\" data-id=\"6d904b78\" data-element_type=\"container\" data-settings=\"{&quot;background_background&quot;:&quot;classic&quot;}\">\n\t\t\t\t\t<div class=\"e-con-inner\">\n\t\t<div class=\"elementor-element elementor-element-43b82f12 e-con-full e-flex e-con e-child\" data-id=\"43b82f12\" data-element_type=\"container\">\n\t\t\t\t<div class=\"elementor-element elementor-element-5be68dfa elementor-widget elementor-widget-heading\" data-id=\"5be68dfa\" data-element_type=\"widget\" data-widget_type=\"heading.default\">\n\t\t\t\t\t<h2 class=\"elementor-heading-title elementor-size-default\">Pour plus d\u2019informations, envoyez un e-mail contact@ronaldmcdonaldhousemaritimes.ca<\/h2>\t\t\t\t<\/div>\n\t\t\t\t<\/div>\n\t\t\t\t\t<\/div>\n\t\t\t\t<\/div>\n\t\t\t\t<\/div>\n\t\t","protected":false},"excerpt":{"rendered":"<p>Notre Plan Strat\u00e9gique Triennal Il s\u2019agit de l\u2019objectif de notre nouveau plan strat\u00e9gique triennal. Nous sommes engag\u00e9s \u00e0 donner aux familles l\u2019espoir et le soutien n\u00e9cessaire pour gu\u00e9rir dans un foyer loin de chez elles. La fondation de Maison Ronald McDonald repose sur la solidit\u00e9 de nos relations avec les familles qui ont un enfant [&hellip;]<\/p>\n","protected":false},"author":10,"featured_media":0,"parent":0,"menu_order":0,"comment_status":"closed","ping_status":"closed","template":"","meta":{"footnotes":""},"class_list":["post-5620","page","type-page","status-publish","hentry"],"_links":{"self":[{"href":"https:\/\/rmhcmaritimes2025-dev.rbdemo.dev\/fr\/wp-json\/wp\/v2\/pages\/5620","targetHints":{"allow":["GET"]}}],"collection":[{"href":"https:\/\/rmhcmaritimes2025-dev.rbdemo.dev\/fr\/wp-json\/wp\/v2\/pages"}],"about":[{"href":"https:\/\/rmhcmaritimes2025-dev.rbdemo.dev\/fr\/wp-json\/wp\/v2\/types\/page"}],"author":[{"embeddable":true,"href":"https:\/\/rmhcmaritimes2025-dev.rbdemo.dev\/fr\/wp-json\/wp\/v2\/users\/10"}],"replies":[{"embeddable":true,"href":"https:\/\/rmhcmaritimes2025-dev.rbdemo.dev\/fr\/wp-json\/wp\/v2\/comments?post=5620"}],"version-history":[{"count":7,"href":"https:\/\/rmhcmaritimes2025-dev.rbdemo.dev\/fr\/wp-json\/wp\/v2\/pages\/5620\/revisions"}],"predecessor-version":[{"id":6666,"href":"https:\/\/rmhcmaritimes2025-dev.rbdemo.dev\/fr\/wp-json\/wp\/v2\/pages\/5620\/revisions\/6666"}],"wp:attachment":[{"href":"https:\/\/rmhcmaritimes2025-dev.rbdemo.dev\/fr\/wp-json\/wp\/v2\/media?parent=5620"}],"curies":[{"name":"wp","href":"https:\/\/api.w.org\/{rel}","templated":true}]}}