{"id":5681,"date":"2025-08-13T11:12:38","date_gmt":"2025-08-13T16:12:38","guid":{"rendered":"https:\/\/rmhcmaritimes2025-dev.rbdemo.dev\/?page_id=5681"},"modified":"2025-10-09T17:44:21","modified_gmt":"2025-10-09T22:44:21","slug":"notre-relation-avec-mcdonalds","status":"publish","type":"page","link":"https:\/\/rmhcmaritimes2025-dev.rbdemo.dev\/fr\/a-notre-sujet\/notre-relation-avec-mcdonalds\/","title":{"rendered":"Notre relation avec McDonald\u2019s"},"content":{"rendered":"\t\t<div data-elementor-type=\"wp-page\" data-elementor-id=\"5681\" class=\"elementor elementor-5681 elementor-783\" data-elementor-post-type=\"page\">\n\t\t\t\t<div class=\"elementor-element elementor-element-3e464a97 e-con-full e-flex e-con e-parent\" data-id=\"3e464a97\" data-element_type=\"container\">\n\t\t\t\t<div class=\"elementor-element elementor-element-272d8b40 elementor-widget__width-initial elementor-hidden-mobile elementor-widget elementor-widget-image\" data-id=\"272d8b40\" data-element_type=\"widget\" data-widget_type=\"image.default\">\n\t\t\t\t\t\t\t\t\t\t\t\t\t\t\t<img fetchpriority=\"high\" decoding=\"async\" width=\"1451\" height=\"620\" src=\"https:\/\/rmhcmaritimes2025-dev.rbdemo.dev\/wp-content\/uploads\/WEBSITE-BANNER-10.27.9-1536x448-2-1.png\" class=\"attachment-full size-full wp-image-5680\" alt=\"\" srcset=\"https:\/\/rmhcmaritimes2025-dev.rbdemo.dev\/wp-content\/uploads\/WEBSITE-BANNER-10.27.9-1536x448-2-1.png 1451w, https:\/\/rmhcmaritimes2025-dev.rbdemo.dev\/wp-content\/uploads\/WEBSITE-BANNER-10.27.9-1536x448-2-1-150x64.png 150w, https:\/\/rmhcmaritimes2025-dev.rbdemo.dev\/wp-content\/uploads\/WEBSITE-BANNER-10.27.9-1536x448-2-1-768x328.png 768w\" sizes=\"(max-width: 1451px) 100vw, 1451px\" \/>\t\t\t\t\t\t\t\t\t\t\t\t\t\t\t<\/div>\n\t\t\t\t<div class=\"elementor-element elementor-element-5e8830d elementor-hidden-desktop elementor-hidden-tablet elementor-widget elementor-widget-image\" data-id=\"5e8830d\" data-element_type=\"widget\" data-widget_type=\"image.default\">\n\t\t\t\t\t\t\t\t\t\t\t\t\t\t\t<img fetchpriority=\"high\" decoding=\"async\" width=\"1451\" height=\"620\" src=\"https:\/\/rmhcmaritimes2025-dev.rbdemo.dev\/wp-content\/uploads\/WEBSITE-BANNER-10.27.9-1536x448-2-1.png\" class=\"attachment-full size-full wp-image-5680\" alt=\"\" srcset=\"https:\/\/rmhcmaritimes2025-dev.rbdemo.dev\/wp-content\/uploads\/WEBSITE-BANNER-10.27.9-1536x448-2-1.png 1451w, https:\/\/rmhcmaritimes2025-dev.rbdemo.dev\/wp-content\/uploads\/WEBSITE-BANNER-10.27.9-1536x448-2-1-150x64.png 150w, https:\/\/rmhcmaritimes2025-dev.rbdemo.dev\/wp-content\/uploads\/WEBSITE-BANNER-10.27.9-1536x448-2-1-768x328.png 768w\" sizes=\"(max-width: 1451px) 100vw, 1451px\" \/>\t\t\t\t\t\t\t\t\t\t\t\t\t\t\t<\/div>\n\t\t\t\t<\/div>\n\t\t<div class=\"elementor-element elementor-element-58d1a404 e-con-full e-flex e-con e-parent\" data-id=\"58d1a404\" data-element_type=\"container\">\n\t\t<div class=\"elementor-element elementor-element-549a28ca e-con-full e-flex e-con e-child\" data-id=\"549a28ca\" data-element_type=\"container\">\n\t\t\t\t<div class=\"elementor-element elementor-element-79580158 elementor-widget elementor-widget-heading\" data-id=\"79580158\" data-element_type=\"widget\" data-widget_type=\"heading.default\">\n\t\t\t\t\t<h1 class=\"elementor-heading-title elementor-size-default\">Notre relation avec McDonald\u2019s\n<\/h1>\t\t\t\t<\/div>\n\t\t\t\t<\/div>\n\t\t<div class=\"elementor-element elementor-element-381458fe e-con-full e-flex e-con e-child\" data-id=\"381458fe\" data-element_type=\"container\">\n\t\t\t\t<\/div>\n\t\t\t\t<\/div>\n\t\t<div class=\"elementor-element elementor-element-157ec767 e-flex e-con-boxed e-con e-parent\" data-id=\"157ec767\" data-element_type=\"container\">\n\t\t\t\t\t<div class=\"e-con-inner\">\n\t\t<div class=\"elementor-element elementor-element-3f5c708 e-con-full e-flex e-con e-child\" data-id=\"3f5c708\" data-element_type=\"container\">\n\t\t\t\t<div class=\"elementor-element elementor-element-38d60073 elementor-widget elementor-widget-text-editor\" data-id=\"38d60073\" data-element_type=\"widget\" data-widget_type=\"text-editor.default\">\n\t\t\t\t\t\t\t\t\t<p><span style=\"font-weight: 400;\">Nous sommes vraiment reconnaissants envers notre partenaire fondateur et de toujours, McDonald\u2019s, pour son soutien. Maison Ronald McDonald du Canada, Les Restaurants McDonald du Canada Limit\u00e9e et son fondateur, George Cohon, ainsi que les franchis\u00e9s et le r\u00e9seau de fournisseurs de McDonald\u2019s, continuent \u00e0 offrir un soutien essentiel \u00e0 nos familles.<\/span><\/p><p>\u00a0<\/p><p><span style=\"font-weight: 400;\">Des fonds sont amass\u00e9s aupr\u00e8s de la famille McDonald\u2019s, en partenariat avec l\u2019OMRM du Canada, de fa\u00e7ons suivantes, \u00e0 savoir :<\/span><\/p><p>\u00a0<\/p><ul><li><span style=\"font-weight: 400;\">Programme de dons du Joyeux festin de McDonald\u2019s<\/span><\/li><li><span style=\"font-weight: 400;\">Les biscuits\u00a0<\/span><\/li><li><span style=\"font-weight: 400;\">Commandite de nos \u00e9v\u00e9nements: classique de golf et Pyja-marche pour les enfants<\/span><\/li><li><span style=\"font-weight: 400;\">le Grand McDon \u2013 un \u00e9v\u00e9nement annuel appuyant des organismes de bienfaisance locaux pour enfants, dont les Manoirs Ronald McDonald<\/span><\/li><li><span style=\"font-weight: 400;\">Bo\u00eetes de dons en restaurants pour recueillir des dons de clients de McDonald\u2019s<\/span><\/li><li><span style=\"font-weight: 400;\">Dons de kiosques libre-service \u2013 les clients de McDonald\u2019s peuvent choisir un montant pour donner ou arrondir le montant de leur commande au dollar pr\u00e8s.<\/span><\/li><li><span style=\"font-weight: 400;\">Des membres de la famille McDonald\u2019s si\u00e8gent \u00e0 titre de b\u00e9n\u00e9voles au conseil d\u2019administration et sur diff\u00e9rents comit\u00e9s et participent \u00e0 nos \u00e9v\u00e9nements de collectes de fonds dans les provinces de l\u2019Atlantique.\u00a0 Nombre de fournisseurs de McDonald\u2019s soutiennent notre manoir en tant que b\u00e9n\u00e9voles, en faisant des dons et en offrant des biens et services.<\/span><\/li><\/ul><p>\u00a0<\/p><p><span style=\"font-weight: 400;\">En 2018, les dons provenant de la famille McDonald\u2019s ont contribu\u00e9 \u00e0 environ 49 % de nos revenus de collectes de fonds.\u00a0 McDonald\u2019s est le partenaire corporatif le plus important de Maison Ronald McDonald Maritimes nous sommes profond\u00e9ment reconnaissants de l\u2019engagement soutenu de chaque \u00e9quipier, g\u00e9rant, franchis\u00e9, employ\u00e9 de bureau et client qui permettent de garder les familles ensemble.<\/span><\/p>\t\t\t\t\t\t\t\t<\/div>\n\t\t\t\t<\/div>\n\t\t\t\t\t<\/div>\n\t\t\t\t<\/div>\n\t\t<div class=\"elementor-element elementor-element-72883925 e-flex e-con-boxed e-con e-parent\" data-id=\"72883925\" data-element_type=\"container\" data-settings=\"{&quot;background_background&quot;:&quot;classic&quot;}\">\n\t\t\t\t\t<div class=\"e-con-inner\">\n\t\t<div class=\"elementor-element elementor-element-3c9d4467 e-con-full e-flex e-con e-child\" data-id=\"3c9d4467\" data-element_type=\"container\">\n\t\t\t\t<div class=\"elementor-element elementor-element-565b63e9 elementor-widget elementor-widget-text-editor\" data-id=\"565b63e9\" data-element_type=\"widget\" data-widget_type=\"text-editor.default\">\n\t\t\t\t\t\t\t\t\t<p>M\u00eame si McDonald\u2019s est notre plus important donateur corporatif, aucune compagnie ne peut financer \u00e0 elle seule nos programmes et la croissance n\u00e9cessaire pour servir plus de familles. Nous avons besoin du soutien de l\u2019ensemble de la collectivit\u00e9 des provinces de l\u2019Atlantique et nous valorisons tout soutien qui nous est offert, que ce soit par le biais d\u2019un don en argent, de votre temps ou encore d\u2019efforts de collectes de fonds.<\/p>\t\t\t\t\t\t\t\t<\/div>\n\t\t\t\t<\/div>\n\t\t<div class=\"elementor-element elementor-element-df4ef13 e-con-full e-flex e-con e-child\" data-id=\"df4ef13\" data-element_type=\"container\">\n\t\t\t\t<div class=\"elementor-element elementor-element-78257300 elementor-widget elementor-widget-image\" data-id=\"78257300\" data-element_type=\"widget\" data-widget_type=\"image.default\">\n\t\t\t\t\t\t\t\t\t\t\t\t\t\t\t<img decoding=\"async\" width=\"1200\" height=\"1600\" src=\"https:\/\/rmhcmaritimes2025-dev.rbdemo.dev\/wp-content\/uploads\/00100trPORTRAIT_00100_BURST20200903144233620_COVER-1.jpg\" class=\"attachment-full size-full wp-image-5846\" alt=\"\" srcset=\"https:\/\/rmhcmaritimes2025-dev.rbdemo.dev\/wp-content\/uploads\/00100trPORTRAIT_00100_BURST20200903144233620_COVER-1.jpg 1200w, https:\/\/rmhcmaritimes2025-dev.rbdemo.dev\/wp-content\/uploads\/00100trPORTRAIT_00100_BURST20200903144233620_COVER-1-113x150.jpg 113w, https:\/\/rmhcmaritimes2025-dev.rbdemo.dev\/wp-content\/uploads\/00100trPORTRAIT_00100_BURST20200903144233620_COVER-1-768x1024.jpg 768w, https:\/\/rmhcmaritimes2025-dev.rbdemo.dev\/wp-content\/uploads\/00100trPORTRAIT_00100_BURST20200903144233620_COVER-1-1152x1536.jpg 1152w\" sizes=\"(max-width: 1200px) 100vw, 1200px\" \/>\t\t\t\t\t\t\t\t\t\t\t\t\t\t\t<\/div>\n\t\t\t\t<\/div>\n\t\t\t\t\t<\/div>\n\t\t\t\t<\/div>\n\t\t\t\t<\/div>\n\t\t","protected":false},"excerpt":{"rendered":"<p>Notre relation avec McDonald\u2019s Nous sommes vraiment reconnaissants envers notre partenaire fondateur et de toujours, McDonald\u2019s, pour son soutien. Maison Ronald McDonald du Canada, Les Restaurants McDonald du Canada Limit\u00e9e et son fondateur, George Cohon, ainsi que les franchis\u00e9s et le r\u00e9seau de fournisseurs de McDonald\u2019s, continuent \u00e0 offrir un soutien essentiel \u00e0 nos familles. [&hellip;]<\/p>\n","protected":false},"author":10,"featured_media":0,"parent":5038,"menu_order":0,"comment_status":"closed","ping_status":"closed","template":"","meta":{"footnotes":""},"class_list":["post-5681","page","type-page","status-publish","hentry"],"_links":{"self":[{"href":"https:\/\/rmhcmaritimes2025-dev.rbdemo.dev\/fr\/wp-json\/wp\/v2\/pages\/5681","targetHints":{"allow":["GET"]}}],"collection":[{"href":"https:\/\/rmhcmaritimes2025-dev.rbdemo.dev\/fr\/wp-json\/wp\/v2\/pages"}],"about":[{"href":"https:\/\/rmhcmaritimes2025-dev.rbdemo.dev\/fr\/wp-json\/wp\/v2\/types\/page"}],"author":[{"embeddable":true,"href":"https:\/\/rmhcmaritimes2025-dev.rbdemo.dev\/fr\/wp-json\/wp\/v2\/users\/10"}],"replies":[{"embeddable":true,"href":"https:\/\/rmhcmaritimes2025-dev.rbdemo.dev\/fr\/wp-json\/wp\/v2\/comments?post=5681"}],"version-history":[{"count":7,"href":"https:\/\/rmhcmaritimes2025-dev.rbdemo.dev\/fr\/wp-json\/wp\/v2\/pages\/5681\/revisions"}],"predecessor-version":[{"id":5851,"href":"https:\/\/rmhcmaritimes2025-dev.rbdemo.dev\/fr\/wp-json\/wp\/v2\/pages\/5681\/revisions\/5851"}],"up":[{"embeddable":true,"href":"https:\/\/rmhcmaritimes2025-dev.rbdemo.dev\/fr\/wp-json\/wp\/v2\/pages\/5038"}],"wp:attachment":[{"href":"https:\/\/rmhcmaritimes2025-dev.rbdemo.dev\/fr\/wp-json\/wp\/v2\/media?parent=5681"}],"curies":[{"name":"wp","href":"https:\/\/api.w.org\/{rel}","templated":true}]}}