{"id":5718,"date":"2025-08-19T10:12:19","date_gmt":"2025-08-19T15:12:19","guid":{"rendered":"https:\/\/rmhcmaritimes2025-dev.rbdemo.dev\/?page_id=5718"},"modified":"2025-10-09T15:00:11","modified_gmt":"2025-10-09T20:00:11","slug":"nous-joindre","status":"publish","type":"page","link":"https:\/\/rmhcmaritimes2025-dev.rbdemo.dev\/fr\/nous-joindre\/","title":{"rendered":"Nous joindre"},"content":{"rendered":"\t\t<div data-elementor-type=\"wp-page\" data-elementor-id=\"5718\" class=\"elementor elementor-5718 elementor-2611\" data-elementor-post-type=\"page\">\n\t\t\t\t<div class=\"elementor-element elementor-element-32f2f346 e-con-full e-flex e-con e-parent\" data-id=\"32f2f346\" data-element_type=\"container\">\n\t\t\t\t<div class=\"elementor-element elementor-element-60f11c8e elementor-widget__width-initial elementor-hidden-mobile elementor-widget elementor-widget-image\" data-id=\"60f11c8e\" data-element_type=\"widget\" data-widget_type=\"image.default\">\n\t\t\t\t\t\t\t\t\t\t\t\t\t\t\t<img fetchpriority=\"high\" decoding=\"async\" width=\"1450\" height=\"621\" src=\"https:\/\/rmhcmaritimes2025-dev.rbdemo.dev\/wp-content\/uploads\/Volunteer-1-1.png\" class=\"attachment-full size-full wp-image-5717\" alt=\"\" srcset=\"https:\/\/rmhcmaritimes2025-dev.rbdemo.dev\/wp-content\/uploads\/Volunteer-1-1.png 1450w, https:\/\/rmhcmaritimes2025-dev.rbdemo.dev\/wp-content\/uploads\/Volunteer-1-1-150x64.png 150w, https:\/\/rmhcmaritimes2025-dev.rbdemo.dev\/wp-content\/uploads\/Volunteer-1-1-768x329.png 768w\" sizes=\"(max-width: 1450px) 100vw, 1450px\" \/>\t\t\t\t\t\t\t\t\t\t\t\t\t\t\t<\/div>\n\t\t\t\t<\/div>\n\t\t<div class=\"elementor-element elementor-element-5aa3193d e-flex e-con-boxed e-con e-parent\" data-id=\"5aa3193d\" data-element_type=\"container\">\n\t\t\t\t\t<div class=\"e-con-inner\">\n\t\t<div class=\"elementor-element elementor-element-12488796 e-con-full e-flex e-con e-child\" data-id=\"12488796\" data-element_type=\"container\">\n\t\t\t\t<div class=\"elementor-element elementor-element-5a95d917 elementor-widget elementor-widget-heading\" data-id=\"5a95d917\" data-element_type=\"widget\" data-widget_type=\"heading.default\">\n\t\t\t\t\t<h2 class=\"elementor-heading-title elementor-size-default\">Nous joindre<\/h2>\t\t\t\t<\/div>\n\t\t\t\t<div class=\"elementor-element elementor-element-8a2b04e elementor-widget elementor-widget-text-editor\" data-id=\"8a2b04e\" data-element_type=\"widget\" data-widget_type=\"text-editor.default\">\n\t\t\t\t\t\t\t\t\t<p><span style=\"font-weight: 400;\">Que vous d\u00e9siriez faire du b\u00e9n\u00e9volat ou nous poser une question, nous serons heureux do vous r\u00e9pondre.<\/span><\/p><p><span style=\"font-weight: 400;\">Vous cherchez \u00e0 entrer en contact avec un membre de notre \u00e9quip<a href=\"\/fr\/about-us\/\">e<\/a>? <\/span><a href=\"\/fr\/about-us\/\">Cliquez ici<\/a>!<\/p><p>\u00a0<\/p>\t\t\t\t\t\t\t\t<\/div>\n\t\t\t\t<\/div>\n\t\t<div class=\"elementor-element elementor-element-1c141229 e-con-full e-flex e-con e-child\" data-id=\"1c141229\" data-element_type=\"container\">\n\t\t\t\t<\/div>\n\t\t\t\t\t<\/div>\n\t\t\t\t<\/div>\n\t\t<div class=\"elementor-element elementor-element-7fc9c536 e-flex e-con-boxed e-con e-parent\" data-id=\"7fc9c536\" data-element_type=\"container\" data-settings=\"{&quot;background_background&quot;:&quot;classic&quot;}\">\n\t\t\t\t\t<div class=\"e-con-inner\">\n\t\t<div class=\"elementor-element elementor-element-78b3b32c e-con-full e-flex e-con e-child\" data-id=\"78b3b32c\" data-element_type=\"container\">\n\t\t\t\t<div class=\"elementor-element elementor-element-231dba1 elementor-widget elementor-widget-heading\" data-id=\"231dba1\" data-element_type=\"widget\" data-widget_type=\"heading.default\">\n\t\t\t\t\t<h2 class=\"elementor-heading-title elementor-size-default\">Maison Ronald McDonald de Halifax<\/h2>\t\t\t\t<\/div>\n\t\t\t\t<div class=\"elementor-element elementor-element-74b7d5a2 elementor-widget elementor-widget-text-editor\" data-id=\"74b7d5a2\" data-element_type=\"widget\" data-widget_type=\"text-editor.default\">\n\t\t\t\t\t\t\t\t\t<p>Situ\u00e9 \u00e0 1 minutes de marche du centre hospitalier IWK Health Centre<\/p><p>5950 South Street<br \/>Nouvelle-\u00c9cosse, B3H 1S6<\/p><p>Pour de plus amples renseignements ou pour fixer une visite:<br \/>T\u00e9l\u00e9phone : <a href=\"tel:902-429-4044\">902-429-4044<\/a><br \/>T\u00e9l\u00e9copieur : 902-429-8650<br \/><a href=\"mailto:house@ronaldmcdonaldhousemaritimes.ca\">house@ronaldmcdonaldhousemaritimes.ca<\/a><\/p>\t\t\t\t\t\t\t\t<\/div>\n\t\t\t\t<div class=\"elementor-element elementor-element-50f9025a elementor-mobile-align-justify elementor-widget elementor-widget-button\" data-id=\"50f9025a\" data-element_type=\"widget\" data-widget_type=\"button.default\">\n\t\t\t\t\t\t\t\t\t\t<a class=\"elementor-button elementor-button-link elementor-size-sm\" href=\"https:\/\/rmhcmaritimes2025-dev.rbdemo.dev\/our-programs\/stay\/\">\n\t\t\t\t\t\t<span class=\"elementor-button-content-wrapper\">\n\t\t\t\t\t\t\t\t\t<span class=\"elementor-button-text\">En savoir plus!<\/span>\n\t\t\t\t\t<\/span>\n\t\t\t\t\t<\/a>\n\t\t\t\t\t\t\t\t<\/div>\n\t\t\t\t<\/div>\n\t\t<div class=\"elementor-element elementor-element-2780ed1f e-con-full e-flex e-con e-child\" data-id=\"2780ed1f\" data-element_type=\"container\">\n\t\t<div class=\"elementor-element elementor-element-c3bcbbc e-con-full e-flex e-con e-child\" data-id=\"c3bcbbc\" data-element_type=\"container\">\n\t\t\t\t<div class=\"elementor-element elementor-element-d4a5dc6 elementor-widget elementor-widget-google_maps\" data-id=\"d4a5dc6\" data-element_type=\"widget\" data-widget_type=\"google_maps.default\">\n\t\t\t\t\t\t\t<div class=\"elementor-custom-embed\">\n\t\t\t<iframe loading=\"lazy\"\n\t\t\t\t\tsrc=\"https:\/\/maps.google.com\/maps?q=Ronald%20Mcdonald%20House%205950%20South%20Street%2C%20Halifax%2C%20NS%20B3H%201S6&#038;t=m&#038;z=13&#038;output=embed&#038;iwloc=near\"\n\t\t\t\t\ttitle=\"Ronald Mcdonald House 5950 South Street, Halifax, NS B3H 1S6\"\n\t\t\t\t\taria-label=\"Ronald Mcdonald House 5950 South Street, Halifax, NS B3H 1S6\"\n\t\t\t><\/iframe>\n\t\t<\/div>\n\t\t\t\t\t\t<\/div>\n\t\t\t\t<\/div>\n\t\t\t\t<\/div>\n\t\t\t\t\t<\/div>\n\t\t\t\t<\/div>\n\t\t<div class=\"elementor-element elementor-element-388a483 e-flex e-con-boxed e-con e-parent\" data-id=\"388a483\" data-element_type=\"container\" data-settings=\"{&quot;background_background&quot;:&quot;classic&quot;}\">\n\t\t\t\t\t<div class=\"e-con-inner\">\n\t\t<div class=\"elementor-element elementor-element-03789e6 e-con-full e-flex e-con e-child\" data-id=\"03789e6\" data-element_type=\"container\">\n\t\t\t\t<div class=\"elementor-element elementor-element-8f26816 elementor-widget elementor-widget-heading\" data-id=\"8f26816\" data-element_type=\"widget\" data-widget_type=\"heading.default\">\n\t\t\t\t\t<h2 class=\"elementor-heading-title elementor-size-default\">Salle familiale Maison Ronald McDonald de Halifax<\/h2>\t\t\t\t<\/div>\n\t\t\t\t<div class=\"elementor-element elementor-element-f1847cf elementor-widget elementor-widget-text-editor\" data-id=\"f1847cf\" data-element_type=\"widget\" data-widget_type=\"text-editor.default\">\n\t\t\t\t\t\t\t\t\t<p>Situ\u00e9e \u00e0 l\u2019int\u00e9rieur du centre hospitalier IWK Health Centre<\/p><p>IWK Health Centre 5850\/5980 University Avenue P.O. Box 9700 Halifax, Nouvelle-\u00c9cosse, B3K 6R8<\/p><p>Pour de plus amples renseignements ou pour fixer une visite:<br \/>T\u00e9l\u00e9phone : <a href=\"tel:902-470-6391\">902-470-6391<\/a><br \/>T\u00e9l\u00e9copieur : 902-470-6394<br \/><a href=\"mailto:halifaxfamilyroom@ronaldmcdonaldhousemaritimes.ca\">halifaxfamilyroom@ronaldmcdonaldhousemaritimes.ca<\/a><\/p>\t\t\t\t\t\t\t\t<\/div>\n\t\t\t\t<div class=\"elementor-element elementor-element-b52c1d9 elementor-mobile-align-justify elementor-widget elementor-widget-button\" data-id=\"b52c1d9\" data-element_type=\"widget\" data-widget_type=\"button.default\">\n\t\t\t\t\t\t\t\t\t\t<a class=\"elementor-button elementor-button-link elementor-size-sm\" href=\"https:\/\/rmhcmaritimes2025-dev.rbdemo.dev\/fr\/nos-programmes\/salle-familiale-de-halifax\/\">\n\t\t\t\t\t\t<span class=\"elementor-button-content-wrapper\">\n\t\t\t\t\t\t\t\t\t<span class=\"elementor-button-text\">En savoir plus!<\/span>\n\t\t\t\t\t<\/span>\n\t\t\t\t\t<\/a>\n\t\t\t\t\t\t\t\t<\/div>\n\t\t\t\t<\/div>\n\t\t<div class=\"elementor-element elementor-element-e6617f4 e-con-full e-flex e-con e-child\" data-id=\"e6617f4\" data-element_type=\"container\">\n\t\t<div class=\"elementor-element elementor-element-e9c2700 e-con-full e-flex e-con e-child\" data-id=\"e9c2700\" data-element_type=\"container\">\n\t\t\t\t<div class=\"elementor-element elementor-element-63c6396 elementor-widget elementor-widget-google_maps\" data-id=\"63c6396\" data-element_type=\"widget\" data-widget_type=\"google_maps.default\">\n\t\t\t\t\t\t\t<div class=\"elementor-custom-embed\">\n\t\t\t<iframe loading=\"lazy\"\n\t\t\t\t\tsrc=\"https:\/\/maps.google.com\/maps?q=%20IWK%20Health%20Centre%205880%20University%20Avenue%20P.O.%20Halifax%2C%20NS%2C%20B3K%206R8&#038;t=m&#038;z=10&#038;output=embed&#038;iwloc=near\"\n\t\t\t\t\ttitle=\" IWK Health Centre 5880 University Avenue P.O. Halifax, NS, B3K 6R8\"\n\t\t\t\t\taria-label=\" IWK Health Centre 5880 University Avenue P.O. Halifax, NS, B3K 6R8\"\n\t\t\t><\/iframe>\n\t\t<\/div>\n\t\t\t\t\t\t<\/div>\n\t\t\t\t<\/div>\n\t\t\t\t<\/div>\n\t\t\t\t\t<\/div>\n\t\t\t\t<\/div>\n\t\t<div class=\"elementor-element elementor-element-753cab8 e-flex e-con-boxed e-con e-parent\" data-id=\"753cab8\" data-element_type=\"container\" data-settings=\"{&quot;background_background&quot;:&quot;classic&quot;}\">\n\t\t\t\t\t<div class=\"e-con-inner\">\n\t\t<div class=\"elementor-element elementor-element-038cdcb e-con-full e-flex e-con e-child\" data-id=\"038cdcb\" data-element_type=\"container\">\n\t\t\t\t<div class=\"elementor-element elementor-element-65d8682 elementor-widget elementor-widget-heading\" data-id=\"65d8682\" data-element_type=\"widget\" data-widget_type=\"heading.default\">\n\t\t\t\t\t<h2 class=\"elementor-heading-title elementor-size-default\">Salle familiale Ronald McDonald de Moncton<\/h2>\t\t\t\t<\/div>\n\t\t\t\t<div class=\"elementor-element elementor-element-ddb45f7 elementor-widget elementor-widget-text-editor\" data-id=\"ddb45f7\" data-element_type=\"widget\" data-widget_type=\"text-editor.default\">\n\t\t\t\t\t\t\t\t\t<p>Situ\u00e9e \u00e0 l\u2019int\u00e9rieur de l\u2019H\u00f4pital de Moncton<\/p><p>H\u00f4pital de Moncton Mezzanine <br \/>2e \u00e9tage 135 MacBeath Avenue<br \/>Moncton, Nouveau-Brunswick, E1C 6Z8<\/p><p>Pour de plus amples renseignements ou pour fixer une visite:<br \/>T\u00e9l\u00e9phone : <a href=\"tel:506-867-6582\">506-867-6582<\/a><br \/>monctonfamilyroom@rmhatlantic.ca<\/p>\t\t\t\t\t\t\t\t<\/div>\n\t\t\t\t<div class=\"elementor-element elementor-element-a669883 elementor-mobile-align-justify elementor-widget elementor-widget-button\" data-id=\"a669883\" data-element_type=\"widget\" data-widget_type=\"button.default\">\n\t\t\t\t\t\t\t\t\t\t<a class=\"elementor-button elementor-button-link elementor-size-sm\" href=\"https:\/\/rmhcmaritimes2025-dev.rbdemo.dev\/fr\/nos-programmes\/salle-familiale-de-moncton\/\">\n\t\t\t\t\t\t<span class=\"elementor-button-content-wrapper\">\n\t\t\t\t\t\t\t\t\t<span class=\"elementor-button-text\">En savoir plus!<\/span>\n\t\t\t\t\t<\/span>\n\t\t\t\t\t<\/a>\n\t\t\t\t\t\t\t\t<\/div>\n\t\t\t\t<\/div>\n\t\t<div class=\"elementor-element elementor-element-f4f6c31 e-con-full e-flex e-con e-child\" data-id=\"f4f6c31\" data-element_type=\"container\">\n\t\t<div class=\"elementor-element elementor-element-c40e078 e-con-full e-flex e-con e-child\" data-id=\"c40e078\" data-element_type=\"container\">\n\t\t\t\t<div class=\"elementor-element elementor-element-108d5f6 elementor-widget elementor-widget-google_maps\" data-id=\"108d5f6\" data-element_type=\"widget\" data-widget_type=\"google_maps.default\">\n\t\t\t\t\t\t\t<div class=\"elementor-custom-embed\">\n\t\t\t<iframe loading=\"lazy\"\n\t\t\t\t\tsrc=\"https:\/\/maps.google.com\/maps?q=The%20Moncton%20Hospital%202nd%20Floor%20Mezzanine%20135%20MacBeath%20Ave.%20Moncton%2C%20NB%2C%20E1C%206Z8&#038;t=m&#038;z=10&#038;output=embed&#038;iwloc=near\"\n\t\t\t\t\ttitle=\"The Moncton Hospital 2nd Floor Mezzanine 135 MacBeath Ave. Moncton, NB, E1C 6Z8\"\n\t\t\t\t\taria-label=\"The Moncton Hospital 2nd Floor Mezzanine 135 MacBeath Ave. Moncton, NB, E1C 6Z8\"\n\t\t\t><\/iframe>\n\t\t<\/div>\n\t\t\t\t\t\t<\/div>\n\t\t\t\t<\/div>\n\t\t\t\t<\/div>\n\t\t\t\t\t<\/div>\n\t\t\t\t<\/div>\n\t\t<div class=\"elementor-element elementor-element-ccdfc39 e-con-full e-flex e-con e-child\" data-id=\"ccdfc39\" data-element_type=\"container\">\n\t\t<div class=\"elementor-element elementor-element-c6f50b5 e-con-full e-flex e-con e-child\" data-id=\"c6f50b5\" data-element_type=\"container\" data-settings=\"{&quot;background_background&quot;:&quot;classic&quot;}\">\n\t\t<div class=\"elementor-element elementor-element-0ee20c0 e-con-full e-flex e-con e-child\" data-id=\"0ee20c0\" data-element_type=\"container\">\n\t\t\t\t<div class=\"elementor-element elementor-element-6920cb4 elementor-widget elementor-widget-heading\" data-id=\"6920cb4\" data-element_type=\"widget\" data-widget_type=\"heading.default\">\n\t\t\t\t\t<h2 class=\"elementor-heading-title elementor-size-default\">Inscrivez-vous \u00e0 notre bulletin<\/h2>\t\t\t\t<\/div>\n\t\t\t\t<div class=\"elementor-element elementor-element-6ef2281 elementor-widget elementor-widget-text-editor\" data-id=\"6ef2281\" data-element_type=\"widget\" data-widget_type=\"text-editor.default\">\n\t\t\t\t\t\t\t\t\t<p>Tenez-vous au courant en vous inscrivant \u00e0 notre bulletin d\u2019information.<\/p>\t\t\t\t\t\t\t\t<\/div>\n\t\t\t\t<div class=\"elementor-element elementor-element-d55bb9a elementor-button-align-start elementor-widget elementor-widget-form\" data-id=\"d55bb9a\" data-element_type=\"widget\" data-settings=\"{&quot;button_width&quot;:&quot;20&quot;,&quot;step_next_label&quot;:&quot;Next&quot;,&quot;step_previous_label&quot;:&quot;Previous&quot;,&quot;step_type&quot;:&quot;number_text&quot;,&quot;step_icon_shape&quot;:&quot;circle&quot;}\" data-widget_type=\"form.default\">\n\t\t\t\t\t\t\t<form class=\"elementor-form\" method=\"post\" name=\"New Form\" aria-label=\"New Form\">\n\t\t\t<input type=\"hidden\" name=\"post_id\" value=\"5718\"\/>\n\t\t\t<input type=\"hidden\" name=\"form_id\" value=\"d55bb9a\"\/>\n\t\t\t<input type=\"hidden\" name=\"referer_title\" value=\"Nous joindre\" \/>\n\n\t\t\t\t\t\t\t<input type=\"hidden\" name=\"queried_id\" value=\"5718\"\/>\n\t\t\t\n\t\t\t<div class=\"elementor-form-fields-wrapper elementor-labels-above\">\n\t\t\t\t\t\t\t\t<div class=\"elementor-field-type-text elementor-field-group elementor-column elementor-field-group-field_d26a883 elementor-col-100\">\n\t\t\t\t\t\t\t\t\t\t\t\t<label for=\"form-field-field_d26a883\" class=\"elementor-field-label\">\n\t\t\t\t\t\t\t\tFirst Name\t\t\t\t\t\t\t<\/label>\n\t\t\t\t\t\t\t\t\t\t\t\t\t\t<input size=\"1\" type=\"text\" name=\"form_fields[field_d26a883]\" id=\"form-field-field_d26a883\" class=\"elementor-field elementor-size-sm  elementor-field-textual\">\n\t\t\t\t\t\t\t\t\t\t\t<\/div>\n\t\t\t\t\t\t\t\t<div class=\"elementor-field-type-text elementor-field-group elementor-column elementor-field-group-field_b9fb30e elementor-col-100\">\n\t\t\t\t\t\t\t\t\t\t\t\t<label for=\"form-field-field_b9fb30e\" class=\"elementor-field-label\">\n\t\t\t\t\t\t\t\tLast Name\t\t\t\t\t\t\t<\/label>\n\t\t\t\t\t\t\t\t\t\t\t\t\t\t<input size=\"1\" type=\"text\" name=\"form_fields[field_b9fb30e]\" id=\"form-field-field_b9fb30e\" class=\"elementor-field elementor-size-sm  elementor-field-textual\">\n\t\t\t\t\t\t\t\t\t\t\t<\/div>\n\t\t\t\t\t\t\t\t<div class=\"elementor-field-type-email elementor-field-group elementor-column elementor-field-group-email elementor-col-100 elementor-field-required\">\n\t\t\t\t\t\t\t\t\t\t\t\t<label for=\"form-field-email\" class=\"elementor-field-label\">\n\t\t\t\t\t\t\t\tEmail\t\t\t\t\t\t\t<\/label>\n\t\t\t\t\t\t\t\t\t\t\t\t\t\t<input size=\"1\" type=\"email\" name=\"form_fields[email]\" id=\"form-field-email\" class=\"elementor-field elementor-size-sm  elementor-field-textual\" required=\"required\">\n\t\t\t\t\t\t\t\t\t\t\t<\/div>\n\t\t\t\t\t\t\t\t<div class=\"elementor-field-group elementor-column elementor-field-type-submit elementor-col-20 e-form__buttons\">\n\t\t\t\t\t<button class=\"elementor-button elementor-size-sm\" type=\"submit\">\n\t\t\t\t\t\t<span class=\"elementor-button-content-wrapper\">\n\t\t\t\t\t\t\t\t\t\t\t\t\t\t\t\t\t\t\t\t\t\t<span class=\"elementor-button-text\">Submit<\/span>\n\t\t\t\t\t\t\t\t\t\t\t\t\t<\/span>\n\t\t\t\t\t<\/button>\n\t\t\t\t<\/div>\n\t\t\t<\/div>\n\t\t<\/form>\n\t\t\t\t\t\t<\/div>\n\t\t\t\t<div class=\"elementor-element elementor-element-005e2b7 elementor-widget elementor-widget-text-editor\" data-id=\"005e2b7\" data-element_type=\"widget\" data-widget_type=\"text-editor.default\">\n\t\t\t\t\t\t\t\t\t<p><em><span style=\"font-weight: 400; font-size: 12px; line-height: 0;\">Disclaimer: By submitting this form, you are consenting to receive marketing emails from: Ronald McDonald House Maritimes, 5950 South St, Halifax, NS, Nova Scotia, B3H 1s6, CA, http:\/\/www.ronaldmcdonaldhousemaritimes.ca. You can revoke your consent to receive emails at any time by using the SafeUnsubscribe\u00ae link, found at the bottom of every email. Emails are serviced by Constant Contact.<\/span><\/em><\/p>\t\t\t\t\t\t\t\t<\/div>\n\t\t\t\t<\/div>\n\t\t<div class=\"elementor-element elementor-element-5bd5d71 e-con-full e-flex e-con e-child\" data-id=\"5bd5d71\" data-element_type=\"container\">\n\t\t\t\t<div class=\"elementor-element elementor-element-eaf28d6 elementor-widget elementor-widget-heading\" data-id=\"eaf28d6\" data-element_type=\"widget\" data-widget_type=\"heading.default\">\n\t\t\t\t\t<h2 class=\"elementor-heading-title elementor-size-default\">Suivez nous!<\/h2>\t\t\t\t<\/div>\n\t\t<div class=\"elementor-element elementor-element-0ad1557 e-con-full e-flex e-con e-child\" data-id=\"0ad1557\" data-element_type=\"container\">\n\t\t\t\t<div class=\"elementor-element elementor-element-c6bbc84 elementor-widget elementor-widget-image\" data-id=\"c6bbc84\" data-element_type=\"widget\" data-widget_type=\"image.default\">\n\t\t\t\t\t\t\t\t\t\t\t\t\t\t\t\t<a href=\"http:\/\/linkedin.com\">\n\t\t\t\t\t\t\t<img decoding=\"async\" src=\"https:\/\/rmhcmaritimes2025-dev.rbdemo.dev\/wp-content\/uploads\/RMHC_Social_Icon_Linked_In.svg\" title=\"RMHC_Social_Icon_Linked_In\" alt=\"Ic\u00f4ne de m\u00e9dias sociaux dessin\u00e9e \u00e0 la main pour RMH linked in\" class=\"elementor-animation-pulse\" loading=\"lazy\" \/>\t\t\t\t\t\t\t\t<\/a>\n\t\t\t\t\t\t\t\t\t\t\t\t\t\t\t<\/div>\n\t\t\t\t<div class=\"elementor-element elementor-element-e338ba5 social-icon-svg elementor-widget elementor-widget-image\" data-id=\"e338ba5\" data-element_type=\"widget\" data-widget_type=\"image.default\">\n\t\t\t\t\t\t\t\t\t\t\t\t\t\t\t\t<a href=\"http:\/\/facebook.com\">\n\t\t\t\t\t\t\t<img decoding=\"async\" src=\"https:\/\/rmhcmaritimes2025-dev.rbdemo.dev\/wp-content\/uploads\/RMHC_Social_Icon_Facebook.svg\" title=\"RMHC_Social_Icon_Facebook\" alt=\"Ic\u00f4ne de m\u00e9dias sociaux dessin\u00e9e \u00e0 la main pour RMH face book\" class=\"elementor-animation-pulse\" loading=\"lazy\" \/>\t\t\t\t\t\t\t\t<\/a>\n\t\t\t\t\t\t\t\t\t\t\t\t\t\t\t<\/div>\n\t\t\t\t<div class=\"elementor-element elementor-element-3dadac3 elementor-widget elementor-widget-image\" data-id=\"3dadac3\" data-element_type=\"widget\" data-widget_type=\"image.default\">\n\t\t\t\t\t\t\t\t\t\t\t\t\t\t\t\t<a href=\"http:\/\/instagram.com\">\n\t\t\t\t\t\t\t<img decoding=\"async\" src=\"https:\/\/rmhcmaritimes2025-dev.rbdemo.dev\/wp-content\/uploads\/RMHC_Social_Icon_Instagram.svg\" title=\"RMHC_Social_Icon_Instagram\" alt=\"Ic\u00f4ne de m\u00e9dias sociaux dessin\u00e9e \u00e0 la main pour RMH instagram\" class=\"elementor-animation-pulse\" loading=\"lazy\" \/>\t\t\t\t\t\t\t\t<\/a>\n\t\t\t\t\t\t\t\t\t\t\t\t\t\t\t<\/div>\n\t\t\t\t<\/div>\n\t\t\t\t<\/div>\n\t\t\t\t<\/div>\n\t\t\t\t<\/div>\n\t\t\t\t<\/div>\n\t\t","protected":false},"excerpt":{"rendered":"<p>Nous joindre Que vous d\u00e9siriez faire du b\u00e9n\u00e9volat ou nous poser une question, nous serons heureux do vous r\u00e9pondre. Vous cherchez \u00e0 entrer en contact avec un membre de notre \u00e9quipe? Cliquez ici! \u00a0 Maison Ronald McDonald de Halifax Situ\u00e9 \u00e0 1 minutes de marche du centre hospitalier IWK Health Centre 5950 South StreetNouvelle-\u00c9cosse, B3H [&hellip;]<\/p>\n","protected":false},"author":10,"featured_media":0,"parent":0,"menu_order":0,"comment_status":"closed","ping_status":"closed","template":"","meta":{"footnotes":""},"class_list":["post-5718","page","type-page","status-publish","hentry"],"_links":{"self":[{"href":"https:\/\/rmhcmaritimes2025-dev.rbdemo.dev\/fr\/wp-json\/wp\/v2\/pages\/5718","targetHints":{"allow":["GET"]}}],"collection":[{"href":"https:\/\/rmhcmaritimes2025-dev.rbdemo.dev\/fr\/wp-json\/wp\/v2\/pages"}],"about":[{"href":"https:\/\/rmhcmaritimes2025-dev.rbdemo.dev\/fr\/wp-json\/wp\/v2\/types\/page"}],"author":[{"embeddable":true,"href":"https:\/\/rmhcmaritimes2025-dev.rbdemo.dev\/fr\/wp-json\/wp\/v2\/users\/10"}],"replies":[{"embeddable":true,"href":"https:\/\/rmhcmaritimes2025-dev.rbdemo.dev\/fr\/wp-json\/wp\/v2\/comments?post=5718"}],"version-history":[{"count":13,"href":"https:\/\/rmhcmaritimes2025-dev.rbdemo.dev\/fr\/wp-json\/wp\/v2\/pages\/5718\/revisions"}],"predecessor-version":[{"id":5734,"href":"https:\/\/rmhcmaritimes2025-dev.rbdemo.dev\/fr\/wp-json\/wp\/v2\/pages\/5718\/revisions\/5734"}],"wp:attachment":[{"href":"https:\/\/rmhcmaritimes2025-dev.rbdemo.dev\/fr\/wp-json\/wp\/v2\/media?parent=5718"}],"curies":[{"name":"wp","href":"https:\/\/api.w.org\/{rel}","templated":true}]}}