{"id":5795,"date":"2025-08-13T11:12:48","date_gmt":"2025-08-13T16:12:48","guid":{"rendered":"https:\/\/rmhcmaritimes2025-dev.rbdemo.dev\/?page_id=5795"},"modified":"2025-10-14T10:21:29","modified_gmt":"2025-10-14T15:21:29","slug":"partenaires-nationaux","status":"publish","type":"page","link":"https:\/\/rmhcmaritimes2025-dev.rbdemo.dev\/fr\/a-notre-sujet\/partenaires-nationaux\/","title":{"rendered":"Partenaires nationaux"},"content":{"rendered":"\t\t<div data-elementor-type=\"wp-page\" data-elementor-id=\"5795\" class=\"elementor elementor-5795 elementor-785\" data-elementor-post-type=\"page\">\n\t\t\t\t<div class=\"elementor-element elementor-element-4eb18f29 e-con-full e-flex e-con e-parent\" data-id=\"4eb18f29\" data-element_type=\"container\">\n\t\t\t\t<div class=\"elementor-element elementor-element-13114b94 elementor-widget__width-initial elementor-hidden-mobile elementor-widget elementor-widget-image\" data-id=\"13114b94\" data-element_type=\"widget\" data-widget_type=\"image.default\">\n\t\t\t\t\t\t\t\t\t\t\t\t\t\t\t<img fetchpriority=\"high\" decoding=\"async\" width=\"1450\" height=\"620\" src=\"https:\/\/rmhcmaritimes2025-dev.rbdemo.dev\/wp-content\/uploads\/National-Mission-1.png\" class=\"attachment-full size-full wp-image-6673\" alt=\"\" srcset=\"https:\/\/rmhcmaritimes2025-dev.rbdemo.dev\/wp-content\/uploads\/National-Mission-1.png 1450w, https:\/\/rmhcmaritimes2025-dev.rbdemo.dev\/wp-content\/uploads\/National-Mission-1-150x64.png 150w, https:\/\/rmhcmaritimes2025-dev.rbdemo.dev\/wp-content\/uploads\/National-Mission-1-768x328.png 768w\" sizes=\"(max-width: 1450px) 100vw, 1450px\" \/>\t\t\t\t\t\t\t\t\t\t\t\t\t\t\t<\/div>\n\t\t\t\t<div class=\"elementor-element elementor-element-67cd6ce elementor-hidden-desktop elementor-hidden-tablet elementor-widget elementor-widget-image\" data-id=\"67cd6ce\" data-element_type=\"widget\" data-widget_type=\"image.default\">\n\t\t\t\t\t\t\t\t\t\t\t\t\t\t\t<img decoding=\"async\" width=\"1000\" height=\"850\" src=\"https:\/\/rmhcmaritimes2025-dev.rbdemo.dev\/wp-content\/uploads\/National-Mission1-1000x850-1.png\" class=\"attachment-full size-full wp-image-6675\" alt=\"\" srcset=\"https:\/\/rmhcmaritimes2025-dev.rbdemo.dev\/wp-content\/uploads\/National-Mission1-1000x850-1.png 1000w, https:\/\/rmhcmaritimes2025-dev.rbdemo.dev\/wp-content\/uploads\/National-Mission1-1000x850-1-150x128.png 150w, https:\/\/rmhcmaritimes2025-dev.rbdemo.dev\/wp-content\/uploads\/National-Mission1-1000x850-1-768x653.png 768w\" sizes=\"(max-width: 1000px) 100vw, 1000px\" \/>\t\t\t\t\t\t\t\t\t\t\t\t\t\t\t<\/div>\n\t\t\t\t<\/div>\n\t\t<div class=\"elementor-element elementor-element-5b670ddf e-con-full e-flex e-con e-parent\" data-id=\"5b670ddf\" data-element_type=\"container\">\n\t\t<div class=\"elementor-element elementor-element-4353dec7 e-con-full e-flex e-con e-child\" data-id=\"4353dec7\" data-element_type=\"container\">\n\t\t\t\t<div class=\"elementor-element elementor-element-7139b299 elementor-widget elementor-widget-heading\" data-id=\"7139b299\" data-element_type=\"widget\" data-widget_type=\"heading.default\">\n\t\t\t\t\t<h1 class=\"elementor-heading-title elementor-size-default\">Partenaires nationaux<\/h1>\t\t\t\t<\/div>\n\t\t\t\t<div class=\"elementor-element elementor-element-394d9e17 elementor-widget elementor-widget-text-editor\" data-id=\"394d9e17\" data-element_type=\"widget\" data-widget_type=\"text-editor.default\">\n\t\t\t\t\t\t\t\t\t<p>Nos sinc\u00e8res remerciements \u00e0 nos partenaires nationaux pour leur soutien ind\u00e9fectible. Vous \u00eates indispensables \u00e0 notre mission.<\/p>\t\t\t\t\t\t\t\t<\/div>\n\t\t\t\t<\/div>\n\t\t<div class=\"elementor-element elementor-element-3d5b4d7a e-con-full e-flex e-con e-child\" data-id=\"3d5b4d7a\" data-element_type=\"container\">\n\t\t\t\t<\/div>\n\t\t\t\t<\/div>\n\t\t<div class=\"elementor-element elementor-element-74ae5bdc e-flex e-con-boxed e-con e-parent\" data-id=\"74ae5bdc\" data-element_type=\"container\" data-settings=\"{&quot;background_background&quot;:&quot;classic&quot;}\">\n\t\t\t\t\t<div class=\"e-con-inner\">\n\t\t<div class=\"elementor-element elementor-element-72b66e72 e-con-full e-flex e-con e-child\" data-id=\"72b66e72\" data-element_type=\"container\">\n\t\t\t\t<div class=\"elementor-element elementor-element-abb4aed elementor-widget elementor-widget-heading\" data-id=\"abb4aed\" data-element_type=\"widget\" data-widget_type=\"heading.default\">\n\t\t\t\t\t<h2 class=\"elementor-heading-title elementor-size-default\">Partenaire fondateur et de toujours<\/h2>\t\t\t\t<\/div>\n\t\t\t\t<div class=\"elementor-element elementor-element-78621e6 elementor-widget elementor-widget-image\" data-id=\"78621e6\" data-element_type=\"widget\" data-widget_type=\"image.default\">\n\t\t\t\t\t\t\t\t\t\t\t\t\t\t\t\t<a href=\"https:\/\/www.rmhccanada.ca\/about-us\/mcdonalds-rmhcs-forever-partner\">\n\t\t\t\t\t\t\t<img decoding=\"async\" width=\"1080\" height=\"1080\" src=\"https:\/\/rmhcmaritimes2025-dev.rbdemo.dev\/wp-content\/uploads\/rmh-1080x1080-1.png\" class=\"attachment-full size-full wp-image-6687\" alt=\"\" srcset=\"https:\/\/rmhcmaritimes2025-dev.rbdemo.dev\/wp-content\/uploads\/rmh-1080x1080-1.png 1080w, https:\/\/rmhcmaritimes2025-dev.rbdemo.dev\/wp-content\/uploads\/rmh-1080x1080-1-150x150.png 150w, https:\/\/rmhcmaritimes2025-dev.rbdemo.dev\/wp-content\/uploads\/rmh-1080x1080-1-768x768.png 768w\" sizes=\"(max-width: 1080px) 100vw, 1080px\" \/>\t\t\t\t\t\t\t\t<\/a>\n\t\t\t\t\t\t\t\t\t\t\t\t\t\t\t<\/div>\n\t\t\t\t<\/div>\n\t\t\t\t\t<\/div>\n\t\t\t\t<\/div>\n\t\t<div class=\"elementor-element elementor-element-61dbc685 e-flex e-con-boxed e-con e-parent\" data-id=\"61dbc685\" data-element_type=\"container\">\n\t\t\t\t\t<div class=\"e-con-inner\">\n\t\t<div class=\"elementor-element elementor-element-4f61c83d e-con-full e-flex e-con e-child\" data-id=\"4f61c83d\" data-element_type=\"container\">\n\t\t\t\t<div class=\"elementor-element elementor-element-2194dae3 elementor-widget elementor-widget-heading\" data-id=\"2194dae3\" data-element_type=\"widget\" data-widget_type=\"heading.default\">\n\t\t\t\t\t<h2 class=\"elementor-heading-title elementor-size-default\">Partenaires principaux de mission national<\/h2>\t\t\t\t<\/div>\n\t\t\t\t<\/div>\n\t\t<div class=\"elementor-element elementor-element-598c3e5c e-con-full e-flex e-con e-child\" data-id=\"598c3e5c\" data-element_type=\"container\">\n\t\t\t\t<div class=\"elementor-element elementor-element-551476a8 elementor-widget elementor-widget-image\" data-id=\"551476a8\" data-element_type=\"widget\" data-widget_type=\"image.default\">\n\t\t\t\t\t\t\t\t\t\t\t\t\t\t\t\t<a href=\"https:\/\/www.rmhccanada.ca\/cargill\">\n\t\t\t\t\t\t\t<img loading=\"lazy\" decoding=\"async\" width=\"1080\" height=\"1080\" src=\"https:\/\/rmhcmaritimes2025-dev.rbdemo.dev\/wp-content\/uploads\/cargill-1080x1080-1.png\" class=\"attachment-large size-large wp-image-6678\" alt=\"\" srcset=\"https:\/\/rmhcmaritimes2025-dev.rbdemo.dev\/wp-content\/uploads\/cargill-1080x1080-1.png 1080w, https:\/\/rmhcmaritimes2025-dev.rbdemo.dev\/wp-content\/uploads\/cargill-1080x1080-1-150x150.png 150w, https:\/\/rmhcmaritimes2025-dev.rbdemo.dev\/wp-content\/uploads\/cargill-1080x1080-1-768x768.png 768w\" sizes=\"(max-width: 1080px) 100vw, 1080px\" \/>\t\t\t\t\t\t\t\t<\/a>\n\t\t\t\t\t\t\t\t\t\t\t\t\t\t\t<\/div>\n\t\t\t\t<\/div>\n\t\t<div class=\"elementor-element elementor-element-739175a0 e-con-full e-flex e-con e-child\" data-id=\"739175a0\" data-element_type=\"container\">\n\t\t\t\t<div class=\"elementor-element elementor-element-565f4282 elementor-widget elementor-widget-image\" data-id=\"565f4282\" data-element_type=\"widget\" data-widget_type=\"image.default\">\n\t\t\t\t\t\t\t\t\t\t\t\t\t\t\t\t<a href=\"https:\/\/www.rmhccanada.ca\/rbc\">\n\t\t\t\t\t\t\t<img loading=\"lazy\" decoding=\"async\" width=\"1080\" height=\"1080\" src=\"https:\/\/rmhcmaritimes2025-dev.rbdemo.dev\/wp-content\/uploads\/rbc-1080x1080-1.png\" class=\"attachment-large size-large wp-image-6685\" alt=\"\" srcset=\"https:\/\/rmhcmaritimes2025-dev.rbdemo.dev\/wp-content\/uploads\/rbc-1080x1080-1.png 1080w, https:\/\/rmhcmaritimes2025-dev.rbdemo.dev\/wp-content\/uploads\/rbc-1080x1080-1-150x150.png 150w, https:\/\/rmhcmaritimes2025-dev.rbdemo.dev\/wp-content\/uploads\/rbc-1080x1080-1-768x768.png 768w\" sizes=\"(max-width: 1080px) 100vw, 1080px\" \/>\t\t\t\t\t\t\t\t<\/a>\n\t\t\t\t\t\t\t\t\t\t\t\t\t\t\t<\/div>\n\t\t\t\t<\/div>\n\t\t\t\t\t<\/div>\n\t\t\t\t<\/div>\n\t\t<div class=\"elementor-element elementor-element-054158a e-flex e-con-boxed e-con e-parent\" data-id=\"054158a\" data-element_type=\"container\">\n\t\t\t\t\t<div class=\"e-con-inner\">\n\t\t<div class=\"elementor-element elementor-element-4db1518 e-con-full e-flex e-con e-child\" data-id=\"4db1518\" data-element_type=\"container\">\n\t\t\t\t<div class=\"elementor-element elementor-element-25ac14d elementor-widget elementor-widget-heading\" data-id=\"25ac14d\" data-element_type=\"widget\" data-widget_type=\"heading.default\">\n\t\t\t\t\t<h2 class=\"elementor-heading-title elementor-size-default\">Partenaires de mission nationaux<\/h2>\t\t\t\t<\/div>\n\t\t\t\t<\/div>\n\t\t<div class=\"elementor-element elementor-element-8b16fdc e-con-full e-flex e-con e-child\" data-id=\"8b16fdc\" data-element_type=\"container\">\n\t\t\t\t<div class=\"elementor-element elementor-element-a3914c1 elementor-widget elementor-widget-image\" data-id=\"a3914c1\" data-element_type=\"widget\" data-widget_type=\"image.default\">\n\t\t\t\t\t\t\t\t\t\t\t\t\t\t\t\t<a href=\"https:\/\/www.rmhccanada.ca\/\">\n\t\t\t\t\t\t\t<img loading=\"lazy\" decoding=\"async\" width=\"1080\" height=\"1080\" src=\"https:\/\/rmhcmaritimes2025-dev.rbdemo.dev\/wp-content\/uploads\/aspire-1080x1080-1.png\" class=\"attachment-large size-large wp-image-6676\" alt=\"\" srcset=\"https:\/\/rmhcmaritimes2025-dev.rbdemo.dev\/wp-content\/uploads\/aspire-1080x1080-1.png 1080w, https:\/\/rmhcmaritimes2025-dev.rbdemo.dev\/wp-content\/uploads\/aspire-1080x1080-1-150x150.png 150w, https:\/\/rmhcmaritimes2025-dev.rbdemo.dev\/wp-content\/uploads\/aspire-1080x1080-1-768x768.png 768w\" sizes=\"(max-width: 1080px) 100vw, 1080px\" \/>\t\t\t\t\t\t\t\t<\/a>\n\t\t\t\t\t\t\t\t\t\t\t\t\t\t\t<\/div>\n\t\t\t\t<\/div>\n\t\t<div class=\"elementor-element elementor-element-af4ddf0 e-con-full e-flex e-con e-child\" data-id=\"af4ddf0\" data-element_type=\"container\">\n\t\t\t\t<div class=\"elementor-element elementor-element-3f91326 elementor-widget elementor-widget-image\" data-id=\"3f91326\" data-element_type=\"widget\" data-widget_type=\"image.default\">\n\t\t\t\t\t\t\t\t\t\t\t\t\t\t\t<img loading=\"lazy\" decoding=\"async\" width=\"1080\" height=\"1080\" src=\"https:\/\/rmhcmaritimes2025-dev.rbdemo.dev\/wp-content\/uploads\/bosch-1080x1080-1.png\" class=\"attachment-large size-large wp-image-6677\" alt=\"\" srcset=\"https:\/\/rmhcmaritimes2025-dev.rbdemo.dev\/wp-content\/uploads\/bosch-1080x1080-1.png 1080w, https:\/\/rmhcmaritimes2025-dev.rbdemo.dev\/wp-content\/uploads\/bosch-1080x1080-1-150x150.png 150w, https:\/\/rmhcmaritimes2025-dev.rbdemo.dev\/wp-content\/uploads\/bosch-1080x1080-1-768x768.png 768w\" sizes=\"(max-width: 1080px) 100vw, 1080px\" \/>\t\t\t\t\t\t\t\t\t\t\t\t\t\t\t<\/div>\n\t\t\t\t<\/div>\n\t\t<div class=\"elementor-element elementor-element-e2d65ce e-con-full e-flex e-con e-child\" data-id=\"e2d65ce\" data-element_type=\"container\">\n\t\t\t\t<div class=\"elementor-element elementor-element-4589933 elementor-widget elementor-widget-image\" data-id=\"4589933\" data-element_type=\"widget\" data-widget_type=\"image.default\">\n\t\t\t\t\t\t\t\t\t\t\t\t\t\t\t\t<a href=\"https:\/\/www.cibc.com\/en\/personal-banking.html\">\n\t\t\t\t\t\t\t<img loading=\"lazy\" decoding=\"async\" width=\"1080\" height=\"1080\" src=\"https:\/\/rmhcmaritimes2025-dev.rbdemo.dev\/wp-content\/uploads\/cibc-1080xd1080.png\" class=\"attachment-large size-large wp-image-6679\" alt=\"\" srcset=\"https:\/\/rmhcmaritimes2025-dev.rbdemo.dev\/wp-content\/uploads\/cibc-1080xd1080.png 1080w, https:\/\/rmhcmaritimes2025-dev.rbdemo.dev\/wp-content\/uploads\/cibc-1080xd1080-150x150.png 150w, https:\/\/rmhcmaritimes2025-dev.rbdemo.dev\/wp-content\/uploads\/cibc-1080xd1080-768x768.png 768w\" sizes=\"(max-width: 1080px) 100vw, 1080px\" \/>\t\t\t\t\t\t\t\t<\/a>\n\t\t\t\t\t\t\t\t\t\t\t\t\t\t\t<\/div>\n\t\t\t\t<\/div>\n\t\t<div class=\"elementor-element elementor-element-a701de0 e-con-full e-flex e-con e-child\" data-id=\"a701de0\" data-element_type=\"container\">\n\t\t\t\t<div class=\"elementor-element elementor-element-12dc41e elementor-widget elementor-widget-image\" data-id=\"12dc41e\" data-element_type=\"widget\" data-widget_type=\"image.default\">\n\t\t\t\t\t\t\t\t\t\t\t\t\t\t\t<img loading=\"lazy\" decoding=\"async\" width=\"1080\" height=\"1080\" src=\"https:\/\/rmhcmaritimes2025-dev.rbdemo.dev\/wp-content\/uploads\/coca-cola-1080x1080-1.png\" class=\"attachment-large size-large wp-image-6680\" alt=\"\" srcset=\"https:\/\/rmhcmaritimes2025-dev.rbdemo.dev\/wp-content\/uploads\/coca-cola-1080x1080-1.png 1080w, https:\/\/rmhcmaritimes2025-dev.rbdemo.dev\/wp-content\/uploads\/coca-cola-1080x1080-1-150x150.png 150w, https:\/\/rmhcmaritimes2025-dev.rbdemo.dev\/wp-content\/uploads\/coca-cola-1080x1080-1-768x768.png 768w\" sizes=\"(max-width: 1080px) 100vw, 1080px\" \/>\t\t\t\t\t\t\t\t\t\t\t\t\t\t\t<\/div>\n\t\t\t\t<\/div>\n\t\t<div class=\"elementor-element elementor-element-8d2d707 e-con-full e-flex e-con e-child\" data-id=\"8d2d707\" data-element_type=\"container\">\n\t\t\t\t<div class=\"elementor-element elementor-element-89f74a2 elementor-widget elementor-widget-image\" data-id=\"89f74a2\" data-element_type=\"widget\" data-widget_type=\"image.default\">\n\t\t\t\t\t\t\t\t\t\t\t\t\t\t\t\t<a href=\"https:\/\/www.rmhccanada.ca\/rbc-insurance\">\n\t\t\t\t\t\t\t<img loading=\"lazy\" decoding=\"async\" width=\"1080\" height=\"1080\" src=\"https:\/\/rmhcmaritimes2025-dev.rbdemo.dev\/wp-content\/uploads\/rbc-insurance-1080x1080-1.png\" class=\"attachment-large size-large wp-image-6686\" alt=\"\" srcset=\"https:\/\/rmhcmaritimes2025-dev.rbdemo.dev\/wp-content\/uploads\/rbc-insurance-1080x1080-1.png 1080w, https:\/\/rmhcmaritimes2025-dev.rbdemo.dev\/wp-content\/uploads\/rbc-insurance-1080x1080-1-150x150.png 150w, https:\/\/rmhcmaritimes2025-dev.rbdemo.dev\/wp-content\/uploads\/rbc-insurance-1080x1080-1-768x768.png 768w\" sizes=\"(max-width: 1080px) 100vw, 1080px\" \/>\t\t\t\t\t\t\t\t<\/a>\n\t\t\t\t\t\t\t\t\t\t\t\t\t\t\t<\/div>\n\t\t\t\t<\/div>\n\t\t<div class=\"elementor-element elementor-element-704f14e e-con-full e-flex e-con e-child\" data-id=\"704f14e\" data-element_type=\"container\">\n\t\t\t\t<div class=\"elementor-element elementor-element-5fad994 elementor-widget elementor-widget-image\" data-id=\"5fad994\" data-element_type=\"widget\" data-widget_type=\"image.default\">\n\t\t\t\t\t\t\t\t\t\t\t\t\t\t\t\t<a href=\"https:\/\/www.rmhccanada.ca\/westjet\">\n\t\t\t\t\t\t\t<img loading=\"lazy\" decoding=\"async\" width=\"1080\" height=\"1080\" src=\"https:\/\/rmhcmaritimes2025-dev.rbdemo.dev\/wp-content\/uploads\/westjet-1080x1080-1.png\" class=\"attachment-large size-large wp-image-6690\" alt=\"\" srcset=\"https:\/\/rmhcmaritimes2025-dev.rbdemo.dev\/wp-content\/uploads\/westjet-1080x1080-1.png 1080w, https:\/\/rmhcmaritimes2025-dev.rbdemo.dev\/wp-content\/uploads\/westjet-1080x1080-1-150x150.png 150w, https:\/\/rmhcmaritimes2025-dev.rbdemo.dev\/wp-content\/uploads\/westjet-1080x1080-1-768x768.png 768w\" sizes=\"(max-width: 1080px) 100vw, 1080px\" \/>\t\t\t\t\t\t\t\t<\/a>\n\t\t\t\t\t\t\t\t\t\t\t\t\t\t\t<\/div>\n\t\t\t\t<\/div>\n\t\t<div class=\"elementor-element elementor-element-374a2e3 e-con-full e-flex e-con e-child\" data-id=\"374a2e3\" data-element_type=\"container\">\n\t\t\t\t<div class=\"elementor-element elementor-element-fa98492 elementor-widget elementor-widget-image\" data-id=\"fa98492\" data-element_type=\"widget\" data-widget_type=\"image.default\">\n\t\t\t\t\t\t\t\t\t\t\t\t\t\t\t<img loading=\"lazy\" decoding=\"async\" width=\"1080\" height=\"1080\" src=\"https:\/\/rmhcmaritimes2025-dev.rbdemo.dev\/wp-content\/uploads\/shell-1080x1080-1.png\" class=\"attachment-large size-large wp-image-6689\" alt=\"\" srcset=\"https:\/\/rmhcmaritimes2025-dev.rbdemo.dev\/wp-content\/uploads\/shell-1080x1080-1.png 1080w, https:\/\/rmhcmaritimes2025-dev.rbdemo.dev\/wp-content\/uploads\/shell-1080x1080-1-150x150.png 150w, https:\/\/rmhcmaritimes2025-dev.rbdemo.dev\/wp-content\/uploads\/shell-1080x1080-1-768x768.png 768w\" sizes=\"(max-width: 1080px) 100vw, 1080px\" \/>\t\t\t\t\t\t\t\t\t\t\t\t\t\t\t<\/div>\n\t\t\t\t<\/div>\n\t\t<div class=\"elementor-element elementor-element-d528463 e-con-full e-flex e-con e-child\" data-id=\"d528463\" data-element_type=\"container\">\n\t\t\t\t<div class=\"elementor-element elementor-element-d31223f elementor-widget elementor-widget-image\" data-id=\"d31223f\" data-element_type=\"widget\" data-widget_type=\"image.default\">\n\t\t\t\t\t\t\t\t\t\t\t\t\t\t\t<img loading=\"lazy\" decoding=\"async\" width=\"1080\" height=\"1080\" src=\"https:\/\/rmhcmaritimes2025-dev.rbdemo.dev\/wp-content\/uploads\/dki-1080x1080-1.png\" class=\"attachment-full size-full wp-image-6681\" alt=\"\" srcset=\"https:\/\/rmhcmaritimes2025-dev.rbdemo.dev\/wp-content\/uploads\/dki-1080x1080-1.png 1080w, https:\/\/rmhcmaritimes2025-dev.rbdemo.dev\/wp-content\/uploads\/dki-1080x1080-1-150x150.png 150w, https:\/\/rmhcmaritimes2025-dev.rbdemo.dev\/wp-content\/uploads\/dki-1080x1080-1-768x768.png 768w\" sizes=\"(max-width: 1080px) 100vw, 1080px\" \/>\t\t\t\t\t\t\t\t\t\t\t\t\t\t\t<\/div>\n\t\t\t\t<\/div>\n\t\t<div class=\"elementor-element elementor-element-1897663 e-con-full e-flex e-con e-child\" data-id=\"1897663\" data-element_type=\"container\">\n\t\t\t\t<div class=\"elementor-element elementor-element-53fab73 elementor-widget elementor-widget-image\" data-id=\"53fab73\" data-element_type=\"widget\" data-widget_type=\"image.default\">\n\t\t\t\t\t\t\t\t\t\t\t\t\t\t\t<img loading=\"lazy\" decoding=\"async\" width=\"1080\" height=\"1080\" src=\"https:\/\/rmhcmaritimes2025-dev.rbdemo.dev\/wp-content\/uploads\/fix-network-1080x1080-1.png\" class=\"attachment-full size-full wp-image-6682\" alt=\"\" srcset=\"https:\/\/rmhcmaritimes2025-dev.rbdemo.dev\/wp-content\/uploads\/fix-network-1080x1080-1.png 1080w, https:\/\/rmhcmaritimes2025-dev.rbdemo.dev\/wp-content\/uploads\/fix-network-1080x1080-1-150x150.png 150w, https:\/\/rmhcmaritimes2025-dev.rbdemo.dev\/wp-content\/uploads\/fix-network-1080x1080-1-768x768.png 768w\" sizes=\"(max-width: 1080px) 100vw, 1080px\" \/>\t\t\t\t\t\t\t\t\t\t\t\t\t\t\t<\/div>\n\t\t\t\t<\/div>\n\t\t<div class=\"elementor-element elementor-element-6dac9e4 e-con-full e-flex e-con e-child\" data-id=\"6dac9e4\" data-element_type=\"container\">\n\t\t\t\t<div class=\"elementor-element elementor-element-b48c4b1 elementor-widget elementor-widget-image\" data-id=\"b48c4b1\" data-element_type=\"widget\" data-widget_type=\"image.default\">\n\t\t\t\t\t\t\t\t\t\t\t\t\t\t\t<img loading=\"lazy\" decoding=\"async\" width=\"1080\" height=\"1080\" src=\"https:\/\/rmhcmaritimes2025-dev.rbdemo.dev\/wp-content\/uploads\/moneris-1080x1080-1.png\" class=\"attachment-full size-full wp-image-6684\" alt=\"\" srcset=\"https:\/\/rmhcmaritimes2025-dev.rbdemo.dev\/wp-content\/uploads\/moneris-1080x1080-1.png 1080w, https:\/\/rmhcmaritimes2025-dev.rbdemo.dev\/wp-content\/uploads\/moneris-1080x1080-1-150x150.png 150w, https:\/\/rmhcmaritimes2025-dev.rbdemo.dev\/wp-content\/uploads\/moneris-1080x1080-1-768x768.png 768w\" sizes=\"(max-width: 1080px) 100vw, 1080px\" \/>\t\t\t\t\t\t\t\t\t\t\t\t\t\t\t<\/div>\n\t\t\t\t<\/div>\n\t\t\t\t\t<\/div>\n\t\t\t\t<\/div>\n\t\t<div class=\"elementor-element elementor-element-3b7b8b2 e-flex e-con-boxed e-con e-parent\" data-id=\"3b7b8b2\" data-element_type=\"container\">\n\t\t\t\t\t<div class=\"e-con-inner\">\n\t\t<div class=\"elementor-element elementor-element-a9cece6 e-con-full e-flex e-con e-child\" data-id=\"a9cece6\" data-element_type=\"container\">\n\t\t\t\t<div class=\"elementor-element elementor-element-0dea2f3 elementor-widget elementor-widget-heading\" data-id=\"0dea2f3\" data-element_type=\"widget\" data-widget_type=\"heading.default\">\n\t\t\t\t\t<h2 class=\"elementor-heading-title elementor-size-default\">Partenaires fondateurs<\/h2>\t\t\t\t<\/div>\n\t\t\t\t<\/div>\n\t\t<div class=\"elementor-element elementor-element-c77cb8c e-con-full e-flex e-con e-child\" data-id=\"c77cb8c\" data-element_type=\"container\">\n\t\t\t\t<div class=\"elementor-element elementor-element-1726adb elementor-widget elementor-widget-image\" data-id=\"1726adb\" data-element_type=\"widget\" data-widget_type=\"image.default\">\n\t\t\t\t\t\t\t\t\t\t\t\t\t\t\t\t<a href=\"https:\/\/mccain.ca\/en\/\">\n\t\t\t\t\t\t\t<img loading=\"lazy\" decoding=\"async\" width=\"1080\" height=\"1080\" src=\"https:\/\/rmhcmaritimes2025-dev.rbdemo.dev\/wp-content\/uploads\/mccain-1080x1080-1.png\" class=\"attachment-large size-large wp-image-6683\" alt=\"\" srcset=\"https:\/\/rmhcmaritimes2025-dev.rbdemo.dev\/wp-content\/uploads\/mccain-1080x1080-1.png 1080w, https:\/\/rmhcmaritimes2025-dev.rbdemo.dev\/wp-content\/uploads\/mccain-1080x1080-1-150x150.png 150w, https:\/\/rmhcmaritimes2025-dev.rbdemo.dev\/wp-content\/uploads\/mccain-1080x1080-1-768x768.png 768w\" sizes=\"(max-width: 1080px) 100vw, 1080px\" \/>\t\t\t\t\t\t\t\t<\/a>\n\t\t\t\t\t\t\t\t\t\t\t\t\t\t\t<\/div>\n\t\t\t\t<\/div>\n\t\t<div class=\"elementor-element elementor-element-5afb291 e-con-full e-flex e-con e-child\" data-id=\"5afb291\" data-element_type=\"container\">\n\t\t\t\t<div class=\"elementor-element elementor-element-82c7599 elementor-widget elementor-widget-image\" data-id=\"82c7599\" data-element_type=\"widget\" data-widget_type=\"image.default\">\n\t\t\t\t\t\t\t\t\t\t\t\t\t\t\t\t<a href=\"https:\/\/www.saputo.com\/en\">\n\t\t\t\t\t\t\t<img loading=\"lazy\" decoding=\"async\" width=\"1080\" height=\"1080\" src=\"https:\/\/rmhcmaritimes2025-dev.rbdemo.dev\/wp-content\/uploads\/saputo-1080x1080-1.png\" class=\"attachment-large size-large wp-image-6688\" alt=\"\" srcset=\"https:\/\/rmhcmaritimes2025-dev.rbdemo.dev\/wp-content\/uploads\/saputo-1080x1080-1.png 1080w, https:\/\/rmhcmaritimes2025-dev.rbdemo.dev\/wp-content\/uploads\/saputo-1080x1080-1-150x150.png 150w, https:\/\/rmhcmaritimes2025-dev.rbdemo.dev\/wp-content\/uploads\/saputo-1080x1080-1-768x768.png 768w\" sizes=\"(max-width: 1080px) 100vw, 1080px\" \/>\t\t\t\t\t\t\t\t<\/a>\n\t\t\t\t\t\t\t\t\t\t\t\t\t\t\t<\/div>\n\t\t\t\t<\/div>\n\t\t\t\t\t<\/div>\n\t\t\t\t<\/div>\n\t\t<div class=\"elementor-element elementor-element-674391a4 e-flex e-con-boxed e-con e-parent\" data-id=\"674391a4\" data-element_type=\"container\">\n\t\t\t\t\t<div class=\"e-con-inner\">\n\t\t<div class=\"elementor-element elementor-element-4a2eb985 e-con-full e-flex e-con e-child\" data-id=\"4a2eb985\" data-element_type=\"container\">\n\t\t\t\t<div class=\"elementor-element elementor-element-11405441 elementor-widget elementor-widget-heading\" data-id=\"11405441\" data-element_type=\"widget\" data-widget_type=\"heading.default\">\n\t\t\t\t\t<h2 class=\"elementor-heading-title elementor-size-default\">Donateurs Corporatifs<\/h2>\t\t\t\t<\/div>\n\t\t\t\t<div class=\"elementor-element elementor-element-22e0f50d elementor-widget elementor-widget-text-editor\" data-id=\"22e0f50d\" data-element_type=\"widget\" data-widget_type=\"text-editor.default\">\n\t\t\t\t\t\t\t\t\t<p>BrandSource<\/p><p>The Brandt Group of Companies<\/p><p>Bunge<\/p><p>Cansel Group of Companies<\/p><p>Chatters<\/p><p>DKI Canada Corporation<\/p><p>DoorDash<\/p><p>Fix Network<\/p><p>Keurig<\/p><p>LG Electronics Canada<\/p><p>Martin Brower<\/p><p>Moneris<\/p><p>Peace Collective<\/p><p>Sealy Canada<\/p><p>Walmart Canada Corporation<\/p><p>WINMAR<\/p>\t\t\t\t\t\t\t\t<\/div>\n\t\t\t\t<\/div>\n\t\t<div class=\"elementor-element elementor-element-2b2ebe5e e-con-full e-flex e-con e-child\" data-id=\"2b2ebe5e\" data-element_type=\"container\">\n\t\t\t\t<\/div>\n\t\t\t\t\t<\/div>\n\t\t\t\t<\/div>\n\t\t\t\t<\/div>\n\t\t","protected":false},"excerpt":{"rendered":"<p>Partenaires nationaux Nos sinc\u00e8res remerciements \u00e0 nos partenaires nationaux pour leur soutien ind\u00e9fectible. Vous \u00eates indispensables \u00e0 notre mission. Partenaire fondateur et de toujours Partenaires principaux de mission national Partenaires de mission nationaux Partenaires fondateurs Donateurs Corporatifs BrandSource The Brandt Group of Companies Bunge Cansel Group of Companies Chatters DKI Canada Corporation DoorDash Fix Network [&hellip;]<\/p>\n","protected":false},"author":13,"featured_media":0,"parent":5038,"menu_order":0,"comment_status":"closed","ping_status":"closed","template":"","meta":{"footnotes":""},"class_list":["post-5795","page","type-page","status-publish","hentry"],"_links":{"self":[{"href":"https:\/\/rmhcmaritimes2025-dev.rbdemo.dev\/fr\/wp-json\/wp\/v2\/pages\/5795","targetHints":{"allow":["GET"]}}],"collection":[{"href":"https:\/\/rmhcmaritimes2025-dev.rbdemo.dev\/fr\/wp-json\/wp\/v2\/pages"}],"about":[{"href":"https:\/\/rmhcmaritimes2025-dev.rbdemo.dev\/fr\/wp-json\/wp\/v2\/types\/page"}],"author":[{"embeddable":true,"href":"https:\/\/rmhcmaritimes2025-dev.rbdemo.dev\/fr\/wp-json\/wp\/v2\/users\/13"}],"replies":[{"embeddable":true,"href":"https:\/\/rmhcmaritimes2025-dev.rbdemo.dev\/fr\/wp-json\/wp\/v2\/comments?post=5795"}],"version-history":[{"count":10,"href":"https:\/\/rmhcmaritimes2025-dev.rbdemo.dev\/fr\/wp-json\/wp\/v2\/pages\/5795\/revisions"}],"predecessor-version":[{"id":6697,"href":"https:\/\/rmhcmaritimes2025-dev.rbdemo.dev\/fr\/wp-json\/wp\/v2\/pages\/5795\/revisions\/6697"}],"up":[{"embeddable":true,"href":"https:\/\/rmhcmaritimes2025-dev.rbdemo.dev\/fr\/wp-json\/wp\/v2\/pages\/5038"}],"wp:attachment":[{"href":"https:\/\/rmhcmaritimes2025-dev.rbdemo.dev\/fr\/wp-json\/wp\/v2\/media?parent=5795"}],"curies":[{"name":"wp","href":"https:\/\/api.w.org\/{rel}","templated":true}]}}