{"id":5824,"date":"2025-08-08T16:23:48","date_gmt":"2025-08-08T21:23:48","guid":{"rendered":"https:\/\/rmhcmaritimes2025-dev.rbdemo.dev\/?page_id=5824"},"modified":"2025-10-09T16:50:23","modified_gmt":"2025-10-09T21:50:23","slug":"politique-de-confidentialte","status":"publish","type":"page","link":"https:\/\/rmhcmaritimes2025-dev.rbdemo.dev\/fr\/politique-de-confidentialte\/","title":{"rendered":"Politique de confidentialt\u00e9"},"content":{"rendered":"\t\t<div data-elementor-type=\"wp-page\" data-elementor-id=\"5824\" class=\"elementor elementor-5824 elementor-3\" data-elementor-post-type=\"page\">\n\t\t\t\t<div class=\"elementor-element elementor-element-551bf309 e-con-full e-flex e-con e-parent\" data-id=\"551bf309\" data-element_type=\"container\">\n\t\t\t\t<div class=\"elementor-element elementor-element-611f6ae1 elementor-widget__width-initial elementor-hidden-mobile elementor-widget elementor-widget-image\" data-id=\"611f6ae1\" data-element_type=\"widget\" data-widget_type=\"image.default\">\n\t\t\t\t\t\t\t\t\t\t\t\t\t\t\t<img fetchpriority=\"high\" decoding=\"async\" width=\"1450\" height=\"620\" src=\"https:\/\/rmhcmaritimes2025-dev.rbdemo.dev\/wp-content\/uploads\/image-3.png\" class=\"attachment-full size-full wp-image-5422\" alt=\"\" srcset=\"https:\/\/rmhcmaritimes2025-dev.rbdemo.dev\/wp-content\/uploads\/image-3.png 1450w, https:\/\/rmhcmaritimes2025-dev.rbdemo.dev\/wp-content\/uploads\/image-3-150x64.png 150w, https:\/\/rmhcmaritimes2025-dev.rbdemo.dev\/wp-content\/uploads\/image-3-768x328.png 768w\" sizes=\"(max-width: 1450px) 100vw, 1450px\" \/>\t\t\t\t\t\t\t\t\t\t\t\t\t\t\t<\/div>\n\t\t\t\t<div class=\"elementor-element elementor-element-58e28fdb elementor-hidden-desktop elementor-hidden-tablet elementor-widget elementor-widget-image\" data-id=\"58e28fdb\" data-element_type=\"widget\" data-widget_type=\"image.default\">\n\t\t\t\t\t\t\t\t\t\t\t\t\t\t\t<img fetchpriority=\"high\" decoding=\"async\" width=\"1450\" height=\"620\" src=\"https:\/\/rmhcmaritimes2025-dev.rbdemo.dev\/wp-content\/uploads\/image-3.png\" class=\"attachment-full size-full wp-image-5422\" alt=\"\" srcset=\"https:\/\/rmhcmaritimes2025-dev.rbdemo.dev\/wp-content\/uploads\/image-3.png 1450w, https:\/\/rmhcmaritimes2025-dev.rbdemo.dev\/wp-content\/uploads\/image-3-150x64.png 150w, https:\/\/rmhcmaritimes2025-dev.rbdemo.dev\/wp-content\/uploads\/image-3-768x328.png 768w\" sizes=\"(max-width: 1450px) 100vw, 1450px\" \/>\t\t\t\t\t\t\t\t\t\t\t\t\t\t\t<\/div>\n\t\t\t\t<\/div>\n\t\t<div class=\"elementor-element elementor-element-64698f6b e-con-full e-flex e-con e-parent\" data-id=\"64698f6b\" data-element_type=\"container\">\n\t\t<div class=\"elementor-element elementor-element-143a4f69 e-con-full e-flex e-con e-child\" data-id=\"143a4f69\" data-element_type=\"container\">\n\t\t\t\t<div class=\"elementor-element elementor-element-53717093 elementor-widget elementor-widget-heading\" data-id=\"53717093\" data-element_type=\"widget\" data-widget_type=\"heading.default\">\n\t\t\t\t\t<h1 class=\"elementor-heading-title elementor-size-default\">Politique de confidentialt\u00e9<\/h1>\t\t\t\t<\/div>\n\t\t\t\t<\/div>\n\t\t<div class=\"elementor-element elementor-element-5d2552d2 e-con-full e-flex e-con e-child\" data-id=\"5d2552d2\" data-element_type=\"container\">\n\t\t\t\t<\/div>\n\t\t\t\t<\/div>\n\t\t<div class=\"elementor-element elementor-element-7c8c7839 e-flex e-con-boxed e-con e-parent\" data-id=\"7c8c7839\" data-element_type=\"container\">\n\t\t\t\t\t<div class=\"e-con-inner\">\n\t\t<div class=\"elementor-element elementor-element-796d6a8 e-con-full e-flex e-con e-child\" data-id=\"796d6a8\" data-element_type=\"container\">\n\t\t\t\t<div class=\"elementor-element elementor-element-1875fce4 elementor-widget elementor-widget-text-editor\" data-id=\"1875fce4\" data-element_type=\"widget\" data-widget_type=\"text-editor.default\">\n\t\t\t\t\t\t\t\t\t<h2><span style=\"font-weight: 400;\">Maison Ronald McDonald s\u2019engage \u00e0 pr\u00e9server la confidentialit\u00e9, l\u2019exactitude et la s\u00e9curit\u00e9 de vos renseignements personnels.<\/span><\/h2><p>\u00a0<\/p><p><span style=\"font-weight: 400;\">Vous devez \u00eatre \u00e2g\u00e9 de 13 ans ou plus pour vous abonner au site et aux services. BIEN QUE LE SITE ET LES SERVICES SOIENT CON\u00c7US POUR \u00caTRE UTILIS\u00c9S PAR DES PERSONNES \u00c2G\u00c9ES DE MOINS DE 18 ANS, CES PERSONNES NE PEUVENT LE FAIRE QU\u2019AVEC LE CONSENTEMENT, LA PARTICIPATION, LA SUPERVISION ET LA PERMISSION D\u2019UN PARENT OU D\u2019UN TUTEUR L\u00c9GAL AYANT ATTEINT AU MOINS L\u2019\u00c2GE DE LA MAJORIT\u00c9. Si vous autorisez votre enfant \u00e0 utiliser le site ou les services, nous vous demandons de lire la pr\u00e9sente politique sur la protection des renseignements personnels en compagnie de votre enfant au pr\u00e9alable et de lui parler de l\u2019importance des renseignements contenus dans les pr\u00e9sentes.<\/span><\/p><p>\u00a0<\/p><h2><span style=\"font-weight: 400;\">D\u00e9finition des renseignements personnels<\/span><\/h2><p><span style=\"font-weight: 400;\">Aux fins de la pr\u00e9sente politique de protection des renseignements personnels, nous consid\u00e9rons les renseignements personnels comme des renseignements vous d\u00e9crivant comme une personne identifiable, autre que votre titre professionnel ou vos coordonn\u00e9es d\u2019affaires lorsque ceux-ci sont utilis\u00e9s \u00e0 des fins de communications d\u2019affaires.<\/span><\/p><p><span style=\"font-weight: 400;\">Les renseignements personnels incluent, par exemple, vos nom, \u00e2ge, adresse \u00e9lectronique, pr\u00e9f\u00e9rences (comme demander de recevoir nos courriels ou nos offres sp\u00e9ciales), vos habitudes d\u2019utilisation (incluant quand et comment vous utilisez le site et les services) et, lorsque cela s\u2019applique, vos donn\u00e9es de paiement. Les renseignements personnels peuvent aussi inclure les renseignements de votre enfant advenant le cas o\u00f9 vous consentiriez \u00e0 l\u2019autoriser \u00e0 utiliser le site et les services.<\/span><\/p><p>\u00a0<\/p><h2><span style=\"font-weight: 400;\">Type de renseignements personnels que nous recueillons<\/span><\/h2><p><span style=\"font-weight: 400;\">Vous pouvez visiter le site sans vous identifier directement. Toutefois, il est important de savoir que notre serveur Web recueille les renseignements li\u00e9s \u00e0 votre visite sur notre site ou les services, incluant l\u2019adresse IP et le nom de domaine utilis\u00e9s pour acc\u00e9der au site ou aux services, le type et la version de votre navigateur, le site Web d\u2019o\u00f9 vous provenez avant d\u2019acc\u00e9der au site ou aux services, la page que vous avez consult\u00e9e et toutes les pages consult\u00e9es par cette adresse IP ainsi que le pays duquel vous avez acc\u00e9d\u00e9 au site. Ces renseignements nous servent \u00e0 mesurer la performance du site et des services (tels que le nombre de visites, le temps moyen pass\u00e9 par page, le nombre de pages visit\u00e9es) afin de d\u00e9terminer l\u2019int\u00e9r\u00eat port\u00e9 au site et aux services, et \u00e0 des fins commerciales, comme viser l\u2019am\u00e9lioration continue du site et des services pour r\u00e9pondre aux besoins des consommateurs.<\/span><\/p><p>\u00a0<\/p><p><span style=\"font-weight: 400;\">De plus, nous pouvons recueillir les renseignements personnels que vous nous soumettez tels que vos nom, adresse et autres coordonn\u00e9es ou renseignements que vous choisissez de nous fournir :<\/span><\/p><ul><li><span style=\"font-weight: 400;\">en vous inscrivant comme membre\/abonn\u00e9 du site ou des services;<\/span><\/li><li><span style=\"font-weight: 400;\">en utilisant votre compte de membre\/d\u2019abonn\u00e9 pour acc\u00e9der au site ou aux services;<\/span><\/li><li><span style=\"font-weight: 400;\">en fournissant un article, une photo, une vid\u00e9o, un commentaire, une donn\u00e9e ou des pr\u00e9f\u00e9rences sur le site ou les services;<\/span><\/li><li><span style=\"font-weight: 400;\">en correspondant avec nous par courriel par les hyperliens cr\u00e9\u00e9s \u00e0 cette fin; ou<\/span><\/li><li><span style=\"font-weight: 400;\">en correspondant par tout autre moyen de communication.<\/span><\/li><\/ul><p>\u00a0<\/p><p><span style=\"font-weight: 400;\">Vos renseignements personnels peuvent aussi \u00eatre recueillis lorsque vous participez \u00e0 des sondages ou que vous r\u00e9agissez \u00e0 nos offres sp\u00e9ciales, cadeaux publicitaires ou promotions sur le site. De plus, le site peut conserver vos conversations \u00e9lectroniques et autres communications, lesquelles ont une incidence essentielle sur la transmission et la livraison des communications pour pr\u00e9venir une mauvaise utilisation de notre site et de nos services.<\/span><\/p><p><span style=\"font-weight: 400;\">Des renseignements autrement plus complets, tels que vos \u00e9tats de compte et votre choix de services ainsi que vos pr\u00e9f\u00e9rences sont cr\u00e9\u00e9s et conserv\u00e9s par le site et par l\u2019entremise de nos fournisseurs (chacun ayant ses propres politiques de protection des renseignements personnels) dans le cours normal de fournir des services \u00e0 nos membres\/abonn\u00e9s et autres utilisateurs. Cela inclut le suivi du temps pass\u00e9 \u00e0 l\u2019int\u00e9rieur des services.<\/span><\/p><p><span style=\"font-weight: 400;\">Nous recueillons ces renseignements et les regroupons avec ceux des autres utilisateurs afin de mieux comprendre les habitudes d\u2019utilisation et les pr\u00e9f\u00e9rences de nos membres\/abonn\u00e9s et de choisir et d\u2019ajuster le contenu et les caract\u00e9ristiques futurs des services.<\/span><\/p><p><span style=\"font-weight: 400;\">Nous partageons aussi les renseignements regroup\u00e9s avec nos fournisseurs, qui sont essentiels au succ\u00e8s de nos services, incluant les fournisseurs de contenu, afin que Maison Ronald McDonald puisse soumettre ses commentaires sur le contenu et les caract\u00e9ristiques offerts par les services. Nous regroupons les renseignements de tous les membres\/abonn\u00e9s afin de prot\u00e9ger les habitudes d\u2019utilisation de chacun.<\/span><\/p><p>\u00a0<\/p><h2><span style=\"font-weight: 400;\">Nos motifs de collecte, d\u2019utilisation et de divulgation des renseignements personnels<\/span><\/h2><p><span style=\"font-weight: 400;\">Nous recueillons vos renseignements personnels pour diverses raisons, incluant :<\/span><\/p><ul><li><span style=\"font-weight: 400;\">\u00e9tablir, pr\u00e9server et g\u00e9rer notre relation avec vous;<\/span><\/li><li><span style=\"font-weight: 400;\">appliquer nos Conditions d\u2019utilisation, incluant mener une enqu\u00eate sur la conduite des utilisateurs et, dans certains cas, le bannissement temporaire ou permanent du site et des services de ces utilisateurs si leur conduite est inappropri\u00e9e;<\/span><\/li><li><span style=\"font-weight: 400;\">l\u2019examen et l\u2019am\u00e9lioration des produits et services que nous vous fournissons;<\/span><\/li><li><span style=\"font-weight: 400;\">nous conformer \u00e0 vos demandes;<\/span><\/li><li><span style=\"font-weight: 400;\">nous prot\u00e9ger des erreurs, de la fraude, du vol et des dommages \u00e0 nos biens et \u00e0 notre propri\u00e9t\u00e9;<\/span><\/li><li><span style=\"font-weight: 400;\">ainsi que nous conformer aux lois et aux exigences des autorit\u00e9s de r\u00e9glementation.<\/span><\/li><\/ul><p>\u00a0<\/p><p><span style=\"font-weight: 400;\">De plus, nous recueillons des renseignements personnels \u00e0 des fins sp\u00e9cifiques que nous vous communiquerons lors de la collecte de ces renseignements ou avant.<\/span><\/p><p><span style=\"font-weight: 400;\">Nous pouvons aussi utiliser vos renseignements personnels pour vous communiquer des avis sur le site ou les services, tels que de futurs amendements \u00e0 la pr\u00e9sente politique, et pouvons divulguer ces renseignements en r\u00e9ponse aux demandes d\u2019organismes d\u2019application de la loi ou autres organismes publics, ou si nous jugeons qu\u2019un tel d\u00e9voilement pourrait emp\u00eacher l\u2019instigation d\u2019un d\u00e9lit, faciliter une enqu\u00eate li\u00e9e \u00e0 la s\u00e9curit\u00e9 publique, prot\u00e9ger la s\u00e9curit\u00e9 ou l\u2019int\u00e9grit\u00e9 du site et des services ou nous permettre de prendre des pr\u00e9cautions contre la responsabilit\u00e9 civile.<\/span><\/p><p><span style=\"font-weight: 400;\">Vos renseignements personnels peuvent \u00eatre partag\u00e9s avec nos employ\u00e9s, entrepreneurs, conseillers, soci\u00e9t\u00e9s affili\u00e9es et autres parties requ\u00e9rant de tels renseignements afin de nous aider \u00e0 \u00e9tablir, pr\u00e9server et g\u00e9rer notre relation avec vous ou \u00e0 d\u00e9velopper, exploiter et maintenir le site et les services. De plus, vos renseignements personnels peuvent \u00eatre divulgu\u00e9s ou transf\u00e9r\u00e9s \u00e0 une tierce partie dans l\u2019\u00e9ventualit\u00e9 d\u2019un changement de propri\u00e9t\u00e9, ou l\u2019octroi d\u2019une garantie dans la totalit\u00e9 ou une partie de Maison Ronald McDonald.<\/span><\/p><p><span style=\"font-weight: 400;\">Par exemple, notre fournisseur de service de facturation s\u00e9curis\u00e9 peut nous fournir certains services informatiques ainsi que des services de traitement des donn\u00e9es de temps \u00e0 autre afin que nous puissions g\u00e9rer notre entreprise. Ainsi, vos renseignements personnels peuvent \u00eatre recueillis, utilis\u00e9s, trait\u00e9s, sauvegard\u00e9s ou divulgu\u00e9s aux \u00c9tats-Unis d\u2019Am\u00e9rique, au Canada et dans tout autre endroit pertinent.<\/span><\/p><p>\u00a0<\/p><p><span style=\"font-weight: 400;\">De plus, vos renseignements personnels peuvent \u00eatre divulgu\u00e9s :<\/span><\/p><ul><li><span style=\"font-weight: 400;\">lorsque permis ou requis par les lois ou les r\u00e8glements applicables (par exemple en r\u00e9ponse \u00e0 une ordonnance du tribunal ou une assignation \u00e0 compara\u00eetre);<\/span><\/li><li><span style=\"font-weight: 400;\">afin de prot\u00e9ger les droits et la propri\u00e9t\u00e9 de l\u2019OMRM Atlantique ;<\/span><\/li><li><span style=\"font-weight: 400;\">lors de situations d\u2019urgence ou lorsque n\u00e9cessaire pour prot\u00e9ger la s\u00e9curit\u00e9 d\u2019une personne ou d\u2019un groupe de personnes;<\/span><\/li><li><span style=\"font-weight: 400;\">l\u00e0 o\u00f9 les renseignements personnels sont publiquement accessibles; ou<\/span><\/li><li><span style=\"font-weight: 400;\">avec votre consentement.<\/span><\/li><\/ul><p>\u00a0<\/p><p><span style=\"font-weight: 400;\">Vous reconnaissez et convenez que l\u2019acc\u00e8s \u00e0 ce site et aux services et leur utilisation sont fournis par Internet et que vos renseignements, incluant vos renseignements personnels, peuvent \u00eatre transf\u00e9r\u00e9s au-del\u00e0 des fronti\u00e8res nationales et \u00eatre enregistr\u00e9s ou trait\u00e9s dans n\u2019importe quel pays du monde.<\/span><\/p><p><span style=\"font-weight: 400;\">Nous pouvons aussi recueillir, utiliser ou divulguer vos renseignements personnels sans vous en aviser ou obtenir votre consentement l\u00e0 o\u00f9 la loi le permet, ou l\u00e0 o\u00f9 les exigences l\u00e9gales ou r\u00e9glementaires le requi\u00e8rent.<\/span><\/p><p>\u00a0<\/p><h2><span style=\"font-weight: 400;\">Nous pouvons vous envoyer des courriels.<\/span><\/h2><p><span style=\"font-weight: 400;\">De temps \u00e0 autre, nous pouvons vous envoyer un courriel contenant des renseignements importants sur le site ou les services (tel qu\u2019un changement dans notre offre de services).<\/span><\/p><p><span style=\"font-weight: 400;\">De plus, lorsque vous nous demandez des renseignements ou devenez membre\/abonn\u00e9 du site ou des services, nous pouvons utiliser l\u2019adresse \u00e9lectronique que vous nous avez fournie pour vous envoyer des renseignements sur nos offres et nos services qui pourraient nous sembler int\u00e9ressants pour vous. Si vous ne d\u00e9sirez pas recevoir ces courriels, vous pouvez refuser de recevoir ces messages en cliquant simplement sur le lien de d\u00e9sabonnement int\u00e9gr\u00e9 \u00e0 nos courriels.<\/span><\/p><p>\u00a0<\/p><h2><span style=\"font-weight: 400;\">Quelques mots \u00e0 propos de la s\u00e9curit\u00e9 en ligne<\/span><\/h2><p><span style=\"font-weight: 400;\">Il est important de se rappeler que bien que nous agissions en vue de prot\u00e9ger vos renseignements personnels et l\u2019int\u00e9grit\u00e9 des services auxquels vous vous \u00eates inscrit, aucune mesure de s\u00e9curit\u00e9 n\u2019est parfaite ou imp\u00e9n\u00e9trable. De plus, lorsque vous divulguez des renseignements personnels sur les forums de discussion, dans des courriels, dans une conversation en ligne ou dans la section Commentaires du site ou par les services, ces renseignements peuvent \u00eatre recueillis et utilis\u00e9s par d\u2019autres. Si vous affichez des renseignements personnels dans les espaces publics, d\u2019autres pourraient vous envoyer des messages par courriel non sollicit\u00e9s ou tenter de communiquer avec vous d\u2019autres fa\u00e7ons. Maison Ronald McDonald n\u2019est pas responsable de la collecte, de l\u2019utilisation ou de la divulgation de vos renseignements personnels par de tierces parties auxquelles vous avez volontairement d\u00e9voil\u00e9 de tels renseignements.<\/span><\/p><p><span style=\"font-weight: 400;\">Soyez toujours prudents avec les renseignements que vous fournissez ou conservez en ligne.<\/span><\/p><p>\u00a0<\/p><h2><span style=\"font-weight: 400;\">Notre utilisation des fichiers t\u00e9moins.<\/span><\/h2><p><span style=\"font-weight: 400;\">Lorsque vous visitez notre site ou nos services, nous pourrions placer un \u00ab fichier t\u00e9moin \u00bb sur le disque dur de votre ordinateur afin de retracer votre visite. Un fichier t\u00e9moin est un petit fichier de donn\u00e9es qui est transf\u00e9r\u00e9 sur votre disque dur \u00e0 partir de votre navigateur qui peut \u00eatre lu uniquement par le site Web qui a plac\u00e9 le fichier t\u00e9moin sur votre disque dur. Le fichier t\u00e9moin agit \u00e0 la mani\u00e8re d\u2019une carte d\u2019identit\u00e9 et permet au site de vous identifier et d\u2019enregistrer votre mot de passe et vos pr\u00e9f\u00e9rences. Le fichier t\u00e9moin nous permet de retracer votre visite sur le site ou dans les services, de mieux comprendre votre utilisation du site et des services et d\u2019adapter et de personnaliser ceux-ci afin de mieux r\u00e9pondre \u00e0 vos besoins. Par exemple, nos fichiers t\u00e9moins nous permettent d\u2019en apprendre plus sur l\u2019utilisation du site et des services en nous aidant \u00e0 retracer le nombre de visiteurs, \u00e0 quelle fr\u00e9quence ceux-ci visitent les diff\u00e9rentes sections du site et des services, ainsi que leur situation g\u00e9ographique.<\/span><\/p><p><span style=\"font-weight: 400;\">La plupart des navigateurs Web sont pr\u00e9r\u00e9gl\u00e9s pour accepter les fichiers t\u00e9moins. Par contre, sur la plupart des navigateurs Web, vous pouvez modifier ce r\u00e9glage pour que vous puissiez : (1) \u00eatre avertis avant qu\u2019un navigateur place un fichier t\u00e9moin sur votre disque dur afin que vous puissiez ou non accepter le fichier, ou (2) pr\u00e9venir automatiquement le placement d\u2019un fichier t\u00e9moin sur votre disque dur. Notez cependant que si vous n\u2019acceptez pas les fichiers t\u00e9moins, vous ne pourrez pas acc\u00e9der \u00e0 certaines pages qui se trouvent sur le site Web.<\/span><\/p><p>\u00a0<\/p><h2><span style=\"font-weight: 400;\">Qu\u2019en est-il des publicit\u00e9s de tierces parties et des liens vers d\u2019autres sites?<\/span><\/h2><p><span style=\"font-weight: 400;\">Vous devez \u00eatre pr\u00e9venu que les entreprises qui font de la publicit\u00e9 sur notre site peuvent employer leurs propres fichiers t\u00e9moins. Cette politique ne couvre pas la fa\u00e7on dont ces compagnies g\u00e8rent et utilisent leurs fichiers t\u00e9moins.<\/span><\/p><p><span style=\"font-weight: 400;\">Notre site et les services peuvent inclure des liens vers d\u2019autres sites Web qui peuvent \u00eatre soumis \u00e0 des normes de protection moins rigoureuses. Nous ne pouvons prendre la responsabilit\u00e9 des politiques, principes et mesures de protection des renseignements personnels de tierces parties qui exploitent ces sites Web. Maison Ronald McDonald n\u2019est pas responsable de la mani\u00e8re dont ces tierces parties recueillent, utilisent ou divulguent vos renseignements personnels. Vous devriez lire les politiques de protection des renseignements personnels de ces sites avant de leur fournir vos renseignements personnels.<\/span><\/p>\t\t\t\t\t\t\t\t<\/div>\n\t\t\t\t<\/div>\n\t\t\t\t\t<\/div>\n\t\t\t\t<\/div>\n\t\t\t\t<\/div>\n\t\t","protected":false},"excerpt":{"rendered":"<p>Politique de confidentialt\u00e9 Maison Ronald McDonald s\u2019engage \u00e0 pr\u00e9server la confidentialit\u00e9, l\u2019exactitude et la s\u00e9curit\u00e9 de vos renseignements personnels. \u00a0 Vous devez \u00eatre \u00e2g\u00e9 de 13 ans ou plus pour vous abonner au site et aux services. BIEN QUE LE SITE ET LES SERVICES SOIENT CON\u00c7US POUR \u00caTRE UTILIS\u00c9S PAR DES PERSONNES \u00c2G\u00c9ES DE MOINS [&hellip;]<\/p>\n","protected":false},"author":13,"featured_media":0,"parent":0,"menu_order":0,"comment_status":"closed","ping_status":"open","template":"","meta":{"footnotes":""},"class_list":["post-5824","page","type-page","status-publish","hentry"],"_links":{"self":[{"href":"https:\/\/rmhcmaritimes2025-dev.rbdemo.dev\/fr\/wp-json\/wp\/v2\/pages\/5824","targetHints":{"allow":["GET"]}}],"collection":[{"href":"https:\/\/rmhcmaritimes2025-dev.rbdemo.dev\/fr\/wp-json\/wp\/v2\/pages"}],"about":[{"href":"https:\/\/rmhcmaritimes2025-dev.rbdemo.dev\/fr\/wp-json\/wp\/v2\/types\/page"}],"author":[{"embeddable":true,"href":"https:\/\/rmhcmaritimes2025-dev.rbdemo.dev\/fr\/wp-json\/wp\/v2\/users\/13"}],"replies":[{"embeddable":true,"href":"https:\/\/rmhcmaritimes2025-dev.rbdemo.dev\/fr\/wp-json\/wp\/v2\/comments?post=5824"}],"version-history":[{"count":4,"href":"https:\/\/rmhcmaritimes2025-dev.rbdemo.dev\/fr\/wp-json\/wp\/v2\/pages\/5824\/revisions"}],"predecessor-version":[{"id":5829,"href":"https:\/\/rmhcmaritimes2025-dev.rbdemo.dev\/fr\/wp-json\/wp\/v2\/pages\/5824\/revisions\/5829"}],"wp:attachment":[{"href":"https:\/\/rmhcmaritimes2025-dev.rbdemo.dev\/fr\/wp-json\/wp\/v2\/media?parent=5824"}],"curies":[{"name":"wp","href":"https:\/\/api.w.org\/{rel}","templated":true}]}}