{"id":5931,"date":"2025-10-10T11:36:46","date_gmt":"2025-10-10T16:36:46","guid":{"rendered":"https:\/\/rmhcmaritimes2025-dev.rbdemo.dev\/?page_id=5931"},"modified":"2025-10-11T18:34:17","modified_gmt":"2025-10-11T23:34:17","slug":"possibilites-demploi","status":"publish","type":"page","link":"https:\/\/rmhcmaritimes2025-dev.rbdemo.dev\/fr\/possibilites-demploi\/","title":{"rendered":"Possibilit\u00e9s d\u2019emploi"},"content":{"rendered":"\t\t<div data-elementor-type=\"wp-page\" data-elementor-id=\"5931\" class=\"elementor elementor-5931 elementor-5916\" data-elementor-post-type=\"page\">\n\t\t\t\t<div class=\"elementor-element elementor-element-70956108 e-con-full e-flex e-con e-parent\" data-id=\"70956108\" data-element_type=\"container\">\n\t\t\t\t<div class=\"elementor-element elementor-element-7b69a651 elementor-widget__width-initial elementor-hidden-mobile elementor-widget elementor-widget-image\" data-id=\"7b69a651\" data-element_type=\"widget\" data-widget_type=\"image.default\">\n\t\t\t\t\t\t\t\t\t\t\t\t\t\t\t<img fetchpriority=\"high\" decoding=\"async\" width=\"1450\" height=\"620\" src=\"https:\/\/rmhcmaritimes2025-dev.rbdemo.dev\/wp-content\/uploads\/WEBSITE-BANNER-10.27.7-1536x448-1.png\" class=\"attachment-full size-full wp-image-5929\" alt=\"\" srcset=\"https:\/\/rmhcmaritimes2025-dev.rbdemo.dev\/wp-content\/uploads\/WEBSITE-BANNER-10.27.7-1536x448-1.png 1450w, https:\/\/rmhcmaritimes2025-dev.rbdemo.dev\/wp-content\/uploads\/WEBSITE-BANNER-10.27.7-1536x448-1-150x64.png 150w, https:\/\/rmhcmaritimes2025-dev.rbdemo.dev\/wp-content\/uploads\/WEBSITE-BANNER-10.27.7-1536x448-1-768x328.png 768w\" sizes=\"(max-width: 1450px) 100vw, 1450px\" \/>\t\t\t\t\t\t\t\t\t\t\t\t\t\t\t<\/div>\n\t\t\t\t<div class=\"elementor-element elementor-element-2ad8d240 elementor-hidden-desktop elementor-hidden-tablet elementor-widget elementor-widget-image\" data-id=\"2ad8d240\" data-element_type=\"widget\" data-widget_type=\"image.default\">\n\t\t\t\t\t\t\t\t\t\t\t\t\t\t\t<img fetchpriority=\"high\" decoding=\"async\" width=\"1450\" height=\"620\" src=\"https:\/\/rmhcmaritimes2025-dev.rbdemo.dev\/wp-content\/uploads\/WEBSITE-BANNER-10.27.7-1536x448-1.png\" class=\"attachment-full size-full wp-image-5929\" alt=\"\" srcset=\"https:\/\/rmhcmaritimes2025-dev.rbdemo.dev\/wp-content\/uploads\/WEBSITE-BANNER-10.27.7-1536x448-1.png 1450w, https:\/\/rmhcmaritimes2025-dev.rbdemo.dev\/wp-content\/uploads\/WEBSITE-BANNER-10.27.7-1536x448-1-150x64.png 150w, https:\/\/rmhcmaritimes2025-dev.rbdemo.dev\/wp-content\/uploads\/WEBSITE-BANNER-10.27.7-1536x448-1-768x328.png 768w\" sizes=\"(max-width: 1450px) 100vw, 1450px\" \/>\t\t\t\t\t\t\t\t\t\t\t\t\t\t\t<\/div>\n\t\t\t\t<\/div>\n\t\t<div class=\"elementor-element elementor-element-6bf57be7 e-con-full e-flex e-con e-parent\" data-id=\"6bf57be7\" data-element_type=\"container\">\n\t\t<div class=\"elementor-element elementor-element-23b10e9 e-con-full e-flex e-con e-child\" data-id=\"23b10e9\" data-element_type=\"container\">\n\t\t\t\t<div class=\"elementor-element elementor-element-3a22e87d elementor-widget elementor-widget-heading\" data-id=\"3a22e87d\" data-element_type=\"widget\" data-widget_type=\"heading.default\">\n\t\t\t\t\t<h1 class=\"elementor-heading-title elementor-size-default\">Possibilit\u00e9s d\u2019emploi<\/h1>\t\t\t\t<\/div>\n\t\t\t\t<\/div>\n\t\t<div class=\"elementor-element elementor-element-751d96eb e-con-full e-flex e-con e-child\" data-id=\"751d96eb\" data-element_type=\"container\">\n\t\t\t\t<\/div>\n\t\t\t\t<\/div>\n\t\t<div class=\"elementor-element elementor-element-1b859389 e-flex e-con-boxed e-con e-parent\" data-id=\"1b859389\" data-element_type=\"container\" data-settings=\"{&quot;background_background&quot;:&quot;classic&quot;}\">\n\t\t\t\t\t<div class=\"e-con-inner\">\n\t\t<div class=\"elementor-element elementor-element-735f513b e-con-full e-flex e-con e-child\" data-id=\"735f513b\" data-element_type=\"container\">\n\t\t\t\t<div class=\"elementor-element elementor-element-4978f27c elementor-widget elementor-widget-text-editor\" data-id=\"4978f27c\" data-element_type=\"widget\" data-widget_type=\"text-editor.default\">\n\t\t\t\t\t\t\t\t\t<p><span style=\"font-weight: 400;\">Nous vous remercions de votre int\u00e9r\u00eat pour Maison Ronald McDonald Maritimes.<\/span><\/p><p><span style=\"font-weight: 400;\">Vous aimez travailler avec des familles \u00e0 un moment o\u00f9 elles en ont le plus besoin?<\/span><\/p><p><span style=\"font-weight: 400;\">Nos employ\u00e9s jouent un r\u00f4le de premier plan pour aider les familles d\u2019enfant malade \u00e0 rester ensemble et pr\u00e8s des soins m\u00e9dicaux dont il a besoin.<\/span><\/p><p><strong>Nous recherchons actuellement:<\/strong><\/p><ul><li><a href=\"https:\/\/rmhcmaritimes2025-dev.rbdemo.dev\/wp-content\/uploads\/2023-Development-Volunteer-Job-Description.pdf\" target=\"_blank\" rel=\"noopener\">Volontaire de d\u00e9veloppement de fonds (ENG)<\/a><\/li><\/ul>\t\t\t\t\t\t\t\t<\/div>\n\t\t\t\t<\/div>\n\t\t<div class=\"elementor-element elementor-element-14da3c97 e-con-full e-flex e-con e-child\" data-id=\"14da3c97\" data-element_type=\"container\">\n\t\t\t\t<div class=\"elementor-element elementor-element-704151c2 elementor-widget elementor-widget-image\" data-id=\"704151c2\" data-element_type=\"widget\" data-widget_type=\"image.default\">\n\t\t\t\t\t\t\t\t\t\t\t\t\t\t\t<img decoding=\"async\" width=\"1000\" height=\"850\" src=\"https:\/\/rmhcmaritimes2025-dev.rbdemo.dev\/wp-content\/uploads\/02.07.AlexMM.Kadi_.OfficeVisit5-1.png\" class=\"attachment-full size-full wp-image-5930\" alt=\"\" srcset=\"https:\/\/rmhcmaritimes2025-dev.rbdemo.dev\/wp-content\/uploads\/02.07.AlexMM.Kadi_.OfficeVisit5-1.png 1000w, https:\/\/rmhcmaritimes2025-dev.rbdemo.dev\/wp-content\/uploads\/02.07.AlexMM.Kadi_.OfficeVisit5-1-150x128.png 150w, https:\/\/rmhcmaritimes2025-dev.rbdemo.dev\/wp-content\/uploads\/02.07.AlexMM.Kadi_.OfficeVisit5-1-768x653.png 768w\" sizes=\"(max-width: 1000px) 100vw, 1000px\" \/>\t\t\t\t\t\t\t\t\t\t\t\t\t\t\t<\/div>\n\t\t\t\t<\/div>\n\t\t\t\t\t<\/div>\n\t\t\t\t<\/div>\n\t\t\t\t<\/div>\n\t\t","protected":false},"excerpt":{"rendered":"<p>Possibilit\u00e9s d\u2019emploi Nous vous remercions de votre int\u00e9r\u00eat pour Maison Ronald McDonald Maritimes. Vous aimez travailler avec des familles \u00e0 un moment o\u00f9 elles en ont le plus besoin? Nos employ\u00e9s jouent un r\u00f4le de premier plan pour aider les familles d\u2019enfant malade \u00e0 rester ensemble et pr\u00e8s des soins m\u00e9dicaux dont il a besoin. [&hellip;]<\/p>\n","protected":false},"author":13,"featured_media":0,"parent":0,"menu_order":0,"comment_status":"closed","ping_status":"closed","template":"","meta":{"footnotes":""},"class_list":["post-5931","page","type-page","status-publish","hentry"],"_links":{"self":[{"href":"https:\/\/rmhcmaritimes2025-dev.rbdemo.dev\/fr\/wp-json\/wp\/v2\/pages\/5931","targetHints":{"allow":["GET"]}}],"collection":[{"href":"https:\/\/rmhcmaritimes2025-dev.rbdemo.dev\/fr\/wp-json\/wp\/v2\/pages"}],"about":[{"href":"https:\/\/rmhcmaritimes2025-dev.rbdemo.dev\/fr\/wp-json\/wp\/v2\/types\/page"}],"author":[{"embeddable":true,"href":"https:\/\/rmhcmaritimes2025-dev.rbdemo.dev\/fr\/wp-json\/wp\/v2\/users\/13"}],"replies":[{"embeddable":true,"href":"https:\/\/rmhcmaritimes2025-dev.rbdemo.dev\/fr\/wp-json\/wp\/v2\/comments?post=5931"}],"version-history":[{"count":10,"href":"https:\/\/rmhcmaritimes2025-dev.rbdemo.dev\/fr\/wp-json\/wp\/v2\/pages\/5931\/revisions"}],"predecessor-version":[{"id":6230,"href":"https:\/\/rmhcmaritimes2025-dev.rbdemo.dev\/fr\/wp-json\/wp\/v2\/pages\/5931\/revisions\/6230"}],"wp:attachment":[{"href":"https:\/\/rmhcmaritimes2025-dev.rbdemo.dev\/fr\/wp-json\/wp\/v2\/media?parent=5931"}],"curies":[{"name":"wp","href":"https:\/\/api.w.org\/{rel}","templated":true}]}}