{"id":5954,"date":"2025-08-13T11:14:02","date_gmt":"2025-08-13T16:14:02","guid":{"rendered":"https:\/\/rmhcmaritimes2025-dev.rbdemo.dev\/?page_id=5954"},"modified":"2025-10-14T10:54:24","modified_gmt":"2025-10-14T15:54:24","slug":"services-aux-familles","status":"publish","type":"page","link":"https:\/\/rmhcmaritimes2025-dev.rbdemo.dev\/fr\/simpliquer\/services-aux-familles\/","title":{"rendered":"Services aux familles"},"content":{"rendered":"\t\t<div data-elementor-type=\"wp-page\" data-elementor-id=\"5954\" class=\"elementor elementor-5954 elementor-795\" data-elementor-post-type=\"page\">\n\t\t\t\t<div class=\"elementor-element elementor-element-41c6635a e-con-full e-flex e-con e-parent\" data-id=\"41c6635a\" data-element_type=\"container\">\n\t\t\t\t<div class=\"elementor-element elementor-element-4ace4f1a elementor-widget__width-initial elementor-hidden-mobile elementor-widget elementor-widget-image\" data-id=\"4ace4f1a\" data-element_type=\"widget\" data-widget_type=\"image.default\">\n\t\t\t\t\t\t\t\t\t\t\t\t\t\t\t<img fetchpriority=\"high\" decoding=\"async\" width=\"1450\" height=\"620\" src=\"https:\/\/rmhcmaritimes2025-dev.rbdemo.dev\/wp-content\/uploads\/Volunteers1-1536x448-1.png\" class=\"attachment-full size-full wp-image-5950\" alt=\"\" srcset=\"https:\/\/rmhcmaritimes2025-dev.rbdemo.dev\/wp-content\/uploads\/Volunteers1-1536x448-1.png 1450w, https:\/\/rmhcmaritimes2025-dev.rbdemo.dev\/wp-content\/uploads\/Volunteers1-1536x448-1-150x64.png 150w, https:\/\/rmhcmaritimes2025-dev.rbdemo.dev\/wp-content\/uploads\/Volunteers1-1536x448-1-768x328.png 768w\" sizes=\"(max-width: 1450px) 100vw, 1450px\" \/>\t\t\t\t\t\t\t\t\t\t\t\t\t\t\t<\/div>\n\t\t\t\t<div class=\"elementor-element elementor-element-214d1730 elementor-hidden-desktop elementor-hidden-tablet elementor-widget elementor-widget-image\" data-id=\"214d1730\" data-element_type=\"widget\" data-widget_type=\"image.default\">\n\t\t\t\t\t\t\t\t\t\t\t\t\t\t\t<img decoding=\"async\" width=\"1000\" height=\"850\" src=\"https:\/\/rmhcmaritimes2025-dev.rbdemo.dev\/wp-content\/uploads\/Volunteers1-1536x448-1-m-o-b-i-l-e-.png\" class=\"attachment-full size-full wp-image-5972\" alt=\"\" srcset=\"https:\/\/rmhcmaritimes2025-dev.rbdemo.dev\/wp-content\/uploads\/Volunteers1-1536x448-1-m-o-b-i-l-e-.png 1000w, https:\/\/rmhcmaritimes2025-dev.rbdemo.dev\/wp-content\/uploads\/Volunteers1-1536x448-1-m-o-b-i-l-e--150x128.png 150w, https:\/\/rmhcmaritimes2025-dev.rbdemo.dev\/wp-content\/uploads\/Volunteers1-1536x448-1-m-o-b-i-l-e--768x653.png 768w\" sizes=\"(max-width: 1000px) 100vw, 1000px\" \/>\t\t\t\t\t\t\t\t\t\t\t\t\t\t\t<\/div>\n\t\t\t\t<\/div>\n\t\t<div class=\"elementor-element elementor-element-4548d679 e-con-full e-flex e-con e-parent\" data-id=\"4548d679\" data-element_type=\"container\">\n\t\t<div class=\"elementor-element elementor-element-2f2f5b0a e-con-full e-flex e-con e-child\" data-id=\"2f2f5b0a\" data-element_type=\"container\">\n\t\t\t\t<div class=\"elementor-element elementor-element-14aa6680 elementor-widget elementor-widget-heading\" data-id=\"14aa6680\" data-element_type=\"widget\" data-widget_type=\"heading.default\">\n\t\t\t\t\t<h1 class=\"elementor-heading-title elementor-size-default\">Services aux familles<\/h1>\t\t\t\t<\/div>\n\t\t\t\t<div class=\"elementor-element elementor-element-5b89203e elementor-widget elementor-widget-text-editor\" data-id=\"5b89203e\" data-element_type=\"widget\" data-widget_type=\"text-editor.default\">\n\t\t\t\t\t\t\t\t\t<p><span style=\"font-weight: 400;\">Nous ne pourrions y arriver sans vous!<\/span><\/p>\t\t\t\t\t\t\t\t<\/div>\n\t\t\t\t<\/div>\n\t\t<div class=\"elementor-element elementor-element-453a48bb e-con-full e-flex e-con e-child\" data-id=\"453a48bb\" data-element_type=\"container\">\n\t\t\t\t<\/div>\n\t\t\t\t<\/div>\n\t\t<div class=\"elementor-element elementor-element-117ce811 e-flex e-con-boxed e-con e-parent\" data-id=\"117ce811\" data-element_type=\"container\" data-settings=\"{&quot;background_background&quot;:&quot;classic&quot;}\">\n\t\t\t\t\t<div class=\"e-con-inner\">\n\t\t<div class=\"elementor-element elementor-element-3e3a2b36 e-con-full e-flex e-con e-child\" data-id=\"3e3a2b36\" data-element_type=\"container\">\n\t\t\t\t<div class=\"elementor-element elementor-element-2a4ec526 elementor-widget elementor-widget-image\" data-id=\"2a4ec526\" data-element_type=\"widget\" data-widget_type=\"image.default\">\n\t\t\t\t\t\t\t\t\t\t\t\t\t\t\t<img decoding=\"async\" width=\"1147\" height=\"1000\" src=\"https:\/\/rmhcmaritimes2025-dev.rbdemo.dev\/wp-content\/uploads\/rmh_hrt_02_rgb_rd.svg\" class=\"attachment-full size-full wp-image-5951\" alt=\"\" \/>\t\t\t\t\t\t\t\t\t\t\t\t\t\t\t<\/div>\n\t\t\t\t<\/div>\n\t\t<div class=\"elementor-element elementor-element-a38b93b e-con-full e-flex e-con e-child\" data-id=\"a38b93b\" data-element_type=\"container\">\n\t\t\t\t<div class=\"elementor-element elementor-element-4c5b000 elementor-widget elementor-widget-text-editor\" data-id=\"4c5b000\" data-element_type=\"widget\" data-widget_type=\"text-editor.default\">\n\t\t\t\t\t\t\t\t\t<p><span style=\"font-weight: 400;\">Nos b\u00e9n\u00e9voles au Manoir ou \u00e0 notre Salle familiale doivent offrir un accueil chaleureux aux familles que nous recevons.<\/span><\/p><p><span style=\"font-weight: 400;\">Ce poste exige des personnes qui poss\u00e8dent de l\u2019entregent, qui sont \u00e0 l\u2019aise d\u2019accueillir des familles et peuvent s\u2019assurer que ces derni\u00e8res se sentent en s\u00e9curit\u00e9 et \u00e0 l\u2019aise et bien inform\u00e9es de tout ce qui touche leur s\u00e9jour.<\/span><\/p>\t\t\t\t\t\t\t\t<\/div>\n\t\t\t\t<\/div>\n\t\t\t\t\t<\/div>\n\t\t\t\t<\/div>\n\t\t<div class=\"elementor-element elementor-element-6c818f1d e-flex e-con-boxed e-con e-parent\" data-id=\"6c818f1d\" data-element_type=\"container\" data-settings=\"{&quot;background_background&quot;:&quot;classic&quot;}\">\n\t\t\t\t\t<div class=\"e-con-inner\">\n\t\t<div class=\"elementor-element elementor-element-f2ea976 e-con-full e-flex e-con e-child\" data-id=\"f2ea976\" data-element_type=\"container\">\n\t\t\t\t<div class=\"elementor-element elementor-element-ac67c75 elementor-widget elementor-widget-heading\" data-id=\"ac67c75\" data-element_type=\"widget\" data-widget_type=\"heading.default\">\n\t\t\t\t\t<h2 class=\"elementor-heading-title elementor-size-default\">B\u00e9n\u00e9voles au Manoir et \u00e0 la Salle familiale<\/h2>\t\t\t\t<\/div>\n\t\t\t\t<div class=\"elementor-element elementor-element-95c8a39 elementor-widget elementor-widget-text-editor\" data-id=\"95c8a39\" data-element_type=\"widget\" data-widget_type=\"text-editor.default\">\n\t\t\t\t\t\t\t\t\t<p><span style=\"font-weight: 400;\">Nos b\u00e9n\u00e9voles offrent du soutien sous toutes ses formes, en organisant notamment des activit\u00e9s, des jeux avec les enfants, en faisant cuire des g\u00e2teries pour nos familles et en incluant les personnes de tous les \u00e2ges pour que tous se sentent comme \u00e0 la maison.\u00a0 Nos b\u00e9n\u00e9voles participent \u00e9galement \u00e0 l\u2019entretien des espaces mis \u00e0 la disposition de nos familles.<\/span><\/p><p><span style=\"font-weight: 400;\">Nous demandons \u00e0 nos b\u00e9n\u00e9voles du Manoir et de la Salle familiale de s\u2019engager \u00e0 consacrer quatre heures par semaine pendant au moins huit mois. Les candidats doivent se soumettre \u00e0 une s\u00e9lection et \u00eatre \u00e2g\u00e9s d\u2019au moins 18 ans.<\/span><\/p><p><span style=\"font-weight: 400;\">Vous \u00eates int\u00e9ress\u00e9\/e \u00e0 devenir b\u00e9n\u00e9vole au Manoir ou \u00e0 la Salle familiale de Maison Ronald McDonald Maritimes, remplissez une demande en ligne :<\/span><\/p>\t\t\t\t\t\t\t\t<\/div>\n\t\t<div class=\"elementor-element elementor-element-94436d5 e-con-full e-flex e-con e-child\" data-id=\"94436d5\" data-element_type=\"container\">\n\t\t\t\t<div class=\"elementor-element elementor-element-a79be14 elementor-mobile-align-justify elementor-widget elementor-widget-button\" data-id=\"a79be14\" data-element_type=\"widget\" data-widget_type=\"button.default\">\n\t\t\t\t\t\t\t\t\t\t<a class=\"elementor-button elementor-button-link elementor-size-sm\" href=\"https:\/\/www.volgistics.com\/appform\/1772258463\" target=\"_blank\">\n\t\t\t\t\t\t<span class=\"elementor-button-content-wrapper\">\n\t\t\t\t\t\t\t\t\t<span class=\"elementor-button-text\">Postes vacants \u00e0 Halifax<\/span>\n\t\t\t\t\t<\/span>\n\t\t\t\t\t<\/a>\n\t\t\t\t\t\t\t\t<\/div>\n\t\t\t\t<div class=\"elementor-element elementor-element-811c276 elementor-mobile-align-justify elementor-widget elementor-widget-button\" data-id=\"811c276\" data-element_type=\"widget\" data-widget_type=\"button.default\">\n\t\t\t\t\t\t\t\t\t\t<a class=\"elementor-button elementor-button-link elementor-size-sm\" href=\"https:\/\/www.volgistics.com\/appform\/948427486\" target=\"_blank\">\n\t\t\t\t\t\t<span class=\"elementor-button-content-wrapper\">\n\t\t\t\t\t\t\t\t\t<span class=\"elementor-button-text\">Postes vacants \u00e0 Moncton<\/span>\n\t\t\t\t\t<\/span>\n\t\t\t\t\t<\/a>\n\t\t\t\t\t\t\t\t<\/div>\n\t\t\t\t<\/div>\n\t\t\t\t<\/div>\n\t\t<div class=\"elementor-element elementor-element-7352b7f6 e-con-full e-flex e-con e-child\" data-id=\"7352b7f6\" data-element_type=\"container\">\n\t\t\t\t<div class=\"elementor-element elementor-element-388e4bab elementor-widget elementor-widget-image\" data-id=\"388e4bab\" data-element_type=\"widget\" data-widget_type=\"image.default\">\n\t\t\t\t\t\t\t\t\t\t\t\t\t\t\t<img loading=\"lazy\" decoding=\"async\" width=\"1000\" height=\"850\" src=\"https:\/\/rmhcmaritimes2025-dev.rbdemo.dev\/wp-content\/uploads\/08.02.2022.V.Emma_.Taylor-copy-1.png\" class=\"attachment-full size-full wp-image-5952\" alt=\"\" srcset=\"https:\/\/rmhcmaritimes2025-dev.rbdemo.dev\/wp-content\/uploads\/08.02.2022.V.Emma_.Taylor-copy-1.png 1000w, https:\/\/rmhcmaritimes2025-dev.rbdemo.dev\/wp-content\/uploads\/08.02.2022.V.Emma_.Taylor-copy-1-150x128.png 150w, https:\/\/rmhcmaritimes2025-dev.rbdemo.dev\/wp-content\/uploads\/08.02.2022.V.Emma_.Taylor-copy-1-768x653.png 768w\" sizes=\"(max-width: 1000px) 100vw, 1000px\" \/>\t\t\t\t\t\t\t\t\t\t\t\t\t\t\t<\/div>\n\t\t\t\t<\/div>\n\t\t\t\t\t<\/div>\n\t\t\t\t<\/div>\n\t\t<div class=\"elementor-element elementor-element-f5d4bd8 e-flex e-con-boxed e-con e-parent\" data-id=\"f5d4bd8\" data-element_type=\"container\" data-settings=\"{&quot;background_background&quot;:&quot;classic&quot;}\">\n\t\t\t\t\t<div class=\"e-con-inner\">\n\t\t<div class=\"elementor-element elementor-element-5c00429 e-con-full e-flex e-con e-child\" data-id=\"5c00429\" data-element_type=\"container\">\n\t\t\t\t<div class=\"elementor-element elementor-element-8b5bf64 elementor-widget elementor-widget-heading\" data-id=\"8b5bf64\" data-element_type=\"widget\" data-widget_type=\"heading.default\">\n\t\t\t\t\t<h2 class=\"elementor-heading-title elementor-size-default\">B\u00e9n\u00e9voles \u00e0 l\u2019entretien<\/h2>\t\t\t\t<\/div>\n\t\t\t\t<div class=\"elementor-element elementor-element-268997e elementor-widget elementor-widget-text-editor\" data-id=\"268997e\" data-element_type=\"widget\" data-widget_type=\"text-editor.default\">\n\t\t\t\t\t\t\t\t\t<p><span style=\"font-weight: 400;\">La t\u00e2che principale du b\u00e9n\u00e9vole \u00e0 l\u2019entretien est de consacrer ses comp\u00e9tences et son temps \u00e0 contribuer \u00e0 l\u2019entretien des lieux du Maison Ronald McDonald. Le b\u00e9n\u00e9vole \u00e0 l\u2019entretien est un membre cl\u00e9 de notre \u00e9quipe du Manoir, nous permettant de remplir notre mission d\u2019aider les familles dans le besoin.<\/span><\/p><p><span style=\"font-weight: 400;\">Les candidats doivent poss\u00e9der des comp\u00e9tences en entretien g\u00e9n\u00e9ral et en r\u00e9solution de probl\u00e8mes. Le poste rel\u00e8ve du directeur de l\u2019Exploitation et aide \u00e9galement l\u2019\u00e9quipe de b\u00e9n\u00e9voles. Pour plus de renseignements, communiquez avec <a href=\"mailto:volunteer@ronaldmcdonaldhousemaritimes.ca\" target=\"_blank\" rel=\"noopener\">volunteer@ronaldmcdonaldhousemaritimes.ca<\/a>.<\/span><\/p>\t\t\t\t\t\t\t\t<\/div>\n\t\t\t\t<\/div>\n\t\t<div class=\"elementor-element elementor-element-3fc7412 e-con-full e-flex e-con e-child\" data-id=\"3fc7412\" data-element_type=\"container\">\n\t\t\t\t<div class=\"elementor-element elementor-element-b567575 elementor-widget elementor-widget-image\" data-id=\"b567575\" data-element_type=\"widget\" data-widget_type=\"image.default\">\n\t\t\t\t\t\t\t\t\t\t\t\t\t\t\t<img loading=\"lazy\" decoding=\"async\" width=\"1000\" height=\"750\" src=\"https:\/\/rmhcmaritimes2025-dev.rbdemo.dev\/wp-content\/uploads\/Maintenance-Guys-1536x1152-1.png\" class=\"attachment-full size-full wp-image-5953\" alt=\"\" srcset=\"https:\/\/rmhcmaritimes2025-dev.rbdemo.dev\/wp-content\/uploads\/Maintenance-Guys-1536x1152-1.png 1000w, https:\/\/rmhcmaritimes2025-dev.rbdemo.dev\/wp-content\/uploads\/Maintenance-Guys-1536x1152-1-150x113.png 150w, https:\/\/rmhcmaritimes2025-dev.rbdemo.dev\/wp-content\/uploads\/Maintenance-Guys-1536x1152-1-768x576.png 768w\" sizes=\"(max-width: 1000px) 100vw, 1000px\" \/>\t\t\t\t\t\t\t\t\t\t\t\t\t\t\t<\/div>\n\t\t\t\t<\/div>\n\t\t\t\t\t<\/div>\n\t\t\t\t<\/div>\n\t\t<div class=\"elementor-element elementor-element-6cd5c894 e-flex e-con-boxed e-con e-parent\" data-id=\"6cd5c894\" data-element_type=\"container\" data-settings=\"{&quot;background_background&quot;:&quot;classic&quot;}\">\n\t\t\t\t\t<div class=\"e-con-inner\">\n\t\t<div class=\"elementor-element elementor-element-36dc9909 e-con-full e-flex e-con e-child\" data-id=\"36dc9909\" data-element_type=\"container\">\n\t\t\t\t<div class=\"elementor-element elementor-element-6779feab elementor-widget elementor-widget-heading\" data-id=\"6779feab\" data-element_type=\"widget\" data-widget_type=\"heading.default\">\n\t\t\t\t\t<h2 class=\"elementor-heading-title elementor-size-default\">Int\u00e9ress\u00e9 \u00e0 faire du b\u00e9n\u00e9volat de groupe? Consultez notre section pour le programme Souper en famille.<\/h2>\t\t\t\t<\/div>\n\t\t\t\t<div class=\"elementor-element elementor-element-172522f1 squircle-btn elementor-mobile-align-center elementor-align-center elementor-widget elementor-widget-button\" data-id=\"172522f1\" data-element_type=\"widget\" data-widget_type=\"button.default\">\n\t\t\t\t\t\t\t\t\t\t<a class=\"elementor-button elementor-button-link elementor-size-sm\" href=\"https:\/\/rmhcmaritimes2025-dev.rbdemo.dev\/get-involved\/meal-programs\/\">\n\t\t\t\t\t\t<span class=\"elementor-button-content-wrapper\">\n\t\t\t\t\t\t<span class=\"elementor-button-icon\">\n\t\t\t\t<svg xmlns=\"http:\/\/www.w3.org\/2000\/svg\" id=\"Layer_1\" viewBox=\"0 0 41.56 35.05\"><path d=\"M20.82,34.79c-.4.29-.93.33-1.38.13C15.91,33.29.66,25.67.03,14.86-.69,2.63,12.74,4.07,18.97,9.35c0,0,.99,1,1.68,1.2.68.19,1.59-1.78,4.32-4.08,2.49-2.1,13.19-10.07,16.07-4.56s-6.2,22.96-20.22,32.88Z\"><\/path><\/svg>\t\t\t<\/span>\n\t\t\t\t\t\t\t\t\t<span class=\"elementor-button-text\">Plus d'informations<\/span>\n\t\t\t\t\t<\/span>\n\t\t\t\t\t<\/a>\n\t\t\t\t\t\t\t\t<\/div>\n\t\t\t\t<\/div>\n\t\t\t\t\t<\/div>\n\t\t\t\t<\/div>\n\t\t\t\t<\/div>\n\t\t","protected":false},"excerpt":{"rendered":"<p>Services aux familles Nous ne pourrions y arriver sans vous! Nos b\u00e9n\u00e9voles au Manoir ou \u00e0 notre Salle familiale doivent offrir un accueil chaleureux aux familles que nous recevons. Ce poste exige des personnes qui poss\u00e8dent de l\u2019entregent, qui sont \u00e0 l\u2019aise d\u2019accueillir des familles et peuvent s\u2019assurer que ces derni\u00e8res se sentent en s\u00e9curit\u00e9 [&hellip;]<\/p>\n","protected":false},"author":13,"featured_media":0,"parent":6220,"menu_order":0,"comment_status":"closed","ping_status":"closed","template":"","meta":{"footnotes":""},"class_list":["post-5954","page","type-page","status-publish","hentry"],"_links":{"self":[{"href":"https:\/\/rmhcmaritimes2025-dev.rbdemo.dev\/fr\/wp-json\/wp\/v2\/pages\/5954","targetHints":{"allow":["GET"]}}],"collection":[{"href":"https:\/\/rmhcmaritimes2025-dev.rbdemo.dev\/fr\/wp-json\/wp\/v2\/pages"}],"about":[{"href":"https:\/\/rmhcmaritimes2025-dev.rbdemo.dev\/fr\/wp-json\/wp\/v2\/types\/page"}],"author":[{"embeddable":true,"href":"https:\/\/rmhcmaritimes2025-dev.rbdemo.dev\/fr\/wp-json\/wp\/v2\/users\/13"}],"replies":[{"embeddable":true,"href":"https:\/\/rmhcmaritimes2025-dev.rbdemo.dev\/fr\/wp-json\/wp\/v2\/comments?post=5954"}],"version-history":[{"count":11,"href":"https:\/\/rmhcmaritimes2025-dev.rbdemo.dev\/fr\/wp-json\/wp\/v2\/pages\/5954\/revisions"}],"predecessor-version":[{"id":6722,"href":"https:\/\/rmhcmaritimes2025-dev.rbdemo.dev\/fr\/wp-json\/wp\/v2\/pages\/5954\/revisions\/6722"}],"up":[{"embeddable":true,"href":"https:\/\/rmhcmaritimes2025-dev.rbdemo.dev\/fr\/wp-json\/wp\/v2\/pages\/6220"}],"wp:attachment":[{"href":"https:\/\/rmhcmaritimes2025-dev.rbdemo.dev\/fr\/wp-json\/wp\/v2\/media?parent=5954"}],"curies":[{"name":"wp","href":"https:\/\/api.w.org\/{rel}","templated":true}]}}