{"id":6001,"date":"2025-10-10T15:43:08","date_gmt":"2025-10-10T20:43:08","guid":{"rendered":"https:\/\/rmhcmaritimes2025-dev.rbdemo.dev\/?page_id=6001"},"modified":"2025-10-10T16:33:19","modified_gmt":"2025-10-10T21:33:19","slug":"benevoles-de-levenement","status":"publish","type":"page","link":"https:\/\/rmhcmaritimes2025-dev.rbdemo.dev\/fr\/simpliquer\/benevoles-de-levenement\/","title":{"rendered":"B\u00e9n\u00e9voles de l\u2019\u00e9v\u00e9nement"},"content":{"rendered":"\t\t<div data-elementor-type=\"wp-page\" data-elementor-id=\"6001\" class=\"elementor elementor-6001 elementor-5981\" data-elementor-post-type=\"page\">\n\t\t\t\t<div class=\"elementor-element elementor-element-64cbf484 e-con-full e-flex e-con e-parent\" data-id=\"64cbf484\" data-element_type=\"container\">\n\t\t\t\t<div class=\"elementor-element elementor-element-5b79a0b4 elementor-widget__width-initial elementor-hidden-mobile elementor-widget elementor-widget-image\" data-id=\"5b79a0b4\" data-element_type=\"widget\" data-widget_type=\"image.default\">\n\t\t\t\t\t\t\t\t\t\t\t\t\t\t\t<img fetchpriority=\"high\" decoding=\"async\" width=\"1450\" height=\"620\" src=\"https:\/\/rmhcmaritimes2025-dev.rbdemo.dev\/wp-content\/uploads\/WEBSITE-BANNER-10.27.2-1536x448-1.png\" class=\"attachment-full size-full wp-image-5996\" alt=\"\" srcset=\"https:\/\/rmhcmaritimes2025-dev.rbdemo.dev\/wp-content\/uploads\/WEBSITE-BANNER-10.27.2-1536x448-1.png 1450w, https:\/\/rmhcmaritimes2025-dev.rbdemo.dev\/wp-content\/uploads\/WEBSITE-BANNER-10.27.2-1536x448-1-150x64.png 150w, https:\/\/rmhcmaritimes2025-dev.rbdemo.dev\/wp-content\/uploads\/WEBSITE-BANNER-10.27.2-1536x448-1-768x328.png 768w\" sizes=\"(max-width: 1450px) 100vw, 1450px\" \/>\t\t\t\t\t\t\t\t\t\t\t\t\t\t\t<\/div>\n\t\t\t\t<div class=\"elementor-element elementor-element-57b9390d elementor-hidden-desktop elementor-hidden-tablet elementor-widget elementor-widget-image\" data-id=\"57b9390d\" data-element_type=\"widget\" data-widget_type=\"image.default\">\n\t\t\t\t\t\t\t\t\t\t\t\t\t\t\t<img decoding=\"async\" width=\"1007\" height=\"850\" src=\"https:\/\/rmhcmaritimes2025-dev.rbdemo.dev\/wp-content\/uploads\/mobile-WEBSITE-BANNER-10.27.2-1536x448-1.png\" class=\"attachment-full size-full wp-image-5997\" alt=\"\" srcset=\"https:\/\/rmhcmaritimes2025-dev.rbdemo.dev\/wp-content\/uploads\/mobile-WEBSITE-BANNER-10.27.2-1536x448-1.png 1007w, https:\/\/rmhcmaritimes2025-dev.rbdemo.dev\/wp-content\/uploads\/mobile-WEBSITE-BANNER-10.27.2-1536x448-1-150x127.png 150w, https:\/\/rmhcmaritimes2025-dev.rbdemo.dev\/wp-content\/uploads\/mobile-WEBSITE-BANNER-10.27.2-1536x448-1-768x648.png 768w\" sizes=\"(max-width: 1007px) 100vw, 1007px\" \/>\t\t\t\t\t\t\t\t\t\t\t\t\t\t\t<\/div>\n\t\t\t\t<\/div>\n\t\t<div class=\"elementor-element elementor-element-41dcf46e e-con-full e-flex e-con e-parent\" data-id=\"41dcf46e\" data-element_type=\"container\">\n\t\t<div class=\"elementor-element elementor-element-30000c83 e-con-full e-flex e-con e-child\" data-id=\"30000c83\" data-element_type=\"container\">\n\t\t\t\t<div class=\"elementor-element elementor-element-27edc23f elementor-widget elementor-widget-heading\" data-id=\"27edc23f\" data-element_type=\"widget\" data-widget_type=\"heading.default\">\n\t\t\t\t\t<h1 class=\"elementor-heading-title elementor-size-default\">B\u00e9n\u00e9voles de l\u2019\u00e9v\u00e9nement<\/h1>\t\t\t\t<\/div>\n\t\t\t\t<\/div>\n\t\t<div class=\"elementor-element elementor-element-46ac4f4 e-con-full e-flex e-con e-child\" data-id=\"46ac4f4\" data-element_type=\"container\">\n\t\t\t\t<\/div>\n\t\t\t\t<\/div>\n\t\t<div class=\"elementor-element elementor-element-4835904 e-flex e-con-boxed e-con e-parent\" data-id=\"4835904\" data-element_type=\"container\" data-settings=\"{&quot;background_background&quot;:&quot;classic&quot;}\">\n\t\t\t\t\t<div class=\"e-con-inner\">\n\t\t<div class=\"elementor-element elementor-element-2a096179 e-con-full e-flex e-con e-child\" data-id=\"2a096179\" data-element_type=\"container\">\n\t\t\t\t<div class=\"elementor-element elementor-element-5c92ab78 elementor-widget elementor-widget-heading\" data-id=\"5c92ab78\" data-element_type=\"widget\" data-widget_type=\"heading.default\">\n\t\t\t\t\t<h2 class=\"elementor-heading-title elementor-size-default\">\u00c9v\u00e9nements sp\u00e9ciaux<\/h2>\t\t\t\t<\/div>\n\t\t\t\t<div class=\"elementor-element elementor-element-324a4c10 elementor-widget elementor-widget-text-editor\" data-id=\"324a4c10\" data-element_type=\"widget\" data-widget_type=\"text-editor.default\">\n\t\t\t\t\t\t\t\t\t<p><span style=\"font-weight: 400;\">Si vous d\u00e9sirez vous porter b\u00e9n\u00e9vole pour une activit\u00e9 int\u00e9ressante mais de courte dur\u00e9e, nos \u00e9v\u00e9nements sp\u00e9ciaux sont pour vous! Bien que de nombreux b\u00e9n\u00e9voles choisissent de donner un coup de main lors de plusieurs \u00e9v\u00e9nements, ils ne doivent s\u2019engager que dans un \u00e9v\u00e9nement \u00e0 la fois.<\/span><\/p><p><span style=\"font-weight: 400;\">Ces activit\u00e9s se d\u00e9roulent en juin et en septembre. Les quarts sont habituellement de quatre \u00e0 six heures le soir et le week-end. Certaines des activit\u00e9s comprennent le Grand McDon, la marche ou notre Classique de golf annuelle.<\/span><\/p>\t\t\t\t\t\t\t\t<\/div>\n\t\t\t\t<\/div>\n\t\t<div class=\"elementor-element elementor-element-72a7383a e-con-full e-flex e-con e-child\" data-id=\"72a7383a\" data-element_type=\"container\">\n\t\t\t\t<div class=\"elementor-element elementor-element-41de1120 elementor-widget elementor-widget-image\" data-id=\"41de1120\" data-element_type=\"widget\" data-widget_type=\"image.default\">\n\t\t\t\t\t\t\t\t\t\t\t\t\t\t\t<img decoding=\"async\" width=\"1000\" height=\"850\" src=\"https:\/\/rmhcmaritimes2025-dev.rbdemo.dev\/wp-content\/uploads\/PJ-WALK-1-1536x1097-1.png\" class=\"attachment-full size-full wp-image-5998\" alt=\"\" srcset=\"https:\/\/rmhcmaritimes2025-dev.rbdemo.dev\/wp-content\/uploads\/PJ-WALK-1-1536x1097-1.png 1000w, https:\/\/rmhcmaritimes2025-dev.rbdemo.dev\/wp-content\/uploads\/PJ-WALK-1-1536x1097-1-150x128.png 150w, https:\/\/rmhcmaritimes2025-dev.rbdemo.dev\/wp-content\/uploads\/PJ-WALK-1-1536x1097-1-768x653.png 768w\" sizes=\"(max-width: 1000px) 100vw, 1000px\" \/>\t\t\t\t\t\t\t\t\t\t\t\t\t\t\t<\/div>\n\t\t\t\t<\/div>\n\t\t\t\t\t<\/div>\n\t\t\t\t<\/div>\n\t\t<div class=\"elementor-element elementor-element-4af6845d elementor-hidden-mobile e-con-full e-flex e-con e-parent\" data-id=\"4af6845d\" data-element_type=\"container\" data-settings=\"{&quot;background_background&quot;:&quot;classic&quot;}\">\n\t\t<div class=\"elementor-element elementor-element-23ba3478 e-con-full e-flex e-con e-child\" data-id=\"23ba3478\" data-element_type=\"container\" data-settings=\"{&quot;background_background&quot;:&quot;classic&quot;}\">\n\t\t\t\t<div class=\"elementor-element elementor-element-346f0a2f elementor-widget elementor-widget-heading\" data-id=\"346f0a2f\" data-element_type=\"widget\" data-widget_type=\"heading.default\">\n\t\t\t\t\t<h2 class=\"elementor-heading-title elementor-size-default\">Comit\u00e9 d\u2019organisateur de la marche<\/h2>\t\t\t\t<\/div>\n\t\t\t\t<div class=\"elementor-element elementor-element-6cbef496 elementor-widget elementor-widget-text-editor\" data-id=\"6cbef496\" data-element_type=\"widget\" data-widget_type=\"text-editor.default\">\n\t\t\t\t\t\t\t\t\t<p><span style=\"font-weight: 400;\">Il existe de nombreuses fa\u00e7ons de pr\u00eater main-forte ou d\u2019acqu\u00e9rir de nouvelles comp\u00e9tences en si\u00e9geant sur l\u2019un des comit\u00e9s organisateurs de notre marche \u00e0 Charlottetown, Halifax, Moncton ou Saint John.<\/span><\/p><p><span style=\"font-weight: 400;\">Nous sommes \u00e0 la recherche des b\u00e9n\u00e9voles dans les domaines des communications, de la logistique, du recrutement de participants, des activit\u00e9s et de la coordination de b\u00e9n\u00e9voles.<\/span><\/p>\t\t\t\t\t\t\t\t<\/div>\n\t\t\t\t<\/div>\n\t\t<div class=\"elementor-element elementor-element-4ca48550 e-con-full e-flex e-con e-child\" data-id=\"4ca48550\" data-element_type=\"container\">\n\t\t\t\t<\/div>\n\t\t\t\t<\/div>\n\t\t<div class=\"elementor-element elementor-element-710da13f e-con-full elementor-hidden-desktop elementor-hidden-tablet e-flex e-con e-parent\" data-id=\"710da13f\" data-element_type=\"container\">\n\t\t<div class=\"elementor-element elementor-element-33444d58 e-con-full e-flex e-con e-child\" data-id=\"33444d58\" data-element_type=\"container\" data-settings=\"{&quot;background_background&quot;:&quot;classic&quot;}\">\n\t\t\t\t<div class=\"elementor-element elementor-element-76f196ac elementor-widget elementor-widget-heading\" data-id=\"76f196ac\" data-element_type=\"widget\" data-widget_type=\"heading.default\">\n\t\t\t\t\t<h2 class=\"elementor-heading-title elementor-size-default\">Comit\u00e9 d\u2019organisateur de la marche<\/h2>\t\t\t\t<\/div>\n\t\t\t\t<div class=\"elementor-element elementor-element-61bb7b60 elementor-widget elementor-widget-text-editor\" data-id=\"61bb7b60\" data-element_type=\"widget\" data-widget_type=\"text-editor.default\">\n\t\t\t\t\t\t\t\t\t<p><span style=\"font-weight: 400;\">Il existe de nombreuses fa\u00e7ons de pr\u00eater main-forte ou d\u2019acqu\u00e9rir de nouvelles comp\u00e9tences en si\u00e9geant sur l\u2019un des comit\u00e9s organisateurs de notre marche \u00e0 Charlottetown, Halifax, Moncton ou Saint John.<\/span><\/p><p><span style=\"font-weight: 400;\">Nous sommes \u00e0 la recherche des b\u00e9n\u00e9voles dans les domaines des communications, de la logistique, du recrutement de participants, des activit\u00e9s et de la coordination de b\u00e9n\u00e9voles.<\/span><\/p>\t\t\t\t\t\t\t\t<\/div>\n\t\t\t\t<\/div>\n\t\t<div class=\"elementor-element elementor-element-437671fe e-flex e-con-boxed e-con e-child\" data-id=\"437671fe\" data-element_type=\"container\">\n\t\t\t\t\t<div class=\"e-con-inner\">\n\t\t\t\t<div class=\"elementor-element elementor-element-161a29b3 elementor-widget elementor-widget-image\" data-id=\"161a29b3\" data-element_type=\"widget\" data-widget_type=\"image.default\">\n\t\t\t\t\t\t\t\t\t\t\t\t\t\t\t<img loading=\"lazy\" decoding=\"async\" width=\"630\" height=\"1080\" src=\"https:\/\/rmhcmaritimes2025-dev.rbdemo.dev\/wp-content\/uploads\/WEBSITE-BANNER-4.06-1-630x1080-1.png\" class=\"attachment-large size-large wp-image-6000\" alt=\"\" srcset=\"https:\/\/rmhcmaritimes2025-dev.rbdemo.dev\/wp-content\/uploads\/WEBSITE-BANNER-4.06-1-630x1080-1.png 630w, https:\/\/rmhcmaritimes2025-dev.rbdemo.dev\/wp-content\/uploads\/WEBSITE-BANNER-4.06-1-630x1080-1-88x150.png 88w\" sizes=\"(max-width: 630px) 100vw, 630px\" \/>\t\t\t\t\t\t\t\t\t\t\t\t\t\t\t<\/div>\n\t\t\t\t\t<\/div>\n\t\t\t\t<\/div>\n\t\t\t\t<\/div>\n\t\t<div class=\"elementor-element elementor-element-2736e290 e-flex e-con-boxed e-con e-parent\" data-id=\"2736e290\" data-element_type=\"container\" data-settings=\"{&quot;background_background&quot;:&quot;classic&quot;}\">\n\t\t\t\t\t<div class=\"e-con-inner\">\n\t\t<div class=\"elementor-element elementor-element-2293f3eb e-con-full e-flex e-con e-child\" data-id=\"2293f3eb\" data-element_type=\"container\">\n\t\t\t\t<div class=\"elementor-element elementor-element-4cd55869 elementor-widget elementor-widget-image\" data-id=\"4cd55869\" data-element_type=\"widget\" data-widget_type=\"image.default\">\n\t\t\t\t\t\t\t\t\t\t\t\t\t\t\t<img loading=\"lazy\" decoding=\"async\" width=\"1147\" height=\"1000\" src=\"https:\/\/rmhcmaritimes2025-dev.rbdemo.dev\/wp-content\/uploads\/rmh_hrt_02_rgb_rd.svg\" class=\"attachment-full size-full wp-image-5951\" alt=\"\" \/>\t\t\t\t\t\t\t\t\t\t\t\t\t\t\t<\/div>\n\t\t\t\t<\/div>\n\t\t<div class=\"elementor-element elementor-element-5602f236 e-con-full e-flex e-con e-child\" data-id=\"5602f236\" data-element_type=\"container\">\n\t\t\t\t<div class=\"elementor-element elementor-element-4b8d8bd2 elementor-widget elementor-widget-text-editor\" data-id=\"4b8d8bd2\" data-element_type=\"widget\" data-widget_type=\"text-editor.default\">\n\t\t\t\t\t\t\t\t\t<h2><span style=\"font-weight: 400;\">Pour plus d\u2019informations ou pour vous impliquer, contactez <a href=\"mailto:events@ronaldmcdonaldhousemaritimes.ca\" target=\"_blank\" rel=\"noopener\">events@ronaldmcdonaldhousemaritimes.ca<\/a>.<\/span><\/h2>\t\t\t\t\t\t\t\t<\/div>\n\t\t\t\t<\/div>\n\t\t\t\t\t<\/div>\n\t\t\t\t<\/div>\n\t\t\t\t<\/div>\n\t\t","protected":false},"excerpt":{"rendered":"<p>B\u00e9n\u00e9voles de l\u2019\u00e9v\u00e9nement \u00c9v\u00e9nements sp\u00e9ciaux Si vous d\u00e9sirez vous porter b\u00e9n\u00e9vole pour une activit\u00e9 int\u00e9ressante mais de courte dur\u00e9e, nos \u00e9v\u00e9nements sp\u00e9ciaux sont pour vous! Bien que de nombreux b\u00e9n\u00e9voles choisissent de donner un coup de main lors de plusieurs \u00e9v\u00e9nements, ils ne doivent s\u2019engager que dans un \u00e9v\u00e9nement \u00e0 la fois. Ces activit\u00e9s se [&hellip;]<\/p>\n","protected":false},"author":13,"featured_media":0,"parent":6220,"menu_order":0,"comment_status":"closed","ping_status":"closed","template":"","meta":{"footnotes":""},"class_list":["post-6001","page","type-page","status-publish","hentry"],"_links":{"self":[{"href":"https:\/\/rmhcmaritimes2025-dev.rbdemo.dev\/fr\/wp-json\/wp\/v2\/pages\/6001","targetHints":{"allow":["GET"]}}],"collection":[{"href":"https:\/\/rmhcmaritimes2025-dev.rbdemo.dev\/fr\/wp-json\/wp\/v2\/pages"}],"about":[{"href":"https:\/\/rmhcmaritimes2025-dev.rbdemo.dev\/fr\/wp-json\/wp\/v2\/types\/page"}],"author":[{"embeddable":true,"href":"https:\/\/rmhcmaritimes2025-dev.rbdemo.dev\/fr\/wp-json\/wp\/v2\/users\/13"}],"replies":[{"embeddable":true,"href":"https:\/\/rmhcmaritimes2025-dev.rbdemo.dev\/fr\/wp-json\/wp\/v2\/comments?post=6001"}],"version-history":[{"count":8,"href":"https:\/\/rmhcmaritimes2025-dev.rbdemo.dev\/fr\/wp-json\/wp\/v2\/pages\/6001\/revisions"}],"predecessor-version":[{"id":6014,"href":"https:\/\/rmhcmaritimes2025-dev.rbdemo.dev\/fr\/wp-json\/wp\/v2\/pages\/6001\/revisions\/6014"}],"up":[{"embeddable":true,"href":"https:\/\/rmhcmaritimes2025-dev.rbdemo.dev\/fr\/wp-json\/wp\/v2\/pages\/6220"}],"wp:attachment":[{"href":"https:\/\/rmhcmaritimes2025-dev.rbdemo.dev\/fr\/wp-json\/wp\/v2\/media?parent=6001"}],"curies":[{"name":"wp","href":"https:\/\/api.w.org\/{rel}","templated":true}]}}