{"id":6121,"date":"2025-10-09T08:52:38","date_gmt":"2025-10-09T13:52:38","guid":{"rendered":"https:\/\/rmhcmaritimes2025-dev.rbdemo.dev\/?page_id=6121"},"modified":"2025-10-14T13:00:49","modified_gmt":"2025-10-14T18:00:49","slug":"groups-de-benevoles","status":"publish","type":"page","link":"https:\/\/rmhcmaritimes2025-dev.rbdemo.dev\/fr\/simpliquer\/groups-de-benevoles\/","title":{"rendered":"Groups De Benevoles"},"content":{"rendered":"\t\t<div data-elementor-type=\"wp-page\" data-elementor-id=\"6121\" class=\"elementor elementor-6121 elementor-5627\" data-elementor-post-type=\"page\">\n\t\t\t\t<div class=\"elementor-element elementor-element-65580956 e-con-full e-flex e-con e-parent\" data-id=\"65580956\" data-element_type=\"container\">\n\t\t\t\t<div class=\"elementor-element elementor-element-78d5f87b elementor-widget__width-initial elementor-hidden-mobile elementor-widget elementor-widget-image\" data-id=\"78d5f87b\" data-element_type=\"widget\" data-widget_type=\"image.default\">\n\t\t\t\t\t\t\t\t\t\t\t\t\t\t\t<img fetchpriority=\"high\" decoding=\"async\" width=\"1450\" height=\"625\" src=\"https:\/\/rmhcmaritimes2025-dev.rbdemo.dev\/wp-content\/uploads\/Meal-Program-1.png\" class=\"attachment-full size-full wp-image-6116\" alt=\"\" srcset=\"https:\/\/rmhcmaritimes2025-dev.rbdemo.dev\/wp-content\/uploads\/Meal-Program-1.png 1450w, https:\/\/rmhcmaritimes2025-dev.rbdemo.dev\/wp-content\/uploads\/Meal-Program-1-150x65.png 150w, https:\/\/rmhcmaritimes2025-dev.rbdemo.dev\/wp-content\/uploads\/Meal-Program-1-768x331.png 768w\" sizes=\"(max-width: 1450px) 100vw, 1450px\" \/>\t\t\t\t\t\t\t\t\t\t\t\t\t\t\t<\/div>\n\t\t\t\t<div class=\"elementor-element elementor-element-6e036c3b elementor-hidden-desktop elementor-hidden-tablet elementor-widget elementor-widget-image\" data-id=\"6e036c3b\" data-element_type=\"widget\" data-widget_type=\"image.default\">\n\t\t\t\t\t\t\t\t\t\t\t\t\t\t\t<img decoding=\"async\" width=\"1000\" height=\"850\" src=\"https:\/\/rmhcmaritimes2025-dev.rbdemo.dev\/wp-content\/uploads\/Meal-Program-1-mobile.png\" class=\"attachment-full size-full wp-image-6117\" alt=\"\" srcset=\"https:\/\/rmhcmaritimes2025-dev.rbdemo.dev\/wp-content\/uploads\/Meal-Program-1-mobile.png 1000w, https:\/\/rmhcmaritimes2025-dev.rbdemo.dev\/wp-content\/uploads\/Meal-Program-1-mobile-150x128.png 150w, https:\/\/rmhcmaritimes2025-dev.rbdemo.dev\/wp-content\/uploads\/Meal-Program-1-mobile-768x653.png 768w\" sizes=\"(max-width: 1000px) 100vw, 1000px\" \/>\t\t\t\t\t\t\t\t\t\t\t\t\t\t\t<\/div>\n\t\t\t\t<\/div>\n\t\t<div class=\"elementor-element elementor-element-347a83dc e-con-full e-flex e-con e-parent\" data-id=\"347a83dc\" data-element_type=\"container\">\n\t\t<div class=\"elementor-element elementor-element-6c389531 e-con-full e-flex e-con e-child\" data-id=\"6c389531\" data-element_type=\"container\">\n\t\t\t\t<div class=\"elementor-element elementor-element-2210dbf8 elementor-widget elementor-widget-heading\" data-id=\"2210dbf8\" data-element_type=\"widget\" data-widget_type=\"heading.default\">\n\t\t\t\t\t<h1 class=\"elementor-heading-title elementor-size-default\">Souper en famille<\/h1>\t\t\t\t<\/div>\n\t\t\t\t<div class=\"elementor-element elementor-element-6d3c2202 elementor-widget elementor-widget-text-editor\" data-id=\"6d3c2202\" data-element_type=\"widget\" data-widget_type=\"text-editor.default\">\n\t\t\t\t\t\t\t\t\t<p><span style=\"font-weight: 400;\">Nous ne pourrions y arriver sans vous!<\/span><\/p>\t\t\t\t\t\t\t\t<\/div>\n\t\t\t\t<\/div>\n\t\t<div class=\"elementor-element elementor-element-572b13fa e-con-full e-flex e-con e-child\" data-id=\"572b13fa\" data-element_type=\"container\">\n\t\t\t\t<\/div>\n\t\t\t\t<\/div>\n\t\t<div class=\"elementor-element elementor-element-3cdfd63d e-flex e-con-boxed e-con e-parent\" data-id=\"3cdfd63d\" data-element_type=\"container\" data-settings=\"{&quot;background_background&quot;:&quot;classic&quot;}\">\n\t\t\t\t\t<div class=\"e-con-inner\">\n\t\t<div class=\"elementor-element elementor-element-29c9701f e-con-full e-flex e-con e-child\" data-id=\"29c9701f\" data-element_type=\"container\">\n\t\t\t\t<div class=\"elementor-element elementor-element-3bd354c1 elementor-widget elementor-widget-heading\" data-id=\"3bd354c1\" data-element_type=\"widget\" data-widget_type=\"heading.default\">\n\t\t\t\t\t<h2 class=\"elementor-heading-title elementor-size-default\">Choisissez un emplacement<\/h2>\t\t\t\t<\/div>\n\t\t\t\t<\/div>\n\t\t\t\t\t<\/div>\n\t\t\t\t<\/div>\n\t\t<div class=\"elementor-element elementor-element-6ffa5cee e-flex e-con-boxed e-con e-parent\" data-id=\"6ffa5cee\" data-element_type=\"container\">\n\t\t\t\t\t<div class=\"e-con-inner\">\n\t\t<div class=\"elementor-element elementor-element-6e181b94 e-con-full e-flex e-con e-child\" data-id=\"6e181b94\" data-element_type=\"container\">\n\t\t\t\t<div class=\"elementor-element elementor-element-2c01eda7 elementor-widget elementor-widget-n-accordion\" data-id=\"2c01eda7\" data-element_type=\"widget\" data-settings=\"{&quot;n_accordion_animation_duration&quot;:{&quot;unit&quot;:&quot;ms&quot;,&quot;size&quot;:200,&quot;sizes&quot;:[]},&quot;default_state&quot;:&quot;all_collapsed&quot;,&quot;max_items_expended&quot;:&quot;one&quot;}\" data-widget_type=\"nested-accordion.default\">\n\t\t\t\t\t\t\t<div class=\"e-n-accordion\" aria-label=\"Accordion. Open links with Enter or Space, close with Escape, and navigate with Arrow Keys\">\n\t\t\t\t\t\t<details id=\"e-n-accordion-item-7380\" class=\"e-n-accordion-item\" >\n\t\t\t\t<summary class=\"e-n-accordion-item-title\" data-accordion-index=\"1\" tabindex=\"0\" aria-expanded=\"false\" aria-controls=\"e-n-accordion-item-7380\" >\n\t\t\t\t\t<span class='e-n-accordion-item-title-header'><div class=\"e-n-accordion-item-title-text\"> Ronald McDonald House Schedule <\/div><\/span>\n\t\t\t\t\t\t\t<span class='e-n-accordion-item-title-icon'>\n\t\t\t<span class='e-opened' ><svg aria-hidden=\"true\" class=\"e-font-icon-svg e-fas-minus\" viewBox=\"0 0 448 512\" xmlns=\"http:\/\/www.w3.org\/2000\/svg\"><path d=\"M416 208H32c-17.67 0-32 14.33-32 32v32c0 17.67 14.33 32 32 32h384c17.67 0 32-14.33 32-32v-32c0-17.67-14.33-32-32-32z\"><\/path><\/svg><\/span>\n\t\t\t<span class='e-closed'><svg aria-hidden=\"true\" class=\"e-font-icon-svg e-fas-plus\" viewBox=\"0 0 448 512\" xmlns=\"http:\/\/www.w3.org\/2000\/svg\"><path d=\"M416 208H272V64c0-17.67-14.33-32-32-32h-32c-17.67 0-32 14.33-32 32v144H32c-17.67 0-32 14.33-32 32v32c0 17.67 14.33 32 32 32h144v144c0 17.67 14.33 32 32 32h32c17.67 0 32-14.33 32-32V304h144c17.67 0 32-14.33 32-32v-32c0-17.67-14.33-32-32-32z\"><\/path><\/svg><\/span>\n\t\t<\/span>\n\n\t\t\t\t\t\t<\/summary>\n\t\t\t\t<div role=\"region\" aria-labelledby=\"e-n-accordion-item-7380\" class=\"elementor-element elementor-element-67d8a10d e-con-full e-flex e-con e-child\" data-id=\"67d8a10d\" data-element_type=\"container\">\n\t\t\t\t<div class=\"elementor-element elementor-element-e134649 elementor-widget elementor-widget-html\" data-id=\"e134649\" data-element_type=\"widget\" data-widget_type=\"html.default\">\n\t\t\t\t\t<iframe src=\"https:\/\/outlook.office365.com\/book\/houseHFDrmhcatlanticca@rmhcatlantic.ca\/\" style=\"min-height: 100vh;  background-color: #ffffff; overflow:hidden; position:float; display:block; border:0\" height=\"1000%\" ;=\"\" width=\"100%\" scrolling=\"yes\"><\/iframe>\t\t\t\t<\/div>\n\t\t\t\t<\/div>\n\t\t\t\t\t<\/details>\n\t\t\t\t\t\t<details id=\"e-n-accordion-item-7381\" class=\"e-n-accordion-item\" >\n\t\t\t\t<summary class=\"e-n-accordion-item-title\" data-accordion-index=\"2\" tabindex=\"-1\" aria-expanded=\"false\" aria-controls=\"e-n-accordion-item-7381\" >\n\t\t\t\t\t<span class='e-n-accordion-item-title-header'><div class=\"e-n-accordion-item-title-text\"> Moncton Family Room Schedule <\/div><\/span>\n\t\t\t\t\t\t\t<span class='e-n-accordion-item-title-icon'>\n\t\t\t<span class='e-opened' ><svg aria-hidden=\"true\" class=\"e-font-icon-svg e-fas-minus\" viewBox=\"0 0 448 512\" xmlns=\"http:\/\/www.w3.org\/2000\/svg\"><path d=\"M416 208H32c-17.67 0-32 14.33-32 32v32c0 17.67 14.33 32 32 32h384c17.67 0 32-14.33 32-32v-32c0-17.67-14.33-32-32-32z\"><\/path><\/svg><\/span>\n\t\t\t<span class='e-closed'><svg aria-hidden=\"true\" class=\"e-font-icon-svg e-fas-plus\" viewBox=\"0 0 448 512\" xmlns=\"http:\/\/www.w3.org\/2000\/svg\"><path d=\"M416 208H272V64c0-17.67-14.33-32-32-32h-32c-17.67 0-32 14.33-32 32v144H32c-17.67 0-32 14.33-32 32v32c0 17.67 14.33 32 32 32h144v144c0 17.67 14.33 32 32 32h32c17.67 0 32-14.33 32-32V304h144c17.67 0 32-14.33 32-32v-32c0-17.67-14.33-32-32-32z\"><\/path><\/svg><\/span>\n\t\t<\/span>\n\n\t\t\t\t\t\t<\/summary>\n\t\t\t\t<div role=\"region\" aria-labelledby=\"e-n-accordion-item-7381\" class=\"elementor-element elementor-element-2f9cbc7f e-con-full e-flex e-con e-child\" data-id=\"2f9cbc7f\" data-element_type=\"container\">\n\t\t\t\t<div class=\"elementor-element elementor-element-23450aa elementor-widget elementor-widget-html\" data-id=\"23450aa\" data-element_type=\"widget\" data-widget_type=\"html.default\">\n\t\t\t\t\t<iframe src=\"https:\/\/outlook.office365.com\/book\/MonctonFamilyRoomHomeForDinner@rmhcatlantic.ca\/\" style=\"min-height: 100vh;  background-color: #ffffff; overflow:hidden; position:float; display:block; border:0\" height=\"1000%\" ;=\"\" width=\"100%\" scrolling=\"yes\"><\/iframe>\t\t\t\t<\/div>\n\t\t\t\t<div class=\"elementor-element elementor-element-2ec16b5d elementor-widget elementor-widget-text-editor\" data-id=\"2ec16b5d\" data-element_type=\"widget\" data-widget_type=\"text-editor.default\">\n\t\t\t\t\t\t\t\t\t<p>Lorem ipsum dolor sit amet, cons ectetur adip iscing elit. Ut elit tellus, luctus <a href=\"#\">nec ullam<\/a> corper mat tis, pulvin ar dapibus leo. Rem ipsum dolor sit amet, cons ectetur adip iscing elit. Ut elit tellus, luctus <a href=\"#\">nec ullam<\/a> corper mat tis, pulvin ar dapibus leo.\u00a0<\/p>\t\t\t\t\t\t\t\t<\/div>\n\t\t\t\t<\/div>\n\t\t\t\t\t<\/details>\n\t\t\t\t\t<\/div>\n\t\t\t\t\t\t<\/div>\n\t\t\t\t<\/div>\n\t\t\t\t\t<\/div>\n\t\t\t\t<\/div>\n\t\t<div class=\"elementor-element elementor-element-36f53b11 e-flex e-con-boxed e-con e-parent\" data-id=\"36f53b11\" data-element_type=\"container\" data-settings=\"{&quot;background_background&quot;:&quot;classic&quot;}\">\n\t\t\t\t\t<div class=\"e-con-inner\">\n\t\t<div class=\"elementor-element elementor-element-3dc509e8 e-con-full e-flex e-con e-child\" data-id=\"3dc509e8\" data-element_type=\"container\">\n\t\t\t\t<div class=\"elementor-element elementor-element-76854c6e elementor-widget elementor-widget-image\" data-id=\"76854c6e\" data-element_type=\"widget\" data-widget_type=\"image.default\">\n\t\t\t\t\t\t\t\t\t\t\t\t\t\t\t<img decoding=\"async\" width=\"1000\" height=\"850\" src=\"https:\/\/rmhcmaritimes2025-dev.rbdemo.dev\/wp-content\/uploads\/Meal-Program-2-1.png\" class=\"attachment-full size-full wp-image-6118\" alt=\"\" srcset=\"https:\/\/rmhcmaritimes2025-dev.rbdemo.dev\/wp-content\/uploads\/Meal-Program-2-1.png 1000w, https:\/\/rmhcmaritimes2025-dev.rbdemo.dev\/wp-content\/uploads\/Meal-Program-2-1-150x128.png 150w, https:\/\/rmhcmaritimes2025-dev.rbdemo.dev\/wp-content\/uploads\/Meal-Program-2-1-768x653.png 768w\" sizes=\"(max-width: 1000px) 100vw, 1000px\" \/>\t\t\t\t\t\t\t\t\t\t\t\t\t\t\t<\/div>\n\t\t\t\t<\/div>\n\t\t<div class=\"elementor-element elementor-element-249d02cd e-con-full e-flex e-con e-child\" data-id=\"249d02cd\" data-element_type=\"container\">\n\t\t\t\t<div class=\"elementor-element elementor-element-2ab2224 elementor-widget elementor-widget-heading\" data-id=\"2ab2224\" data-element_type=\"widget\" data-widget_type=\"heading.default\">\n\t\t\t\t\t<h2 class=\"elementor-heading-title elementor-size-default\">Souper en famille<\/h2>\t\t\t\t<\/div>\n\t\t\t\t<div class=\"elementor-element elementor-element-a7c21ee elementor-widget elementor-widget-text-editor\" data-id=\"a7c21ee\" data-element_type=\"widget\" data-widget_type=\"text-editor.default\">\n\t\t\t\t\t\t\t\t\t<p><span style=\"font-weight: 400;\">Le souper en famille est un programme qui permet \u00e0 assurer aux familles h\u00e9berg\u00e9es dans notre manoir de d\u00e9guster de bons repas chauds apr\u00e8s une longue journ\u00e9e pass\u00e9e \u00e0 l\u2019h\u00f4pital.<\/span><\/p><p><span style=\"font-weight: 400;\">Que le groupe soit form\u00e9 de coll\u00e8gues, d\u2019amis ou de membres d\u2019une famille, il s\u2019agit d\u2019une exp\u00e9rience amusante qui permet \u00e9galement d\u2019offrir un service essentiel \u00e0 nos familles.<\/span><\/p>\t\t\t\t\t\t\t\t<\/div>\n\t\t\t\t<\/div>\n\t\t\t\t\t<\/div>\n\t\t\t\t<\/div>\n\t\t<div class=\"elementor-element elementor-element-792eafe8 e-flex e-con-boxed e-con e-parent\" data-id=\"792eafe8\" data-element_type=\"container\">\n\t\t\t\t\t<div class=\"e-con-inner\">\n\t\t<div class=\"elementor-element elementor-element-99d7066 e-con-full e-flex e-con e-child\" data-id=\"99d7066\" data-element_type=\"container\">\n\t\t\t\t<div class=\"elementor-element elementor-element-1ddea64 elementor-widget elementor-widget-heading\" data-id=\"1ddea64\" data-element_type=\"widget\" data-widget_type=\"heading.default\">\n\t\t\t\t\t<h2 class=\"elementor-heading-title elementor-size-default\">Fonctionnement<\/h2>\t\t\t\t<\/div>\n\t\t\t\t<div class=\"elementor-element elementor-element-1dfae6b elementor-widget elementor-widget-text-editor\" data-id=\"1dfae6b\" data-element_type=\"widget\" data-widget_type=\"text-editor.default\">\n\t\t\t\t\t\t\t\t\t<p><span style=\"font-weight: 400;\">Rassemblez un groupe comptant jusqu\u2019\u00e0 6 personnes pour pr\u00e9parer un repas pour les familles h\u00e9berg\u00e9es au manoir ou qui fr\u00e9quentent les salles familiales.<\/span><\/p><p><span style=\"font-weight: 400;\">Il suffit de faire l\u2019\u00e9picerie et de pr\u00e9parer le repas dans notre cuisine.<\/span><\/p><p><span style=\"font-weight: 400;\">L\u2019arriv\u00e9e se fait vers 15 h afin que le repas soit pr\u00eat \u00e0 \u00eatre servi \u00e0 17 h.<\/span><\/p><p><span style=\"font-weight: 400;\">Nous demandons un engagement de 4 repas sur un an.<\/span><\/p>\t\t\t\t\t\t\t\t<\/div>\n\t\t\t\t<\/div>\n\t\t<div class=\"elementor-element elementor-element-16fdad29 e-con-full elementor-hidden-tablet elementor-hidden-mobile e-flex e-con e-child\" data-id=\"16fdad29\" data-element_type=\"container\">\n\t\t\t\t<\/div>\n\t\t\t\t\t<\/div>\n\t\t\t\t<\/div>\n\t\t<div class=\"elementor-element elementor-element-100e4c5b e-flex e-con-boxed e-con e-parent\" data-id=\"100e4c5b\" data-element_type=\"container\" data-settings=\"{&quot;background_background&quot;:&quot;classic&quot;}\">\n\t\t\t\t\t<div class=\"e-con-inner\">\n\t\t<div class=\"elementor-element elementor-element-3cca048b e-con-full e-flex e-con e-child\" data-id=\"3cca048b\" data-element_type=\"container\">\n\t\t\t\t<div class=\"elementor-element elementor-element-35cc3b23 elementor-widget elementor-widget-heading\" data-id=\"35cc3b23\" data-element_type=\"widget\" data-widget_type=\"heading.default\">\n\t\t\t\t\t<h2 class=\"elementor-heading-title elementor-size-default\">Pour commencer<\/h2>\t\t\t\t<\/div>\n\t\t\t\t<div class=\"elementor-element elementor-element-65320c50 elementor-widget elementor-widget-text-editor\" data-id=\"65320c50\" data-element_type=\"widget\" data-widget_type=\"text-editor.default\">\n\t\t\t\t\t\t\t\t\t<p><span style=\"font-weight: 400;\">Communiquez avec notre \u00e9quipe pour choisir une date qui vous convient!<\/span><\/p><p><span style=\"font-weight: 400;\">\u00c0 Halifax, communiquez avec <a href=\"mailto:homefordinner@ronaldmcdonaldhousemaritimes.ca\" target=\"_blank\" rel=\"noopener\">homefordinner@ronaldmcdonaldhousemaritimes.ca<\/a>. Pour obtenir des renseignements suppl\u00e9mentaires, consultez la trousse de renseignements sur le programme Souper en famille de Halifax.<\/span><\/p><p><span style=\"font-weight: 400;\">\u00c0 Moncton, communiquez avec Nadine au <a href=\"mailto:nadine@ronaldmcdonaldhousemaritimes.ca\" target=\"_blank\" rel=\"noopener\">nadine@ronaldmcdonaldhousemaritimes.ca<\/a>. Pour obtenir des renseignements suppl\u00e9mentaires, consultez la trousse de renseignements sur le programme Souper en famille de Moncton.<\/span><\/p>\t\t\t\t\t\t\t\t<\/div>\n\t\t<div class=\"elementor-element elementor-element-bc6c920 e-con-full e-flex e-con e-child\" data-id=\"bc6c920\" data-element_type=\"container\">\n\t\t\t\t<div class=\"elementor-element elementor-element-28a2d559 elementor-mobile-align-justify elementor-widget elementor-widget-button\" data-id=\"28a2d559\" data-element_type=\"widget\" data-widget_type=\"button.default\">\n\t\t\t\t\t\t\t\t\t\t<a class=\"elementor-button elementor-button-link elementor-size-sm\" href=\"\/wp-content\/uploads\/Home-for-Dinner-Information-Package-2023.pdf\" target=\"_blank\">\n\t\t\t\t\t\t<span class=\"elementor-button-content-wrapper\">\n\t\t\t\t\t\t\t\t\t<span class=\"elementor-button-text\">Trousse d\u2019information \u2013 Halifax (EN)<\/span>\n\t\t\t\t\t<\/span>\n\t\t\t\t\t<\/a>\n\t\t\t\t\t\t\t\t<\/div>\n\t\t\t\t<div class=\"elementor-element elementor-element-f8a4934 elementor-mobile-align-justify elementor-widget elementor-widget-button\" data-id=\"f8a4934\" data-element_type=\"widget\" data-widget_type=\"button.default\">\n\t\t\t\t\t\t\t\t\t\t<a class=\"elementor-button elementor-button-link elementor-size-sm\" href=\"\/wp-content\/uploads\/Home-for-Dinner-Information-Package-Moncton-2024.pdf\" target=\"_blank\">\n\t\t\t\t\t\t<span class=\"elementor-button-content-wrapper\">\n\t\t\t\t\t\t\t\t\t<span class=\"elementor-button-text\">Trousse d\u2019information \u2013 Moncton (EN)<\/span>\n\t\t\t\t\t<\/span>\n\t\t\t\t\t<\/a>\n\t\t\t\t\t\t\t\t<\/div>\n\t\t\t\t<\/div>\n\t\t\t\t<\/div>\n\t\t<div class=\"elementor-element elementor-element-7491ac30 e-con-full e-flex e-con e-child\" data-id=\"7491ac30\" data-element_type=\"container\">\n\t\t\t\t<div class=\"elementor-element elementor-element-641ae7e9 elementor-widget elementor-widget-image\" data-id=\"641ae7e9\" data-element_type=\"widget\" data-widget_type=\"image.default\">\n\t\t\t\t\t\t\t\t\t\t\t\t\t\t\t<img loading=\"lazy\" decoding=\"async\" width=\"1000\" height=\"850\" src=\"https:\/\/rmhcmaritimes2025-dev.rbdemo.dev\/wp-content\/uploads\/WILLOWBRAE-1000x850-1.png\" class=\"attachment-full size-full wp-image-6125\" alt=\"\" srcset=\"https:\/\/rmhcmaritimes2025-dev.rbdemo.dev\/wp-content\/uploads\/WILLOWBRAE-1000x850-1.png 1000w, https:\/\/rmhcmaritimes2025-dev.rbdemo.dev\/wp-content\/uploads\/WILLOWBRAE-1000x850-1-150x128.png 150w, https:\/\/rmhcmaritimes2025-dev.rbdemo.dev\/wp-content\/uploads\/WILLOWBRAE-1000x850-1-768x653.png 768w\" sizes=\"(max-width: 1000px) 100vw, 1000px\" \/>\t\t\t\t\t\t\t\t\t\t\t\t\t\t\t<\/div>\n\t\t\t\t<\/div>\n\t\t\t\t\t<\/div>\n\t\t\t\t<\/div>\n\t\t<div class=\"elementor-element elementor-element-44f5a80c e-flex e-con-boxed e-con e-parent\" data-id=\"44f5a80c\" data-element_type=\"container\" data-settings=\"{&quot;background_background&quot;:&quot;classic&quot;}\">\n\t\t\t\t\t<div class=\"e-con-inner\">\n\t\t<div class=\"elementor-element elementor-element-2490e572 e-con-full e-flex e-con e-child\" data-id=\"2490e572\" data-element_type=\"container\">\n\t\t\t\t<div class=\"elementor-element elementor-element-29e3cf44 elementor-widget elementor-widget-image\" data-id=\"29e3cf44\" data-element_type=\"widget\" data-widget_type=\"image.default\">\n\t\t\t\t\t\t\t\t\t\t\t\t\t\t\t<img loading=\"lazy\" decoding=\"async\" width=\"2560\" height=\"2560\" src=\"https:\/\/rmhcmaritimes2025-dev.rbdemo.dev\/wp-content\/uploads\/RMH-icons_Home-cooked-meals-RGB-scaled.png\" class=\"attachment-full size-full wp-image-6120\" alt=\"\" srcset=\"https:\/\/rmhcmaritimes2025-dev.rbdemo.dev\/wp-content\/uploads\/RMH-icons_Home-cooked-meals-RGB-scaled.png 2560w, https:\/\/rmhcmaritimes2025-dev.rbdemo.dev\/wp-content\/uploads\/RMH-icons_Home-cooked-meals-RGB-150x150.png 150w, https:\/\/rmhcmaritimes2025-dev.rbdemo.dev\/wp-content\/uploads\/RMH-icons_Home-cooked-meals-RGB-768x768.png 768w, https:\/\/rmhcmaritimes2025-dev.rbdemo.dev\/wp-content\/uploads\/RMH-icons_Home-cooked-meals-RGB-1536x1536.png 1536w, https:\/\/rmhcmaritimes2025-dev.rbdemo.dev\/wp-content\/uploads\/RMH-icons_Home-cooked-meals-RGB-2048x2048.png 2048w\" sizes=\"(max-width: 2560px) 100vw, 2560px\" \/>\t\t\t\t\t\t\t\t\t\t\t\t\t\t\t<\/div>\n\t\t\t\t<\/div>\n\t\t<div class=\"elementor-element elementor-element-61b55b41 e-con-full e-flex e-con e-child\" data-id=\"61b55b41\" data-element_type=\"container\">\n\t\t\t\t<div class=\"elementor-element elementor-element-7626d103 elementor-widget elementor-widget-text-editor\" data-id=\"7626d103\" data-element_type=\"widget\" data-widget_type=\"text-editor.default\">\n\t\t\t\t\t\t\t\t\t<h2><span style=\"font-weight: 400;\">Pour plus d\u2019informations, contactez <\/span><span style=\"font-weight: 400;\"><a href=\"mailto:homefordinner@ronaldmcdonaldhousemaritimes.ca\" target=\"_blank\" rel=\"noopener\">homefordinner@ronaldmcdonaldhousemaritimes.ca<\/a><\/span><\/h2>\t\t\t\t\t\t\t\t<\/div>\n\t\t\t\t<\/div>\n\t\t\t\t\t<\/div>\n\t\t\t\t<\/div>\n\t\t\t\t<\/div>\n\t\t","protected":false},"excerpt":{"rendered":"<p>Souper en famille Nous ne pourrions y arriver sans vous! Choisissez un emplacement Ronald McDonald House Schedule Moncton Family Room Schedule Lorem ipsum dolor sit amet, cons ectetur adip iscing elit. Ut elit tellus, luctus nec ullam corper mat tis, pulvin ar dapibus leo. Rem ipsum dolor sit amet, cons ectetur adip iscing elit. Ut [&hellip;]<\/p>\n","protected":false},"author":13,"featured_media":0,"parent":6220,"menu_order":0,"comment_status":"closed","ping_status":"closed","template":"","meta":{"footnotes":""},"class_list":["post-6121","page","type-page","status-publish","hentry"],"_links":{"self":[{"href":"https:\/\/rmhcmaritimes2025-dev.rbdemo.dev\/fr\/wp-json\/wp\/v2\/pages\/6121","targetHints":{"allow":["GET"]}}],"collection":[{"href":"https:\/\/rmhcmaritimes2025-dev.rbdemo.dev\/fr\/wp-json\/wp\/v2\/pages"}],"about":[{"href":"https:\/\/rmhcmaritimes2025-dev.rbdemo.dev\/fr\/wp-json\/wp\/v2\/types\/page"}],"author":[{"embeddable":true,"href":"https:\/\/rmhcmaritimes2025-dev.rbdemo.dev\/fr\/wp-json\/wp\/v2\/users\/13"}],"replies":[{"embeddable":true,"href":"https:\/\/rmhcmaritimes2025-dev.rbdemo.dev\/fr\/wp-json\/wp\/v2\/comments?post=6121"}],"version-history":[{"count":16,"href":"https:\/\/rmhcmaritimes2025-dev.rbdemo.dev\/fr\/wp-json\/wp\/v2\/pages\/6121\/revisions"}],"predecessor-version":[{"id":6757,"href":"https:\/\/rmhcmaritimes2025-dev.rbdemo.dev\/fr\/wp-json\/wp\/v2\/pages\/6121\/revisions\/6757"}],"up":[{"embeddable":true,"href":"https:\/\/rmhcmaritimes2025-dev.rbdemo.dev\/fr\/wp-json\/wp\/v2\/pages\/6220"}],"wp:attachment":[{"href":"https:\/\/rmhcmaritimes2025-dev.rbdemo.dev\/fr\/wp-json\/wp\/v2\/media?parent=6121"}],"curies":[{"name":"wp","href":"https:\/\/api.w.org\/{rel}","templated":true}]}}