{"id":6178,"date":"2025-10-11T16:55:28","date_gmt":"2025-10-11T21:55:28","guid":{"rendered":"https:\/\/rmhcmaritimes2025-dev.rbdemo.dev\/?page_id=6178"},"modified":"2025-10-11T17:25:48","modified_gmt":"2025-10-11T22:25:48","slug":"don-planifie","status":"publish","type":"page","link":"https:\/\/rmhcmaritimes2025-dev.rbdemo.dev\/fr\/comment-aider\/don-planifie\/","title":{"rendered":"Don planifi\u00e9"},"content":{"rendered":"\t\t<div data-elementor-type=\"wp-page\" data-elementor-id=\"6178\" class=\"elementor elementor-6178 elementor-6101\" data-elementor-post-type=\"page\">\n\t\t\t\t<div class=\"elementor-element elementor-element-4f79aff e-con-full e-flex e-con e-parent\" data-id=\"4f79aff\" data-element_type=\"container\">\n\t\t\t\t<div class=\"elementor-element elementor-element-754336bb elementor-widget__width-initial elementor-hidden-mobile elementor-widget elementor-widget-image\" data-id=\"754336bb\" data-element_type=\"widget\" data-widget_type=\"image.default\">\n\t\t\t\t\t\t\t\t\t\t\t\t\t\t\t<img fetchpriority=\"high\" decoding=\"async\" width=\"1451\" height=\"620\" src=\"https:\/\/rmhcmaritimes2025-dev.rbdemo.dev\/wp-content\/uploads\/Planned-Giving-1450.png\" class=\"attachment-full size-full wp-image-6175\" alt=\"\" srcset=\"https:\/\/rmhcmaritimes2025-dev.rbdemo.dev\/wp-content\/uploads\/Planned-Giving-1450.png 1451w, https:\/\/rmhcmaritimes2025-dev.rbdemo.dev\/wp-content\/uploads\/Planned-Giving-1450-150x64.png 150w, https:\/\/rmhcmaritimes2025-dev.rbdemo.dev\/wp-content\/uploads\/Planned-Giving-1450-768x328.png 768w\" sizes=\"(max-width: 1451px) 100vw, 1451px\" \/>\t\t\t\t\t\t\t\t\t\t\t\t\t\t\t<\/div>\n\t\t\t\t<div class=\"elementor-element elementor-element-2c1f5a4c elementor-hidden-desktop elementor-hidden-tablet elementor-widget elementor-widget-image\" data-id=\"2c1f5a4c\" data-element_type=\"widget\" data-widget_type=\"image.default\">\n\t\t\t\t\t\t\t\t\t\t\t\t\t\t\t<img decoding=\"async\" width=\"1000\" height=\"850\" src=\"https:\/\/rmhcmaritimes2025-dev.rbdemo.dev\/wp-content\/uploads\/Planned-Giving-1000.png\" class=\"attachment-full size-full wp-image-6176\" alt=\"\" srcset=\"https:\/\/rmhcmaritimes2025-dev.rbdemo.dev\/wp-content\/uploads\/Planned-Giving-1000.png 1000w, https:\/\/rmhcmaritimes2025-dev.rbdemo.dev\/wp-content\/uploads\/Planned-Giving-1000-150x128.png 150w, https:\/\/rmhcmaritimes2025-dev.rbdemo.dev\/wp-content\/uploads\/Planned-Giving-1000-768x653.png 768w\" sizes=\"(max-width: 1000px) 100vw, 1000px\" \/>\t\t\t\t\t\t\t\t\t\t\t\t\t\t\t<\/div>\n\t\t\t\t<\/div>\n\t\t<div class=\"elementor-element elementor-element-6b049e91 e-con-full e-flex e-con e-parent\" data-id=\"6b049e91\" data-element_type=\"container\">\n\t\t<div class=\"elementor-element elementor-element-10d757c7 e-con-full e-flex e-con e-child\" data-id=\"10d757c7\" data-element_type=\"container\">\n\t\t\t\t<div class=\"elementor-element elementor-element-4a1e90ae elementor-widget elementor-widget-heading\" data-id=\"4a1e90ae\" data-element_type=\"widget\" data-widget_type=\"heading.default\">\n\t\t\t\t\t<h1 class=\"elementor-heading-title elementor-size-default\">Don planifi\u00e9\n\n<\/h1>\t\t\t\t<\/div>\n\t\t\t\t<div class=\"elementor-element elementor-element-5188743f elementor-widget elementor-widget-text-editor\" data-id=\"5188743f\" data-element_type=\"widget\" data-widget_type=\"text-editor.default\">\n\t\t\t\t\t\t\t\t\t<h2>Offrez le don d\u2019\u00eatre ensemble aux familles des Maritimes.<\/h2><p>\u00a0<\/p>\t\t\t\t\t\t\t\t<\/div>\n\t\t\t\t<\/div>\n\t\t<div class=\"elementor-element elementor-element-65dc7b1c e-con-full e-flex e-con e-child\" data-id=\"65dc7b1c\" data-element_type=\"container\">\n\t\t\t\t<\/div>\n\t\t\t\t<\/div>\n\t\t<div class=\"elementor-element elementor-element-de389ad e-flex e-con-boxed e-con e-parent\" data-id=\"de389ad\" data-element_type=\"container\" data-settings=\"{&quot;background_background&quot;:&quot;classic&quot;}\">\n\t\t\t\t\t<div class=\"e-con-inner\">\n\t\t<div class=\"elementor-element elementor-element-1feb0d45 e-con-full e-flex e-con e-child\" data-id=\"1feb0d45\" data-element_type=\"container\">\n\t\t\t\t<div class=\"elementor-element elementor-element-5e4d31b6 elementor-widget elementor-widget-heading\" data-id=\"5e4d31b6\" data-element_type=\"widget\" data-widget_type=\"heading.default\">\n\t\t\t\t\t<h2 class=\"elementor-heading-title elementor-size-default\">Pourquoi faire un don planifi\u00e9?\n<\/h2>\t\t\t\t<\/div>\n\t\t\t\t<div class=\"elementor-element elementor-element-00ced77 elementor-widget elementor-widget-text-editor\" data-id=\"00ced77\" data-element_type=\"widget\" data-widget_type=\"text-editor.default\">\n\t\t\t\t\t\t\t\t\t<p>Un don planifi\u00e9, peu importe la taille, est une excellente fa\u00e7on de d\u00e9montrer les valeurs qui vous ont guid\u00e9 tout au long de votre vie en plus d\u2019offrir des bienfaits durables aux g\u00e9n\u00e9rations \u00e0 venir. Vous pouvez contribuer \u00e0 ce que d\u2019autres familles des Maritimes re\u00e7oivent le soutien et l\u2019h\u00e9bergement n\u00e9cessaires lorsqu\u2019elles doivent se d\u00e9placer pour avoir acc\u00e8s aux soins de sant\u00e9 vitaux.\u00a0<\/p>\t\t\t\t\t\t\t\t<\/div>\n\t\t\t\t<\/div>\n\t\t<div class=\"elementor-element elementor-element-10ce5165 e-con-full e-flex e-con e-child\" data-id=\"10ce5165\" data-element_type=\"container\">\n\t\t\t\t<div class=\"elementor-element elementor-element-7054fb3 elementor-widget elementor-widget-image\" data-id=\"7054fb3\" data-element_type=\"widget\" data-widget_type=\"image.default\">\n\t\t\t\t\t\t\t\t\t\t\t\t\t\t\t<img decoding=\"async\" width=\"1000\" height=\"850\" src=\"https:\/\/rmhcmaritimes2025-dev.rbdemo.dev\/wp-content\/uploads\/humphrey-muleba-u4jY1xPIObs-unsplash-1-1.png\" class=\"attachment-full size-full wp-image-6177\" alt=\"\" srcset=\"https:\/\/rmhcmaritimes2025-dev.rbdemo.dev\/wp-content\/uploads\/humphrey-muleba-u4jY1xPIObs-unsplash-1-1.png 1000w, https:\/\/rmhcmaritimes2025-dev.rbdemo.dev\/wp-content\/uploads\/humphrey-muleba-u4jY1xPIObs-unsplash-1-1-150x128.png 150w, https:\/\/rmhcmaritimes2025-dev.rbdemo.dev\/wp-content\/uploads\/humphrey-muleba-u4jY1xPIObs-unsplash-1-1-768x653.png 768w\" sizes=\"(max-width: 1000px) 100vw, 1000px\" \/>\t\t\t\t\t\t\t\t\t\t\t\t\t\t\t<\/div>\n\t\t\t\t<\/div>\n\t\t\t\t\t<\/div>\n\t\t\t\t<\/div>\n\t\t<div class=\"elementor-element elementor-element-68015266 e-flex e-con-boxed e-con e-parent\" data-id=\"68015266\" data-element_type=\"container\">\n\t\t\t\t\t<div class=\"e-con-inner\">\n\t\t<div class=\"elementor-element elementor-element-620a1a35 e-con-full e-flex e-con e-child\" data-id=\"620a1a35\" data-element_type=\"container\">\n\t\t\t\t<div class=\"elementor-element elementor-element-e46327f elementor-widget elementor-widget-heading\" data-id=\"e46327f\" data-element_type=\"widget\" data-widget_type=\"heading.default\">\n\t\t\t\t\t<h2 class=\"elementor-heading-title elementor-size-default\">Quelles sont les options de don planifi\u00e9 offertes par la Maison Ronald McDonald des Maritimes?<\/h2>\t\t\t\t<\/div>\n\t\t\t\t<div class=\"elementor-element elementor-element-8f6fef elementor-widget elementor-widget-n-accordion\" data-id=\"8f6fef\" data-element_type=\"widget\" data-settings=\"{&quot;n_accordion_animation_duration&quot;:{&quot;unit&quot;:&quot;ms&quot;,&quot;size&quot;:200,&quot;sizes&quot;:[]},&quot;default_state&quot;:&quot;expanded&quot;,&quot;max_items_expended&quot;:&quot;one&quot;}\" data-widget_type=\"nested-accordion.default\">\n\t\t\t\t\t\t\t<div class=\"e-n-accordion\" aria-label=\"Accordion. Open links with Enter or Space, close with Escape, and navigate with Arrow Keys\">\n\t\t\t\t\t\t<details id=\"e-n-accordion-item-9400\" class=\"e-n-accordion-item\" open>\n\t\t\t\t<summary class=\"e-n-accordion-item-title\" data-accordion-index=\"1\" tabindex=\"0\" aria-expanded=\"true\" aria-controls=\"e-n-accordion-item-9400\" >\n\t\t\t\t\t<span class='e-n-accordion-item-title-header'><div class=\"e-n-accordion-item-title-text\"> LEGS <\/div><\/span>\n\t\t\t\t\t\t\t<span class='e-n-accordion-item-title-icon'>\n\t\t\t<span class='e-opened' ><svg aria-hidden=\"true\" class=\"e-font-icon-svg e-fas-minus\" viewBox=\"0 0 448 512\" xmlns=\"http:\/\/www.w3.org\/2000\/svg\"><path d=\"M416 208H32c-17.67 0-32 14.33-32 32v32c0 17.67 14.33 32 32 32h384c17.67 0 32-14.33 32-32v-32c0-17.67-14.33-32-32-32z\"><\/path><\/svg><\/span>\n\t\t\t<span class='e-closed'><svg aria-hidden=\"true\" class=\"e-font-icon-svg e-fas-plus\" viewBox=\"0 0 448 512\" xmlns=\"http:\/\/www.w3.org\/2000\/svg\"><path d=\"M416 208H272V64c0-17.67-14.33-32-32-32h-32c-17.67 0-32 14.33-32 32v144H32c-17.67 0-32 14.33-32 32v32c0 17.67 14.33 32 32 32h144v144c0 17.67 14.33 32 32 32h32c17.67 0 32-14.33 32-32V304h144c17.67 0 32-14.33 32-32v-32c0-17.67-14.33-32-32-32z\"><\/path><\/svg><\/span>\n\t\t<\/span>\n\n\t\t\t\t\t\t<\/summary>\n\t\t\t\t<div role=\"region\" aria-labelledby=\"e-n-accordion-item-9400\" class=\"elementor-element elementor-element-49fdba66 e-con-full e-flex e-con e-child\" data-id=\"49fdba66\" data-element_type=\"container\">\n\t\t\t\t<div class=\"elementor-element elementor-element-fccc5b0 elementor-widget elementor-widget-text-editor\" data-id=\"fccc5b0\" data-element_type=\"widget\" data-widget_type=\"text-editor.default\">\n\t\t\t\t\t\t\t\t\t<p>En plus de penser \u00e0 votre famille et \u00e0 vos amis dans votre testament, vous pouvez faire un legs \u00e0 la Maison Ronald McDonald des Maritimes sous forme d\u2019un don pr\u00e9cis (montant pr\u00e9d\u00e9termin\u00e9), r\u00e9siduel\/proportionnel (une portion ou un pourcentage de votre succession) ou d\u2019un don conditionnel (don d\u00e9pendant d\u2019un autre \u00e9v\u00e9nement ou des fonds restants apr\u00e8s les paiements n\u00e9cessaires). Un legs est un don appropri\u00e9 pour ceux qui souhaitent laisser un don significatif tout en veillant au bien-\u00eatre de leur famille. Tout montant, quel qu\u2019il soit, permet d\u2019assurer une source de financement stable \u00e0 la Maison Ronald McDonald des Maritimes sans nuire \u00e0 votre style de vie actuel. Vous pouvez pr\u00e9voir la r\u00e9ception d\u2019un re\u00e7u d\u2019imp\u00f4t qui pourrait servir \u00e0 r\u00e9duire l\u2019imp\u00f4t exigible de votre succession.<\/p>\t\t\t\t\t\t\t\t<\/div>\n\t\t\t\t<\/div>\n\t\t\t\t\t<\/details>\n\t\t\t\t\t\t<details id=\"e-n-accordion-item-9401\" class=\"e-n-accordion-item\" >\n\t\t\t\t<summary class=\"e-n-accordion-item-title\" data-accordion-index=\"2\" tabindex=\"-1\" aria-expanded=\"false\" aria-controls=\"e-n-accordion-item-9401\" >\n\t\t\t\t\t<span class='e-n-accordion-item-title-header'><div class=\"e-n-accordion-item-title-text\"> Don d\u2019une assurance-vie <\/div><\/span>\n\t\t\t\t\t\t\t<span class='e-n-accordion-item-title-icon'>\n\t\t\t<span class='e-opened' ><svg aria-hidden=\"true\" class=\"e-font-icon-svg e-fas-minus\" viewBox=\"0 0 448 512\" xmlns=\"http:\/\/www.w3.org\/2000\/svg\"><path d=\"M416 208H32c-17.67 0-32 14.33-32 32v32c0 17.67 14.33 32 32 32h384c17.67 0 32-14.33 32-32v-32c0-17.67-14.33-32-32-32z\"><\/path><\/svg><\/span>\n\t\t\t<span class='e-closed'><svg aria-hidden=\"true\" class=\"e-font-icon-svg e-fas-plus\" viewBox=\"0 0 448 512\" xmlns=\"http:\/\/www.w3.org\/2000\/svg\"><path d=\"M416 208H272V64c0-17.67-14.33-32-32-32h-32c-17.67 0-32 14.33-32 32v144H32c-17.67 0-32 14.33-32 32v32c0 17.67 14.33 32 32 32h144v144c0 17.67 14.33 32 32 32h32c17.67 0 32-14.33 32-32V304h144c17.67 0 32-14.33 32-32v-32c0-17.67-14.33-32-32-32z\"><\/path><\/svg><\/span>\n\t\t<\/span>\n\n\t\t\t\t\t\t<\/summary>\n\t\t\t\t<div role=\"region\" aria-labelledby=\"e-n-accordion-item-9401\" class=\"elementor-element elementor-element-e61187f e-con-full e-flex e-con e-child\" data-id=\"e61187f\" data-element_type=\"container\">\n\t\t\t\t<div class=\"elementor-element elementor-element-78ea4210 elementor-widget elementor-widget-text-editor\" data-id=\"78ea4210\" data-element_type=\"widget\" data-widget_type=\"text-editor.default\">\n\t\t\t\t\t\t\t\t\t<p>Transf\u00e9rez la propri\u00e9t\u00e9 d\u2019une police en vigueur, faites don de la propri\u00e9t\u00e9 d\u2019une nouvelle police ou d\u00e9signez la Maison Ronald McDonald des Maritimes comme b\u00e9n\u00e9ficiaire d\u2019une police sans transfert imm\u00e9diat de la propri\u00e9t\u00e9. Chaque option comporte des avantages fiscaux uniques pour vous et votre succession. Le don d\u2019une assurance-vie vous permet de faire un don substantiel au moyen d\u2019un petit investissement de primes mensuelles.<\/p>\t\t\t\t\t\t\t\t<\/div>\n\t\t\t\t<\/div>\n\t\t\t\t\t<\/details>\n\t\t\t\t\t\t<details id=\"e-n-accordion-item-9402\" class=\"e-n-accordion-item\" >\n\t\t\t\t<summary class=\"e-n-accordion-item-title\" data-accordion-index=\"3\" tabindex=\"-1\" aria-expanded=\"false\" aria-controls=\"e-n-accordion-item-9402\" >\n\t\t\t\t\t<span class='e-n-accordion-item-title-header'><div class=\"e-n-accordion-item-title-text\"> Don de titres <\/div><\/span>\n\t\t\t\t\t\t\t<span class='e-n-accordion-item-title-icon'>\n\t\t\t<span class='e-opened' ><svg aria-hidden=\"true\" class=\"e-font-icon-svg e-fas-minus\" viewBox=\"0 0 448 512\" xmlns=\"http:\/\/www.w3.org\/2000\/svg\"><path d=\"M416 208H32c-17.67 0-32 14.33-32 32v32c0 17.67 14.33 32 32 32h384c17.67 0 32-14.33 32-32v-32c0-17.67-14.33-32-32-32z\"><\/path><\/svg><\/span>\n\t\t\t<span class='e-closed'><svg aria-hidden=\"true\" class=\"e-font-icon-svg e-fas-plus\" viewBox=\"0 0 448 512\" xmlns=\"http:\/\/www.w3.org\/2000\/svg\"><path d=\"M416 208H272V64c0-17.67-14.33-32-32-32h-32c-17.67 0-32 14.33-32 32v144H32c-17.67 0-32 14.33-32 32v32c0 17.67 14.33 32 32 32h144v144c0 17.67 14.33 32 32 32h32c17.67 0 32-14.33 32-32V304h144c17.67 0 32-14.33 32-32v-32c0-17.67-14.33-32-32-32z\"><\/path><\/svg><\/span>\n\t\t<\/span>\n\n\t\t\t\t\t\t<\/summary>\n\t\t\t\t<div role=\"region\" aria-labelledby=\"e-n-accordion-item-9402\" class=\"elementor-element elementor-element-50cc9bb8 e-con-full e-flex e-con e-child\" data-id=\"50cc9bb8\" data-element_type=\"container\">\n\t\t\t\t<div class=\"elementor-element elementor-element-30374e60 elementor-widget elementor-widget-text-editor\" data-id=\"30374e60\" data-element_type=\"widget\" data-widget_type=\"text-editor.default\">\n\t\t\t\t\t\t\t\t\t<p>Faites don de titres et \u00e9liminez l\u2019imp\u00f4t sur les gains en capital exig\u00e9s \u00e0 la disposition de titres et de fonds communs de placement \u00e0 valeur accrue. Cette option permet le versement de la pleine valeur de vos titres \u00e0 l\u2019organisme de bienfaisance sans p\u00e9nalit\u00e9 d\u2019imp\u00f4t.<\/p><p><a href=\"https:\/\/rmhcmaritimes2025-dev.rbdemo.dev\/wp-content\/uploads\/2023-RMHC-Atlantic-Transfer-of-Securities-Form-0516.pdf\" target=\"_blank\" rel=\"noopener\">Cliquez ici pour notre \u00ab formulaire de transfert de titres \u00bb<\/a>.<\/p>\t\t\t\t\t\t\t\t<\/div>\n\t\t\t\t<\/div>\n\t\t\t\t\t<\/details>\n\t\t\t\t\t\t<details id=\"e-n-accordion-item-9403\" class=\"e-n-accordion-item\" >\n\t\t\t\t<summary class=\"e-n-accordion-item-title\" data-accordion-index=\"4\" tabindex=\"-1\" aria-expanded=\"false\" aria-controls=\"e-n-accordion-item-9403\" >\n\t\t\t\t\t<span class='e-n-accordion-item-title-header'><div class=\"e-n-accordion-item-title-text\"> Don de REER et FERR <\/div><\/span>\n\t\t\t\t\t\t\t<span class='e-n-accordion-item-title-icon'>\n\t\t\t<span class='e-opened' ><svg aria-hidden=\"true\" class=\"e-font-icon-svg e-fas-minus\" viewBox=\"0 0 448 512\" xmlns=\"http:\/\/www.w3.org\/2000\/svg\"><path d=\"M416 208H32c-17.67 0-32 14.33-32 32v32c0 17.67 14.33 32 32 32h384c17.67 0 32-14.33 32-32v-32c0-17.67-14.33-32-32-32z\"><\/path><\/svg><\/span>\n\t\t\t<span class='e-closed'><svg aria-hidden=\"true\" class=\"e-font-icon-svg e-fas-plus\" viewBox=\"0 0 448 512\" xmlns=\"http:\/\/www.w3.org\/2000\/svg\"><path d=\"M416 208H272V64c0-17.67-14.33-32-32-32h-32c-17.67 0-32 14.33-32 32v144H32c-17.67 0-32 14.33-32 32v32c0 17.67 14.33 32 32 32h144v144c0 17.67 14.33 32 32 32h32c17.67 0 32-14.33 32-32V304h144c17.67 0 32-14.33 32-32v-32c0-17.67-14.33-32-32-32z\"><\/path><\/svg><\/span>\n\t\t<\/span>\n\n\t\t\t\t\t\t<\/summary>\n\t\t\t\t<div role=\"region\" aria-labelledby=\"e-n-accordion-item-9403\" class=\"elementor-element elementor-element-0c870d4 e-con-full e-flex e-con e-child\" data-id=\"0c870d4\" data-element_type=\"container\">\n\t\t\t\t<div class=\"elementor-element elementor-element-8c35646 elementor-widget elementor-widget-text-editor\" data-id=\"8c35646\" data-element_type=\"widget\" data-widget_type=\"text-editor.default\">\n\t\t\t\t\t\t\t\t\t<p>Vous pouvez d\u00e9signer la Maison Ronald McDonald des Maritimes comme l\u2019unique b\u00e9n\u00e9ficiaire d\u2019un REER ou FERR. Vous recevrez un re\u00e7u d\u2019imp\u00f4t correspondant \u00e0 la valeur du r\u00e9gime remis en don, ce qui peut r\u00e9duire ou \u00e9liminer l\u2019imp\u00f4t payable pour votre succession.<\/p>\t\t\t\t\t\t\t\t<\/div>\n\t\t\t\t<\/div>\n\t\t\t\t\t<\/details>\n\t\t\t\t\t<\/div>\n\t\t\t\t\t\t<\/div>\n\t\t\t\t<\/div>\n\t\t<div class=\"elementor-element elementor-element-6d6f78c8 e-con-full e-flex e-con e-child\" data-id=\"6d6f78c8\" data-element_type=\"container\">\n\t\t\t\t<\/div>\n\t\t\t\t\t<\/div>\n\t\t\t\t<\/div>\n\t\t<div class=\"elementor-element elementor-element-3d9e4c7a e-flex e-con-boxed e-con e-parent\" data-id=\"3d9e4c7a\" data-element_type=\"container\" data-settings=\"{&quot;background_background&quot;:&quot;classic&quot;}\">\n\t\t\t\t\t<div class=\"e-con-inner\">\n\t\t<div class=\"elementor-element elementor-element-e173ae0 e-con-full e-flex e-con e-child\" data-id=\"e173ae0\" data-element_type=\"container\">\n\t\t\t\t<div class=\"elementor-element elementor-element-b988e87 elementor-widget elementor-widget-image\" data-id=\"b988e87\" data-element_type=\"widget\" data-widget_type=\"image.default\">\n\t\t\t\t\t\t\t\t\t\t\t\t\t\t\t<img loading=\"lazy\" decoding=\"async\" width=\"576\" height=\"576\" src=\"https:\/\/rmhcmaritimes2025-dev.rbdemo.dev\/wp-content\/uploads\/RMH_icons_RMH_House_Program_RGB.webp\" class=\"attachment-full size-full wp-image-5236\" alt=\"Hand drawn icon of house\" srcset=\"https:\/\/rmhcmaritimes2025-dev.rbdemo.dev\/wp-content\/uploads\/RMH_icons_RMH_House_Program_RGB.webp 576w, https:\/\/rmhcmaritimes2025-dev.rbdemo.dev\/wp-content\/uploads\/RMH_icons_RMH_House_Program_RGB-150x150.webp 150w\" sizes=\"(max-width: 576px) 100vw, 576px\" \/>\t\t\t\t\t\t\t\t\t\t\t\t\t\t\t<\/div>\n\t\t\t\t<\/div>\n\t\t<div class=\"elementor-element elementor-element-680bfe5e e-con-full e-flex e-con e-child\" data-id=\"680bfe5e\" data-element_type=\"container\">\n\t\t\t\t<div class=\"elementor-element elementor-element-8e09457 elementor-widget elementor-widget-heading\" data-id=\"8e09457\" data-element_type=\"widget\" data-widget_type=\"heading.default\">\n\t\t\t\t\t<h2 class=\"elementor-heading-title elementor-size-default\">Planifier un don futur<\/h2>\t\t\t\t<\/div>\n\t\t\t\t<div class=\"elementor-element elementor-element-7ad58f5d elementor-widget elementor-widget-text-editor\" data-id=\"7ad58f5d\" data-element_type=\"widget\" data-widget_type=\"text-editor.default\">\n\t\t\t\t\t\t\t\t\t<p>Nous vous encourageons \u00e0 consulter votre conseiller juridique ou financier afin de vous assurer que vos objectifs financiers sont bien g\u00e9r\u00e9s avant d\u2019officialiser votre don. Vous pouvez \u00e9galement communiquer avec nous, de fa\u00e7on confidentielle, pour obtenir du soutien dans la planification et la finalisation de votre don et votre reconnaissance.<\/p>\t\t\t\t\t\t\t\t<\/div>\n\t\t\t\t<\/div>\n\t\t\t\t\t<\/div>\n\t\t\t\t<\/div>\n\t\t<div class=\"elementor-element elementor-element-280c507b e-flex e-con-boxed e-con e-parent\" data-id=\"280c507b\" data-element_type=\"container\" data-settings=\"{&quot;background_background&quot;:&quot;classic&quot;}\">\n\t\t\t\t\t<div class=\"e-con-inner\">\n\t\t<div class=\"elementor-element elementor-element-694ff6d6 e-con-full e-flex e-con e-child\" data-id=\"694ff6d6\" data-element_type=\"container\">\n\t\t\t\t<div class=\"elementor-element elementor-element-e271e5c elementor-widget elementor-widget-text-editor\" data-id=\"e271e5c\" data-element_type=\"widget\" data-widget_type=\"text-editor.default\">\n\t\t\t\t\t\t\t\t\t<h2 style=\"text-align: center;\"><span style=\"font-weight: 400;\">Pour en savoir plus au sujet des dons planifi\u00e9s \u00e0 la Maison Ronald McDonald des Maritimes, envoyez un courriel \u00e0 l\u2019adresse : <a href=\"mailto:megan@ronaldmcdonaldhousemaritimes.ca\" target=\"_blank\" rel=\"noopener\">megan@ronaldmcdonaldhousemaritimes.ca<\/a>.<\/span><\/h2>\t\t\t\t\t\t\t\t<\/div>\n\t\t\t\t<\/div>\n\t\t\t\t\t<\/div>\n\t\t\t\t<\/div>\n\t\t\t\t<\/div>\n\t\t","protected":false},"excerpt":{"rendered":"<p>Don planifi\u00e9 Offrez le don d\u2019\u00eatre ensemble aux familles des Maritimes. \u00a0 Pourquoi faire un don planifi\u00e9? Un don planifi\u00e9, peu importe la taille, est une excellente fa\u00e7on de d\u00e9montrer les valeurs qui vous ont guid\u00e9 tout au long de votre vie en plus d\u2019offrir des bienfaits durables aux g\u00e9n\u00e9rations \u00e0 venir. Vous pouvez contribuer [&hellip;]<\/p>\n","protected":false},"author":10,"featured_media":0,"parent":6347,"menu_order":0,"comment_status":"closed","ping_status":"closed","template":"","meta":{"footnotes":""},"class_list":["post-6178","page","type-page","status-publish","hentry"],"_links":{"self":[{"href":"https:\/\/rmhcmaritimes2025-dev.rbdemo.dev\/fr\/wp-json\/wp\/v2\/pages\/6178","targetHints":{"allow":["GET"]}}],"collection":[{"href":"https:\/\/rmhcmaritimes2025-dev.rbdemo.dev\/fr\/wp-json\/wp\/v2\/pages"}],"about":[{"href":"https:\/\/rmhcmaritimes2025-dev.rbdemo.dev\/fr\/wp-json\/wp\/v2\/types\/page"}],"author":[{"embeddable":true,"href":"https:\/\/rmhcmaritimes2025-dev.rbdemo.dev\/fr\/wp-json\/wp\/v2\/users\/10"}],"replies":[{"embeddable":true,"href":"https:\/\/rmhcmaritimes2025-dev.rbdemo.dev\/fr\/wp-json\/wp\/v2\/comments?post=6178"}],"version-history":[{"count":4,"href":"https:\/\/rmhcmaritimes2025-dev.rbdemo.dev\/fr\/wp-json\/wp\/v2\/pages\/6178\/revisions"}],"predecessor-version":[{"id":6185,"href":"https:\/\/rmhcmaritimes2025-dev.rbdemo.dev\/fr\/wp-json\/wp\/v2\/pages\/6178\/revisions\/6185"}],"up":[{"embeddable":true,"href":"https:\/\/rmhcmaritimes2025-dev.rbdemo.dev\/fr\/wp-json\/wp\/v2\/pages\/6347"}],"wp:attachment":[{"href":"https:\/\/rmhcmaritimes2025-dev.rbdemo.dev\/fr\/wp-json\/wp\/v2\/media?parent=6178"}],"curies":[{"name":"wp","href":"https:\/\/api.w.org\/{rel}","templated":true}]}}