{"id":6220,"date":"2025-08-13T11:11:08","date_gmt":"2025-08-13T16:11:08","guid":{"rendered":"https:\/\/rmhcmaritimes2025-dev.rbdemo.dev\/?page_id=6220"},"modified":"2025-10-13T01:26:16","modified_gmt":"2025-10-13T06:26:16","slug":"simpliquer","status":"publish","type":"page","link":"https:\/\/rmhcmaritimes2025-dev.rbdemo.dev\/fr\/simpliquer\/","title":{"rendered":"S&rsquo;impliquer"},"content":{"rendered":"\t\t<div data-elementor-type=\"wp-page\" data-elementor-id=\"6220\" class=\"elementor elementor-6220 elementor-775\" data-elementor-post-type=\"page\">\n\t\t\t\t<div class=\"elementor-element elementor-element-a656899 e-con-full e-flex e-con e-parent\" data-id=\"a656899\" data-element_type=\"container\">\n\t\t\t\t<div class=\"elementor-element elementor-element-2cc5e3a elementor-widget__width-initial elementor-hidden-mobile elementor-widget elementor-widget-image\" data-id=\"2cc5e3a\" data-element_type=\"widget\" data-widget_type=\"image.default\">\n\t\t\t\t\t\t\t\t\t\t\t\t\t\t\t<img fetchpriority=\"high\" decoding=\"async\" width=\"1450\" height=\"620\" src=\"https:\/\/rmhcmaritimes2025-dev.rbdemo.dev\/wp-content\/uploads\/Vols2-1-1536x448-1450.png\" class=\"attachment-full size-full wp-image-6456\" alt=\"\" srcset=\"https:\/\/rmhcmaritimes2025-dev.rbdemo.dev\/wp-content\/uploads\/Vols2-1-1536x448-1450.png 1450w, https:\/\/rmhcmaritimes2025-dev.rbdemo.dev\/wp-content\/uploads\/Vols2-1-1536x448-1450-150x64.png 150w, https:\/\/rmhcmaritimes2025-dev.rbdemo.dev\/wp-content\/uploads\/Vols2-1-1536x448-1450-768x328.png 768w\" sizes=\"(max-width: 1450px) 100vw, 1450px\" \/>\t\t\t\t\t\t\t\t\t\t\t\t\t\t\t<\/div>\n\t\t\t\t<div class=\"elementor-element elementor-element-e25978d elementor-hidden-desktop elementor-hidden-tablet elementor-widget elementor-widget-image\" data-id=\"e25978d\" data-element_type=\"widget\" data-widget_type=\"image.default\">\n\t\t\t\t\t\t\t\t\t\t\t\t\t\t\t<img decoding=\"async\" width=\"1000\" height=\"850\" src=\"https:\/\/rmhcmaritimes2025-dev.rbdemo.dev\/wp-content\/uploads\/Vols2-1-1536x448-1000.png\" class=\"attachment-full size-full wp-image-6458\" alt=\"\" srcset=\"https:\/\/rmhcmaritimes2025-dev.rbdemo.dev\/wp-content\/uploads\/Vols2-1-1536x448-1000.png 1000w, https:\/\/rmhcmaritimes2025-dev.rbdemo.dev\/wp-content\/uploads\/Vols2-1-1536x448-1000-150x128.png 150w, https:\/\/rmhcmaritimes2025-dev.rbdemo.dev\/wp-content\/uploads\/Vols2-1-1536x448-1000-768x653.png 768w\" sizes=\"(max-width: 1000px) 100vw, 1000px\" \/>\t\t\t\t\t\t\t\t\t\t\t\t\t\t\t<\/div>\n\t\t\t\t<\/div>\n\t\t<div class=\"elementor-element elementor-element-e215464 e-con-full e-flex e-con e-parent\" data-id=\"e215464\" data-element_type=\"container\">\n\t\t<div class=\"elementor-element elementor-element-f44d4e6 e-con-full e-flex e-con e-child\" data-id=\"f44d4e6\" data-element_type=\"container\">\n\t\t\t\t<div class=\"elementor-element elementor-element-9fd7d31 elementor-widget elementor-widget-heading\" data-id=\"9fd7d31\" data-element_type=\"widget\" data-widget_type=\"heading.default\">\n\t\t\t\t\t<h1 class=\"elementor-heading-title elementor-size-default\">S'impliquer<\/h1>\t\t\t\t<\/div>\n\t\t\t\t<div class=\"elementor-element elementor-element-c764ed5 elementor-widget elementor-widget-text-editor\" data-id=\"c764ed5\" data-element_type=\"widget\" data-widget_type=\"text-editor.default\">\n\t\t\t\t\t\t\t\t\t<p>Nos b\u00e9n\u00e9voles sont assur\u00e9ment le \u00ab c\u0153ur \u00bb de notre organisation.<\/p>\t\t\t\t\t\t\t\t<\/div>\n\t\t\t\t<\/div>\n\t\t<div class=\"elementor-element elementor-element-382c52c e-con-full e-flex e-con e-child\" data-id=\"382c52c\" data-element_type=\"container\">\n\t\t\t\t<\/div>\n\t\t\t\t<\/div>\n\t\t<div class=\"elementor-element elementor-element-40657ce e-flex e-con-boxed e-con e-parent\" data-id=\"40657ce\" data-element_type=\"container\" data-settings=\"{&quot;background_background&quot;:&quot;classic&quot;}\">\n\t\t\t\t\t<div class=\"e-con-inner\">\n\t\t<div class=\"elementor-element elementor-element-a55db1d e-con-full e-flex e-con e-child\" data-id=\"a55db1d\" data-element_type=\"container\">\n\t\t\t\t<div class=\"elementor-element elementor-element-5725356 elementor-widget elementor-widget-heading\" data-id=\"5725356\" data-element_type=\"widget\" data-widget_type=\"heading.default\">\n\t\t\t\t\t<h2 class=\"elementor-heading-title elementor-size-default\">Services aux familles<\/h2>\t\t\t\t<\/div>\n\t\t\t\t<div class=\"elementor-element elementor-element-9ee61ed elementor-widget elementor-widget-text-editor\" data-id=\"9ee61ed\" data-element_type=\"widget\" data-widget_type=\"text-editor.default\">\n\t\t\t\t\t\t\t\t\t<p>Aucune journ\u00e9e n\u2019est pareille au Manoir et dans les Salles familiales Ronald McDonald. C\u2019est ce caract\u00e8re unique qui permet \u00e0 nos b\u00e9n\u00e9voles de contribuer de diverses fa\u00e7ons.<\/p>\t\t\t\t\t\t\t\t<\/div>\n\t\t\t\t<div class=\"elementor-element elementor-element-2b8bbbc elementor-mobile-align-justify elementor-widget elementor-widget-button\" data-id=\"2b8bbbc\" data-element_type=\"widget\" data-widget_type=\"button.default\">\n\t\t\t\t\t\t\t\t\t\t<a class=\"elementor-button elementor-button-link elementor-size-sm\" href=\"https:\/\/rmhcmaritimes2025-dev.rbdemo.dev\/fr\/simpliquer\/services-aux-familles\/\">\n\t\t\t\t\t\t<span class=\"elementor-button-content-wrapper\">\n\t\t\t\t\t\t\t\t\t<span class=\"elementor-button-text\">Plus d'informations <\/span>\n\t\t\t\t\t<\/span>\n\t\t\t\t\t<\/a>\n\t\t\t\t\t\t\t\t<\/div>\n\t\t\t\t<\/div>\n\t\t<div class=\"elementor-element elementor-element-14b8b74 e-con-full e-flex e-con e-child\" data-id=\"14b8b74\" data-element_type=\"container\">\n\t\t\t\t<div class=\"elementor-element elementor-element-9b95bf4 elementor-widget elementor-widget-image\" data-id=\"9b95bf4\" data-element_type=\"widget\" data-widget_type=\"image.default\">\n\t\t\t\t\t\t\t\t\t\t\t\t\t\t\t<img decoding=\"async\" width=\"1000\" height=\"850\" src=\"https:\/\/rmhcmaritimes2025-dev.rbdemo.dev\/wp-content\/uploads\/Volunteer-1-1000.png\" class=\"attachment-full size-full wp-image-6459\" alt=\"\" srcset=\"https:\/\/rmhcmaritimes2025-dev.rbdemo.dev\/wp-content\/uploads\/Volunteer-1-1000.png 1000w, https:\/\/rmhcmaritimes2025-dev.rbdemo.dev\/wp-content\/uploads\/Volunteer-1-1000-150x128.png 150w, https:\/\/rmhcmaritimes2025-dev.rbdemo.dev\/wp-content\/uploads\/Volunteer-1-1000-768x653.png 768w\" sizes=\"(max-width: 1000px) 100vw, 1000px\" \/>\t\t\t\t\t\t\t\t\t\t\t\t\t\t\t<\/div>\n\t\t\t\t<\/div>\n\t\t\t\t\t<\/div>\n\t\t\t\t<\/div>\n\t\t<div class=\"elementor-element elementor-element-4b0816f e-flex e-con-boxed e-con e-parent\" data-id=\"4b0816f\" data-element_type=\"container\" data-settings=\"{&quot;background_background&quot;:&quot;classic&quot;}\">\n\t\t\t\t\t<div class=\"e-con-inner\">\n\t\t<div class=\"elementor-element elementor-element-ccef665 e-con-full e-flex e-con e-child\" data-id=\"ccef665\" data-element_type=\"container\">\n\t\t\t\t<div class=\"elementor-element elementor-element-2da0755 elementor-widget elementor-widget-heading\" data-id=\"2da0755\" data-element_type=\"widget\" data-widget_type=\"heading.default\">\n\t\t\t\t\t<h2 class=\"elementor-heading-title elementor-size-default\">B\u00e9n\u00e9voles de l\u2019\u00e9v\u00e9nement\n\n<\/h2>\t\t\t\t<\/div>\n\t\t\t\t<div class=\"elementor-element elementor-element-32a0b1a elementor-widget elementor-widget-text-editor\" data-id=\"32a0b1a\" data-element_type=\"widget\" data-widget_type=\"text-editor.default\">\n\t\t\t\t\t\t\t\t\t<p>Si vous d\u00e9sirez vous porter b\u00e9n\u00e9vole pour une activit\u00e9 int\u00e9ressante mais de courte dur\u00e9e, nos \u00e9v\u00e9nements sp\u00e9ciaux sont pour vous!<\/p>\t\t\t\t\t\t\t\t<\/div>\n\t\t\t\t<div class=\"elementor-element elementor-element-564ad69 elementor-mobile-align-justify elementor-widget elementor-widget-button\" data-id=\"564ad69\" data-element_type=\"widget\" data-widget_type=\"button.default\">\n\t\t\t\t\t\t\t\t\t\t<a class=\"elementor-button elementor-button-link elementor-size-sm\" href=\"https:\/\/rmhcmaritimes2025-dev.rbdemo.dev\/fr\/simpliquer\/benevoles-de-levenement\/\">\n\t\t\t\t\t\t<span class=\"elementor-button-content-wrapper\">\n\t\t\t\t\t\t\t\t\t<span class=\"elementor-button-text\">Plus d'informations <\/span>\n\t\t\t\t\t<\/span>\n\t\t\t\t\t<\/a>\n\t\t\t\t\t\t\t\t<\/div>\n\t\t\t\t<\/div>\n\t\t<div class=\"elementor-element elementor-element-edcc951 e-con-full e-flex e-con e-child\" data-id=\"edcc951\" data-element_type=\"container\">\n\t\t\t\t<div class=\"elementor-element elementor-element-171f0f5 elementor-widget elementor-widget-image\" data-id=\"171f0f5\" data-element_type=\"widget\" data-widget_type=\"image.default\">\n\t\t\t\t\t\t\t\t\t\t\t\t\t\t\t<img loading=\"lazy\" decoding=\"async\" width=\"1000\" height=\"850\" src=\"https:\/\/rmhcmaritimes2025-dev.rbdemo.dev\/wp-content\/uploads\/vols2-1536x1024-1000.png\" class=\"attachment-full size-full wp-image-6465\" alt=\"\" srcset=\"https:\/\/rmhcmaritimes2025-dev.rbdemo.dev\/wp-content\/uploads\/vols2-1536x1024-1000.png 1000w, https:\/\/rmhcmaritimes2025-dev.rbdemo.dev\/wp-content\/uploads\/vols2-1536x1024-1000-150x128.png 150w, https:\/\/rmhcmaritimes2025-dev.rbdemo.dev\/wp-content\/uploads\/vols2-1536x1024-1000-768x653.png 768w\" sizes=\"(max-width: 1000px) 100vw, 1000px\" \/>\t\t\t\t\t\t\t\t\t\t\t\t\t\t\t<\/div>\n\t\t\t\t<\/div>\n\t\t\t\t\t<\/div>\n\t\t\t\t<\/div>\n\t\t<div class=\"elementor-element elementor-element-b75b1a7 e-flex e-con-boxed e-con e-parent\" data-id=\"b75b1a7\" data-element_type=\"container\" data-settings=\"{&quot;background_background&quot;:&quot;classic&quot;}\">\n\t\t\t\t\t<div class=\"e-con-inner\">\n\t\t<div class=\"elementor-element elementor-element-6dfee83 e-con-full e-flex e-con e-child\" data-id=\"6dfee83\" data-element_type=\"container\">\n\t\t\t\t<div class=\"elementor-element elementor-element-ea5fa46 elementor-widget elementor-widget-heading\" data-id=\"ea5fa46\" data-element_type=\"widget\" data-widget_type=\"heading.default\">\n\t\t\t\t\t<h2 class=\"elementor-heading-title elementor-size-default\">Souper en famille<\/h2>\t\t\t\t<\/div>\n\t\t\t\t<div class=\"elementor-element elementor-element-0bef511 elementor-widget elementor-widget-text-editor\" data-id=\"0bef511\" data-element_type=\"widget\" data-widget_type=\"text-editor.default\">\n\t\t\t\t\t\t\t\t\t<p>Que le groupe soit form\u00e9 de coll\u00e8gues, d\u2019amis ou de membres d\u2019une famille, il s\u2019agit d\u2019une exp\u00e9rience amusante qui permet \u00e9galement d\u2019offrir un service essentiel \u00e0 nos familles.<\/p>\t\t\t\t\t\t\t\t<\/div>\n\t\t\t\t<div class=\"elementor-element elementor-element-b92f22b elementor-mobile-align-justify elementor-widget elementor-widget-button\" data-id=\"b92f22b\" data-element_type=\"widget\" data-widget_type=\"button.default\">\n\t\t\t\t\t\t\t\t\t\t<a class=\"elementor-button elementor-button-link elementor-size-sm\" href=\"https:\/\/rmhcmaritimes2025-dev.rbdemo.dev\/fr\/simpliquer\/groups-de-benevoles\/\">\n\t\t\t\t\t\t<span class=\"elementor-button-content-wrapper\">\n\t\t\t\t\t\t\t\t\t<span class=\"elementor-button-text\">Plus d'informations <\/span>\n\t\t\t\t\t<\/span>\n\t\t\t\t\t<\/a>\n\t\t\t\t\t\t\t\t<\/div>\n\t\t\t\t<\/div>\n\t\t<div class=\"elementor-element elementor-element-ce52cef e-con-full e-flex e-con e-child\" data-id=\"ce52cef\" data-element_type=\"container\">\n\t\t\t\t<div class=\"elementor-element elementor-element-50fcbc4 elementor-widget elementor-widget-image\" data-id=\"50fcbc4\" data-element_type=\"widget\" data-widget_type=\"image.default\">\n\t\t\t\t\t\t\t\t\t\t\t\t\t\t\t<img loading=\"lazy\" decoding=\"async\" width=\"1000\" height=\"850\" src=\"https:\/\/rmhcmaritimes2025-dev.rbdemo.dev\/wp-content\/uploads\/Volunteer-4-1000.png\" class=\"attachment-full size-full wp-image-6461\" alt=\"\" srcset=\"https:\/\/rmhcmaritimes2025-dev.rbdemo.dev\/wp-content\/uploads\/Volunteer-4-1000.png 1000w, https:\/\/rmhcmaritimes2025-dev.rbdemo.dev\/wp-content\/uploads\/Volunteer-4-1000-150x128.png 150w, https:\/\/rmhcmaritimes2025-dev.rbdemo.dev\/wp-content\/uploads\/Volunteer-4-1000-768x653.png 768w\" sizes=\"(max-width: 1000px) 100vw, 1000px\" \/>\t\t\t\t\t\t\t\t\t\t\t\t\t\t\t<\/div>\n\t\t\t\t<\/div>\n\t\t\t\t\t<\/div>\n\t\t\t\t<\/div>\n\t\t<div class=\"elementor-element elementor-element-45ec3db e-flex e-con-boxed e-con e-parent\" data-id=\"45ec3db\" data-element_type=\"container\" data-settings=\"{&quot;background_background&quot;:&quot;classic&quot;}\">\n\t\t\t\t\t<div class=\"e-con-inner\">\n\t\t<div class=\"elementor-element elementor-element-328d637 e-con-full e-flex e-con e-child\" data-id=\"328d637\" data-element_type=\"container\">\n\t\t\t\t<div class=\"elementor-element elementor-element-2d9942b elementor-widget elementor-widget-text-editor\" data-id=\"2d9942b\" data-element_type=\"widget\" data-widget_type=\"text-editor.default\">\n\t\t\t\t\t\t\t\t\t<h2 style=\"text-align: center;\">Pour plus d\u2019informations, contactez <a href=\"mailto:volunteer@ronaldmcdonaldhousemaritimes.ca\" target=\"_blank\" rel=\"noopener\">volunteer@ronaldmcdonaldhousemaritimes.ca<\/a>.<\/h2>\t\t\t\t\t\t\t\t<\/div>\n\t\t\t\t<\/div>\n\t\t\t\t\t<\/div>\n\t\t\t\t<\/div>\n\t\t\t\t<\/div>\n\t\t","protected":false},"excerpt":{"rendered":"<p>S&rsquo;impliquer Nos b\u00e9n\u00e9voles sont assur\u00e9ment le \u00ab c\u0153ur \u00bb de notre organisation. Services aux familles Aucune journ\u00e9e n\u2019est pareille au Manoir et dans les Salles familiales Ronald McDonald. C\u2019est ce caract\u00e8re unique qui permet \u00e0 nos b\u00e9n\u00e9voles de contribuer de diverses fa\u00e7ons. Plus d&rsquo;informations B\u00e9n\u00e9voles de l\u2019\u00e9v\u00e9nement Si vous d\u00e9sirez vous porter b\u00e9n\u00e9vole pour une [&hellip;]<\/p>\n","protected":false},"author":13,"featured_media":0,"parent":0,"menu_order":0,"comment_status":"closed","ping_status":"closed","template":"","meta":{"footnotes":""},"class_list":["post-6220","page","type-page","status-publish","hentry"],"_links":{"self":[{"href":"https:\/\/rmhcmaritimes2025-dev.rbdemo.dev\/fr\/wp-json\/wp\/v2\/pages\/6220","targetHints":{"allow":["GET"]}}],"collection":[{"href":"https:\/\/rmhcmaritimes2025-dev.rbdemo.dev\/fr\/wp-json\/wp\/v2\/pages"}],"about":[{"href":"https:\/\/rmhcmaritimes2025-dev.rbdemo.dev\/fr\/wp-json\/wp\/v2\/types\/page"}],"author":[{"embeddable":true,"href":"https:\/\/rmhcmaritimes2025-dev.rbdemo.dev\/fr\/wp-json\/wp\/v2\/users\/13"}],"replies":[{"embeddable":true,"href":"https:\/\/rmhcmaritimes2025-dev.rbdemo.dev\/fr\/wp-json\/wp\/v2\/comments?post=6220"}],"version-history":[{"count":7,"href":"https:\/\/rmhcmaritimes2025-dev.rbdemo.dev\/fr\/wp-json\/wp\/v2\/pages\/6220\/revisions"}],"predecessor-version":[{"id":6475,"href":"https:\/\/rmhcmaritimes2025-dev.rbdemo.dev\/fr\/wp-json\/wp\/v2\/pages\/6220\/revisions\/6475"}],"wp:attachment":[{"href":"https:\/\/rmhcmaritimes2025-dev.rbdemo.dev\/fr\/wp-json\/wp\/v2\/media?parent=6220"}],"curies":[{"name":"wp","href":"https:\/\/api.w.org\/{rel}","templated":true}]}}