{"id":6260,"date":"2025-10-07T13:30:25","date_gmt":"2025-10-07T18:30:25","guid":{"rendered":"https:\/\/rmhcmaritimes2025-dev.rbdemo.dev\/?page_id=6260"},"modified":"2025-10-11T23:53:31","modified_gmt":"2025-10-12T04:53:31","slug":"salle-familiale-de-moncton","status":"publish","type":"page","link":"https:\/\/rmhcmaritimes2025-dev.rbdemo.dev\/fr\/nos-programmes\/salle-familiale-de-moncton\/","title":{"rendered":"Salle familiale de Moncton"},"content":{"rendered":"\t\t<div data-elementor-type=\"wp-page\" data-elementor-id=\"6260\" class=\"elementor elementor-6260 elementor-4995\" data-elementor-post-type=\"page\">\n\t\t\t\t<div class=\"elementor-element elementor-element-4cfce22e e-con-full e-flex e-con e-parent\" data-id=\"4cfce22e\" data-element_type=\"container\">\n\t\t\t\t<div class=\"elementor-element elementor-element-bad748e elementor-widget__width-initial elementor-hidden-mobile elementor-widget elementor-widget-image\" data-id=\"bad748e\" data-element_type=\"widget\" data-widget_type=\"image.default\">\n\t\t\t\t\t\t\t\t\t\t\t\t\t\t\t<img fetchpriority=\"high\" decoding=\"async\" width=\"1450\" height=\"620\" src=\"https:\/\/rmhcmaritimes2025-dev.rbdemo.dev\/wp-content\/uploads\/Moncton-Family-Room-1450.png\" class=\"attachment-full size-full wp-image-6252\" alt=\"\" srcset=\"https:\/\/rmhcmaritimes2025-dev.rbdemo.dev\/wp-content\/uploads\/Moncton-Family-Room-1450.png 1450w, https:\/\/rmhcmaritimes2025-dev.rbdemo.dev\/wp-content\/uploads\/Moncton-Family-Room-1450-150x64.png 150w, https:\/\/rmhcmaritimes2025-dev.rbdemo.dev\/wp-content\/uploads\/Moncton-Family-Room-1450-768x328.png 768w\" sizes=\"(max-width: 1450px) 100vw, 1450px\" \/>\t\t\t\t\t\t\t\t\t\t\t\t\t\t\t<\/div>\n\t\t\t\t<div class=\"elementor-element elementor-element-d064da6 elementor-hidden-desktop elementor-hidden-tablet elementor-widget elementor-widget-image\" data-id=\"d064da6\" data-element_type=\"widget\" data-widget_type=\"image.default\">\n\t\t\t\t\t\t\t\t\t\t\t\t\t\t\t<img decoding=\"async\" width=\"1000\" height=\"850\" src=\"https:\/\/rmhcmaritimes2025-dev.rbdemo.dev\/wp-content\/uploads\/Moncton-Family-Room-1000.png\" class=\"attachment-full size-full wp-image-6251\" alt=\"\" srcset=\"https:\/\/rmhcmaritimes2025-dev.rbdemo.dev\/wp-content\/uploads\/Moncton-Family-Room-1000.png 1000w, https:\/\/rmhcmaritimes2025-dev.rbdemo.dev\/wp-content\/uploads\/Moncton-Family-Room-1000-150x128.png 150w, https:\/\/rmhcmaritimes2025-dev.rbdemo.dev\/wp-content\/uploads\/Moncton-Family-Room-1000-768x653.png 768w\" sizes=\"(max-width: 1000px) 100vw, 1000px\" \/>\t\t\t\t\t\t\t\t\t\t\t\t\t\t\t<\/div>\n\t\t\t\t<\/div>\n\t\t<div class=\"elementor-element elementor-element-423d9ad8 e-con-full e-flex e-con e-parent\" data-id=\"423d9ad8\" data-element_type=\"container\">\n\t\t<div class=\"elementor-element elementor-element-591e8515 e-con-full e-flex e-con e-child\" data-id=\"591e8515\" data-element_type=\"container\">\n\t\t\t\t<div class=\"elementor-element elementor-element-5a0548d5 elementor-widget elementor-widget-heading\" data-id=\"5a0548d5\" data-element_type=\"widget\" data-widget_type=\"heading.default\">\n\t\t\t\t\t<h1 class=\"elementor-heading-title elementor-size-default\">Salle familiale de Moncton<\/h1>\t\t\t\t<\/div>\n\t\t\t\t<div class=\"elementor-element elementor-element-65cf93f4 elementor-widget elementor-widget-text-editor\" data-id=\"65cf93f4\" data-element_type=\"widget\" data-widget_type=\"text-editor.default\">\n\t\t\t\t\t\t\t\t\t<p>Un peu de confort comme \u00e0 la maison fait le plus gran bien<\/p>\t\t\t\t\t\t\t\t<\/div>\n\t\t\t\t<\/div>\n\t\t<div class=\"elementor-element elementor-element-714b49ba e-con-full e-flex e-con e-child\" data-id=\"714b49ba\" data-element_type=\"container\">\n\t\t\t\t<\/div>\n\t\t\t\t<\/div>\n\t\t<div class=\"elementor-element elementor-element-ba92ee4 e-flex e-con-boxed e-con e-parent\" data-id=\"ba92ee4\" data-element_type=\"container\">\n\t\t\t\t\t<div class=\"e-con-inner\">\n\t\t<div class=\"elementor-element elementor-element-12cea6e6 e-con-full e-flex e-con e-child\" data-id=\"12cea6e6\" data-element_type=\"container\">\n\t\t\t\t<div class=\"elementor-element elementor-element-6fa90e5a elementor-widget elementor-widget-heading\" data-id=\"6fa90e5a\" data-element_type=\"widget\" data-widget_type=\"heading.default\">\n\t\t\t\t\t<h2 class=\"elementor-heading-title elementor-size-default\">Endroit:<\/h2>\t\t\t\t<\/div>\n\t\t\t\t<div class=\"elementor-element elementor-element-3051938d elementor-widget elementor-widget-text-editor\" data-id=\"3051938d\" data-element_type=\"widget\" data-widget_type=\"text-editor.default\">\n\t\t\t\t\t\t\t\t\t<p>au 2e \u00e9tage, niveau mezzanine (pr\u00e8s de la biblioth\u00e8que) de l\u2019H\u00f4pital de Moncton. De l\u2019entr\u00e9e sur l\u2019avenue MacBeath, prenez l\u2019escalier \u00e0 droite du bureau de renseignements.<\/p>\t\t\t\t\t\t\t\t<\/div>\n\t\t\t\t<div class=\"elementor-element elementor-element-bd6198a elementor-widget elementor-widget-heading\" data-id=\"bd6198a\" data-element_type=\"widget\" data-widget_type=\"heading.default\">\n\t\t\t\t\t<h2 class=\"elementor-heading-title elementor-size-default\">T\u00e9l\u00e9phone: \n<\/h2>\t\t\t\t<\/div>\n\t\t\t\t<div class=\"elementor-element elementor-element-1aea86c elementor-widget elementor-widget-text-editor\" data-id=\"1aea86c\" data-element_type=\"widget\" data-widget_type=\"text-editor.default\">\n\t\t\t\t\t\t\t\t\t<p><a href=\"tel:1-506-867-6582\"><span style=\"font-weight: 400;\">(506) 867-6582<\/span><\/a><\/p>\t\t\t\t\t\t\t\t<\/div>\n\t\t\t\t<div class=\"elementor-element elementor-element-57b3e37 elementor-widget elementor-widget-heading\" data-id=\"57b3e37\" data-element_type=\"widget\" data-widget_type=\"heading.default\">\n\t\t\t\t\t<h2 class=\"elementor-heading-title elementor-size-default\">Heures:<\/h2>\t\t\t\t<\/div>\n\t\t\t\t<div class=\"elementor-element elementor-element-71553e0 elementor-widget elementor-widget-text-editor\" data-id=\"71553e0\" data-element_type=\"widget\" data-widget_type=\"text-editor.default\">\n\t\t\t\t\t\t\t\t\t<p>dimanche \u2013 jeudi : 9AM-8PM<br \/>vendredi \u2013 samedi : 9AM-5PM<\/p>\t\t\t\t\t\t\t\t<\/div>\n\t\t\t\t<div class=\"elementor-element elementor-element-acd7458 elementor-widget elementor-widget-heading\" data-id=\"acd7458\" data-element_type=\"widget\" data-widget_type=\"heading.default\">\n\t\t\t\t\t<h2 class=\"elementor-heading-title elementor-size-default\">Qui peut fr\u00e9quenter la Salle familiale Ronald McDonald:<\/h2>\t\t\t\t<\/div>\n\t\t\t\t<div class=\"elementor-element elementor-element-fc3d00c elementor-widget elementor-widget-text-editor\" data-id=\"fc3d00c\" data-element_type=\"widget\" data-widget_type=\"text-editor.default\">\n\t\t\t\t\t\t\t\t\t<p>La Salle familiale Ronald McDonald offre ses services aux familles de patients de moins de 18 ans qui re\u00e7oivent des soins \u00e0 l\u2019H\u00f4pital de Moncton.<\/p>\t\t\t\t\t\t\t\t<\/div>\n\t\t\t\t<\/div>\n\t\t<div class=\"elementor-element elementor-element-439a6043 e-con-full e-flex e-con e-child\" data-id=\"439a6043\" data-element_type=\"container\">\n\t\t\t\t<\/div>\n\t\t\t\t\t<\/div>\n\t\t\t\t<\/div>\n\t\t<div class=\"elementor-element elementor-element-3fcc8d2c e-flex e-con-boxed e-con e-parent\" data-id=\"3fcc8d2c\" data-element_type=\"container\" data-settings=\"{&quot;background_background&quot;:&quot;classic&quot;}\">\n\t\t\t\t\t<div class=\"e-con-inner\">\n\t\t<div class=\"elementor-element elementor-element-5c7b7828 e-con-full e-flex e-con e-child\" data-id=\"5c7b7828\" data-element_type=\"container\">\n\t\t\t\t<div class=\"elementor-element elementor-element-60be17ea elementor-widget elementor-widget-text-editor\" data-id=\"60be17ea\" data-element_type=\"widget\" data-widget_type=\"text-editor.default\">\n\t\t\t\t\t\t\t\t\t<h2>\u00c0 propos de la salle familiale de Moncton<\/h2><p>Les Salles familiales Ronald McDonald sont une oasis de calme et de soutien \u00e0 l\u2019int\u00e9rieur de l\u2019h\u00f4pital. Elles permettent aux familles de demeurer aupr\u00e8s de leur enfant qui re\u00e7oit des soins m\u00e9dicaux. Aujourd\u2019hui, on compte 16 Salles familiales Ronald McDonald dans des h\u00f4pitaux pour enfants au Canada.<\/p><p>En juin 2011, nous avons ouvert une Salle familiale Ronald McDonald en partenariat avec l\u2019H\u00f4pital de Moncton. Notre salle familiale de Moncton offre un espace confortable et soutenant aux familles leur permettant de prendre une pause de leur routine quotidienne \u00e0 l\u2019h\u00f4pital tout en profitant de certaines commodit\u00e9s que l\u2019on retrouve \u00e0 la maison.<\/p><p>Que ce soit une tasse de caf\u00e9, une douche ou un repas chaud, notre salle familiale est un endroit o\u00f9 les familles peuvent se d\u00e9tendre, se rafra\u00eechir et refaire le plein. Mesurant pr\u00e8s de 84 m2, la salle familiale de Moncton compte une cuisine, une aire de jeu, un salon confortable avec t\u00e9l\u00e9viseur et acc\u00e8s \u00e0 Internet.<\/p><p>La Salle familiale Ronald McDonald est dot\u00e9e d\u2019un personnel b\u00e9n\u00e9vole d\u00e9vou\u00e9 et bienveillant.<\/p>\t\t\t\t\t\t\t\t<\/div>\n\t\t\t\t<\/div>\n\t\t<div class=\"elementor-element elementor-element-364e6a6e e-con-full e-flex e-con e-child\" data-id=\"364e6a6e\" data-element_type=\"container\">\n\t\t\t\t<div class=\"elementor-element elementor-element-390d1ad7 elementor-widget elementor-widget-image\" data-id=\"390d1ad7\" data-element_type=\"widget\" data-widget_type=\"image.default\">\n\t\t\t\t\t\t\t\t\t\t\t\t\t\t\t<img decoding=\"async\" width=\"1000\" height=\"850\" src=\"https:\/\/rmhcmaritimes2025-dev.rbdemo.dev\/wp-content\/uploads\/01.05.F.Xavier-Cormier.AO-3-1000.png\" class=\"attachment-full size-full wp-image-6253\" alt=\"\" srcset=\"https:\/\/rmhcmaritimes2025-dev.rbdemo.dev\/wp-content\/uploads\/01.05.F.Xavier-Cormier.AO-3-1000.png 1000w, https:\/\/rmhcmaritimes2025-dev.rbdemo.dev\/wp-content\/uploads\/01.05.F.Xavier-Cormier.AO-3-1000-150x128.png 150w, https:\/\/rmhcmaritimes2025-dev.rbdemo.dev\/wp-content\/uploads\/01.05.F.Xavier-Cormier.AO-3-1000-768x653.png 768w\" sizes=\"(max-width: 1000px) 100vw, 1000px\" \/>\t\t\t\t\t\t\t\t\t\t\t\t\t\t\t<\/div>\n\t\t\t\t<\/div>\n\t\t\t\t\t<\/div>\n\t\t\t\t<\/div>\n\t\t<div class=\"elementor-element elementor-element-461e082f e-flex e-con-boxed e-con e-parent\" data-id=\"461e082f\" data-element_type=\"container\">\n\t\t\t\t\t<div class=\"e-con-inner\">\n\t\t<div class=\"elementor-element elementor-element-c8691d0 e-con-full e-flex e-con e-child\" data-id=\"c8691d0\" data-element_type=\"container\">\n\t\t\t\t<div class=\"elementor-element elementor-element-aa93cfa elementor-widget elementor-widget-heading\" data-id=\"aa93cfa\" data-element_type=\"widget\" data-widget_type=\"heading.default\">\n\t\t\t\t\t<h2 class=\"elementor-heading-title elementor-size-default\">Fonctions:<\/h2>\t\t\t\t<\/div>\n\t\t\t\t<div class=\"elementor-element elementor-element-74cf979 elementor-widget elementor-widget-text-editor\" data-id=\"74cf979\" data-element_type=\"widget\" data-widget_type=\"text-editor.default\">\n\t\t\t\t\t\t\t\t\t<ul><li>Cuisine compl\u00e8te<\/li><li>Douche (serviettes, savon, shampoing)<\/li><li>Ordinateur avec acc\u00e8s \u00e0 Internet<\/li><li>Accessibilit\u00e9 aux fauteuils roulants<\/li><li>Repas maison, pain, produits cuits au four<\/li><li>Caf\u00e9, th\u00e9 et chocolat chaud gratuits<\/li><li>Livres, jeux et casse-t\u00eate pour enfants et adultes<\/li><li>Aire de bricolage et de jeu pour les enfants<\/li><\/ul>\t\t\t\t\t\t\t\t<\/div>\n\t\t\t\t<div class=\"elementor-element elementor-element-74cdc9b elementor-widget elementor-widget-heading\" data-id=\"74cdc9b\" data-element_type=\"widget\" data-widget_type=\"heading.default\">\n\t\t\t\t\t<h2 class=\"elementor-heading-title elementor-size-default\">\u00ab Souper en famille \u00bb<\/h2>\t\t\t\t<\/div>\n\t\t\t\t<div class=\"elementor-element elementor-element-a13ffa2 elementor-widget elementor-widget-text-editor\" data-id=\"a13ffa2\" data-element_type=\"widget\" data-widget_type=\"text-editor.default\">\n\t\t\t\t\t\t\t\t\t<p>Gr\u00e2ce \u00e0 la g\u00e9n\u00e9rosit\u00e9 de donateurs provenant de la collectivit\u00e9, nous sommes en mesure d\u2019offrir quelques repas chaque semaine \u00e0 nos familles, par le biais du programme \u00ab Souper en famille \u00bb. Consultez l\u2019horaire affich\u00e9 dans la salle familiale pour les prochains repas.<\/p>\t\t\t\t\t\t\t\t<\/div>\n\t\t\t\t<div class=\"elementor-element elementor-element-75066eb elementor-widget elementor-widget-heading\" data-id=\"75066eb\" data-element_type=\"widget\" data-widget_type=\"heading.default\">\n\t\t\t\t\t<h2 class=\"elementor-heading-title elementor-size-default\">T\u00e2ches<\/h2>\t\t\t\t<\/div>\n\t\t\t\t<div class=\"elementor-element elementor-element-afdb790 elementor-widget elementor-widget-text-editor\" data-id=\"afdb790\" data-element_type=\"widget\" data-widget_type=\"text-editor.default\">\n\t\t\t\t\t\t\t\t\t<p>La salle familiale de Moncton offre diverses activit\u00e9s aux familles et aux invit\u00e9s. Parmi les activit\u00e9s offertes, on retrouve la fabrication de cartes, des soir\u00e9es-cin\u00e9ma et du bricolage. Nous soulignons toujours les \u00e9v\u00e9nements sp\u00e9ciaux et les f\u00eates.<\/p>\t\t\t\t\t\t\t\t<\/div>\n\t\t\t\t<\/div>\n\t\t<div class=\"elementor-element elementor-element-7f665fc3 e-con-full e-flex e-con e-child\" data-id=\"7f665fc3\" data-element_type=\"container\">\n\t\t\t\t<\/div>\n\t\t\t\t\t<\/div>\n\t\t\t\t<\/div>\n\t\t\t\t<\/div>\n\t\t","protected":false},"excerpt":{"rendered":"<p>Salle familiale de Moncton Un peu de confort comme \u00e0 la maison fait le plus gran bien Endroit: au 2e \u00e9tage, niveau mezzanine (pr\u00e8s de la biblioth\u00e8que) de l\u2019H\u00f4pital de Moncton. De l\u2019entr\u00e9e sur l\u2019avenue MacBeath, prenez l\u2019escalier \u00e0 droite du bureau de renseignements. T\u00e9l\u00e9phone: (506) 867-6582 Heures: dimanche \u2013 jeudi : 9AM-8PMvendredi \u2013 samedi [&hellip;]<\/p>\n","protected":false},"author":10,"featured_media":0,"parent":6218,"menu_order":0,"comment_status":"closed","ping_status":"closed","template":"","meta":{"footnotes":""},"class_list":["post-6260","page","type-page","status-publish","hentry"],"_links":{"self":[{"href":"https:\/\/rmhcmaritimes2025-dev.rbdemo.dev\/fr\/wp-json\/wp\/v2\/pages\/6260","targetHints":{"allow":["GET"]}}],"collection":[{"href":"https:\/\/rmhcmaritimes2025-dev.rbdemo.dev\/fr\/wp-json\/wp\/v2\/pages"}],"about":[{"href":"https:\/\/rmhcmaritimes2025-dev.rbdemo.dev\/fr\/wp-json\/wp\/v2\/types\/page"}],"author":[{"embeddable":true,"href":"https:\/\/rmhcmaritimes2025-dev.rbdemo.dev\/fr\/wp-json\/wp\/v2\/users\/10"}],"replies":[{"embeddable":true,"href":"https:\/\/rmhcmaritimes2025-dev.rbdemo.dev\/fr\/wp-json\/wp\/v2\/comments?post=6260"}],"version-history":[{"count":4,"href":"https:\/\/rmhcmaritimes2025-dev.rbdemo.dev\/fr\/wp-json\/wp\/v2\/pages\/6260\/revisions"}],"predecessor-version":[{"id":6264,"href":"https:\/\/rmhcmaritimes2025-dev.rbdemo.dev\/fr\/wp-json\/wp\/v2\/pages\/6260\/revisions\/6264"}],"up":[{"embeddable":true,"href":"https:\/\/rmhcmaritimes2025-dev.rbdemo.dev\/fr\/wp-json\/wp\/v2\/pages\/6218"}],"wp:attachment":[{"href":"https:\/\/rmhcmaritimes2025-dev.rbdemo.dev\/fr\/wp-json\/wp\/v2\/media?parent=6260"}],"curies":[{"name":"wp","href":"https:\/\/api.w.org\/{rel}","templated":true}]}}