{"id":6272,"date":"2025-10-07T13:30:05","date_gmt":"2025-10-07T18:30:05","guid":{"rendered":"https:\/\/rmhcmaritimes2025-dev.rbdemo.dev\/?page_id=6272"},"modified":"2025-10-12T01:06:13","modified_gmt":"2025-10-12T06:06:13","slug":"salle-familiale-de-halifax","status":"publish","type":"page","link":"https:\/\/rmhcmaritimes2025-dev.rbdemo.dev\/fr\/nos-programmes\/salle-familiale-de-halifax\/","title":{"rendered":"Salle familiale de Halifax"},"content":{"rendered":"\t\t<div data-elementor-type=\"wp-page\" data-elementor-id=\"6272\" class=\"elementor elementor-6272 elementor-4993\" data-elementor-post-type=\"page\">\n\t\t\t\t<div class=\"elementor-element elementor-element-4e636b18 e-con-full e-flex e-con e-parent\" data-id=\"4e636b18\" data-element_type=\"container\">\n\t\t\t\t<div class=\"elementor-element elementor-element-2869ac8f elementor-widget__width-initial elementor-hidden-mobile elementor-widget elementor-widget-image\" data-id=\"2869ac8f\" data-element_type=\"widget\" data-widget_type=\"image.default\">\n\t\t\t\t\t\t\t\t\t\t\t\t\t\t\t<img fetchpriority=\"high\" decoding=\"async\" width=\"1450\" height=\"620\" src=\"https:\/\/rmhcmaritimes2025-dev.rbdemo.dev\/wp-content\/uploads\/WEBSITE-BANNER-4.05-1536x448-1450.png\" class=\"attachment-full size-full wp-image-6267\" alt=\"\" srcset=\"https:\/\/rmhcmaritimes2025-dev.rbdemo.dev\/wp-content\/uploads\/WEBSITE-BANNER-4.05-1536x448-1450.png 1450w, https:\/\/rmhcmaritimes2025-dev.rbdemo.dev\/wp-content\/uploads\/WEBSITE-BANNER-4.05-1536x448-1450-150x64.png 150w, https:\/\/rmhcmaritimes2025-dev.rbdemo.dev\/wp-content\/uploads\/WEBSITE-BANNER-4.05-1536x448-1450-768x328.png 768w\" sizes=\"(max-width: 1450px) 100vw, 1450px\" \/>\t\t\t\t\t\t\t\t\t\t\t\t\t\t\t<\/div>\n\t\t\t\t<div class=\"elementor-element elementor-element-10bd8ab6 elementor-hidden-desktop elementor-hidden-tablet elementor-widget elementor-widget-image\" data-id=\"10bd8ab6\" data-element_type=\"widget\" data-widget_type=\"image.default\">\n\t\t\t\t\t\t\t\t\t\t\t\t\t\t\t<img decoding=\"async\" width=\"1000\" height=\"850\" src=\"https:\/\/rmhcmaritimes2025-dev.rbdemo.dev\/wp-content\/uploads\/WEBSITE-BANNER-4.05-1536x448-1-1000.png\" class=\"attachment-full size-full wp-image-6268\" alt=\"\" srcset=\"https:\/\/rmhcmaritimes2025-dev.rbdemo.dev\/wp-content\/uploads\/WEBSITE-BANNER-4.05-1536x448-1-1000.png 1000w, https:\/\/rmhcmaritimes2025-dev.rbdemo.dev\/wp-content\/uploads\/WEBSITE-BANNER-4.05-1536x448-1-1000-150x128.png 150w, https:\/\/rmhcmaritimes2025-dev.rbdemo.dev\/wp-content\/uploads\/WEBSITE-BANNER-4.05-1536x448-1-1000-768x653.png 768w\" sizes=\"(max-width: 1000px) 100vw, 1000px\" \/>\t\t\t\t\t\t\t\t\t\t\t\t\t\t\t<\/div>\n\t\t\t\t<\/div>\n\t\t<div class=\"elementor-element elementor-element-363ae5c3 e-con-full e-flex e-con e-parent\" data-id=\"363ae5c3\" data-element_type=\"container\">\n\t\t<div class=\"elementor-element elementor-element-650e50f4 e-con-full e-flex e-con e-child\" data-id=\"650e50f4\" data-element_type=\"container\">\n\t\t\t\t<div class=\"elementor-element elementor-element-3363e4a1 elementor-widget elementor-widget-heading\" data-id=\"3363e4a1\" data-element_type=\"widget\" data-widget_type=\"heading.default\">\n\t\t\t\t\t<h1 class=\"elementor-heading-title elementor-size-default\">Salle familiale de Halifax\n\n\n\n<\/h1>\t\t\t\t<\/div>\n\t\t\t\t<div class=\"elementor-element elementor-element-55db2a3 elementor-widget elementor-widget-text-editor\" data-id=\"55db2a3\" data-element_type=\"widget\" data-widget_type=\"text-editor.default\">\n\t\t\t\t\t\t\t\t\t<p><span style=\"font-weight: 400;\">Un peu de confort comme \u00e0 la maison fait le plus grand bien<\/span><\/p>\t\t\t\t\t\t\t\t<\/div>\n\t\t\t\t<\/div>\n\t\t<div class=\"elementor-element elementor-element-388dee7b e-con-full e-flex e-con e-child\" data-id=\"388dee7b\" data-element_type=\"container\">\n\t\t\t\t<\/div>\n\t\t\t\t<\/div>\n\t\t<div class=\"elementor-element elementor-element-5947b64f e-flex e-con-boxed e-con e-parent\" data-id=\"5947b64f\" data-element_type=\"container\">\n\t\t\t\t\t<div class=\"e-con-inner\">\n\t\t<div class=\"elementor-element elementor-element-21f8ca6b e-con-full e-flex e-con e-child\" data-id=\"21f8ca6b\" data-element_type=\"container\">\n\t\t\t\t<div class=\"elementor-element elementor-element-15d4e9c elementor-widget elementor-widget-heading\" data-id=\"15d4e9c\" data-element_type=\"widget\" data-widget_type=\"heading.default\">\n\t\t\t\t\t<h2 class=\"elementor-heading-title elementor-size-default\">Endroit :<\/h2>\t\t\t\t<\/div>\n\t\t\t\t<div class=\"elementor-element elementor-element-1c456b98 elementor-widget elementor-widget-text-editor\" data-id=\"1c456b98\" data-element_type=\"widget\" data-widget_type=\"text-editor.default\">\n\t\t\t\t\t\t\t\t\t<p><span style=\"font-weight: 400;\">2e \u00e9tage du IWK Health Centre, pavillon principal (devant Biggs &amp; Littles).<\/span><\/p>\t\t\t\t\t\t\t\t<\/div>\n\t\t\t\t<div class=\"elementor-element elementor-element-b5f3e50 elementor-widget elementor-widget-heading\" data-id=\"b5f3e50\" data-element_type=\"widget\" data-widget_type=\"heading.default\">\n\t\t\t\t\t<h2 class=\"elementor-heading-title elementor-size-default\">T\u00e9l\u00e9phone :<\/h2>\t\t\t\t<\/div>\n\t\t\t\t<div class=\"elementor-element elementor-element-47167a9 elementor-widget elementor-widget-text-editor\" data-id=\"47167a9\" data-element_type=\"widget\" data-widget_type=\"text-editor.default\">\n\t\t\t\t\t\t\t\t\t<p><a href=\"tel:902-470-6391\">(902) 470-6391<\/a><\/p>\t\t\t\t\t\t\t\t<\/div>\n\t\t\t\t<div class=\"elementor-element elementor-element-4a47ee9 elementor-widget elementor-widget-heading\" data-id=\"4a47ee9\" data-element_type=\"widget\" data-widget_type=\"heading.default\">\n\t\t\t\t\t<h2 class=\"elementor-heading-title elementor-size-default\">Heures :<\/h2>\t\t\t\t<\/div>\n\t\t\t\t<div class=\"elementor-element elementor-element-7b69a8e elementor-widget elementor-widget-text-editor\" data-id=\"7b69a8e\" data-element_type=\"widget\" data-widget_type=\"text-editor.default\">\n\t\t\t\t\t\t\t\t\t<p>S\u2019il vous pla\u00eet contactez<\/p>\t\t\t\t\t\t\t\t<\/div>\n\t\t\t\t<div class=\"elementor-element elementor-element-98b2b0c elementor-widget elementor-widget-heading\" data-id=\"98b2b0c\" data-element_type=\"widget\" data-widget_type=\"heading.default\">\n\t\t\t\t\t<h2 class=\"elementor-heading-title elementor-size-default\">Qui peut fr\u00e9quenter la Salle familiale Ronald McDonald :<\/h2>\t\t\t\t<\/div>\n\t\t\t\t<div class=\"elementor-element elementor-element-fa01a82 elementor-widget elementor-widget-text-editor\" data-id=\"fa01a82\" data-element_type=\"widget\" data-widget_type=\"text-editor.default\">\n\t\t\t\t\t\t\t\t\t<p>La Salle familiale Ronald McDonald est ouverte \u00e0 toutes les familles dont un membre est un patient au IWK Health Centre.<\/p>\t\t\t\t\t\t\t\t<\/div>\n\t\t\t\t<\/div>\n\t\t<div class=\"elementor-element elementor-element-5d921ee0 e-con-full e-flex e-con e-child\" data-id=\"5d921ee0\" data-element_type=\"container\">\n\t\t\t\t<\/div>\n\t\t\t\t\t<\/div>\n\t\t\t\t<\/div>\n\t\t<div class=\"elementor-element elementor-element-4fb98607 e-flex e-con-boxed e-con e-parent\" data-id=\"4fb98607\" data-element_type=\"container\" data-settings=\"{&quot;background_background&quot;:&quot;classic&quot;}\">\n\t\t\t\t\t<div class=\"e-con-inner\">\n\t\t<div class=\"elementor-element elementor-element-ea3695f e-con-full e-flex e-con e-child\" data-id=\"ea3695f\" data-element_type=\"container\">\n\t\t\t\t<div class=\"elementor-element elementor-element-6708a8a elementor-widget elementor-widget-heading\" data-id=\"6708a8a\" data-element_type=\"widget\" data-widget_type=\"heading.default\">\n\t\t\t\t\t<h2 class=\"elementor-heading-title elementor-size-default\">\u00c0 propos de la salle familiale de Halifax<\/h2>\t\t\t\t<\/div>\n\t\t\t\t<div class=\"elementor-element elementor-element-42b29a67 elementor-widget elementor-widget-text-editor\" data-id=\"42b29a67\" data-element_type=\"widget\" data-widget_type=\"text-editor.default\">\n\t\t\t\t\t\t\t\t\t<p>Les Salles familiales Ronald McDonald sont une oasis de calme et de soutien \u00e0 l\u2019int\u00e9rieur de l\u2019h\u00f4pital. Elles permettent aux familles d\u2019\u00eatre \u00e0 proximit\u00e9 de leur enfant qui re\u00e7oit des soins m\u00e9dicaux. Aujourd\u2019hui, on compte 16 Salles familiales Ronald McDonald dans des h\u00f4pitaux pour enfants au Canada.<\/p><p>La premi\u00e8re Salle familiale Ronald McDonald a vu le jour en 2007, au Canada. Construite conjointement avec le IWK Health Centre, la salle familiale de Halifax est un espace confortable et soutenant aux familles afin qu\u2019elles puissent prendre une pause de leur routine quotidienne \u00e0 l\u2019h\u00f4pital tout en profitant de certaines commodit\u00e9s que l\u2019on retrouve \u00e0 la maison.<\/p><p>Que ce soit un bon caf\u00e9, une douche, un repas chaud ou une brass\u00e9e de lavage, notre salle familiale est un endroit o\u00f9 les familles peuvent se d\u00e9tendre, se rafra\u00eechir et refaire le plein. Mesurant plus de 185 m2, la salle familiale de Halifax comprend trois chambres, une cuisine et une buanderie, une aire de jeu, une salle de mieux-\u00eatre ainsi qu\u2019une aire dot\u00e9e d\u2019un t\u00e9l\u00e9viseur et d\u2019un acc\u00e8s \u00e0 Internet.<\/p><p>La Salle familiale Ronald McDonald est dot\u00e9e d\u2019un personnel b\u00e9n\u00e9vole d\u00e9vou\u00e9 et bienveillant.<\/p>\t\t\t\t\t\t\t\t<\/div>\n\t\t\t\t<\/div>\n\t\t<div class=\"elementor-element elementor-element-47aee0f0 e-con-full e-flex e-con e-child\" data-id=\"47aee0f0\" data-element_type=\"container\">\n\t\t\t\t<div class=\"elementor-element elementor-element-5fde2972 elementor-widget elementor-widget-image\" data-id=\"5fde2972\" data-element_type=\"widget\" data-widget_type=\"image.default\">\n\t\t\t\t\t\t\t\t\t\t\t\t\t\t\t<img decoding=\"async\" width=\"1000\" height=\"850\" src=\"https:\/\/rmhcmaritimes2025-dev.rbdemo.dev\/wp-content\/uploads\/01.15.19.V.Holly_GT-1000.png\" class=\"attachment-full size-full wp-image-6266\" alt=\"\" srcset=\"https:\/\/rmhcmaritimes2025-dev.rbdemo.dev\/wp-content\/uploads\/01.15.19.V.Holly_GT-1000.png 1000w, https:\/\/rmhcmaritimes2025-dev.rbdemo.dev\/wp-content\/uploads\/01.15.19.V.Holly_GT-1000-150x128.png 150w, https:\/\/rmhcmaritimes2025-dev.rbdemo.dev\/wp-content\/uploads\/01.15.19.V.Holly_GT-1000-768x653.png 768w\" sizes=\"(max-width: 1000px) 100vw, 1000px\" \/>\t\t\t\t\t\t\t\t\t\t\t\t\t\t\t<\/div>\n\t\t\t\t<\/div>\n\t\t\t\t\t<\/div>\n\t\t\t\t<\/div>\n\t\t<div class=\"elementor-element elementor-element-4e9425cd e-flex e-con-boxed e-con e-parent\" data-id=\"4e9425cd\" data-element_type=\"container\">\n\t\t\t\t\t<div class=\"e-con-inner\">\n\t\t<div class=\"elementor-element elementor-element-3c7dfca7 e-con-full e-flex e-con e-child\" data-id=\"3c7dfca7\" data-element_type=\"container\">\n\t\t\t\t<div class=\"elementor-element elementor-element-7bfc8cf elementor-widget elementor-widget-heading\" data-id=\"7bfc8cf\" data-element_type=\"widget\" data-widget_type=\"heading.default\">\n\t\t\t\t\t<h2 class=\"elementor-heading-title elementor-size-default\">Caract\u00e9ristiques<\/h2>\t\t\t\t<\/div>\n\t\t\t\t<div class=\"elementor-element elementor-element-76bcfaeb elementor-widget elementor-widget-text-editor\" data-id=\"76bcfaeb\" data-element_type=\"widget\" data-widget_type=\"text-editor.default\">\n\t\t\t\t\t\t\t\t\t<ul><li>Cuisine compl\u00e8te<\/li><li>Douche (serviettes propres, savon, shampoing)<\/li><li>Buanderie comprenant lessiveuse\/s\u00e9cheuse<\/li><li>Accessibilit\u00e9 aux personnes en fauteuil roulant<\/li><li>Repas maison, pain, produits cuits au four<\/li><li>Caf\u00e9, th\u00e9 et chocolat chaud gratuits<\/li><li>Livres, jeux et casse-t\u00eate pour enfants et adultes<\/li><li>Aire de bricolage et de jeu pour enfants<\/li><li>Acc\u00e8s \u00e0 la t\u00e9l\u00e9vision<\/li><\/ul>\t\t\t\t\t\t\t\t<\/div>\n\t\t\t\t<div class=\"elementor-element elementor-element-213871e elementor-widget elementor-widget-heading\" data-id=\"213871e\" data-element_type=\"widget\" data-widget_type=\"heading.default\">\n\t\t\t\t\t<h2 class=\"elementor-heading-title elementor-size-default\">\u00ab Souper en famille \u00bb<\/h2>\t\t\t\t<\/div>\n\t\t\t\t<div class=\"elementor-element elementor-element-3111c83 elementor-widget elementor-widget-text-editor\" data-id=\"3111c83\" data-element_type=\"widget\" data-widget_type=\"text-editor.default\">\n\t\t\t\t\t\t\t\t\t<p>Gr\u00e2ce \u00e0 la g\u00e9n\u00e9rosit\u00e9 de donateurs provenant de la collectivit\u00e9, nous sommes en mesure d\u2019offrir quelques repas chaque semaine \u00e0 nos familles, par le biais du programme \u00ab Souper en famille \u00bb. Consultez notre calendrier d\u2019activit\u00e9s et notre menu hebdomadaires affich\u00e9s dans chaque unit\u00e9 du centre hospitalier IWK.<\/p>\t\t\t\t\t\t\t\t<\/div>\n\t\t\t\t<div class=\"elementor-element elementor-element-d405d78 elementor-widget elementor-widget-heading\" data-id=\"d405d78\" data-element_type=\"widget\" data-widget_type=\"heading.default\">\n\t\t\t\t\t<h2 class=\"elementor-heading-title elementor-size-default\">Activit\u00e9s<\/h2>\t\t\t\t<\/div>\n\t\t\t\t<div class=\"elementor-element elementor-element-ab6c0c7 elementor-widget elementor-widget-text-editor\" data-id=\"ab6c0c7\" data-element_type=\"widget\" data-widget_type=\"text-editor.default\">\n\t\t\t\t\t\t\t\t\t<p>La Salle familiale Ronald McDonald offre des activit\u00e9s hebdomadaires aux familles et aux invit\u00e9s. Nos activit\u00e9s comprennent des exp\u00e9riences scientifiques, des soir\u00e9es-cin\u00e9ma et du bricolage. Nous soulignons toujours les \u00e9v\u00e9nements sp\u00e9ciaux et les f\u00eates.<\/p>\t\t\t\t\t\t\t\t<\/div>\n\t\t\t\t<\/div>\n\t\t<div class=\"elementor-element elementor-element-3c451c6c e-con-full e-flex e-con e-child\" data-id=\"3c451c6c\" data-element_type=\"container\">\n\t\t\t\t<\/div>\n\t\t\t\t\t<\/div>\n\t\t\t\t<\/div>\n\t\t\t\t<\/div>\n\t\t","protected":false},"excerpt":{"rendered":"<p>Salle familiale de Halifax Un peu de confort comme \u00e0 la maison fait le plus grand bien Endroit : 2e \u00e9tage du IWK Health Centre, pavillon principal (devant Biggs &amp; Littles). T\u00e9l\u00e9phone : (902) 470-6391 Heures : S\u2019il vous pla\u00eet contactez Qui peut fr\u00e9quenter la Salle familiale Ronald McDonald : La Salle familiale Ronald McDonald [&hellip;]<\/p>\n","protected":false},"author":10,"featured_media":0,"parent":6218,"menu_order":0,"comment_status":"closed","ping_status":"closed","template":"","meta":{"footnotes":""},"class_list":["post-6272","page","type-page","status-publish","hentry"],"_links":{"self":[{"href":"https:\/\/rmhcmaritimes2025-dev.rbdemo.dev\/fr\/wp-json\/wp\/v2\/pages\/6272","targetHints":{"allow":["GET"]}}],"collection":[{"href":"https:\/\/rmhcmaritimes2025-dev.rbdemo.dev\/fr\/wp-json\/wp\/v2\/pages"}],"about":[{"href":"https:\/\/rmhcmaritimes2025-dev.rbdemo.dev\/fr\/wp-json\/wp\/v2\/types\/page"}],"author":[{"embeddable":true,"href":"https:\/\/rmhcmaritimes2025-dev.rbdemo.dev\/fr\/wp-json\/wp\/v2\/users\/10"}],"replies":[{"embeddable":true,"href":"https:\/\/rmhcmaritimes2025-dev.rbdemo.dev\/fr\/wp-json\/wp\/v2\/comments?post=6272"}],"version-history":[{"count":4,"href":"https:\/\/rmhcmaritimes2025-dev.rbdemo.dev\/fr\/wp-json\/wp\/v2\/pages\/6272\/revisions"}],"predecessor-version":[{"id":6276,"href":"https:\/\/rmhcmaritimes2025-dev.rbdemo.dev\/fr\/wp-json\/wp\/v2\/pages\/6272\/revisions\/6276"}],"up":[{"embeddable":true,"href":"https:\/\/rmhcmaritimes2025-dev.rbdemo.dev\/fr\/wp-json\/wp\/v2\/pages\/6218"}],"wp:attachment":[{"href":"https:\/\/rmhcmaritimes2025-dev.rbdemo.dev\/fr\/wp-json\/wp\/v2\/media?parent=6272"}],"curies":[{"name":"wp","href":"https:\/\/api.w.org\/{rel}","templated":true}]}}