{"id":6307,"date":"2025-10-07T13:32:55","date_gmt":"2025-10-07T18:32:55","guid":{"rendered":"https:\/\/rmhcmaritimes2025-dev.rbdemo.dev\/?page_id=6307"},"modified":"2025-10-12T15:20:14","modified_gmt":"2025-10-12T20:20:14","slug":"parrainage-dune-piece-au-manoir","status":"publish","type":"page","link":"https:\/\/rmhcmaritimes2025-dev.rbdemo.dev\/fr\/comment-aider\/parrainage-dune-piece-au-manoir\/","title":{"rendered":"Parrainage d\u2019une pi\u00e8ce au Manoir"},"content":{"rendered":"\t\t<div data-elementor-type=\"wp-page\" data-elementor-id=\"6307\" class=\"elementor elementor-6307 elementor-5007\" data-elementor-post-type=\"page\">\n\t\t\t\t<div class=\"elementor-element elementor-element-1ca57105 e-con-full e-flex e-con e-parent\" data-id=\"1ca57105\" data-element_type=\"container\">\n\t\t\t\t<div class=\"elementor-element elementor-element-5d1f4f14 elementor-widget__width-initial elementor-hidden-mobile elementor-widget elementor-widget-image\" data-id=\"5d1f4f14\" data-element_type=\"widget\" data-widget_type=\"image.default\">\n\t\t\t\t\t\t\t\t\t\t\t\t\t\t\t<img fetchpriority=\"high\" decoding=\"async\" width=\"1450\" height=\"620\" src=\"https:\/\/rmhcmaritimes2025-dev.rbdemo.dev\/wp-content\/uploads\/Adopt-a-room-1450.png\" class=\"attachment-full size-full wp-image-6278\" alt=\"\" srcset=\"https:\/\/rmhcmaritimes2025-dev.rbdemo.dev\/wp-content\/uploads\/Adopt-a-room-1450.png 1450w, https:\/\/rmhcmaritimes2025-dev.rbdemo.dev\/wp-content\/uploads\/Adopt-a-room-1450-150x64.png 150w, https:\/\/rmhcmaritimes2025-dev.rbdemo.dev\/wp-content\/uploads\/Adopt-a-room-1450-768x328.png 768w\" sizes=\"(max-width: 1450px) 100vw, 1450px\" \/>\t\t\t\t\t\t\t\t\t\t\t\t\t\t\t<\/div>\n\t\t\t\t<div class=\"elementor-element elementor-element-1d44d547 elementor-hidden-desktop elementor-hidden-tablet elementor-widget elementor-widget-image\" data-id=\"1d44d547\" data-element_type=\"widget\" data-widget_type=\"image.default\">\n\t\t\t\t\t\t\t\t\t\t\t\t\t\t\t<img decoding=\"async\" width=\"1000\" height=\"850\" src=\"https:\/\/rmhcmaritimes2025-dev.rbdemo.dev\/wp-content\/uploads\/Adopt-a-room-1000.png\" class=\"attachment-full size-full wp-image-6279\" alt=\"\" srcset=\"https:\/\/rmhcmaritimes2025-dev.rbdemo.dev\/wp-content\/uploads\/Adopt-a-room-1000.png 1000w, https:\/\/rmhcmaritimes2025-dev.rbdemo.dev\/wp-content\/uploads\/Adopt-a-room-1000-150x128.png 150w, https:\/\/rmhcmaritimes2025-dev.rbdemo.dev\/wp-content\/uploads\/Adopt-a-room-1000-768x653.png 768w\" sizes=\"(max-width: 1000px) 100vw, 1000px\" \/>\t\t\t\t\t\t\t\t\t\t\t\t\t\t\t<\/div>\n\t\t\t\t<\/div>\n\t\t<div class=\"elementor-element elementor-element-60628f86 e-con-full e-flex e-con e-parent\" data-id=\"60628f86\" data-element_type=\"container\">\n\t\t<div class=\"elementor-element elementor-element-6a8060f0 e-con-full e-flex e-con e-child\" data-id=\"6a8060f0\" data-element_type=\"container\">\n\t\t\t\t<div class=\"elementor-element elementor-element-3499cd43 elementor-widget elementor-widget-heading\" data-id=\"3499cd43\" data-element_type=\"widget\" data-widget_type=\"heading.default\">\n\t\t\t\t\t<h1 class=\"elementor-heading-title elementor-size-default\">Adopt-A-Room Program<\/h1>\t\t\t\t<\/div>\n\t\t\t\t<\/div>\n\t\t<div class=\"elementor-element elementor-element-79f275c8 e-con-full e-flex e-con e-child\" data-id=\"79f275c8\" data-element_type=\"container\">\n\t\t\t\t<\/div>\n\t\t\t\t<\/div>\n\t\t<div class=\"elementor-element elementor-element-7d6b6f55 e-flex e-con-boxed e-con e-parent\" data-id=\"7d6b6f55\" data-element_type=\"container\" data-settings=\"{&quot;background_background&quot;:&quot;classic&quot;}\">\n\t\t\t\t\t<div class=\"e-con-inner\">\n\t\t<div class=\"elementor-element elementor-element-46e52f28 e-con-full e-flex e-con e-child\" data-id=\"46e52f28\" data-element_type=\"container\">\n\t\t\t\t<div class=\"elementor-element elementor-element-22d17e85 elementor-widget elementor-widget-heading\" data-id=\"22d17e85\" data-element_type=\"widget\" data-widget_type=\"heading.default\">\n\t\t\t\t\t<h2 class=\"elementor-heading-title elementor-size-default\">Adopt a room at the Ronald McDonald House\u00ae in Halifax and help support the families that visit us year-round!<\/h2>\t\t\t\t<\/div>\n\t\t\t\t<div class=\"elementor-element elementor-element-9f646d7 elementor-widget elementor-widget-text-editor\" data-id=\"9f646d7\" data-element_type=\"widget\" data-widget_type=\"text-editor.default\">\n\t\t\t\t\t\t\t\t\t<p>Our Adopt-a-Room Partnership Program allows an individual, company or organization to be the exclusive partner on one of the rooms at the House. Your funding will provide families with a \u201chome-away-from-home\u201d while keeping them close during a difficult time.<\/p><p><a href=\"https:\/\/rmhcmaritimes2025-dev.rbdemo.dev\/wp-content\/uploads\/Adopt-A-Room-Brochure-2023.pdf\" target=\"_blank\" rel=\"noopener\">CLICK HERE for our Adopt-a-Room Information Brochure<\/a>\u00a0<\/p>\t\t\t\t\t\t\t\t<\/div>\n\t\t\t\t<\/div>\n\t\t<div class=\"elementor-element elementor-element-14820056 e-con-full e-flex e-con e-child\" data-id=\"14820056\" data-element_type=\"container\">\n\t\t\t\t<div class=\"elementor-element elementor-element-3fcca6b6 elementor-widget elementor-widget-image\" data-id=\"3fcca6b6\" data-element_type=\"widget\" data-widget_type=\"image.default\">\n\t\t\t\t\t\t\t\t\t\t\t\t\t\t\t<img decoding=\"async\" width=\"1000\" height=\"851\" src=\"https:\/\/rmhcmaritimes2025-dev.rbdemo.dev\/wp-content\/uploads\/Adopt-a-room-2-1-1.png\" class=\"attachment-full size-full wp-image-6302\" alt=\"\" srcset=\"https:\/\/rmhcmaritimes2025-dev.rbdemo.dev\/wp-content\/uploads\/Adopt-a-room-2-1-1.png 1000w, https:\/\/rmhcmaritimes2025-dev.rbdemo.dev\/wp-content\/uploads\/Adopt-a-room-2-1-1-150x128.png 150w, https:\/\/rmhcmaritimes2025-dev.rbdemo.dev\/wp-content\/uploads\/Adopt-a-room-2-1-1-768x654.png 768w\" sizes=\"(max-width: 1000px) 100vw, 1000px\" \/>\t\t\t\t\t\t\t\t\t\t\t\t\t\t\t<\/div>\n\t\t\t\t<\/div>\n\t\t\t\t\t<\/div>\n\t\t\t\t<\/div>\n\t\t<div class=\"elementor-element elementor-element-7e5e1308 e-flex e-con-boxed e-con e-parent\" data-id=\"7e5e1308\" data-element_type=\"container\" data-settings=\"{&quot;background_background&quot;:&quot;classic&quot;}\">\n\t\t\t\t\t<div class=\"e-con-inner\">\n\t\t<div class=\"elementor-element elementor-element-4cadd02a e-con-full e-flex e-con e-child\" data-id=\"4cadd02a\" data-element_type=\"container\">\n\t\t\t\t<div class=\"elementor-element elementor-element-5b8102cb elementor-widget elementor-widget-image\" data-id=\"5b8102cb\" data-element_type=\"widget\" data-widget_type=\"image.default\">\n\t\t\t\t\t\t\t\t\t\t\t\t\t\t\t<img loading=\"lazy\" decoding=\"async\" width=\"576\" height=\"576\" src=\"https:\/\/rmhcmaritimes2025-dev.rbdemo.dev\/wp-content\/uploads\/RMH_icons_Our_Impact_RGB.webp\" class=\"attachment-full size-full wp-image-5036\" alt=\"\u00c9toile rouge avec un c\u0153ur au centre et des lignes repr\u00e9sentant une action rayonnante\" srcset=\"https:\/\/rmhcmaritimes2025-dev.rbdemo.dev\/wp-content\/uploads\/RMH_icons_Our_Impact_RGB.webp 576w, https:\/\/rmhcmaritimes2025-dev.rbdemo.dev\/wp-content\/uploads\/RMH_icons_Our_Impact_RGB-150x150.webp 150w\" sizes=\"(max-width: 576px) 100vw, 576px\" \/>\t\t\t\t\t\t\t\t\t\t\t\t\t\t\t<\/div>\n\t\t\t\t<\/div>\n\t\t<div class=\"elementor-element elementor-element-374c8483 e-con-full e-flex e-con e-child\" data-id=\"374c8483\" data-element_type=\"container\">\n\t\t\t\t<div class=\"elementor-element elementor-element-7f018ab elementor-widget elementor-widget-text-editor\" data-id=\"7f018ab\" data-element_type=\"widget\" data-widget_type=\"text-editor.default\">\n\t\t\t\t\t\t\t\t\t<h2>For more information, contact <a href=\"mailto:giving@ronaldmcdonaldhousemaritimes.ca\" target=\"_blank\" rel=\"noopener\">giving@ronaldmcdonaldhousemaritimes.ca<\/a><\/h2>\t\t\t\t\t\t\t\t<\/div>\n\t\t\t\t<\/div>\n\t\t\t\t\t<\/div>\n\t\t\t\t<\/div>\n\t\t<div class=\"elementor-element elementor-element-79b7e4a1 e-flex e-con-boxed e-con e-parent\" data-id=\"79b7e4a1\" data-element_type=\"container\">\n\t\t\t\t\t<div class=\"e-con-inner\">\n\t\t<div class=\"elementor-element elementor-element-5307c599 e-con-full e-flex e-con e-child\" data-id=\"5307c599\" data-element_type=\"container\">\n\t\t\t\t<div class=\"elementor-element elementor-element-b5747e1 elementor-widget elementor-widget-heading\" data-id=\"b5747e1\" data-element_type=\"widget\" data-widget_type=\"heading.default\">\n\t\t\t\t\t<h2 class=\"elementor-heading-title elementor-size-default\">Partnership Impact<\/h2>\t\t\t\t<\/div>\n\t\t\t\t<div class=\"elementor-element elementor-element-2ed6b45e elementor-widget elementor-widget-text-editor\" data-id=\"2ed6b45e\" data-element_type=\"widget\" data-widget_type=\"text-editor.default\">\n\t\t\t\t\t\t\t\t\t<p>Dollars raised through our Adopt-a-Room Partnership Program impact our families by providing:<\/p><ul><li>Lodging accommodations for families<\/li><li>Access to laundry services, kitchen, televisions, computer and games<\/li><li>Access to activities including an indoor play area, outdoor playground, video games, movie nights, monthly activities and much more<\/li><li>24-hour restricted access to house to ensure that families are safe at all times<\/li><li>A sense of community with other families in the house who are also going through their own journey<\/li><\/ul><div>\u00a0<\/div>\t\t\t\t\t\t\t\t<\/div>\n\t\t\t\t<div class=\"elementor-element elementor-element-eb00d82 elementor-widget elementor-widget-heading\" data-id=\"eb00d82\" data-element_type=\"widget\" data-widget_type=\"heading.default\">\n\t\t\t\t\t<h2 class=\"elementor-heading-title elementor-size-default\">Adopt-a-Room Benefits<\/h2>\t\t\t\t<\/div>\n\t\t\t\t<div class=\"elementor-element elementor-element-746ca78 elementor-widget elementor-widget-text-editor\" data-id=\"746ca78\" data-element_type=\"widget\" data-widget_type=\"text-editor.default\">\n\t\t\t\t\t\t\t\t\t<p>In joining our Adopt-A-Room Partnership Program, we promise to recognize the generosity of your gift through the following:<\/p><ul><li><strong>Prominent Signage<\/strong> \u2013 your name on the room number plaque in designated area &amp; on our donor wall for full term of sponsorship<\/li><li><strong>Our Website<\/strong> \u2013 your name or logo on our website with hyperlink to your website<\/li><li><strong>Impact Report<\/strong> \u2013 we will provide you with annual statistics of the families being served by the Ronald McDonald House Maritimes House &amp; Family Rooms as well as recognize your support<\/li><li><strong>Social Media<\/strong> \u2013 highlight of room adoption with photos on Ronald McDonald House Maritimes\u2019s social media platforms<\/li><li><strong>Home for Dinner<\/strong> \u2013 opportunity to cook a meal for the families staying at the House or using one of the Family Rooms<\/li><li><strong>Future Opportunities<\/strong> \u2013 you will receive first right of refusal for adoption in subsequent years.<\/li><\/ul><p>\u00a0<\/p>\t\t\t\t\t\t\t\t<\/div>\n\t\t\t\t<\/div>\n\t\t<div class=\"elementor-element elementor-element-77a99689 e-con-full e-flex e-con e-child\" data-id=\"77a99689\" data-element_type=\"container\">\n\t\t\t\t<\/div>\n\t\t\t\t\t<\/div>\n\t\t\t\t<\/div>\n\t\t<div class=\"elementor-element elementor-element-32014be3 e-flex e-con-boxed e-con e-parent\" data-id=\"32014be3\" data-element_type=\"container\">\n\t\t\t\t\t<div class=\"e-con-inner\">\n\t\t<div class=\"elementor-element elementor-element-3b194362 e-con-full e-flex e-con e-child\" data-id=\"3b194362\" data-element_type=\"container\">\n\t\t\t\t<div class=\"elementor-element elementor-element-42648a98 elementor-widget elementor-widget-heading\" data-id=\"42648a98\" data-element_type=\"widget\" data-widget_type=\"heading.default\">\n\t\t\t\t\t<h2 class=\"elementor-heading-title elementor-size-default\">Adopt-A-Room Partners<\/h2>\t\t\t\t<\/div>\n\t\t\t\t<\/div>\n\t\t<div class=\"elementor-element elementor-element-381211b6 e-con-full e-flex e-con e-child\" data-id=\"381211b6\" data-element_type=\"container\">\n\t\t\t\t<div class=\"elementor-element elementor-element-135f285b elementor-widget elementor-widget-image\" data-id=\"135f285b\" data-element_type=\"widget\" data-widget_type=\"image.default\">\n\t\t\t\t\t\t\t\t\t\t\t\t\t\t\t<img loading=\"lazy\" decoding=\"async\" width=\"300\" height=\"300\" src=\"https:\/\/rmhcmaritimes2025-dev.rbdemo.dev\/wp-content\/uploads\/ADOPT-A-ROOM-tile-NBCF-31-300x300-1-1.jpg\" class=\"attachment-large size-large wp-image-6285\" alt=\"\" srcset=\"https:\/\/rmhcmaritimes2025-dev.rbdemo.dev\/wp-content\/uploads\/ADOPT-A-ROOM-tile-NBCF-31-300x300-1-1.jpg 300w, https:\/\/rmhcmaritimes2025-dev.rbdemo.dev\/wp-content\/uploads\/ADOPT-A-ROOM-tile-NBCF-31-300x300-1-1-150x150.jpg 150w\" sizes=\"(max-width: 300px) 100vw, 300px\" \/>\t\t\t\t\t\t\t\t\t\t\t\t\t\t\t<\/div>\n\t\t\t\t<\/div>\n\t\t<div class=\"elementor-element elementor-element-655ef45a e-con-full e-flex e-con e-child\" data-id=\"655ef45a\" data-element_type=\"container\">\n\t\t\t\t<div class=\"elementor-element elementor-element-40037eb3 elementor-widget elementor-widget-image\" data-id=\"40037eb3\" data-element_type=\"widget\" data-widget_type=\"image.default\">\n\t\t\t\t\t\t\t\t\t\t\t\t\t\t\t<img loading=\"lazy\" decoding=\"async\" width=\"300\" height=\"300\" src=\"https:\/\/rmhcmaritimes2025-dev.rbdemo.dev\/wp-content\/uploads\/ADOPT-A-ROOM-tile-2020-10-300x300-1-1.jpg\" class=\"attachment-large size-large wp-image-6286\" alt=\"\" srcset=\"https:\/\/rmhcmaritimes2025-dev.rbdemo.dev\/wp-content\/uploads\/ADOPT-A-ROOM-tile-2020-10-300x300-1-1.jpg 300w, https:\/\/rmhcmaritimes2025-dev.rbdemo.dev\/wp-content\/uploads\/ADOPT-A-ROOM-tile-2020-10-300x300-1-1-150x150.jpg 150w\" sizes=\"(max-width: 300px) 100vw, 300px\" \/>\t\t\t\t\t\t\t\t\t\t\t\t\t\t\t<\/div>\n\t\t\t\t<\/div>\n\t\t<div class=\"elementor-element elementor-element-33d64f52 e-con-full e-flex e-con e-child\" data-id=\"33d64f52\" data-element_type=\"container\">\n\t\t\t\t<div class=\"elementor-element elementor-element-7eb9e783 elementor-widget elementor-widget-image\" data-id=\"7eb9e783\" data-element_type=\"widget\" data-widget_type=\"image.default\">\n\t\t\t\t\t\t\t\t\t\t\t\t\t\t\t<img loading=\"lazy\" decoding=\"async\" width=\"300\" height=\"300\" src=\"https:\/\/rmhcmaritimes2025-dev.rbdemo.dev\/wp-content\/uploads\/ADOPT-A-ROOM-tile-08-300x300-1-1.jpg\" class=\"attachment-large size-large wp-image-6287\" alt=\"\" srcset=\"https:\/\/rmhcmaritimes2025-dev.rbdemo.dev\/wp-content\/uploads\/ADOPT-A-ROOM-tile-08-300x300-1-1.jpg 300w, https:\/\/rmhcmaritimes2025-dev.rbdemo.dev\/wp-content\/uploads\/ADOPT-A-ROOM-tile-08-300x300-1-1-150x150.jpg 150w\" sizes=\"(max-width: 300px) 100vw, 300px\" \/>\t\t\t\t\t\t\t\t\t\t\t\t\t\t\t<\/div>\n\t\t\t\t<\/div>\n\t\t<div class=\"elementor-element elementor-element-3d5454f3 e-con-full e-flex e-con e-child\" data-id=\"3d5454f3\" data-element_type=\"container\">\n\t\t\t\t<div class=\"elementor-element elementor-element-2181ec63 elementor-widget elementor-widget-image\" data-id=\"2181ec63\" data-element_type=\"widget\" data-widget_type=\"image.default\">\n\t\t\t\t\t\t\t\t\t\t\t\t\t\t\t<img loading=\"lazy\" decoding=\"async\" width=\"300\" height=\"300\" src=\"https:\/\/rmhcmaritimes2025-dev.rbdemo.dev\/wp-content\/uploads\/ADOPT-A-ROOM-tile-2020-12-300x300-1-1.jpg\" class=\"attachment-large size-large wp-image-6288\" alt=\"\" srcset=\"https:\/\/rmhcmaritimes2025-dev.rbdemo.dev\/wp-content\/uploads\/ADOPT-A-ROOM-tile-2020-12-300x300-1-1.jpg 300w, https:\/\/rmhcmaritimes2025-dev.rbdemo.dev\/wp-content\/uploads\/ADOPT-A-ROOM-tile-2020-12-300x300-1-1-150x150.jpg 150w\" sizes=\"(max-width: 300px) 100vw, 300px\" \/>\t\t\t\t\t\t\t\t\t\t\t\t\t\t\t<\/div>\n\t\t\t\t<\/div>\n\t\t<div class=\"elementor-element elementor-element-66b00bbd e-con-full e-flex e-con e-child\" data-id=\"66b00bbd\" data-element_type=\"container\">\n\t\t\t\t<div class=\"elementor-element elementor-element-44389649 elementor-widget elementor-widget-image\" data-id=\"44389649\" data-element_type=\"widget\" data-widget_type=\"image.default\">\n\t\t\t\t\t\t\t\t\t\t\t\t\t\t\t<img loading=\"lazy\" decoding=\"async\" width=\"300\" height=\"300\" src=\"https:\/\/rmhcmaritimes2025-dev.rbdemo.dev\/wp-content\/uploads\/ADOPT-A-ROOM-2021-Meade-10-300x300-1.jpg\" class=\"attachment-large size-large wp-image-6289\" alt=\"\" srcset=\"https:\/\/rmhcmaritimes2025-dev.rbdemo.dev\/wp-content\/uploads\/ADOPT-A-ROOM-2021-Meade-10-300x300-1.jpg 300w, https:\/\/rmhcmaritimes2025-dev.rbdemo.dev\/wp-content\/uploads\/ADOPT-A-ROOM-2021-Meade-10-300x300-1-150x150.jpg 150w\" sizes=\"(max-width: 300px) 100vw, 300px\" \/>\t\t\t\t\t\t\t\t\t\t\t\t\t\t\t<\/div>\n\t\t\t\t<\/div>\n\t\t<div class=\"elementor-element elementor-element-27f9f4e4 e-con-full e-flex e-con e-child\" data-id=\"27f9f4e4\" data-element_type=\"container\">\n\t\t\t\t<div class=\"elementor-element elementor-element-34be3c73 elementor-widget elementor-widget-image\" data-id=\"34be3c73\" data-element_type=\"widget\" data-widget_type=\"image.default\">\n\t\t\t\t\t\t\t\t\t\t\t\t\t\t\t<img loading=\"lazy\" decoding=\"async\" width=\"300\" height=\"300\" src=\"https:\/\/rmhcmaritimes2025-dev.rbdemo.dev\/wp-content\/uploads\/ADOPT-A-ROOM-2021-07-300x300-2.jpg\" class=\"attachment-large size-large wp-image-6290\" alt=\"\" srcset=\"https:\/\/rmhcmaritimes2025-dev.rbdemo.dev\/wp-content\/uploads\/ADOPT-A-ROOM-2021-07-300x300-2.jpg 300w, https:\/\/rmhcmaritimes2025-dev.rbdemo.dev\/wp-content\/uploads\/ADOPT-A-ROOM-2021-07-300x300-2-150x150.jpg 150w\" sizes=\"(max-width: 300px) 100vw, 300px\" \/>\t\t\t\t\t\t\t\t\t\t\t\t\t\t\t<\/div>\n\t\t\t\t<\/div>\n\t\t<div class=\"elementor-element elementor-element-382dd5cf e-con-full e-flex e-con e-child\" data-id=\"382dd5cf\" data-element_type=\"container\">\n\t\t\t\t<div class=\"elementor-element elementor-element-125134b1 elementor-widget elementor-widget-image\" data-id=\"125134b1\" data-element_type=\"widget\" data-widget_type=\"image.default\">\n\t\t\t\t\t\t\t\t\t\t\t\t\t\t\t<img loading=\"lazy\" decoding=\"async\" width=\"300\" height=\"300\" src=\"https:\/\/rmhcmaritimes2025-dev.rbdemo.dev\/wp-content\/uploads\/ADOPT-A-ROOM-2021-CHF2-11-300x300-1-1.jpg\" class=\"attachment-large size-large wp-image-6291\" alt=\"\" srcset=\"https:\/\/rmhcmaritimes2025-dev.rbdemo.dev\/wp-content\/uploads\/ADOPT-A-ROOM-2021-CHF2-11-300x300-1-1.jpg 300w, https:\/\/rmhcmaritimes2025-dev.rbdemo.dev\/wp-content\/uploads\/ADOPT-A-ROOM-2021-CHF2-11-300x300-1-1-150x150.jpg 150w\" sizes=\"(max-width: 300px) 100vw, 300px\" \/>\t\t\t\t\t\t\t\t\t\t\t\t\t\t\t<\/div>\n\t\t\t\t<\/div>\n\t\t<div class=\"elementor-element elementor-element-78ab00f6 e-con-full e-flex e-con e-child\" data-id=\"78ab00f6\" data-element_type=\"container\">\n\t\t\t\t<div class=\"elementor-element elementor-element-6bdcacbe elementor-widget elementor-widget-image\" data-id=\"6bdcacbe\" data-element_type=\"widget\" data-widget_type=\"image.default\">\n\t\t\t\t\t\t\t\t\t\t\t\t\t\t\t<img loading=\"lazy\" decoding=\"async\" width=\"320\" height=\"320\" src=\"https:\/\/rmhcmaritimes2025-dev.rbdemo.dev\/wp-content\/uploads\/Frame-26.png\" class=\"attachment-large size-large wp-image-6296\" alt=\"\" srcset=\"https:\/\/rmhcmaritimes2025-dev.rbdemo.dev\/wp-content\/uploads\/Frame-26.png 320w, https:\/\/rmhcmaritimes2025-dev.rbdemo.dev\/wp-content\/uploads\/Frame-26-150x150.png 150w\" sizes=\"(max-width: 320px) 100vw, 320px\" \/>\t\t\t\t\t\t\t\t\t\t\t\t\t\t\t<\/div>\n\t\t\t\t<\/div>\n\t\t<div class=\"elementor-element elementor-element-04abc00 e-con-full e-flex e-con e-child\" data-id=\"04abc00\" data-element_type=\"container\">\n\t\t\t\t<div class=\"elementor-element elementor-element-f2ca2f1 elementor-widget elementor-widget-image\" data-id=\"f2ca2f1\" data-element_type=\"widget\" data-widget_type=\"image.default\">\n\t\t\t\t\t\t\t\t\t\t\t\t\t\t\t<img loading=\"lazy\" decoding=\"async\" width=\"320\" height=\"320\" src=\"https:\/\/rmhcmaritimes2025-dev.rbdemo.dev\/wp-content\/uploads\/Frame-27.png\" class=\"attachment-large size-large wp-image-6297\" alt=\"\" srcset=\"https:\/\/rmhcmaritimes2025-dev.rbdemo.dev\/wp-content\/uploads\/Frame-27.png 320w, https:\/\/rmhcmaritimes2025-dev.rbdemo.dev\/wp-content\/uploads\/Frame-27-150x150.png 150w\" sizes=\"(max-width: 320px) 100vw, 320px\" \/>\t\t\t\t\t\t\t\t\t\t\t\t\t\t\t<\/div>\n\t\t\t\t<\/div>\n\t\t\t\t\t<\/div>\n\t\t\t\t<\/div>\n\t\t\t\t<\/div>\n\t\t","protected":false},"excerpt":{"rendered":"","protected":false},"author":10,"featured_media":0,"parent":6347,"menu_order":0,"comment_status":"closed","ping_status":"closed","template":"","meta":{"footnotes":""},"class_list":["post-6307","page","type-page","status-publish","hentry"],"_links":{"self":[{"href":"https:\/\/rmhcmaritimes2025-dev.rbdemo.dev\/fr\/wp-json\/wp\/v2\/pages\/6307","targetHints":{"allow":["GET"]}}],"collection":[{"href":"https:\/\/rmhcmaritimes2025-dev.rbdemo.dev\/fr\/wp-json\/wp\/v2\/pages"}],"about":[{"href":"https:\/\/rmhcmaritimes2025-dev.rbdemo.dev\/fr\/wp-json\/wp\/v2\/types\/page"}],"author":[{"embeddable":true,"href":"https:\/\/rmhcmaritimes2025-dev.rbdemo.dev\/fr\/wp-json\/wp\/v2\/users\/10"}],"replies":[{"embeddable":true,"href":"https:\/\/rmhcmaritimes2025-dev.rbdemo.dev\/fr\/wp-json\/wp\/v2\/comments?post=6307"}],"version-history":[{"count":1,"href":"https:\/\/rmhcmaritimes2025-dev.rbdemo.dev\/fr\/wp-json\/wp\/v2\/pages\/6307\/revisions"}],"predecessor-version":[{"id":6308,"href":"https:\/\/rmhcmaritimes2025-dev.rbdemo.dev\/fr\/wp-json\/wp\/v2\/pages\/6307\/revisions\/6308"}],"up":[{"embeddable":true,"href":"https:\/\/rmhcmaritimes2025-dev.rbdemo.dev\/fr\/wp-json\/wp\/v2\/pages\/6347"}],"wp:attachment":[{"href":"https:\/\/rmhcmaritimes2025-dev.rbdemo.dev\/fr\/wp-json\/wp\/v2\/media?parent=6307"}],"curies":[{"name":"wp","href":"https:\/\/api.w.org\/{rel}","templated":true}]}}