{"id":6411,"date":"2025-10-07T13:35:00","date_gmt":"2025-10-07T18:35:00","guid":{"rendered":"https:\/\/rmhcmaritimes2025-dev.rbdemo.dev\/?page_id=6411"},"modified":"2025-10-12T21:30:04","modified_gmt":"2025-10-13T02:30:04","slug":"pyja-marche-pour-les-enfants","status":"publish","type":"page","link":"https:\/\/rmhcmaritimes2025-dev.rbdemo.dev\/fr\/pyja-marche-pour-les-enfants\/","title":{"rendered":"Pyja-marche pour les enfants"},"content":{"rendered":"\t\t<div data-elementor-type=\"wp-page\" data-elementor-id=\"6411\" class=\"elementor elementor-6411 elementor-5011\" data-elementor-post-type=\"page\">\n\t\t\t\t<div class=\"elementor-element elementor-element-3226063e e-con-full e-flex e-con e-parent\" data-id=\"3226063e\" data-element_type=\"container\">\n\t\t\t\t<div class=\"elementor-element elementor-element-39bd5a16 elementor-widget__width-initial elementor-hidden-mobile elementor-widget elementor-widget-image\" data-id=\"39bd5a16\" data-element_type=\"widget\" data-widget_type=\"image.default\">\n\t\t\t\t\t\t\t\t\t\t\t\t\t\t\t<img fetchpriority=\"high\" decoding=\"async\" width=\"1449\" height=\"620\" src=\"https:\/\/rmhcmaritimes2025-dev.rbdemo.dev\/wp-content\/uploads\/WEBSITE-BANNER-10.27.2-1536x448-1450.png\" class=\"attachment-full size-full wp-image-6406\" alt=\"\" srcset=\"https:\/\/rmhcmaritimes2025-dev.rbdemo.dev\/wp-content\/uploads\/WEBSITE-BANNER-10.27.2-1536x448-1450.png 1449w, https:\/\/rmhcmaritimes2025-dev.rbdemo.dev\/wp-content\/uploads\/WEBSITE-BANNER-10.27.2-1536x448-1450-150x64.png 150w, https:\/\/rmhcmaritimes2025-dev.rbdemo.dev\/wp-content\/uploads\/WEBSITE-BANNER-10.27.2-1536x448-1450-768x329.png 768w\" sizes=\"(max-width: 1449px) 100vw, 1449px\" \/>\t\t\t\t\t\t\t\t\t\t\t\t\t\t\t<\/div>\n\t\t\t\t<div class=\"elementor-element elementor-element-3dd13c9c elementor-hidden-desktop elementor-hidden-tablet elementor-widget elementor-widget-image\" data-id=\"3dd13c9c\" data-element_type=\"widget\" data-widget_type=\"image.default\">\n\t\t\t\t\t\t\t\t\t\t\t\t\t\t\t<img decoding=\"async\" width=\"1000\" height=\"850\" src=\"https:\/\/rmhcmaritimes2025-dev.rbdemo.dev\/wp-content\/uploads\/WEBSITE-BANNER-10.27.2-1536x448-1000.png\" class=\"attachment-full size-full wp-image-6407\" alt=\"\" srcset=\"https:\/\/rmhcmaritimes2025-dev.rbdemo.dev\/wp-content\/uploads\/WEBSITE-BANNER-10.27.2-1536x448-1000.png 1000w, https:\/\/rmhcmaritimes2025-dev.rbdemo.dev\/wp-content\/uploads\/WEBSITE-BANNER-10.27.2-1536x448-1000-150x128.png 150w, https:\/\/rmhcmaritimes2025-dev.rbdemo.dev\/wp-content\/uploads\/WEBSITE-BANNER-10.27.2-1536x448-1000-768x653.png 768w\" sizes=\"(max-width: 1000px) 100vw, 1000px\" \/>\t\t\t\t\t\t\t\t\t\t\t\t\t\t\t<\/div>\n\t\t\t\t<\/div>\n\t\t<div class=\"elementor-element elementor-element-6e8cf5c5 e-con-full e-flex e-con e-parent\" data-id=\"6e8cf5c5\" data-element_type=\"container\">\n\t\t<div class=\"elementor-element elementor-element-69fee843 e-con-full e-flex e-con e-child\" data-id=\"69fee843\" data-element_type=\"container\">\n\t\t\t\t<div class=\"elementor-element elementor-element-6f5794d5 elementor-widget elementor-widget-heading\" data-id=\"6f5794d5\" data-element_type=\"widget\" data-widget_type=\"heading.default\">\n\t\t\t\t\t<h1 class=\"elementor-heading-title elementor-size-default\">Pyja-marche pour les enfants\n<\/h1>\t\t\t\t<\/div>\n\t\t\t\t<div class=\"elementor-element elementor-element-7953a8df elementor-widget elementor-widget-text-editor\" data-id=\"7953a8df\" data-element_type=\"widget\" data-widget_type=\"text-editor.default\">\n\t\t\t\t\t\t\t\t\t<h2>pr\u00e9sent\u00e9 par Vogue Optical<\/h2><p>Merci \u00e0 tous les participants, commanditaires et donateurs de la Marche 2025 ! Ensemble, vous avez contribu\u00e9 \u00e0 amasser 144 000 $ pour les familles des Maritimes au Maison Ronald McDonald !<\/p>\t\t\t\t\t\t\t\t<\/div>\n\t\t\t\t<\/div>\n\t\t<div class=\"elementor-element elementor-element-96a8e35 e-con-full e-flex e-con e-child\" data-id=\"96a8e35\" data-element_type=\"container\">\n\t\t\t\t<\/div>\n\t\t\t\t<\/div>\n\t\t<div class=\"elementor-element elementor-element-170f0973 e-flex e-con-boxed e-con e-parent\" data-id=\"170f0973\" data-element_type=\"container\">\n\t\t\t\t\t<div class=\"e-con-inner\">\n\t\t<div class=\"elementor-element elementor-element-b198ac3 e-con-full e-flex e-con e-child\" data-id=\"b198ac3\" data-element_type=\"container\">\n\t\t\t\t<div class=\"elementor-element elementor-element-12cd2353 elementor-widget elementor-widget-heading\" data-id=\"12cd2353\" data-element_type=\"widget\" data-widget_type=\"heading.default\">\n\t\t\t\t\t<h2 class=\"elementor-heading-title elementor-size-default\">Tenez votre propre journ\u00e9e Pyja-marche!\n\n<\/h2>\t\t\t\t<\/div>\n\t\t\t\t<div class=\"elementor-element elementor-element-6d661570 elementor-widget elementor-widget-text-editor\" data-id=\"6d661570\" data-element_type=\"widget\" data-widget_type=\"text-editor.default\">\n\t\t\t\t\t\t\t\t\t<p>Nous vous invitons tous et toutes \u00e0 participer \u00e0 la Pyja-marche pour les enfants en organisant votre propre marche pour votre \u00e9cole ou votre groupe! La marche pour les enfants est une excellente fa\u00e7on de soutenir les familles des provinces de l\u2019Atlantique et leur enfant malade recevant des traitements qui s\u00e9journent au Manoir Ronald McDonald.<\/p><h3>Voici comment votre \u00e9v\u00e9nement peut venir en aide aux familles de la Maison Ronald McDonald :<\/h3><ul><li><p>Tenez une journ\u00e9e Pyja-marche et encouragez les participants \u00e0 faire un don de 2 $ pour la Maison Ronald McDonald;<\/p><\/li><li><p>Tenez une vente de p\u00e2tisseries, un barbecue, vendez des c\u0153urs, ou trouvez votre propre id\u00e9e d\u2019activit\u00e9 de collecte de fonds;<\/p><\/li><li><p>Envoyez un courriel \u00e0 <a href=\"mailto:pjwalk@ronaldmcdonaldhousemaritimes.ca\" target=\"_blank\" rel=\"noopener\">pjwalk@ronaldmcdonaldhousemaritimes.ca<\/a> pour demander un conf\u00e9rencier invit\u00e9 ou une pr\u00e9sentation vid\u00e9o.<\/p><\/li><\/ul><p>T\u00e9l\u00e9chargez la trousse pour les \u00e9coles pour votre r\u00e9gion afin d\u2019en apprendre davantage en classe au sujet.<\/p><p><a href=\"https:\/\/rmhcmaritimes2025-dev.rbdemo.dev\/wp-content\/uploads\/PJ-Walk-For-Kids-SCHOOL-PACKAGE-FRE-1.pdf\" target=\"_blank\" rel=\"noopener\"><span style=\"font-weight: 400;\">Cliquez ici pour t\u00e9l\u00e9charger !<\/span><\/a><\/p>\t\t\t\t\t\t\t\t<\/div>\n\t\t\t\t<\/div>\n\t\t<div class=\"elementor-element elementor-element-410c6f56 e-con-full e-flex e-con e-child\" data-id=\"410c6f56\" data-element_type=\"container\">\n\t\t\t\t<\/div>\n\t\t\t\t\t<\/div>\n\t\t\t\t<\/div>\n\t\t<div class=\"elementor-element elementor-element-42755a18 e-flex e-con-boxed e-con e-parent\" data-id=\"42755a18\" data-element_type=\"container\" data-settings=\"{&quot;background_background&quot;:&quot;classic&quot;}\">\n\t\t\t\t\t<div class=\"e-con-inner\">\n\t\t<div class=\"elementor-element elementor-element-805929a e-con-full e-flex e-con e-child\" data-id=\"805929a\" data-element_type=\"container\">\n\t\t\t\t<div class=\"elementor-element elementor-element-52343ef9 elementor-widget elementor-widget-heading\" data-id=\"52343ef9\" data-element_type=\"widget\" data-widget_type=\"heading.default\">\n\t\t\t\t\t<h2 class=\"elementor-heading-title elementor-size-default\">Merci aux commanditaires, aux b\u00e9n\u00e9voles, aux participants et aux donateurs qui ont contribu\u00e9 \u00e0 rendre possible cette importante collecte de fonds !\n<\/h2>\t\t\t\t<\/div>\n\t\t\t\t<div class=\"elementor-element elementor-element-535288b8 elementor-widget elementor-widget-text-editor\" data-id=\"535288b8\" data-element_type=\"widget\" data-widget_type=\"text-editor.default\">\n\t\t\t\t\t\t\t\t\t<p>Au cours des six derni\u00e8res ann\u00e9es, cet \u00e9v\u00e9nement a amass\u00e9 plus de 1 220 000 $ pour venir en aide aux familles des Maritimes ayant un enfant malade. Par le biais de cette collecte de fonds bas\u00e9e sur des promesses de don, la marche pour les enfants amassera les fonds n\u00e9cessaires pour nous assurer que les familles ont un second chez-soi accueillant et douillet lorsqu\u2019elles doivent se d\u00e9placer pour les soins dont leur enfant malade a besoin.<\/p><p>Pour plus de renseignements sur la fa\u00e7on de participer \u00e0 la marche pour les enfants, envoyez un courriel \u00e0 <a href=\"mailto:http:\/\/events@ronaldmcdonaldhousemaritimes.ca.\" target=\"_blank\" rel=\"noopener\">events@ronaldmcdonaldhousemaritimes.ca.<\/a><\/p>\t\t\t\t\t\t\t\t<\/div>\n\t\t\t\t<\/div>\n\t\t<div class=\"elementor-element elementor-element-39e0e833 e-con-full e-flex e-con e-child\" data-id=\"39e0e833\" data-element_type=\"container\">\n\t\t\t\t<div class=\"elementor-element elementor-element-14e1eea6 elementor-widget elementor-widget-image\" data-id=\"14e1eea6\" data-element_type=\"widget\" data-widget_type=\"image.default\">\n\t\t\t\t\t\t\t\t\t\t\t\t\t\t\t<img decoding=\"async\" width=\"1008\" height=\"858\" src=\"https:\/\/rmhcmaritimes2025-dev.rbdemo.dev\/wp-content\/uploads\/PJ-WALK-5-1-1024x683-1000.png\" class=\"attachment-full size-full wp-image-6405\" alt=\"\" srcset=\"https:\/\/rmhcmaritimes2025-dev.rbdemo.dev\/wp-content\/uploads\/PJ-WALK-5-1-1024x683-1000.png 1008w, https:\/\/rmhcmaritimes2025-dev.rbdemo.dev\/wp-content\/uploads\/PJ-WALK-5-1-1024x683-1000-150x128.png 150w, https:\/\/rmhcmaritimes2025-dev.rbdemo.dev\/wp-content\/uploads\/PJ-WALK-5-1-1024x683-1000-768x654.png 768w\" sizes=\"(max-width: 1008px) 100vw, 1008px\" \/>\t\t\t\t\t\t\t\t\t\t\t\t\t\t\t<\/div>\n\t\t\t\t<\/div>\n\t\t\t\t\t<\/div>\n\t\t\t\t<\/div>\n\t\t<div class=\"elementor-element elementor-element-70c4451e e-flex e-con-boxed e-con e-parent\" data-id=\"70c4451e\" data-element_type=\"container\">\n\t\t\t\t\t<div class=\"e-con-inner\">\n\t\t<div class=\"elementor-element elementor-element-733f5fde e-con-full e-flex e-con e-child\" data-id=\"733f5fde\" data-element_type=\"container\">\n\t\t\t\t<div class=\"elementor-element elementor-element-671cd240 elementor-widget elementor-widget-heading\" data-id=\"671cd240\" data-element_type=\"widget\" data-widget_type=\"heading.default\">\n\t\t\t\t\t<h2 class=\"elementor-heading-title elementor-size-default\">Commanditaires 2025 <\/h2>\t\t\t\t<\/div>\n\t\t\t\t<\/div>\n\t\t<div class=\"elementor-element elementor-element-109e12c3 e-con-full e-flex e-con e-child\" data-id=\"109e12c3\" data-element_type=\"container\">\n\t\t\t\t<div class=\"elementor-element elementor-element-2458a805 elementor-widget elementor-widget-image\" data-id=\"2458a805\" data-element_type=\"widget\" data-widget_type=\"image.default\">\n\t\t\t\t\t\t\t\t\t\t\t\t\t\t\t<img loading=\"lazy\" decoding=\"async\" width=\"1080\" height=\"1080\" src=\"https:\/\/rmhcmaritimes2025-dev.rbdemo.dev\/wp-content\/uploads\/vogue-optical-1080.png\" class=\"attachment-large size-large wp-image-6404\" alt=\"\" srcset=\"https:\/\/rmhcmaritimes2025-dev.rbdemo.dev\/wp-content\/uploads\/vogue-optical-1080.png 1080w, https:\/\/rmhcmaritimes2025-dev.rbdemo.dev\/wp-content\/uploads\/vogue-optical-1080-150x150.png 150w, https:\/\/rmhcmaritimes2025-dev.rbdemo.dev\/wp-content\/uploads\/vogue-optical-1080-768x768.png 768w\" sizes=\"(max-width: 1080px) 100vw, 1080px\" \/>\t\t\t\t\t\t\t\t\t\t\t\t\t\t\t<\/div>\n\t\t\t\t<div class=\"elementor-element elementor-element-10d8bea elementor-widget elementor-widget-heading\" data-id=\"10d8bea\" data-element_type=\"widget\" data-widget_type=\"heading.default\">\n\t\t\t\t\t<h2 class=\"elementor-heading-title elementor-size-default\">Commanditaires principal<\/h2>\t\t\t\t<\/div>\n\t\t\t\t<\/div>\n\t\t<div class=\"elementor-element elementor-element-6cf1b0af e-con-full e-flex e-con e-child\" data-id=\"6cf1b0af\" data-element_type=\"container\">\n\t\t\t\t<div class=\"elementor-element elementor-element-48387247 elementor-widget elementor-widget-image\" data-id=\"48387247\" data-element_type=\"widget\" data-widget_type=\"image.default\">\n\t\t\t\t\t\t\t\t\t\t\t\t\t\t\t<img loading=\"lazy\" decoding=\"async\" width=\"1080\" height=\"1080\" src=\"https:\/\/rmhcmaritimes2025-dev.rbdemo.dev\/wp-content\/uploads\/Mcdonalds-1080.png\" class=\"attachment-large size-large wp-image-6403\" alt=\"\" srcset=\"https:\/\/rmhcmaritimes2025-dev.rbdemo.dev\/wp-content\/uploads\/Mcdonalds-1080.png 1080w, https:\/\/rmhcmaritimes2025-dev.rbdemo.dev\/wp-content\/uploads\/Mcdonalds-1080-150x150.png 150w, https:\/\/rmhcmaritimes2025-dev.rbdemo.dev\/wp-content\/uploads\/Mcdonalds-1080-768x768.png 768w\" sizes=\"(max-width: 1080px) 100vw, 1080px\" \/>\t\t\t\t\t\t\t\t\t\t\t\t\t\t\t<\/div>\n\t\t\t\t<div class=\"elementor-element elementor-element-3d7096fd elementor-widget elementor-widget-heading\" data-id=\"3d7096fd\" data-element_type=\"widget\" data-widget_type=\"heading.default\">\n\t\t\t\t\t<h2 class=\"elementor-heading-title elementor-size-default\">Or Commanditaire Or<\/h2>\t\t\t\t<\/div>\n\t\t\t\t<\/div>\n\t\t<div class=\"elementor-element elementor-element-1122194c e-con-full e-flex e-con e-child\" data-id=\"1122194c\" data-element_type=\"container\">\n\t\t\t\t<div class=\"elementor-element elementor-element-1b7f4e7 elementor-widget elementor-widget-image\" data-id=\"1b7f4e7\" data-element_type=\"widget\" data-widget_type=\"image.default\">\n\t\t\t\t\t\t\t\t\t\t\t\t\t\t\t<img loading=\"lazy\" decoding=\"async\" width=\"1080\" height=\"1080\" src=\"https:\/\/rmhcmaritimes2025-dev.rbdemo.dev\/wp-content\/uploads\/ctv-1080.png\" class=\"attachment-large size-large wp-image-6402\" alt=\"\" srcset=\"https:\/\/rmhcmaritimes2025-dev.rbdemo.dev\/wp-content\/uploads\/ctv-1080.png 1080w, https:\/\/rmhcmaritimes2025-dev.rbdemo.dev\/wp-content\/uploads\/ctv-1080-150x150.png 150w, https:\/\/rmhcmaritimes2025-dev.rbdemo.dev\/wp-content\/uploads\/ctv-1080-768x768.png 768w\" sizes=\"(max-width: 1080px) 100vw, 1080px\" \/>\t\t\t\t\t\t\t\t\t\t\t\t\t\t\t<\/div>\n\t\t\t\t<div class=\"elementor-element elementor-element-1409d8ec elementor-widget elementor-widget-heading\" data-id=\"1409d8ec\" data-element_type=\"widget\" data-widget_type=\"heading.default\">\n\t\t\t\t\t<h2 class=\"elementor-heading-title elementor-size-default\">Partenaire m\u00e9dia<\/h2>\t\t\t\t<\/div>\n\t\t\t\t<\/div>\n\t\t\t\t\t<\/div>\n\t\t\t\t<\/div>\n\t\t<div class=\"elementor-element elementor-element-1778bf48 e-flex e-con-boxed e-con e-parent\" data-id=\"1778bf48\" data-element_type=\"container\" data-settings=\"{&quot;background_background&quot;:&quot;classic&quot;}\">\n\t\t\t\t\t<div class=\"e-con-inner\">\n\t\t<div class=\"elementor-element elementor-element-3524aebb e-con-full e-flex e-con e-child\" data-id=\"3524aebb\" data-element_type=\"container\">\n\t\t\t\t<div class=\"elementor-element elementor-element-fa5701c elementor-widget elementor-widget-text-editor\" data-id=\"fa5701c\" data-element_type=\"widget\" data-widget_type=\"text-editor.default\">\n\t\t\t\t\t\t\t\t\t<h2 style=\"text-align: center;\">Pour plus d\u2019informations sur la Marche pour les enfants, contactez <a href=\"mailto:events@ronaldmcdonaldhousemaritimes.ca\" target=\"_blank\" rel=\"noopener\">events@ronaldmcdonaldhousemaritimes.ca<\/a>.<\/h2>\t\t\t\t\t\t\t\t<\/div>\n\t\t\t\t<\/div>\n\t\t\t\t\t<\/div>\n\t\t\t\t<\/div>\n\t\t\t\t<\/div>\n\t\t","protected":false},"excerpt":{"rendered":"<p>Pyja-marche pour les enfants pr\u00e9sent\u00e9 par Vogue Optical Merci \u00e0 tous les participants, commanditaires et donateurs de la Marche 2025 ! Ensemble, vous avez contribu\u00e9 \u00e0 amasser 144 000 $ pour les familles des Maritimes au Maison Ronald McDonald ! Tenez votre propre journ\u00e9e Pyja-marche! Nous vous invitons tous et toutes \u00e0 participer \u00e0 la [&hellip;]<\/p>\n","protected":false},"author":10,"featured_media":0,"parent":0,"menu_order":0,"comment_status":"closed","ping_status":"closed","template":"","meta":{"footnotes":""},"class_list":["post-6411","page","type-page","status-publish","hentry"],"_links":{"self":[{"href":"https:\/\/rmhcmaritimes2025-dev.rbdemo.dev\/fr\/wp-json\/wp\/v2\/pages\/6411","targetHints":{"allow":["GET"]}}],"collection":[{"href":"https:\/\/rmhcmaritimes2025-dev.rbdemo.dev\/fr\/wp-json\/wp\/v2\/pages"}],"about":[{"href":"https:\/\/rmhcmaritimes2025-dev.rbdemo.dev\/fr\/wp-json\/wp\/v2\/types\/page"}],"author":[{"embeddable":true,"href":"https:\/\/rmhcmaritimes2025-dev.rbdemo.dev\/fr\/wp-json\/wp\/v2\/users\/10"}],"replies":[{"embeddable":true,"href":"https:\/\/rmhcmaritimes2025-dev.rbdemo.dev\/fr\/wp-json\/wp\/v2\/comments?post=6411"}],"version-history":[{"count":4,"href":"https:\/\/rmhcmaritimes2025-dev.rbdemo.dev\/fr\/wp-json\/wp\/v2\/pages\/6411\/revisions"}],"predecessor-version":[{"id":6417,"href":"https:\/\/rmhcmaritimes2025-dev.rbdemo.dev\/fr\/wp-json\/wp\/v2\/pages\/6411\/revisions\/6417"}],"wp:attachment":[{"href":"https:\/\/rmhcmaritimes2025-dev.rbdemo.dev\/fr\/wp-json\/wp\/v2\/media?parent=6411"}],"curies":[{"name":"wp","href":"https:\/\/api.w.org\/{rel}","templated":true}]}}