{"id":6433,"date":"2025-08-13T11:15:12","date_gmt":"2025-08-13T16:15:12","guid":{"rendered":"https:\/\/rmhcmaritimes2025-dev.rbdemo.dev\/?page_id=6433"},"modified":"2025-10-13T00:37:54","modified_gmt":"2025-10-13T05:37:54","slug":"benevoles","status":"publish","type":"page","link":"https:\/\/rmhcmaritimes2025-dev.rbdemo.dev\/fr\/simpliquer\/benevoles\/","title":{"rendered":"B\u00e9n\u00e9voles"},"content":{"rendered":"\t\t<div data-elementor-type=\"wp-page\" data-elementor-id=\"6433\" class=\"elementor elementor-6433 elementor-801\" data-elementor-post-type=\"page\">\n\t\t\t\t<div class=\"elementor-element elementor-element-cef93f3 e-con-full e-flex e-con e-parent\" data-id=\"cef93f3\" data-element_type=\"container\">\n\t\t\t\t<div class=\"elementor-element elementor-element-109577b7 elementor-widget__width-initial elementor-hidden-mobile elementor-widget elementor-widget-image\" data-id=\"109577b7\" data-element_type=\"widget\" data-widget_type=\"image.default\">\n\t\t\t\t\t\t\t\t\t\t\t\t\t\t\t<img fetchpriority=\"high\" decoding=\"async\" width=\"1450\" height=\"620\" src=\"https:\/\/rmhcmaritimes2025-dev.rbdemo.dev\/wp-content\/uploads\/Champions-photo-1-1.png\" class=\"attachment-full size-full wp-image-6427\" alt=\"\" srcset=\"https:\/\/rmhcmaritimes2025-dev.rbdemo.dev\/wp-content\/uploads\/Champions-photo-1-1.png 1450w, https:\/\/rmhcmaritimes2025-dev.rbdemo.dev\/wp-content\/uploads\/Champions-photo-1-1-150x64.png 150w, https:\/\/rmhcmaritimes2025-dev.rbdemo.dev\/wp-content\/uploads\/Champions-photo-1-1-768x328.png 768w\" sizes=\"(max-width: 1450px) 100vw, 1450px\" \/>\t\t\t\t\t\t\t\t\t\t\t\t\t\t\t<\/div>\n\t\t\t\t<div class=\"elementor-element elementor-element-1cbed353 elementor-hidden-desktop elementor-hidden-tablet elementor-widget elementor-widget-image\" data-id=\"1cbed353\" data-element_type=\"widget\" data-widget_type=\"image.default\">\n\t\t\t\t\t\t\t\t\t\t\t\t\t\t\t<img decoding=\"async\" width=\"1000\" height=\"845\" src=\"https:\/\/rmhcmaritimes2025-dev.rbdemo.dev\/wp-content\/uploads\/Champions-photo-1000.png\" class=\"attachment-full size-full wp-image-6428\" alt=\"\" srcset=\"https:\/\/rmhcmaritimes2025-dev.rbdemo.dev\/wp-content\/uploads\/Champions-photo-1000.png 1000w, https:\/\/rmhcmaritimes2025-dev.rbdemo.dev\/wp-content\/uploads\/Champions-photo-1000-150x127.png 150w, https:\/\/rmhcmaritimes2025-dev.rbdemo.dev\/wp-content\/uploads\/Champions-photo-1000-768x649.png 768w\" sizes=\"(max-width: 1000px) 100vw, 1000px\" \/>\t\t\t\t\t\t\t\t\t\t\t\t\t\t\t<\/div>\n\t\t\t\t<\/div>\n\t\t<div class=\"elementor-element elementor-element-1c71c66 e-con-full e-flex e-con e-parent\" data-id=\"1c71c66\" data-element_type=\"container\">\n\t\t<div class=\"elementor-element elementor-element-6f029e20 e-con-full e-flex e-con e-child\" data-id=\"6f029e20\" data-element_type=\"container\">\n\t\t\t\t<div class=\"elementor-element elementor-element-67e336f8 elementor-widget elementor-widget-heading\" data-id=\"67e336f8\" data-element_type=\"widget\" data-widget_type=\"heading.default\">\n\t\t\t\t\t<h1 class=\"elementor-heading-title elementor-size-default\">B\u00e9n\u00e9voles<\/h1>\t\t\t\t<\/div>\n\t\t\t\t<div class=\"elementor-element elementor-element-4aaf5555 elementor-widget elementor-widget-text-editor\" data-id=\"4aaf5555\" data-element_type=\"widget\" data-widget_type=\"text-editor.default\">\n\t\t\t\t\t\t\t\t\t<p>Devenez Champion Communautaires pour l\u2019OMRM des provinces de l\u2019Atlantique!<\/p>\t\t\t\t\t\t\t\t<\/div>\n\t\t\t\t<\/div>\n\t\t<div class=\"elementor-element elementor-element-2d7ef430 e-con-full e-flex e-con e-child\" data-id=\"2d7ef430\" data-element_type=\"container\">\n\t\t\t\t<\/div>\n\t\t\t\t<\/div>\n\t\t<div class=\"elementor-element elementor-element-73ef3379 e-flex e-con-boxed e-con e-parent\" data-id=\"73ef3379\" data-element_type=\"container\" data-settings=\"{&quot;background_background&quot;:&quot;classic&quot;}\">\n\t\t\t\t\t<div class=\"e-con-inner\">\n\t\t<div class=\"elementor-element elementor-element-55d1255d e-con-full e-flex e-con e-child\" data-id=\"55d1255d\" data-element_type=\"container\">\n\t\t\t\t<div class=\"elementor-element elementor-element-3e26d5c9 elementor-widget elementor-widget-heading\" data-id=\"3e26d5c9\" data-element_type=\"widget\" data-widget_type=\"heading.default\">\n\t\t\t\t\t<h2 class=\"elementor-heading-title elementor-size-default\">La tenue d\u2019une collecte de fonds par un tiers est une excellente fa\u00e7on de faire participer votre collectivit\u00e9 dans le but de soutenir les familles de Maison Ronald McDonald lorsqu\u2019elles en ont le plus besoin.<\/h2>\t\t\t\t<\/div>\n\t\t\t\t<div class=\"elementor-element elementor-element-9da8099 elementor-widget elementor-widget-text-editor\" data-id=\"9da8099\" data-element_type=\"widget\" data-widget_type=\"text-editor.default\">\n\t\t\t\t\t\t\t\t\t<p>Les individus, organisations, groupes communautaires, \u00e9coles et entreprises jouent un r\u00f4le important pour garder les familles ensemble. Lorsque vous d\u00e9cidez de devenir ambassadeur communautaire pour Maison Ronald McDonald, vous avez un impact consid\u00e9rable sur la vie de milliers de familles des Maritimes qui s\u00e9journent \u00e0 notre Manoir Ronald McDonald et dans nos Salles familiales Ronald McDonald chaque ann\u00e9e.<\/p>\t\t\t\t\t\t\t\t<\/div>\n\t\t\t\t<\/div>\n\t\t<div class=\"elementor-element elementor-element-5dbf0dcc e-con-full e-flex e-con e-child\" data-id=\"5dbf0dcc\" data-element_type=\"container\">\n\t\t\t\t<div class=\"elementor-element elementor-element-74cdfb48 elementor-widget elementor-widget-image\" data-id=\"74cdfb48\" data-element_type=\"widget\" data-widget_type=\"image.default\">\n\t\t\t\t\t\t\t\t\t\t\t\t\t\t\t<img decoding=\"async\" width=\"1000\" height=\"850\" src=\"https:\/\/rmhcmaritimes2025-dev.rbdemo.dev\/wp-content\/uploads\/Champions-photo-1000-1.png\" class=\"attachment-full size-full wp-image-6429\" alt=\"\" srcset=\"https:\/\/rmhcmaritimes2025-dev.rbdemo.dev\/wp-content\/uploads\/Champions-photo-1000-1.png 1000w, https:\/\/rmhcmaritimes2025-dev.rbdemo.dev\/wp-content\/uploads\/Champions-photo-1000-1-150x128.png 150w, https:\/\/rmhcmaritimes2025-dev.rbdemo.dev\/wp-content\/uploads\/Champions-photo-1000-1-768x653.png 768w\" sizes=\"(max-width: 1000px) 100vw, 1000px\" \/>\t\t\t\t\t\t\t\t\t\t\t\t\t\t\t<\/div>\n\t\t\t\t<\/div>\n\t\t\t\t\t<\/div>\n\t\t\t\t<\/div>\n\t\t<div class=\"elementor-element elementor-element-5778c412 e-flex e-con-boxed e-con e-parent\" data-id=\"5778c412\" data-element_type=\"container\">\n\t\t\t\t\t<div class=\"e-con-inner\">\n\t\t<div class=\"elementor-element elementor-element-6680fc5a e-con-full e-flex e-con e-child\" data-id=\"6680fc5a\" data-element_type=\"container\">\n\t\t\t\t<div class=\"elementor-element elementor-element-0205124 elementor-widget elementor-widget-heading\" data-id=\"0205124\" data-element_type=\"widget\" data-widget_type=\"heading.default\">\n\t\t\t\t\t<h2 class=\"elementor-heading-title elementor-size-default\">Que sont les collectes de fonds par un tiers ?<\/h2>\t\t\t\t<\/div>\n\t\t\t\t<div class=\"elementor-element elementor-element-541edc21 elementor-widget elementor-widget-text-editor\" data-id=\"541edc21\" data-element_type=\"widget\" data-widget_type=\"text-editor.default\">\n\t\t\t\t\t\t\t\t\t<p>Ce sont des activit\u00e9s ou des \u00e9v\u00e9nements qui sont planifi\u00e9s et ex\u00e9cut\u00e9s par vous, nos ambassadeurs communautaires \u2013 individus, entreprises ou groupes communautaires qui adorent donner de leur temps. L\u2019id\u00e9e vient de vous, et c\u2019est vous qui la concr\u00e9tisez !<\/p>\t\t\t\t\t\t\t\t<\/div>\n\t\t\t\t<div class=\"elementor-element elementor-element-6c82d8d elementor-widget elementor-widget-heading\" data-id=\"6c82d8d\" data-element_type=\"widget\" data-widget_type=\"heading.default\">\n\t\t\t\t\t<h2 class=\"elementor-heading-title elementor-size-default\">Comment pouvez-vous aider?<\/h2>\t\t\t\t<\/div>\n\t\t\t\t<div class=\"elementor-element elementor-element-3cf4596 elementor-widget elementor-widget-text-editor\" data-id=\"3cf4596\" data-element_type=\"widget\" data-widget_type=\"text-editor.default\">\n\t\t\t\t\t\t\t\t\t<p>Nous comptons sur la g\u00e9n\u00e9rosit\u00e9 de notre collectivit\u00e9 pour nous aider \u00e0 accomplir notre mission. En devenant ambassadeur communautaire et en organisant une collecte de fonds pour la Maison Ronald McDonald.<\/p>\t\t\t\t\t\t\t\t<\/div>\n\t\t\t\t<\/div>\n\t\t<div class=\"elementor-element elementor-element-1cf603d2 e-con-full e-flex e-con e-child\" data-id=\"1cf603d2\" data-element_type=\"container\">\n\t\t\t\t<\/div>\n\t\t\t\t\t<\/div>\n\t\t\t\t<\/div>\n\t\t<div class=\"elementor-element elementor-element-2f59e304 e-flex e-con-boxed e-con e-parent\" data-id=\"2f59e304\" data-element_type=\"container\" data-settings=\"{&quot;background_background&quot;:&quot;classic&quot;}\">\n\t\t\t\t\t<div class=\"e-con-inner\">\n\t\t<div class=\"elementor-element elementor-element-3803b97f e-con-full e-flex e-con e-child\" data-id=\"3803b97f\" data-element_type=\"container\">\n\t\t\t\t<div class=\"elementor-element elementor-element-5680e872 elementor-widget elementor-widget-heading\" data-id=\"5680e872\" data-element_type=\"widget\" data-widget_type=\"heading.default\">\n\t\t\t\t\t<h2 class=\"elementor-heading-title elementor-size-default\">ORGANISATION D\u2019UNE COLLECTE DE FONDS<\/h2>\t\t\t\t<\/div>\n\t\t\t\t<div class=\"elementor-element elementor-element-40824e44 elementor-widget elementor-widget-text-editor\" data-id=\"40824e44\" data-element_type=\"widget\" data-widget_type=\"text-editor.default\">\n\t\t\t\t\t\t\t\t\t<h3>Pour commencer<\/h3><p>Votre parcours pour devenir ambassadeur communautaire de l\u2019OMRM des provinces de l\u2019Atlantique commence ici. De la mise au point de votre id\u00e9e jusqu\u2019\u00e0 l\u2019ex\u00e9cution de votre \u00e9v\u00e9nement ou activit\u00e9, nous sommes l\u00e0 pour vous aider!<\/p><p>Veuillez remplir notre formule d\u2019\u00e9v\u00e9nement d\u2019ambassadeur communautaire \u2192<\/p><p><span style=\"color: inherit; font-weight: bold; letter-spacing: 0.5px;\">Resources<\/span><\/p><ul><li><a href=\"https:\/\/rmhcmaritimes2025-dev.rbdemo.dev\/wp-content\/uploads\/RMHC-INDESIGN-Community-Champions-Toolkit.pdf\" target=\"_blank\" rel=\"noopener\"><span style=\"font-weight: 400;\">Trousse d\u2019outils de l\u2019ambassadeur communautaire<\/span><\/a><\/li><li><a href=\"https:\/\/rmhcmaritimes2025-dev.rbdemo.dev\/wp-content\/uploads\/PLEDGE-FORM-2022-1.pdf\"><span style=\"font-weight: 400;\">Formule de promesse de don <\/span><\/a><\/li><li><a href=\"https:\/\/rmhcmaritimes2025-dev.rbdemo.dev\/wp-content\/uploads\/RMHC-Atlantic-Key-Messages-2022-ENG.pdf\" target=\"_blank\" rel=\"noopener\"><span style=\"font-weight: 400;\">Messages cl\u00e9s<\/span><\/a><\/li><li><a href=\"https:\/\/rmhcmaritimes2025-dev.rbdemo.dev\/wp-content\/uploads\/RMHC-Atlantic-Facebook-Fundraising.pdf\"><span style=\"font-weight: 400;\">Configurer la collecte de fonds Facebook <\/span><\/a><\/li><li><a href=\"https:\/\/www.rmhccanada.ca\/fundraisers\/choose\" target=\"_blank\" rel=\"noopener\"><span style=\"font-weight: 400;\">D\u00e9couvrez la plateforme de collecte de fonds de Canada!<\/span><\/a><\/li><\/ul><p>\u00a0<\/p><p>\u00a0<\/p>\t\t\t\t\t\t\t\t<\/div>\n\t\t\t\t<\/div>\n\t\t<div class=\"elementor-element elementor-element-55d88e1f e-con-full e-flex e-con e-child\" data-id=\"55d88e1f\" data-element_type=\"container\">\n\t\t\t\t<div class=\"elementor-element elementor-element-f0ffb6a elementor-widget elementor-widget-shortcode\" data-id=\"f0ffb6a\" data-element_type=\"widget\" data-widget_type=\"shortcode.default\">\n\t\t\t\t\t\t\t<div class=\"elementor-shortcode\"><iframe title=\"Clone of Fundraising Event Form\" src=\"https:\/\/form.jotform.com\/230235415126243?parentURL=https%3A%2F%2Fronaldmcdonaldhousemaritimes.ca%2Ffr%2Fcomment-aider%2Fchampions-communautaires%2F&amp;jsForm=true\" allow=\"geolocation; microphone; camera; fullscreen\" name=\"230235415126243\" id=\"230235415126243\" scrolling=\"no\" style=\"width: 10px; min-width: 100%; display: block; overflow: hidden; height: 640px; border: none;\"><\/iframe>\n<\/div>\n\t\t\t\t\t\t<\/div>\n\t\t\t\t<\/div>\n\t\t\t\t\t<\/div>\n\t\t\t\t<\/div>\n\t\t<div class=\"elementor-element elementor-element-409d9ca e-flex e-con-boxed e-con e-parent\" data-id=\"409d9ca\" data-element_type=\"container\" data-settings=\"{&quot;background_background&quot;:&quot;classic&quot;}\">\n\t\t\t\t\t<div class=\"e-con-inner\">\n\t\t<div class=\"elementor-element elementor-element-6c575259 e-con-full e-flex e-con e-child\" data-id=\"6c575259\" data-element_type=\"container\">\n\t\t\t\t<div class=\"elementor-element elementor-element-2a298d2e elementor-widget elementor-widget-heading\" data-id=\"2a298d2e\" data-element_type=\"widget\" data-widget_type=\"heading.default\">\n\t\t\t\t\t<h2 class=\"elementor-heading-title elementor-size-default\">Trouvez de l\u2019inspiration : Kiosque de limonade Pelletier<\/h2>\t\t\t\t<\/div>\n\t\t\t\t<div class=\"elementor-element elementor-element-22f40ae8 elementor-widget elementor-widget-text-editor\" data-id=\"22f40ae8\" data-element_type=\"widget\" data-widget_type=\"text-editor.default\">\n\t\t\t\t\t\t\t\t\t<p>La famille Pelletier, de Bouctouche au Nouveau-Brunswick, tient chaque ann\u00e9e un kiosque de limonade afin de soutenir.L\u2019\u00e9v\u00e9nement fait la promotion de l\u2019engagement communautaire et suscite de l\u2019enthousiasme et une volont\u00e9 de partage au sein des familles et des entreprises de la petite ville. Il fait \u00e9galement conna\u00eetre \u00e0 la collectivit\u00e9 les services de Maison Ronald McDonald Maritimes. En 2021, le kiosque de limonade a permis \u00e0 la famille d\u2019amasser la coquette somme de 3 314,50 $!<\/p>\t\t\t\t\t\t\t\t<\/div>\n\t\t\t\t<\/div>\n\t\t<div class=\"elementor-element elementor-element-c3b69a2 e-con-full e-flex e-con e-child\" data-id=\"c3b69a2\" data-element_type=\"container\">\n\t\t\t\t<div class=\"elementor-element elementor-element-54248630 elementor-widget elementor-widget-image\" data-id=\"54248630\" data-element_type=\"widget\" data-widget_type=\"image.default\">\n\t\t\t\t\t\t\t\t\t\t\t\t\t\t\t<img loading=\"lazy\" decoding=\"async\" width=\"1000\" height=\"850\" src=\"https:\/\/rmhcmaritimes2025-dev.rbdemo.dev\/wp-content\/uploads\/SQUARE_Pelletier-Family-Lemonade-Stand-1000.png\" class=\"attachment-full size-full wp-image-6426\" alt=\"\" srcset=\"https:\/\/rmhcmaritimes2025-dev.rbdemo.dev\/wp-content\/uploads\/SQUARE_Pelletier-Family-Lemonade-Stand-1000.png 1000w, https:\/\/rmhcmaritimes2025-dev.rbdemo.dev\/wp-content\/uploads\/SQUARE_Pelletier-Family-Lemonade-Stand-1000-150x128.png 150w, https:\/\/rmhcmaritimes2025-dev.rbdemo.dev\/wp-content\/uploads\/SQUARE_Pelletier-Family-Lemonade-Stand-1000-768x653.png 768w\" sizes=\"(max-width: 1000px) 100vw, 1000px\" \/>\t\t\t\t\t\t\t\t\t\t\t\t\t\t\t<\/div>\n\t\t\t\t<\/div>\n\t\t\t\t\t<\/div>\n\t\t\t\t<\/div>\n\t\t<div class=\"elementor-element elementor-element-a81231f e-flex e-con-boxed e-con e-parent\" data-id=\"a81231f\" data-element_type=\"container\" data-settings=\"{&quot;background_background&quot;:&quot;classic&quot;}\">\n\t\t\t\t\t<div class=\"e-con-inner\">\n\t\t<div class=\"elementor-element elementor-element-383f392 e-con-full e-flex e-con e-child\" data-id=\"383f392\" data-element_type=\"container\">\n\t\t\t\t<div class=\"elementor-element elementor-element-89cf1c3 elementor-widget elementor-widget-heading\" data-id=\"89cf1c3\" data-element_type=\"widget\" data-widget_type=\"heading.default\">\n\t\t\t\t\t<h2 class=\"elementor-heading-title elementor-size-default\">Trouvez de l\u2019inspiration : Willowbrae Academy<\/h2>\t\t\t\t<\/div>\n\t\t\t\t<div class=\"elementor-element elementor-element-838b546 elementor-widget elementor-widget-text-editor\" data-id=\"838b546\" data-element_type=\"widget\" data-widget_type=\"text-editor.default\">\n\t\t\t\t\t\t\t\t\t<p>La Willowbrae Academy croit qu\u2019il est important de redonner \u00e0 la collectivit\u00e9 et d\u2019enseigner aux enfants le plaisir de donner et le pouvoir du don. Chaque ann\u00e9e, chaque acad\u00e9mie tient deux collectes de fonds pour sa section locale, dont l\u2019\u00e9v\u00e9nement Pyja-marche pour les enfants, en juin, et un d\u00e9jeuner aux cr\u00eapes, en novembre. En 2022, les acad\u00e9mies d\u2019Halifax (Timberlea, Burnside et Hammonds Plains) ont amass\u00e9 2 905 $ gr\u00e2ce aux dons d\u2019employ\u00e9s, de familles et de membres de la collectivit\u00e9.<\/p>\t\t\t\t\t\t\t\t<\/div>\n\t\t\t\t<\/div>\n\t\t<div class=\"elementor-element elementor-element-f22947f e-con-full e-flex e-con e-child\" data-id=\"f22947f\" data-element_type=\"container\">\n\t\t\t\t<div class=\"elementor-element elementor-element-050c7ee elementor-widget elementor-widget-image\" data-id=\"050c7ee\" data-element_type=\"widget\" data-widget_type=\"image.default\">\n\t\t\t\t\t\t\t\t\t\t\t\t\t\t\t<img loading=\"lazy\" decoding=\"async\" width=\"1000\" height=\"850\" src=\"https:\/\/rmhcmaritimes2025-dev.rbdemo.dev\/wp-content\/uploads\/SQUARE_Willowbrae-Cheque-Presentation-1000-1.png\" class=\"attachment-full size-full wp-image-6425\" alt=\"\" srcset=\"https:\/\/rmhcmaritimes2025-dev.rbdemo.dev\/wp-content\/uploads\/SQUARE_Willowbrae-Cheque-Presentation-1000-1.png 1000w, https:\/\/rmhcmaritimes2025-dev.rbdemo.dev\/wp-content\/uploads\/SQUARE_Willowbrae-Cheque-Presentation-1000-1-150x128.png 150w, https:\/\/rmhcmaritimes2025-dev.rbdemo.dev\/wp-content\/uploads\/SQUARE_Willowbrae-Cheque-Presentation-1000-1-768x653.png 768w\" sizes=\"(max-width: 1000px) 100vw, 1000px\" \/>\t\t\t\t\t\t\t\t\t\t\t\t\t\t\t<\/div>\n\t\t\t\t<\/div>\n\t\t\t\t\t<\/div>\n\t\t\t\t<\/div>\n\t\t<div class=\"elementor-element elementor-element-249838d e-flex e-con-boxed e-con e-parent\" data-id=\"249838d\" data-element_type=\"container\" data-settings=\"{&quot;background_background&quot;:&quot;classic&quot;}\">\n\t\t\t\t\t<div class=\"e-con-inner\">\n\t\t<div class=\"elementor-element elementor-element-00d01d6 e-con-full e-flex e-con e-child\" data-id=\"00d01d6\" data-element_type=\"container\">\n\t\t\t\t<div class=\"elementor-element elementor-element-47a166c elementor-widget elementor-widget-heading\" data-id=\"47a166c\" data-element_type=\"widget\" data-widget_type=\"heading.default\">\n\t\t\t\t\t<h2 class=\"elementor-heading-title elementor-size-default\">Trouvez de l\u2019inspiration : Course \u00ab Tip to Tip \u00bb d\u2019Adam<\/h2>\t\t\t\t<\/div>\n\t\t\t\t<div class=\"elementor-element elementor-element-5ee0e83 elementor-widget elementor-widget-text-editor\" data-id=\"5ee0e83\" data-element_type=\"widget\" data-widget_type=\"text-editor.default\">\n\t\t\t\t\t\t\t\t\t<p>En mai 2022, Adam Clark a parcouru en courant l\u2019\u00cele-du-Prince-\u00c9douard d\u2019une extr\u00e9mit\u00e9 \u00e0 l\u2019autre en l\u2019honneur de son filleul et neveu, Austin, et en soutien \u00e0 l\u2019OMRM des provinces de l\u2019Atlantique. Sa participation \u00e0 une autre course \u00e0 des fins caritatives lui a montr\u00e9 l\u2019incidence qu\u2019il pouvait avoir en tant que collecteur de fonds, et c\u2019est ce qui l\u2019a motiv\u00e9 \u00e0 courir en soutien \u00e0 l\u2019OMRM des provinces de l\u2019Atlantique. Adam a d\u00e9pass\u00e9 son objectif de 10 000 $ gr\u00e2ce au soutien des insulaires et du reste des habitants des Maritimes. Pour en apprendre davantage sur sa collecte de fonds, lisez cet article de <a href=\"https:\/\/www.ctvnews.ca\/atlantic\/article\/run-for-austin-islander-runs-marathon-in-honour-of-late-nephew\/\" target=\"_blank\" rel=\"noopener\">CTV News Atlantic (en anglais seulement)<\/a>.<\/p>\t\t\t\t\t\t\t\t<\/div>\n\t\t\t\t<\/div>\n\t\t<div class=\"elementor-element elementor-element-7ffceec e-con-full e-flex e-con e-child\" data-id=\"7ffceec\" data-element_type=\"container\">\n\t\t\t\t<div class=\"elementor-element elementor-element-54184ce elementor-widget elementor-widget-image\" data-id=\"54184ce\" data-element_type=\"widget\" data-widget_type=\"image.default\">\n\t\t\t\t\t\t\t\t\t\t\t\t\t\t\t<img loading=\"lazy\" decoding=\"async\" width=\"1000\" height=\"850\" src=\"https:\/\/rmhcmaritimes2025-dev.rbdemo.dev\/wp-content\/uploads\/SQUARE_Adams-Tip-to-Tip-Trip-1000.png\" class=\"attachment-full size-full wp-image-6424\" alt=\"\" srcset=\"https:\/\/rmhcmaritimes2025-dev.rbdemo.dev\/wp-content\/uploads\/SQUARE_Adams-Tip-to-Tip-Trip-1000.png 1000w, https:\/\/rmhcmaritimes2025-dev.rbdemo.dev\/wp-content\/uploads\/SQUARE_Adams-Tip-to-Tip-Trip-1000-150x128.png 150w, https:\/\/rmhcmaritimes2025-dev.rbdemo.dev\/wp-content\/uploads\/SQUARE_Adams-Tip-to-Tip-Trip-1000-768x653.png 768w\" sizes=\"(max-width: 1000px) 100vw, 1000px\" \/>\t\t\t\t\t\t\t\t\t\t\t\t\t\t\t<\/div>\n\t\t\t\t<\/div>\n\t\t\t\t\t<\/div>\n\t\t\t\t<\/div>\n\t\t<div class=\"elementor-element elementor-element-5a3496b e-flex e-con-boxed e-con e-parent\" data-id=\"5a3496b\" data-element_type=\"container\" data-settings=\"{&quot;background_background&quot;:&quot;classic&quot;}\">\n\t\t\t\t\t<div class=\"e-con-inner\">\n\t\t<div class=\"elementor-element elementor-element-3fb6d273 e-con-full e-flex e-con e-child\" data-id=\"3fb6d273\" data-element_type=\"container\">\n\t\t\t\t<div class=\"elementor-element elementor-element-d857f1a elementor-widget elementor-widget-text-editor\" data-id=\"d857f1a\" data-element_type=\"widget\" data-widget_type=\"text-editor.default\">\n\t\t\t\t\t\t\t\t\t<h2 style=\"text-align: center;\">Pour plus de renseignements au sujet des collectes de fonds communautaires, envoyez un courriel \u00e0 <a href=\"mailto:giving@ronaldmcdonaldhousemaritimes.ca\" target=\"_blank\" rel=\"noopener\">giving@ronaldmcdonaldhousemaritimes.ca<\/a>.<\/h2>\t\t\t\t\t\t\t\t<\/div>\n\t\t\t\t<\/div>\n\t\t\t\t\t<\/div>\n\t\t\t\t<\/div>\n\t\t\t\t<\/div>\n\t\t","protected":false},"excerpt":{"rendered":"<p>B\u00e9n\u00e9voles Devenez Champion Communautaires pour l\u2019OMRM des provinces de l\u2019Atlantique! La tenue d\u2019une collecte de fonds par un tiers est une excellente fa\u00e7on de faire participer votre collectivit\u00e9 dans le but de soutenir les familles de Maison Ronald McDonald lorsqu\u2019elles en ont le plus besoin. Les individus, organisations, groupes communautaires, \u00e9coles et entreprises jouent un [&hellip;]<\/p>\n","protected":false},"author":10,"featured_media":0,"parent":6220,"menu_order":0,"comment_status":"closed","ping_status":"closed","template":"","meta":{"footnotes":""},"class_list":["post-6433","page","type-page","status-publish","hentry"],"_links":{"self":[{"href":"https:\/\/rmhcmaritimes2025-dev.rbdemo.dev\/fr\/wp-json\/wp\/v2\/pages\/6433","targetHints":{"allow":["GET"]}}],"collection":[{"href":"https:\/\/rmhcmaritimes2025-dev.rbdemo.dev\/fr\/wp-json\/wp\/v2\/pages"}],"about":[{"href":"https:\/\/rmhcmaritimes2025-dev.rbdemo.dev\/fr\/wp-json\/wp\/v2\/types\/page"}],"author":[{"embeddable":true,"href":"https:\/\/rmhcmaritimes2025-dev.rbdemo.dev\/fr\/wp-json\/wp\/v2\/users\/10"}],"replies":[{"embeddable":true,"href":"https:\/\/rmhcmaritimes2025-dev.rbdemo.dev\/fr\/wp-json\/wp\/v2\/comments?post=6433"}],"version-history":[{"count":7,"href":"https:\/\/rmhcmaritimes2025-dev.rbdemo.dev\/fr\/wp-json\/wp\/v2\/pages\/6433\/revisions"}],"predecessor-version":[{"id":6440,"href":"https:\/\/rmhcmaritimes2025-dev.rbdemo.dev\/fr\/wp-json\/wp\/v2\/pages\/6433\/revisions\/6440"}],"up":[{"embeddable":true,"href":"https:\/\/rmhcmaritimes2025-dev.rbdemo.dev\/fr\/wp-json\/wp\/v2\/pages\/6220"}],"wp:attachment":[{"href":"https:\/\/rmhcmaritimes2025-dev.rbdemo.dev\/fr\/wp-json\/wp\/v2\/media?parent=6433"}],"curies":[{"name":"wp","href":"https:\/\/api.w.org\/{rel}","templated":true}]}}